{"id":7825,"date":"2025-01-13T15:45:42","date_gmt":"2025-01-13T14:45:42","guid":{"rendered":"https:\/\/www2.ikosoft.com\/collectie\/"},"modified":"2025-08-07T14:09:46","modified_gmt":"2025-08-07T12:09:46","slug":"collectie","status":"publish","type":"page","link":"https:\/\/www2.ikosoft.com\/nl\/kenmerken\/collectie\/","title":{"rendered":"Collectie"},"content":{"rendered":"<p>[et_pb_section fb_built=&#8221;1&#8243; admin_label=&#8221;Section&#8221; _builder_version=&#8221;4.27.4&#8243; _module_preset=&#8221;default&#8221; width=&#8221;100%&#8221; max_width=&#8221;100%&#8221; min_height=&#8221;13px&#8221; height=&#8221;100px&#8221; max_height=&#8221;100px&#8221; custom_padding=&#8221;0px||0px||false|false&#8221; global_colors_info=&#8221;{}&#8221;][et_pb_row module_id=&#8221;iko-page-titles&#8221; _builder_version=&#8221;4.27.4&#8243; _module_preset=&#8221;default&#8221; width=&#8221;100%&#8221; max_width=&#8221;100%&#8221; module_alignment=&#8221;center&#8221; min_height=&#8221;100px&#8221; height=&#8221;100px&#8221; custom_margin_tablet=&#8221;&#8221; custom_margin_phone=&#8221;&#8221; custom_margin_last_edited=&#8221;on|phone&#8221; custom_padding=&#8221;0px||0px|0px|false|false&#8221; custom_css_free_form=&#8221;||&#8221; global_colors_info=&#8221;{}&#8221; custom_margin__hover_enabled=&#8221;on|desktop&#8221;][et_pb_column type=&#8221;4_4&#8243; _builder_version=&#8221;4.27.4&#8243; _module_preset=&#8221;default&#8221; custom_padding=&#8221;0px||||false|false&#8221; global_colors_info=&#8221;{}&#8221;][et_pb_text _builder_version=&#8221;4.27.4&#8243; _module_preset=&#8221;default&#8221; text_text_color=&#8221;#FFFFFF&#8221; text_font_size=&#8221;30px&#8221; background_color=&#8221;#ed5946&#8243; text_orientation=&#8221;center&#8221; min_height=&#8221;97.6px&#8221; custom_margin=&#8221;||0px||false|false&#8221; custom_padding=&#8221;28px||0px||false|false&#8221; custom_padding_tablet=&#8221;20px||0px||false|false&#8221; custom_padding_phone=&#8221;20px||0px||false|false&#8221; custom_padding_last_edited=&#8221;on|desktop&#8221; global_colors_info=&#8221;{}&#8221;]<\/p>\n<h1 style=\"text-align: center;\">KASSASOFTWARE VOOR KAPPERS EN SCHOONHEIDSSALONS<\/h1>\n<p>[\/et_pb_text][\/et_pb_column][\/et_pb_row][\/et_pb_section][et_pb_section fb_built=&#8221;1&#8243; _builder_version=&#8221;4.27.4&#8243; _module_preset=&#8221;default&#8221; custom_padding=&#8221;3px||6px|||&#8221; global_colors_info=&#8221;{}&#8221;][et_pb_row _builder_version=&#8221;4.27.4&#8243; _module_preset=&#8221;default&#8221; max_width=&#8221;1308px&#8221; custom_padding=&#8221;21px||21px|2px||&#8221; global_colors_info=&#8221;{}&#8221;][et_pb_column type=&#8221;4_4&#8243; _builder_version=&#8221;4.27.4&#8243; _module_preset=&#8221;default&#8221; global_colors_info=&#8221;{}&#8221;][et_pb_text _builder_version=&#8221;4.27.4&#8243; _module_preset=&#8221;default&#8221; text_font=&#8221;|700|||||||&#8221; text_font_size=&#8221;41px&#8221; text_line_height=&#8221;1.1em&#8221; header_font_size=&#8221;36px&#8221; header_2_text_color=&#8221;#000000&#8243; header_2_font_size=&#8221;50px&#8221; width=&#8221;87.4%&#8221; module_alignment=&#8221;center&#8221; min_height=&#8221;0px&#8221; custom_margin=&#8221;|237px|18px|229px||&#8221; custom_padding=&#8221;|9px||0px||&#8221; custom_padding_tablet=&#8221;31px|9px||0px|false|false&#8221; custom_padding_phone=&#8221;31px|9px||0px|false|false&#8221; custom_padding_last_edited=&#8221;on|tablet&#8221; global_colors_info=&#8221;{}&#8221;]<\/p>\n<h1 style=\"text-align: center;\">Optimaliseer je beheer met Ikosoft: de <span style=\"color: #eb5a47;\">alles-in-\u00e9\u00e9n<\/span> factureringssoftware.<\/h1>\n<p>[\/et_pb_text][et_pb_text _builder_version=&#8221;4.27.4&#8243; _module_preset=&#8221;default&#8221; text_font=&#8221;DIN Altenate Bold||||||||&#8221; text_font_size=&#8221;25px&#8221; text_line_height=&#8221;1.3em&#8221; header_text_align=&#8221;center&#8221; header_2_text_align=&#8221;center&#8221; text_orientation=&#8221;center&#8221; width=&#8221;100%&#8221; custom_margin=&#8221;35px||16px|||&#8221; custom_padding=&#8221;|31px||32px|false|false&#8221; global_colors_info=&#8221;{}&#8221;]<\/p>\n<h3 style=\"text-align: center;\"><span style=\"color: #eb5a47;\">Een NF 525-gecertificeerde kassa die eenvoudig te gebruiken is, tijd bespaart en voldoet aan de wetgeving. 24 uur per dag toegang tot je gegevens op je computer en tablet.<\/span><\/h3>\n<p>[\/et_pb_text][\/et_pb_column][\/et_pb_row][\/et_pb_section][et_pb_section fb_built=&#8221;1&#8243; _builder_version=&#8221;4.27.4&#8243; _module_preset=&#8221;default&#8221; custom_margin=&#8221;17px|||||&#8221; custom_padding=&#8221;3px||1px|||&#8221; global_colors_info=&#8221;{}&#8221;][et_pb_row column_structure=&#8221;1_2,1_2&#8243; _builder_version=&#8221;4.27.4&#8243; _module_preset=&#8221;default&#8221; width=&#8221;100%&#8221; max_width=&#8221;1300px&#8221; custom_margin=&#8221;18px|auto|20px|auto|false|false&#8221; custom_margin_tablet=&#8221;0px|auto|20px|auto|false|false&#8221; custom_margin_phone=&#8221;5px|auto|5px|auto|false|false&#8221; custom_margin_last_edited=&#8221;on|phone&#8221; custom_padding=&#8221;2px||2px||false|false&#8221; global_colors_info=&#8221;{}&#8221;][et_pb_column type=&#8221;1_2&#8243; _builder_version=&#8221;4.27.4&#8243; _module_preset=&#8221;default&#8221; global_colors_info=&#8221;{}&#8221;][et_pb_text _builder_version=&#8221;4.27.4&#8243; _module_preset=&#8221;default&#8221; text_font_size=&#8221;22px&#8221; text_line_height=&#8221;1.3em&#8221; width_tablet=&#8221;100%&#8221; width_phone=&#8221;100%&#8221; width_last_edited=&#8221;on|tablet&#8221; max_width=&#8221;100%&#8221; min_height=&#8221;421px&#8221; min_height_tablet=&#8221;326px&#8221; min_height_phone=&#8221;337px&#8221; min_height_last_edited=&#8221;on|phone&#8221; custom_margin=&#8221;4px|||||&#8221; custom_margin_tablet=&#8221;4px|||||&#8221; custom_margin_phone=&#8221;0px|0px|0px|0px|false|false&#8221; custom_margin_last_edited=&#8221;on|phone&#8221; custom_padding=&#8221;0px|31px|0px|31px|false|false&#8221; text_font_size_tablet=&#8221;22px&#8221; text_font_size_phone=&#8221;18px&#8221; text_font_size_last_edited=&#8221;on|phone&#8221; global_colors_info=&#8221;{}&#8221;]<\/p>\n<h4>Aanpasbaar ticket!<\/h4>\n<p>&nbsp;<\/p>\n<p>Zet je ticket in de wacht om het later af te ronden. Flexibele kortingen: bied promoties aan op het totale ticket of op specifieke lijnen, afhankelijk van je behoeften, voor effici\u00ebnt verkoopbeheer.<\/p>\n<p>Veelzijdig betalingsbeheer: accepteer verschillende betalingsmethoden op hetzelfde ticket, zodat je klanten een onge\u00ebvenaarde flexibiliteit hebben om te kiezen.<\/p>\n<p>[\/et_pb_text][\/et_pb_column][et_pb_column type=&#8221;1_2&#8243; _builder_version=&#8221;4.27.4&#8243; _module_preset=&#8221;default&#8221; global_colors_info=&#8221;{}&#8221;][et_pb_image src=&#8221;\/app\/uploads\/2025\/03\/mockup_ordi_interface_rdv.png&#8221; title_text=&#8221;mockup_ordi_interface_rdv&#8221; disabled_on=&#8221;on|on|off&#8221; admin_label=&#8221;Image&#8221; _builder_version=&#8221;4.27.4&#8243; _module_preset=&#8221;default&#8221; custom_margin=&#8221;-33px|||2px||&#8221; custom_margin_tablet=&#8221;|||2px||&#8221; custom_margin_phone=&#8221;|||0px|false|false&#8221; custom_margin_last_edited=&#8221;off|phone&#8221; custom_padding=&#8221;27px||0px|||&#8221; global_colors_info=&#8221;{}&#8221;][\/et_pb_image][\/et_pb_column][\/et_pb_row][\/et_pb_section][et_pb_section fb_built=&#8221;1&#8243; custom_padding_last_edited=&#8221;on|phone&#8221; _builder_version=&#8221;4.27.4&#8243; _module_preset=&#8221;default&#8221; min_height=&#8221;427.9px&#8221; min_height_tablet=&#8221;427.9px&#8221; min_height_phone=&#8221;427.9px&#8221; min_height_last_edited=&#8221;on|phone&#8221; max_height=&#8221;1000px&#8221; custom_margin=&#8221;-21px|||||&#8221; custom_padding=&#8221;36px||0px||false|false&#8221; custom_padding_tablet=&#8221;0px||0px||false|false&#8221; custom_padding_phone=&#8221;36px||0px||false|false&#8221; global_colors_info=&#8221;{}&#8221;][et_pb_row column_structure=&#8221;1_2,1_2&#8243; _builder_version=&#8221;4.27.4&#8243; _module_preset=&#8221;default&#8221; width=&#8221;100%&#8221; max_width=&#8221;1300px&#8221; custom_margin=&#8221;-24px|auto|10px|auto|false|false&#8221; custom_margin_tablet=&#8221;10px|auto|10px|auto|false|false&#8221; custom_margin_phone=&#8221;0px||0px||false|false&#8221; custom_margin_last_edited=&#8221;on|desktop&#8221; custom_padding=&#8221;2px||2px||false|false&#8221; global_colors_info=&#8221;{}&#8221;][et_pb_column type=&#8221;1_2&#8243; _builder_version=&#8221;4.27.4&#8243; _module_preset=&#8221;default&#8221; global_colors_info=&#8221;{}&#8221;][et_pb_image src=&#8221;\/app\/uploads\/2025\/03\/mockup_ordi_encaissement_historique.png&#8221; title_text=&#8221;mockup_ordi_encaissement_historisch&#8221; disabled_on=&#8221;off|off|off&#8221; _builder_version=&#8221;4.27.4&#8243; _module_preset=&#8221;default&#8221; width_tablet=&#8221;&#8221; width_phone=&#8221;100%&#8221; width_last_edited=&#8221;on|phone&#8221; max_width=&#8221;100%&#8221; min_height=&#8221;190px&#8221; custom_margin=&#8221;|0px||0px|false|false&#8221; custom_margin_tablet=&#8221;|0px||0px|false|false&#8221; custom_margin_phone=&#8221;|0px||0px|false|false&#8221; custom_margin_last_edited=&#8221;on|phone&#8221; custom_padding=&#8221;||0px|||&#8221; global_colors_info=&#8221;{}&#8221;][\/et_pb_image][\/et_pb_column][et_pb_column type=&#8221;1_2&#8243; _builder_version=&#8221;4.27.4&#8243; _module_preset=&#8221;default&#8221; global_colors_info=&#8221;{}&#8221;][et_pb_text _builder_version=&#8221;4.27.4&#8243; _module_preset=&#8221;default&#8221; text_font_size=&#8221;22px&#8221; text_line_height=&#8221;1.3em&#8221; custom_margin=&#8221;14px|||-8px||&#8221; custom_margin_tablet=&#8221;14px|||-8px||&#8221; custom_margin_phone=&#8221;0px|0px|0px|0px|false|false&#8221; custom_margin_last_edited=&#8221;on|phone&#8221; custom_padding=&#8221;0px|33px|0px|33px|false|false&#8221; text_font_size_tablet=&#8221;22px&#8221; text_font_size_phone=&#8221;18px&#8221; text_font_size_last_edited=&#8221;on|phone&#8221; global_colors_info=&#8221;{}&#8221;]<\/p>\n<h4>Controleer uw transacties met Merlin!<\/h4>\n<p>&nbsp;<\/p>\n<p>Met Merlin kunt u eenvoudig krediet en uitgestelde betalingen beheren, wat uw financieel beheer vereenvoudigt.<\/p>\n<p>Fooien die worden achtergelaten met een bankkaart of betaling per cheque worden automatisch toegewezen aan de betreffende werknemers, waardoor een eerlijke en transparante verdeling is gegarandeerd.<\/p>\n<p>[\/et_pb_text][\/et_pb_column][\/et_pb_row][\/et_pb_section][et_pb_section fb_built=&#8221;1&#8243; _builder_version=&#8221;4.27.4&#8243; _module_preset=&#8221;default&#8221; custom_padding=&#8221;3px||0px|||&#8221; global_colors_info=&#8221;{}&#8221;][et_pb_row column_structure=&#8221;1_2,1_2&#8243; _builder_version=&#8221;4.27.4&#8243; _module_preset=&#8221;default&#8221; width=&#8221;100%&#8221; max_width=&#8221;1300px&#8221; custom_margin=&#8221;10px||10px||false|false&#8221; custom_margin_tablet=&#8221;10px||10px||false|false&#8221; custom_margin_phone=&#8221;0px||0px||false|false&#8221; custom_margin_last_edited=&#8221;on|desktop&#8221; custom_padding=&#8221;2px||2px||false|false&#8221; global_colors_info=&#8221;{}&#8221;][et_pb_column type=&#8221;1_2&#8243; _builder_version=&#8221;4.27.4&#8243; _module_preset=&#8221;default&#8221; global_colors_info=&#8221;{}&#8221;][et_pb_text _builder_version=&#8221;4.27.4&#8243; _module_preset=&#8221;default&#8221; text_font_size=&#8221;22px&#8221; text_line_height=&#8221;1.3em&#8221; width=&#8221;98.8%&#8221; custom_margin=&#8221;|1px||-8px||&#8221; custom_margin_tablet=&#8221;|1px|46px|-8px||&#8221; custom_margin_phone=&#8221;|0px||0px|false|false&#8221; custom_margin_last_edited=&#8221;on|phone&#8221; custom_padding=&#8221;24px|33px||33px|false|false&#8221; hover_enabled=&#8221;0&#8243; text_font_size_tablet=&#8221;22px&#8221; text_font_size_phone=&#8221;18px&#8221; text_font_size_last_edited=&#8221;on|phone&#8221; global_colors_info=&#8221;{}&#8221; sticky_enabled=&#8221;0&#8243;]<\/p>\n<h3><\/h3>\n<h4>Klantloyaliteit opbouwen<\/h4>\n<p>&nbsp;<\/p>\n<p>Met Merlin kunt u eenvoudig klantgegevens beheren: raadpleeg snel de essenti\u00eble informatie van uw klanten en <a href=\"\/nl\/kenmerken\/online-dagboek\/\">plan hun volgende afspraak<\/a> direct vanuit het kassascherm.<\/p>\n<p>Raadpleeg en wijzig de kleurenkaarten van je klanten in een handomdraai en bied een persoonlijke service die is afgestemd op hun specifieke behoeften.<\/p>\n<p>[\/et_pb_text][\/et_pb_column][et_pb_column type=&#8221;1_2&#8243; _builder_version=&#8221;4.27.4&#8243; _module_preset=&#8221;default&#8221; global_colors_info=&#8221;{}&#8221;][et_pb_image src=&#8221;\/app\/uploads\/2025\/03\/fichier_client_aurelie.png&#8221; title_text=&#8221;klantenbestand_aurelie&#8221; disabled_on=&#8221;off|off|off&#8221; _builder_version=&#8221;4.27.4&#8243; _module_preset=&#8221;default&#8221; width=&#8221;103.1%&#8221; width_tablet=&#8221;103.1%&#8221; width_phone=&#8221;103.1%&#8221; width_last_edited=&#8221;on|tablet&#8221; max_height_tablet=&#8221;&#8221; max_height_phone=&#8221;1000px&#8221; max_height_last_edited=&#8221;on|phone&#8221; custom_margin=&#8221;25px|0px||0px|false|false&#8221; custom_margin_tablet=&#8221;auto|auto|auto|auto|false|false&#8221; custom_margin_phone=&#8221;auto|auto|auto|auto|false|false&#8221; custom_margin_last_edited=&#8221;on|tablet&#8221; custom_padding=&#8221;||0px|0px||&#8221; custom_padding_tablet=&#8221;|16px||0px|false|false&#8221; custom_padding_phone=&#8221;|16px||0px|false|false&#8221; custom_padding_last_edited=&#8221;on|tablet&#8221; global_colors_info=&#8221;{}&#8221;][\/et_pb_image][\/et_pb_column][\/et_pb_row][\/et_pb_section][et_pb_section fb_built=&#8221;1&#8243; _builder_version=&#8221;4.27.4&#8243; _module_preset=&#8221;default&#8221; custom_padding=&#8221;4px||5px|||&#8221; global_colors_info=&#8221;{}&#8221;][et_pb_row _builder_version=&#8221;4.27.4&#8243; _module_preset=&#8221;default&#8221; custom_margin=&#8221;|auto|16px|auto||&#8221; custom_padding=&#8221;||14px|||&#8221; global_colors_info=&#8221;{}&#8221;][et_pb_column type=&#8221;4_4&#8243; _builder_version=&#8221;4.27.4&#8243; _module_preset=&#8221;default&#8221; global_colors_info=&#8221;{}&#8221;][et_pb_text _builder_version=&#8221;4.27.4&#8243; _module_preset=&#8221;default&#8221; global_colors_info=&#8221;{}&#8221;]<\/p>\n<div class=\"row\" style=\"display:flex;justify-content: space-evenly;\"><br \/><div class=\"r-border p-2 mb-2 col-12 col-md-3\"><div class=\"text-center\">\n                <i style=\"color:#ed5946;font-size:32px;\" class=\"fb-icon-element-1 fb-icon-element fontawesome-icon circle-no fusion-text-flow fusion-animated iko2-avant\"><\/i>\n                <p style=\"line-height: 1.4rem;font-size:22px;\"><b>Laatste bezoek<\/b><\/p>\n            <\/div><\/div><br \/><div class=\"r-border p-2 mb-2 col-12 col-md-3\"><div class=\"text-center\">\n                <i style=\"color:#ed5946;font-size:2rem;\" class=\"fb-icon-element-1 fb-icon-element fontawesome-icon circle-no fusion-text-flow fusion-animated iko2-fiche\"><\/i>\n                <p style=\"line-height: 1.4rem;font-size:22px;\"><b>Informatie voor klanten<\/b><\/p>\n            <\/div><\/div><br \/><div class=\"r-border p-2 mb-2 col-12 col-md-3\"><div class=\"text-center\">\n                <i style=\"color:#ed5946;font-size:2rem;\" class=\"fb-icon-element-1 fb-icon-element fontawesome-icon circle-no fusion-text-flow fusion-animated iko2-monetique\"><\/i>\n                <p style=\"line-height: 1.4rem;font-size:22px;\"><b>Gemiddelde plaat<\/b><\/p>\n            <\/div><\/div><br \/><div class=\"r-border p-2 mb-2 col-12 col-md-3\"><div class=\"text-center\">\n                <i style=\"color:#ed5946;font-size:2rem;\" class=\"fb-icon-element-1 fb-icon-element fontawesome-icon circle-no fusion-text-flow fusion-animated iko2-pts_fidelite\"><\/i>\n                <p style=\"line-height: 1.4rem;font-size:22px;\"><b>Loyaliteitspunten<\/b><\/p>\n            <\/div><\/div><br \/><\/div>\n<p>[\/et_pb_text][\/et_pb_column][\/et_pb_row][et_pb_row _builder_version=&#8221;4.27.4&#8243; _module_preset=&#8221;default&#8221; custom_margin=&#8221;|auto|11px|auto||&#8221; custom_padding=&#8221;6px||16px|||&#8221; global_colors_info=&#8221;{}&#8221;][et_pb_column type=&#8221;4_4&#8243; _builder_version=&#8221;4.27.4&#8243; _module_preset=&#8221;default&#8221; global_colors_info=&#8221;{}&#8221;][et_pb_button button_url=&#8221;\/nl\/neem-contact-op-met\/&#8221; button_text=&#8221;Ontdek voorraadbeheer!&#8221; button_alignment=&#8221;center&#8221; _builder_version=&#8221;4.27.4&#8243; _module_preset=&#8221;default&#8221; custom_button=&#8221;on&#8221; button_text_size=&#8221;20px&#8221; button_text_color=&#8221;#FFFFFF&#8221; button_bg_color=&#8221;#ed5946&#8243; button_border_radius=&#8221;31px&#8221; hover_enabled=&#8221;0&#8243; button_text_size_tablet=&#8221;20px&#8221; button_text_size_phone=&#8221;18px&#8221; button_text_size_last_edited=&#8221;on|phone&#8221; global_colors_info=&#8221;{}&#8221; sticky_enabled=&#8221;0&#8243;][\/et_pb_button][\/et_pb_column][\/et_pb_row][\/et_pb_section]<\/p>\n","protected":false},"excerpt":{"rendered":"<p>&#8230;<\/p>\n","protected":false},"author":1,"featured_media":0,"parent":8283,"menu_order":0,"comment_status":"closed","ping_status":"closed","template":"","meta":{"_acf_changed":false,"_et_pb_use_builder":"on","_et_pb_old_content":"","_et_gb_content_width":"","footnotes":""},"class_list":["post-7825","page","type-page","status-publish","hentry"],"acf":[],"yoast_head":"<!-- This site is optimized with the Yoast SEO plugin v27.1.1 - https:\/\/yoast.com\/product\/yoast-seo-wordpress\/ -->\n<title>Kassasoftware - Kapsalon en schoonheidssalon | Ikosoft<\/title>\n<meta name=\"description\" content=\"NF525-gecertificeerde kassasoftware: kassabon in afwachting, kortingen op de hele kassabon of op \u00e9\u00e9n regel, meerdere betalingsmethoden op \u00e9\u00e9n kassabon, snelle toegang tot het klantenbestand, klantgeschiedenis, enz.\" \/>\n<meta name=\"robots\" content=\"index, follow, max-snippet:-1, max-image-preview:large, max-video-preview:-1\" \/>\n<link rel=\"canonical\" href=\"https:\/\/www2.ikosoft.com\/nl\/kenmerken\/collectie\/\" \/>\n<meta property=\"og:locale\" content=\"nl_NL\" \/>\n<meta property=\"og:type\" content=\"article\" \/>\n<meta property=\"og:title\" content=\"Kassasoftware - Kapsalon en schoonheidssalon | Ikosoft\" \/>\n<meta property=\"og:description\" content=\"NF525-gecertificeerde kassasoftware: kassabon in afwachting, kortingen op de hele kassabon of op \u00e9\u00e9n regel, meerdere betalingsmethoden op \u00e9\u00e9n kassabon, snelle toegang tot het klantenbestand, klantgeschiedenis, enz.\" \/>\n<meta property=\"og:url\" content=\"https:\/\/www2.ikosoft.com\/nl\/kenmerken\/collectie\/\" \/>\n<meta property=\"og:site_name\" content=\"ikosoft\" \/>\n<meta property=\"article:publisher\" content=\"https:\/\/www.facebook.com\/IKOSOFT\/\" \/>\n<meta property=\"article:modified_time\" content=\"2025-08-07T12:09:46+00:00\" \/>\n<meta name=\"twitter:card\" content=\"summary_large_image\" \/>\n<meta name=\"twitter:label1\" content=\"Est. reading time\" \/>\n\t<meta name=\"twitter:data1\" content=\"8 minutes\" \/>\n<script type=\"application\/ld+json\" class=\"yoast-schema-graph\">{\"@context\":\"https:\/\/schema.org\",\"@graph\":[{\"@type\":\"WebPage\",\"@id\":\"https:\/\/www2.ikosoft.com\/nl\/kenmerken\/collectie\/\",\"url\":\"https:\/\/www2.ikosoft.com\/nl\/kenmerken\/collectie\/\",\"name\":\"Kassasoftware - Kapsalon en schoonheidssalon | Ikosoft\",\"isPartOf\":{\"@id\":\"https:\/\/www2.ikosoft.com\/nl\/#website\"},\"datePublished\":\"2025-01-13T14:45:42+00:00\",\"dateModified\":\"2025-08-07T12:09:46+00:00\",\"description\":\"NF525-gecertificeerde kassasoftware: kassabon in afwachting, kortingen op de hele kassabon of op \u00e9\u00e9n regel, meerdere betalingsmethoden op \u00e9\u00e9n kassabon, snelle toegang tot het klantenbestand, klantgeschiedenis, enz.\",\"breadcrumb\":{\"@id\":\"https:\/\/www2.ikosoft.com\/nl\/kenmerken\/collectie\/#breadcrumb\"},\"inLanguage\":\"nl-NL\",\"potentialAction\":[{\"@type\":\"ReadAction\",\"target\":[\"https:\/\/www2.ikosoft.com\/nl\/kenmerken\/collectie\/\"]}]},{\"@type\":\"BreadcrumbList\",\"@id\":\"https:\/\/www2.ikosoft.com\/nl\/kenmerken\/collectie\/#breadcrumb\",\"itemListElement\":[{\"@type\":\"ListItem\",\"position\":1,\"name\":\"Accueil\",\"item\":\"https:\/\/www2.ikosoft.com\/nl\/\"},{\"@type\":\"ListItem\",\"position\":2,\"name\":\"Kenmerken\",\"item\":\"https:\/\/www2.ikosoft.com\/nl\/kenmerken\/\"},{\"@type\":\"ListItem\",\"position\":3,\"name\":\"Collectie\"}]},{\"@type\":\"WebSite\",\"@id\":\"https:\/\/www2.ikosoft.com\/nl\/#website\",\"url\":\"https:\/\/www2.ikosoft.com\/nl\/\",\"name\":\"Ikosoft\",\"description\":\"Ikosoft Merlin - Logiciel de caisse certifi\u00e9 NF525 et de gestion pour salon de coiffure, institut de beaut\u00e9 et spa\",\"publisher\":{\"@id\":\"https:\/\/www2.ikosoft.com\/nl\/#organization\"},\"potentialAction\":[{\"@type\":\"SearchAction\",\"target\":{\"@type\":\"EntryPoint\",\"urlTemplate\":\"https:\/\/www2.ikosoft.com\/nl\/?s={search_term_string}\"},\"query-input\":{\"@type\":\"PropertyValueSpecification\",\"valueRequired\":true,\"valueName\":\"search_term_string\"}}],\"inLanguage\":\"nl-NL\"},{\"@type\":\"Organization\",\"@id\":\"https:\/\/www2.ikosoft.com\/nl\/#organization\",\"name\":\"Ikosoft\",\"url\":\"https:\/\/www2.ikosoft.com\/nl\/\",\"logo\":{\"@type\":\"ImageObject\",\"inLanguage\":\"nl-NL\",\"@id\":\"https:\/\/www2.ikosoft.com\/nl\/#\/schema\/logo\/image\/\",\"url\":\"https:\/\/www2.ikosoft.com\/app\/uploads\/2025\/03\/logo_2_o.png\",\"contentUrl\":\"https:\/\/www2.ikosoft.com\/app\/uploads\/2025\/03\/logo_2_o.png\",\"width\":1481,\"height\":305,\"caption\":\"Ikosoft\"},\"image\":{\"@id\":\"https:\/\/www2.ikosoft.com\/nl\/#\/schema\/logo\/image\/\"},\"sameAs\":[\"https:\/\/www.facebook.com\/IKOSOFT\/\",\"https:\/\/www.instagram.com\/ikosoft\"]}]}<\/script>\n<!-- \/ Yoast SEO plugin. -->","yoast_head_json":{"title":"Kassasoftware - Kapsalon en schoonheidssalon | Ikosoft","description":"NF525-gecertificeerde kassasoftware: kassabon in afwachting, kortingen op de hele kassabon of op \u00e9\u00e9n regel, meerdere betalingsmethoden op \u00e9\u00e9n kassabon, snelle toegang tot het klantenbestand, klantgeschiedenis, enz.","robots":{"index":"index","follow":"follow","max-snippet":"max-snippet:-1","max-image-preview":"max-image-preview:large","max-video-preview":"max-video-preview:-1"},"canonical":"https:\/\/www2.ikosoft.com\/nl\/kenmerken\/collectie\/","og_locale":"nl_NL","og_type":"article","og_title":"Kassasoftware - Kapsalon en schoonheidssalon | Ikosoft","og_description":"NF525-gecertificeerde kassasoftware: kassabon in afwachting, kortingen op de hele kassabon of op \u00e9\u00e9n regel, meerdere betalingsmethoden op \u00e9\u00e9n kassabon, snelle toegang tot het klantenbestand, klantgeschiedenis, enz.","og_url":"https:\/\/www2.ikosoft.com\/nl\/kenmerken\/collectie\/","og_site_name":"ikosoft","article_publisher":"https:\/\/www.facebook.com\/IKOSOFT\/","article_modified_time":"2025-08-07T12:09:46+00:00","twitter_card":"summary_large_image","twitter_misc":{"Est. reading time":"8 minutes"},"schema":{"@context":"https:\/\/schema.org","@graph":[{"@type":"WebPage","@id":"https:\/\/www2.ikosoft.com\/nl\/kenmerken\/collectie\/","url":"https:\/\/www2.ikosoft.com\/nl\/kenmerken\/collectie\/","name":"Kassasoftware - Kapsalon en schoonheidssalon | Ikosoft","isPartOf":{"@id":"https:\/\/www2.ikosoft.com\/nl\/#website"},"datePublished":"2025-01-13T14:45:42+00:00","dateModified":"2025-08-07T12:09:46+00:00","description":"NF525-gecertificeerde kassasoftware: kassabon in afwachting, kortingen op de hele kassabon of op \u00e9\u00e9n regel, meerdere betalingsmethoden op \u00e9\u00e9n kassabon, snelle toegang tot het klantenbestand, klantgeschiedenis, enz.","breadcrumb":{"@id":"https:\/\/www2.ikosoft.com\/nl\/kenmerken\/collectie\/#breadcrumb"},"inLanguage":"nl-NL","potentialAction":[{"@type":"ReadAction","target":["https:\/\/www2.ikosoft.com\/nl\/kenmerken\/collectie\/"]}]},{"@type":"BreadcrumbList","@id":"https:\/\/www2.ikosoft.com\/nl\/kenmerken\/collectie\/#breadcrumb","itemListElement":[{"@type":"ListItem","position":1,"name":"Accueil","item":"https:\/\/www2.ikosoft.com\/nl\/"},{"@type":"ListItem","position":2,"name":"Kenmerken","item":"https:\/\/www2.ikosoft.com\/nl\/kenmerken\/"},{"@type":"ListItem","position":3,"name":"Collectie"}]},{"@type":"WebSite","@id":"https:\/\/www2.ikosoft.com\/nl\/#website","url":"https:\/\/www2.ikosoft.com\/nl\/","name":"Ikosoft","description":"Ikosoft Merlin - Logiciel de caisse certifi\u00e9 NF525 et de gestion pour salon de coiffure, institut de beaut\u00e9 et spa","publisher":{"@id":"https:\/\/www2.ikosoft.com\/nl\/#organization"},"potentialAction":[{"@type":"SearchAction","target":{"@type":"EntryPoint","urlTemplate":"https:\/\/www2.ikosoft.com\/nl\/?s={search_term_string}"},"query-input":{"@type":"PropertyValueSpecification","valueRequired":true,"valueName":"search_term_string"}}],"inLanguage":"nl-NL"},{"@type":"Organization","@id":"https:\/\/www2.ikosoft.com\/nl\/#organization","name":"Ikosoft","url":"https:\/\/www2.ikosoft.com\/nl\/","logo":{"@type":"ImageObject","inLanguage":"nl-NL","@id":"https:\/\/www2.ikosoft.com\/nl\/#\/schema\/logo\/image\/","url":"https:\/\/www2.ikosoft.com\/app\/uploads\/2025\/03\/logo_2_o.png","contentUrl":"https:\/\/www2.ikosoft.com\/app\/uploads\/2025\/03\/logo_2_o.png","width":1481,"height":305,"caption":"Ikosoft"},"image":{"@id":"https:\/\/www2.ikosoft.com\/nl\/#\/schema\/logo\/image\/"},"sameAs":["https:\/\/www.facebook.com\/IKOSOFT\/","https:\/\/www.instagram.com\/ikosoft"]}]}},"_links":{"self":[{"href":"https:\/\/www2.ikosoft.com\/nl\/wp-json\/wp\/v2\/pages\/7825","targetHints":{"allow":["GET"]}}],"collection":[{"href":"https:\/\/www2.ikosoft.com\/nl\/wp-json\/wp\/v2\/pages"}],"about":[{"href":"https:\/\/www2.ikosoft.com\/nl\/wp-json\/wp\/v2\/types\/page"}],"author":[{"embeddable":true,"href":"https:\/\/www2.ikosoft.com\/nl\/wp-json\/wp\/v2\/users\/1"}],"replies":[{"embeddable":true,"href":"https:\/\/www2.ikosoft.com\/nl\/wp-json\/wp\/v2\/comments?post=7825"}],"version-history":[{"count":3,"href":"https:\/\/www2.ikosoft.com\/nl\/wp-json\/wp\/v2\/pages\/7825\/revisions"}],"predecessor-version":[{"id":9922,"href":"https:\/\/www2.ikosoft.com\/nl\/wp-json\/wp\/v2\/pages\/7825\/revisions\/9922"}],"up":[{"embeddable":true,"href":"https:\/\/www2.ikosoft.com\/nl\/wp-json\/wp\/v2\/pages\/8283"}],"wp:attachment":[{"href":"https:\/\/www2.ikosoft.com\/nl\/wp-json\/wp\/v2\/media?parent=7825"}],"curies":[{"name":"wp","href":"https:\/\/api.w.org\/{rel}","templated":true}]}}