{"id":9010,"date":"2025-01-21T10:57:36","date_gmt":"2025-01-21T09:57:36","guid":{"rendered":"https:\/\/www2.ikosoft.com\/fonctionnalites\/rendez-vous-en-ligne\/"},"modified":"2025-08-08T11:26:00","modified_gmt":"2025-08-08T09:26:00","slug":"rendez-vous-en-ligne","status":"publish","type":"page","link":"https:\/\/www2.ikosoft.com\/fr-ch\/fonctionnalites\/rendez-vous-en-ligne\/","title":{"rendered":"Rendez-vous en ligne"},"content":{"rendered":"<p>[et_pb_section fb_built=&#8221;1&#8243; _builder_version=&#8221;4.27.4&#8243; _module_preset=&#8221;default&#8221; width=&#8221;100%&#8221; max_width=&#8221;100%&#8221; min_height=&#8221;13px&#8221; height=&#8221;100px&#8221; max_height=&#8221;100px&#8221; custom_padding=&#8221;0px||0px||false|false&#8221; global_colors_info=&#8221;{}&#8221;][et_pb_row module_id=&#8221;iko-page-titles&#8221; _builder_version=&#8221;4.27.4&#8243; _module_preset=&#8221;default&#8221; width=&#8221;100%&#8221; max_width=&#8221;100%&#8221; module_alignment=&#8221;center&#8221; min_height=&#8221;100px&#8221; height=&#8221;100px&#8221; custom_padding=&#8221;0px||0px|||&#8221; custom_css_free_form=&#8221;||&#8221; global_colors_info=&#8221;{}&#8221;][et_pb_column type=&#8221;4_4&#8243; _builder_version=&#8221;4.27.4&#8243; _module_preset=&#8221;default&#8221; custom_padding=&#8221;0px||||false|false&#8221; global_colors_info=&#8221;{}&#8221;][et_pb_text _builder_version=&#8221;4.27.4&#8243; _module_preset=&#8221;default&#8221; text_text_color=&#8221;#FFFFFF&#8221; text_font_size=&#8221;30px&#8221; background_color=&#8221;#ed5946&#8243; text_orientation=&#8221;center&#8221; min_height=&#8221;97.6px&#8221; custom_margin=&#8221;||0px||false|false&#8221; custom_margin_tablet=&#8221;||0px||false|false&#8221; custom_margin_phone=&#8221;||0px||false|false&#8221; custom_margin_last_edited=&#8221;on|tablet&#8221; custom_padding=&#8221;26px||0px||false|false&#8221; custom_padding_tablet=&#8221;26px||0px||false|false&#8221; custom_padding_phone=&#8221;11px||0px||false|false&#8221; custom_padding_last_edited=&#8221;on|desktop&#8221; global_colors_info=&#8221;{}&#8221;]<\/p>\n<h1 style=\"text-align: center;\">LOGICIEL DE R\u00c9SERVATION EN LIGNE POUR COIFFEUR ET INSTITUT DE BEAUT\u00c9<\/h1>\n<p>[\/et_pb_text][\/et_pb_column][\/et_pb_row][\/et_pb_section][et_pb_section fb_built=&#8221;1&#8243; _builder_version=&#8221;4.27.4&#8243; _module_preset=&#8221;default&#8221; custom_padding=&#8221;3px||6px|||&#8221; global_colors_info=&#8221;{}&#8221;][et_pb_row _builder_version=&#8221;4.27.4&#8243; _module_preset=&#8221;default&#8221; max_width=&#8221;1308px&#8221; custom_padding=&#8221;19px|||2px||&#8221; global_colors_info=&#8221;{}&#8221;][et_pb_column type=&#8221;4_4&#8243; _builder_version=&#8221;4.27.4&#8243; _module_preset=&#8221;default&#8221; global_colors_info=&#8221;{}&#8221;][et_pb_text _builder_version=&#8221;4.27.4&#8243; _module_preset=&#8221;default&#8221; text_font=&#8221;|700|||||||&#8221; text_font_size=&#8221;41px&#8221; text_line_height=&#8221;1.1em&#8221; header_font_size=&#8221;36px&#8221; header_2_text_color=&#8221;#000000&#8243; header_2_font_size=&#8221;50px&#8221; width=&#8221;49%&#8221; module_alignment=&#8221;center&#8221; min_height=&#8221;0px&#8221; custom_margin_tablet=&#8221;&#8221; custom_margin_phone=&#8221;|auto||auto|false|false&#8221; custom_margin_last_edited=&#8221;on|phone&#8221; custom_padding=&#8221;2px|||||&#8221; custom_padding_tablet=&#8221;20px|0px||0px|false|false&#8221; custom_padding_phone=&#8221;29px|0px||0px|false|false&#8221; custom_padding_last_edited=&#8221;on|phone&#8221; global_colors_info=&#8221;{}&#8221;]<\/p>\n<h2 style=\"text-align: center;\"><span data-sheets-root=\"1\">Logiciel de r\u00e9servation en ligne<\/span><\/h2>\n<p>[\/et_pb_text][et_pb_text _builder_version=&#8221;4.27.4&#8243; _module_preset=&#8221;default&#8221; text_text_color=&#8221;#EB5A47&#8243; global_colors_info=&#8221;{}&#8221;]<\/p>\n<h3 style=\"text-align: center;\">Gagnez en productivit\u00e9 d\u00e8s aujourd\u2019hui !<\/h3>\n<p>[\/et_pb_text][\/et_pb_column][\/et_pb_row][\/et_pb_section][et_pb_section fb_built=&#8221;1&#8243; _builder_version=&#8221;4.27.4&#8243; _module_preset=&#8221;default&#8221; custom_margin=&#8221;-17px|||||&#8221; custom_padding=&#8221;3px||1px|||&#8221; global_colors_info=&#8221;{}&#8221;][et_pb_row column_structure=&#8221;1_2,1_2&#8243; _builder_version=&#8221;4.27.4&#8243; _module_preset=&#8221;default&#8221; width=&#8221;100%&#8221; max_width=&#8221;1300px&#8221; custom_padding=&#8221;6px||2px|||&#8221; global_colors_info=&#8221;{}&#8221;][et_pb_column type=&#8221;1_2&#8243; _builder_version=&#8221;4.27.4&#8243; _module_preset=&#8221;default&#8221; global_colors_info=&#8221;{}&#8221;][et_pb_text _builder_version=&#8221;4.27.4&#8243; _module_preset=&#8221;default&#8221; text_font_size=&#8221;22px&#8221; text_line_height=&#8221;1.1em&#8221; custom_margin_tablet=&#8221;2px|4px|8px|92px|false|false&#8221; custom_margin_phone=&#8221;-15px|auto||auto|false|false&#8221; custom_margin_last_edited=&#8221;on|tablet&#8221; custom_padding=&#8221;20px|139px||||&#8221; custom_padding_tablet=&#8221;20px|139px||||&#8221; custom_padding_phone=&#8221;19px|57px||57px|false|false&#8221; custom_padding_last_edited=&#8221;on|phone&#8221; text_font_size_tablet=&#8221;20px&#8221; text_font_size_phone=&#8221;18px&#8221; text_font_size_last_edited=&#8221;on|phone&#8221; text_letter_spacing_tablet=&#8221;&#8221; text_letter_spacing_phone=&#8221;&#8221; text_letter_spacing_last_edited=&#8221;on|phone&#8221; text_line_height_tablet=&#8221;1.1em&#8221; text_line_height_phone=&#8221;1.3em&#8221; text_line_height_last_edited=&#8221;on|phone&#8221; global_colors_info=&#8221;{}&#8221;]<\/p>\n<h4>Quelles fonctionnalit\u00e9s attendre de la r\u00e9servation en ligne Merlin ?<\/h4>\n<p>&nbsp;<\/p>\n<p>\u2022 R\u00e9servation dans votre salon 24H\/7J<\/p>\n<p>\u2022 R\u00e9servation depuis votre site<\/p>\n<p>\u2022 Rappel de rendez-vous par SMS<\/p>\n<p>\u2022 Paiement en ligne s\u00e9curis\u00e9 (total, acompte, empreinte)<\/p>\n<p>\u2022 Vente de bons cadeaux<\/p>\n<p>\u2022 Promotion ponctuelle ou r\u00e9currente<\/p>\n<p>\u2022 Choix du collaborateur par prestation<\/p>\n<p>&nbsp;<\/p>\n<p>[\/et_pb_text][\/et_pb_column][et_pb_column type=&#8221;1_2&#8243; _builder_version=&#8221;4.27.4&#8243; _module_preset=&#8221;default&#8221; global_colors_info=&#8221;{}&#8221;][et_pb_image src=&#8221;https:\/\/www2.ikosoft.com\/app\/uploads\/2025\/08\/mockup_macbook_calendrier-scaled.jpg&#8221; title_text=&#8221;mockup_macbook_calendrier&#8221; _builder_version=&#8221;4.27.4&#8243; _module_preset=&#8221;default&#8221; custom_margin=&#8221;|||2px||&#8221; custom_margin_tablet=&#8221;-10px||10px|57px|false|false&#8221; custom_margin_phone=&#8221;|auto||auto|false|false&#8221; custom_margin_last_edited=&#8221;on|tablet&#8221; custom_padding=&#8221;4px||10px||false|false&#8221; custom_padding_tablet=&#8221;4px||10px||false|false&#8221; custom_padding_phone=&#8221;0px|32px|41px|32px|false|false&#8221; custom_padding_last_edited=&#8221;on|phone&#8221; global_colors_info=&#8221;{}&#8221;][\/et_pb_image][\/et_pb_column][\/et_pb_row][\/et_pb_section][et_pb_section fb_built=&#8221;1&#8243; _builder_version=&#8221;4.27.4&#8243; _module_preset=&#8221;default&#8221; custom_padding=&#8221;3px||0px|||&#8221; global_colors_info=&#8221;{}&#8221;][et_pb_row _builder_version=&#8221;4.27.4&#8243; _module_preset=&#8221;default&#8221; custom_margin=&#8221;|auto|-9px|auto||&#8221; global_colors_info=&#8221;{}&#8221;][et_pb_column type=&#8221;4_4&#8243; _builder_version=&#8221;4.27.4&#8243; _module_preset=&#8221;default&#8221; global_colors_info=&#8221;{}&#8221;][et_pb_text _builder_version=&#8221;4.27.4&#8243; _module_preset=&#8221;default&#8221; custom_margin=&#8221;2px|||||&#8221; global_colors_info=&#8221;{}&#8221;]<\/p>\n<h3 style=\"text-align: center;\">Diff\u00e9rents styles visuels au choix<\/h3>\n<p>[\/et_pb_text][et_pb_text content_tablet=&#8221;<\/p>\n<p style=%22text-align: left;%22>Merlin a con\u00e7u diverses ambiances graphiques pour que votre salon reste fid\u00e8le \u00e0 son identit\u00e9 !<\/p>\n<p style=%22text-align: left;%22>Trois options de th\u00e8mes sont disponibles pour correspondre au style de votre salon : couleur, noir &#038; blanc, ou ic\u00f4nes.<\/p>\n<p>&#8221; content_phone=&#8221;<\/p>\n<p style=%22text-align: left;%22>Merlin a con\u00e7u diverses ambiances graphiques pour que votre salon reste fid\u00e8le \u00e0 son identit\u00e9 !<\/p>\n<p style=%22text-align: left;%22>Trois options de th\u00e8mes sont disponibles pour correspondre au style de votre salon : couleur, noir &#038; blanc, ou ic\u00f4nes.<\/p>\n<p>&#8221; content_last_edited=&#8221;on|tablet&#8221; _builder_version=&#8221;4.27.4&#8243; _module_preset=&#8221;default&#8221; text_font_size=&#8221;22px&#8221; text_line_height=&#8221;1.1em&#8221; custom_margin=&#8221;||44px|||&#8221; custom_margin_tablet=&#8221;15px|50px|46px|50px|false|false&#8221; custom_margin_phone=&#8221;15px|50px|46px|50px|false|false&#8221; custom_margin_last_edited=&#8221;on|tablet&#8221; text_font_size_tablet=&#8221;20px&#8221; text_font_size_phone=&#8221;18px&#8221; text_font_size_last_edited=&#8221;on|tablet&#8221; text_orientation_tablet=&#8221;left&#8221; text_orientation_phone=&#8221;left&#8221; text_orientation_last_edited=&#8221;on|tablet&#8221; global_colors_info=&#8221;{}&#8221;]<\/p>\n<p style=\"text-align: center;\">Merlin a con\u00e7u diverses ambiances graphiques pour que votre salon reste fid\u00e8le \u00e0 son identit\u00e9 !<\/p>\n<p style=\"text-align: center;\">Trois options de th\u00e8mes sont disponibles pour correspondre au style de votre salon : couleur, noir &amp; blanc, ou ic\u00f4nes.<\/p>\n<p>[\/et_pb_text][et_pb_button button_url=&#8221;https:\/\/onlinebooking.ikosoft.com\/882931433D393203E4A300068\/FRA\/Services\/ChooseGender&#8221; button_text=&#8221;Je teste l&#8217;exp\u00e9rience&#8221; button_alignment=&#8221;center&#8221; _builder_version=&#8221;4.27.4&#8243; _module_preset=&#8221;default&#8221; custom_button=&#8221;on&#8221; button_text_color=&#8221;#FFFFFF&#8221; button_bg_color=&#8221;#ed5946&#8243; button_border_radius=&#8221;31px&#8221; hover_enabled=&#8221;0&#8243; global_colors_info=&#8221;{}&#8221; button_text__hover_enabled=&#8221;off|desktop&#8221; sticky_enabled=&#8221;0&#8243;][\/et_pb_button][\/et_pb_column][\/et_pb_row][et_pb_row column_structure=&#8221;1_3,1_3,1_3&#8243; _builder_version=&#8221;4.27.4&#8243; _module_preset=&#8221;default&#8221; custom_padding=&#8221;3px|||||&#8221; global_colors_info=&#8221;{}&#8221;][et_pb_column type=&#8221;1_3&#8243; _builder_version=&#8221;4.27.4&#8243; _module_preset=&#8221;default&#8221; global_colors_info=&#8221;{}&#8221;][et_pb_image src=&#8221;\/app\/uploads\/2025\/04\/ob_mobile_couleur.png&#8221; title_text=&#8221;Online Booking Th\u00e8me 1&#8243; disabled_on=&#8221;on|on|off&#8221; _builder_version=&#8221;4.27.4&#8243; _module_preset=&#8221;default&#8221; custom_margin=&#8221;-9px|||||&#8221; global_colors_info=&#8221;{}&#8221;][\/et_pb_image][\/et_pb_column][et_pb_column type=&#8221;1_3&#8243; _builder_version=&#8221;4.27.4&#8243; _module_preset=&#8221;default&#8221; global_colors_info=&#8221;{}&#8221;][et_pb_image src=&#8221;\/app\/uploads\/2025\/04\/ob_mobile_nb.png&#8221; title_text=&#8221;Online Booking Th\u00e8me 2&#8243; disabled_on=&#8221;on|on|off&#8221; _builder_version=&#8221;4.27.4&#8243; _module_preset=&#8221;default&#8221; global_colors_info=&#8221;{}&#8221;][\/et_pb_image][\/et_pb_column][et_pb_column type=&#8221;1_3&#8243; _builder_version=&#8221;4.27.4&#8243; _module_preset=&#8221;default&#8221; global_colors_info=&#8221;{}&#8221;][et_pb_image src=&#8221;\/app\/uploads\/2025\/04\/ob_mobile_picto.png&#8221; title_text=&#8221;Online Booking Th\u00e8me 3&#8243; disabled_on=&#8221;on|on|off&#8221; _builder_version=&#8221;4.27.4&#8243; _module_preset=&#8221;default&#8221; global_colors_info=&#8221;{}&#8221;][\/et_pb_image][\/et_pb_column][\/et_pb_row][\/et_pb_section][et_pb_section fb_built=&#8221;1&#8243; _builder_version=&#8221;4.27.4&#8243; _module_preset=&#8221;default&#8221; custom_padding=&#8221;4px||5px|||&#8221; global_colors_info=&#8221;{}&#8221;][et_pb_row custom_padding_last_edited=&#8221;on|phone&#8221; _builder_version=&#8221;4.27.4&#8243; _module_preset=&#8221;default&#8221; custom_margin_tablet=&#8221;&#8221; custom_margin_phone=&#8221;|auto||auto|false|false&#8221; custom_margin_last_edited=&#8221;on|phone&#8221; custom_padding=&#8221;2px|||||&#8221; custom_padding_tablet=&#8221;2px|||||&#8221; custom_padding_phone=&#8221;|15px||15px|false|false&#8221; global_colors_info=&#8221;{}&#8221;][et_pb_column type=&#8221;4_4&#8243; _builder_version=&#8221;4.27.4&#8243; _module_preset=&#8221;default&#8221; global_colors_info=&#8221;{}&#8221;][et_pb_text _builder_version=&#8221;4.27.4&#8243; _module_preset=&#8221;default&#8221; custom_margin=&#8221;21px|||||&#8221; custom_margin_tablet=&#8221;-21px||-9px||false|false&#8221; custom_margin_phone=&#8221;-21px||-9px||false|false&#8221; custom_margin_last_edited=&#8221;on|tablet&#8221; text_font_size_tablet=&#8221;&#8221; text_font_size_phone=&#8221;10px&#8221; text_font_size_last_edited=&#8221;on|phone&#8221; global_colors_info=&#8221;{}&#8221;]<\/p>\n<div class=\"row\" style=\"display:flex;justify-content: space-evenly;\"><br \/><div class=\"r-border p-2 mb-2 col-12 col-md-2\"><div class=\"text-center\">\n                <i style=\"color:#ed5946;font-size:32px;\" class=\"fb-icon-element-1 fb-icon-element fontawesome-icon circle-no fusion-text-flow fusion-animated iko2-salon\"><\/i>\n                <p style=\"line-height: 1.4rem;font-size:22px;\"><b>Vous avez le 1er salon ouvert 24H\/7J<\/b><\/p>\n            <\/div><\/div><br \/><div class=\"r-border p-2 mb-2 col-12 col-md-2\"><div class=\"text-center\">\n                <i style=\"color:#ed5946;font-size:2rem;\" class=\"fb-icon-element-1 fb-icon-element fontawesome-icon circle-no fusion-text-flow fusion-animated iko2-reservation\"><\/i>\n                <p style=\"line-height: 1.4rem;font-size:22px;\"><b>La r\u00e9servation en ligne est 100% s\u00e9curis\u00e9e<\/b><\/p>\n            <\/div><\/div><br \/><div class=\"r-border p-2 mb-2 col-12 col-md-2\"><div class=\"text-center\">\n                <i style=\"color:#ed5946;font-size:2rem;\" class=\"fb-icon-element-1 fb-icon-element fontawesome-icon circle-no fusion-text-flow fusion-animated iko2-fichier_client\"><\/i>\n                <p style=\"line-height: 1.4rem;font-size:22px;\"><b>Votre fichier clients est \u00e0 jour automatiquement<\/b><\/p>\n            <\/div><\/div><br \/><div class=\"r-border p-2 mb-2 col-12 col-md-2\"><div class=\"text-center\">\n                <i style=\"color:#ed5946;font-size:2rem;\" class=\"fb-icon-element-1 fb-icon-element fontawesome-icon circle-no fusion-text-flow fusion-animated iko2-no_tel\"><\/i>\n                <p style=\"line-height: 1.4rem;font-size:22px;\"><b>Vous n\u2019\u00eates plus d\u00e9rang\u00e9 par le t\u00e9l\u00e9phone<\/b><\/p>\n            <\/div><\/div><br \/><div class=\"r-border p-2 mb-2 col-12 col-md-2\"><div class=\"text-center\">\n                <i style=\"color:#ed5946;font-size:2rem;\" class=\"fb-icon-element-1 fb-icon-element fontawesome-icon circle-no fusion-text-flow fusion-animated iko2-marketing\"><\/i>\n                <p style=\"line-height: 1.4rem;font-size:22px;\"><b>Les clients se sentent privil\u00e9gi\u00e9s<\/b><\/p>\n            <\/div><\/div><br \/><div class=\"r-border p-2 mb-2 col-12 col-md-2\"><div class=\"text-center\">\n                <i style=\"color:#ed5946;font-size:2rem;\" class=\"fb-icon-element-1 fb-icon-element fontawesome-icon circle-no fusion-text-flow fusion-animated iko2-instagram\"><\/i>\n                <p style=\"line-height: 1.4rem;font-size:22px;\"><b>Vos r\u00e9seaux sociaux vous rapportent<\/b><\/p>\n            <\/div><\/div><br \/><\/div>\n<p>[\/et_pb_text][\/et_pb_column][\/et_pb_row][et_pb_row _builder_version=&#8221;4.27.4&#8243; _module_preset=&#8221;default&#8221; custom_margin=&#8221;|auto|2px|auto||&#8221; global_colors_info=&#8221;{}&#8221;][et_pb_column type=&#8221;4_4&#8243; _builder_version=&#8221;4.27.4&#8243; _module_preset=&#8221;default&#8221; global_colors_info=&#8221;{}&#8221;][et_pb_button button_url=&#8221;\/fr-ch\/contact\/&#8221; button_text=&#8221;Souscrire aux rdvs en ligne !&#8221; button_alignment=&#8221;center&#8221; _builder_version=&#8221;4.27.4&#8243; _module_preset=&#8221;default&#8221; custom_button=&#8221;on&#8221; button_text_color=&#8221;#FFFFFF&#8221; button_bg_color=&#8221;#ed5946&#8243; button_border_radius=&#8221;31px&#8221; custom_margin_tablet=&#8221;&#8221; custom_margin_phone=&#8221;|auto||auto|false|false&#8221; custom_margin_last_edited=&#8221;on|phone&#8221; custom_padding_tablet=&#8221;&#8221; custom_padding_phone=&#8221;7px||6px||false|false&#8221; custom_padding_last_edited=&#8221;on|phone&#8221; global_colors_info=&#8221;{}&#8221; button_text__hover_enabled=&#8221;on|hover&#8221; button_text__hover=&#8221;Souscrire aux rdvs en ligne !&#8221;][\/et_pb_button][\/et_pb_column][\/et_pb_row][\/et_pb_section]<\/p>\n","protected":false},"excerpt":{"rendered":"<p>LOGICIEL&#8230;<\/p>\n","protected":false},"author":1,"featured_media":0,"parent":8970,"menu_order":0,"comment_status":"closed","ping_status":"closed","template":"","meta":{"_acf_changed":false,"_et_pb_use_builder":"on","_et_pb_old_content":"","_et_gb_content_width":"","footnotes":""},"class_list":["post-9010","page","type-page","status-publish","hentry"],"acf":[],"yoast_head":"<!-- This site is optimized with the Yoast SEO plugin v27.1.1 - https:\/\/yoast.com\/product\/yoast-seo-wordpress\/ -->\n<title>Logiciel de r\u00e9servation en ligne - Coiffeur et institut de beaut\u00e9 | Ikosoft<\/title>\n<meta name=\"description\" content=\"Prise de RDV en ligne. Vos clients r\u00e9servent directement depuis votre site Internet. Rappel de RDV par SMS. Paiement en ligne s\u00e9curis\u00e9.\" \/>\n<meta name=\"robots\" content=\"index, follow, max-snippet:-1, max-image-preview:large, max-video-preview:-1\" \/>\n<link rel=\"canonical\" href=\"https:\/\/www2.ikosoft.com\/fr-ch\/fonctionnalites\/rendez-vous-en-ligne\/\" \/>\n<meta property=\"og:locale\" content=\"fr_FR\" \/>\n<meta property=\"og:type\" content=\"article\" \/>\n<meta property=\"og:title\" content=\"Logiciel de r\u00e9servation en ligne - Coiffeur et institut de beaut\u00e9 | Ikosoft\" \/>\n<meta property=\"og:description\" content=\"Prise de RDV en ligne. Vos clients r\u00e9servent directement depuis votre site Internet. Rappel de RDV par SMS. Paiement en ligne s\u00e9curis\u00e9.\" \/>\n<meta property=\"og:url\" content=\"https:\/\/www2.ikosoft.com\/fr-ch\/fonctionnalites\/rendez-vous-en-ligne\/\" \/>\n<meta property=\"og:site_name\" content=\"ikosoft\" \/>\n<meta property=\"article:publisher\" content=\"https:\/\/www.facebook.com\/IKOSOFT\/\" \/>\n<meta property=\"article:modified_time\" content=\"2025-08-08T09:26:00+00:00\" \/>\n<meta name=\"twitter:card\" content=\"summary_large_image\" \/>\n<meta name=\"twitter:label1\" content=\"Est. reading time\" \/>\n\t<meta name=\"twitter:data1\" content=\"2 minutes\" \/>\n<script type=\"application\/ld+json\" class=\"yoast-schema-graph\">{\"@context\":\"https:\/\/schema.org\",\"@graph\":[{\"@type\":\"WebPage\",\"@id\":\"https:\/\/www2.ikosoft.com\/fr-ch\/fonctionnalites\/rendez-vous-en-ligne\/\",\"url\":\"https:\/\/www2.ikosoft.com\/fr-ch\/fonctionnalites\/rendez-vous-en-ligne\/\",\"name\":\"Logiciel de r\u00e9servation en ligne - Coiffeur et institut de beaut\u00e9 | Ikosoft\",\"isPartOf\":{\"@id\":\"https:\/\/www2.ikosoft.com\/fr-ch\/#website\"},\"datePublished\":\"2025-01-21T09:57:36+00:00\",\"dateModified\":\"2025-08-08T09:26:00+00:00\",\"description\":\"Prise de RDV en ligne. Vos clients r\u00e9servent directement depuis votre site Internet. Rappel de RDV par SMS. Paiement en ligne s\u00e9curis\u00e9.\",\"breadcrumb\":{\"@id\":\"https:\/\/www2.ikosoft.com\/fr-ch\/fonctionnalites\/rendez-vous-en-ligne\/#breadcrumb\"},\"inLanguage\":\"fr-CH\",\"potentialAction\":[{\"@type\":\"ReadAction\",\"target\":[\"https:\/\/www2.ikosoft.com\/fr-ch\/fonctionnalites\/rendez-vous-en-ligne\/\"]}]},{\"@type\":\"BreadcrumbList\",\"@id\":\"https:\/\/www2.ikosoft.com\/fr-ch\/fonctionnalites\/rendez-vous-en-ligne\/#breadcrumb\",\"itemListElement\":[{\"@type\":\"ListItem\",\"position\":1,\"name\":\"Accueil\",\"item\":\"https:\/\/www2.ikosoft.com\/fr-ch\/\"},{\"@type\":\"ListItem\",\"position\":2,\"name\":\"Fonctionnalit\u00e9s\",\"item\":\"https:\/\/www2.ikosoft.com\/fr-ch\/fonctionnalites\/\"},{\"@type\":\"ListItem\",\"position\":3,\"name\":\"Rendez-vous en ligne\"}]},{\"@type\":\"WebSite\",\"@id\":\"https:\/\/www2.ikosoft.com\/fr-ch\/#website\",\"url\":\"https:\/\/www2.ikosoft.com\/fr-ch\/\",\"name\":\"Ikosoft\",\"description\":\"Ikosoft Merlin - Logiciel de caisse certifi\u00e9 NF525 et de gestion pour salon de coiffure, institut de beaut\u00e9 et spa\",\"publisher\":{\"@id\":\"https:\/\/www2.ikosoft.com\/fr-ch\/#organization\"},\"potentialAction\":[{\"@type\":\"SearchAction\",\"target\":{\"@type\":\"EntryPoint\",\"urlTemplate\":\"https:\/\/www2.ikosoft.com\/fr-ch\/?s={search_term_string}\"},\"query-input\":{\"@type\":\"PropertyValueSpecification\",\"valueRequired\":true,\"valueName\":\"search_term_string\"}}],\"inLanguage\":\"fr-CH\"},{\"@type\":\"Organization\",\"@id\":\"https:\/\/www2.ikosoft.com\/fr-ch\/#organization\",\"name\":\"Ikosoft\",\"url\":\"https:\/\/www2.ikosoft.com\/fr-ch\/\",\"logo\":{\"@type\":\"ImageObject\",\"inLanguage\":\"fr-CH\",\"@id\":\"https:\/\/www2.ikosoft.com\/fr-ch\/#\/schema\/logo\/image\/\",\"url\":\"https:\/\/www2.ikosoft.com\/app\/uploads\/2025\/03\/logo_2_o.png\",\"contentUrl\":\"https:\/\/www2.ikosoft.com\/app\/uploads\/2025\/03\/logo_2_o.png\",\"width\":1481,\"height\":305,\"caption\":\"Ikosoft\"},\"image\":{\"@id\":\"https:\/\/www2.ikosoft.com\/fr-ch\/#\/schema\/logo\/image\/\"},\"sameAs\":[\"https:\/\/www.facebook.com\/IKOSOFT\/\",\"https:\/\/www.instagram.com\/ikosoft\"]}]}<\/script>\n<!-- \/ Yoast SEO plugin. -->","yoast_head_json":{"title":"Logiciel de r\u00e9servation en ligne - Coiffeur et institut de beaut\u00e9 | Ikosoft","description":"Prise de RDV en ligne. Vos clients r\u00e9servent directement depuis votre site Internet. Rappel de RDV par SMS. Paiement en ligne s\u00e9curis\u00e9.","robots":{"index":"index","follow":"follow","max-snippet":"max-snippet:-1","max-image-preview":"max-image-preview:large","max-video-preview":"max-video-preview:-1"},"canonical":"https:\/\/www2.ikosoft.com\/fr-ch\/fonctionnalites\/rendez-vous-en-ligne\/","og_locale":"fr_FR","og_type":"article","og_title":"Logiciel de r\u00e9servation en ligne - Coiffeur et institut de beaut\u00e9 | Ikosoft","og_description":"Prise de RDV en ligne. Vos clients r\u00e9servent directement depuis votre site Internet. Rappel de RDV par SMS. Paiement en ligne s\u00e9curis\u00e9.","og_url":"https:\/\/www2.ikosoft.com\/fr-ch\/fonctionnalites\/rendez-vous-en-ligne\/","og_site_name":"ikosoft","article_publisher":"https:\/\/www.facebook.com\/IKOSOFT\/","article_modified_time":"2025-08-08T09:26:00+00:00","twitter_card":"summary_large_image","twitter_misc":{"Est. reading time":"2 minutes"},"schema":{"@context":"https:\/\/schema.org","@graph":[{"@type":"WebPage","@id":"https:\/\/www2.ikosoft.com\/fr-ch\/fonctionnalites\/rendez-vous-en-ligne\/","url":"https:\/\/www2.ikosoft.com\/fr-ch\/fonctionnalites\/rendez-vous-en-ligne\/","name":"Logiciel de r\u00e9servation en ligne - Coiffeur et institut de beaut\u00e9 | Ikosoft","isPartOf":{"@id":"https:\/\/www2.ikosoft.com\/fr-ch\/#website"},"datePublished":"2025-01-21T09:57:36+00:00","dateModified":"2025-08-08T09:26:00+00:00","description":"Prise de RDV en ligne. Vos clients r\u00e9servent directement depuis votre site Internet. Rappel de RDV par SMS. Paiement en ligne s\u00e9curis\u00e9.","breadcrumb":{"@id":"https:\/\/www2.ikosoft.com\/fr-ch\/fonctionnalites\/rendez-vous-en-ligne\/#breadcrumb"},"inLanguage":"fr-CH","potentialAction":[{"@type":"ReadAction","target":["https:\/\/www2.ikosoft.com\/fr-ch\/fonctionnalites\/rendez-vous-en-ligne\/"]}]},{"@type":"BreadcrumbList","@id":"https:\/\/www2.ikosoft.com\/fr-ch\/fonctionnalites\/rendez-vous-en-ligne\/#breadcrumb","itemListElement":[{"@type":"ListItem","position":1,"name":"Accueil","item":"https:\/\/www2.ikosoft.com\/fr-ch\/"},{"@type":"ListItem","position":2,"name":"Fonctionnalit\u00e9s","item":"https:\/\/www2.ikosoft.com\/fr-ch\/fonctionnalites\/"},{"@type":"ListItem","position":3,"name":"Rendez-vous en ligne"}]},{"@type":"WebSite","@id":"https:\/\/www2.ikosoft.com\/fr-ch\/#website","url":"https:\/\/www2.ikosoft.com\/fr-ch\/","name":"Ikosoft","description":"Ikosoft Merlin - Logiciel de caisse certifi\u00e9 NF525 et de gestion pour salon de coiffure, institut de beaut\u00e9 et spa","publisher":{"@id":"https:\/\/www2.ikosoft.com\/fr-ch\/#organization"},"potentialAction":[{"@type":"SearchAction","target":{"@type":"EntryPoint","urlTemplate":"https:\/\/www2.ikosoft.com\/fr-ch\/?s={search_term_string}"},"query-input":{"@type":"PropertyValueSpecification","valueRequired":true,"valueName":"search_term_string"}}],"inLanguage":"fr-CH"},{"@type":"Organization","@id":"https:\/\/www2.ikosoft.com\/fr-ch\/#organization","name":"Ikosoft","url":"https:\/\/www2.ikosoft.com\/fr-ch\/","logo":{"@type":"ImageObject","inLanguage":"fr-CH","@id":"https:\/\/www2.ikosoft.com\/fr-ch\/#\/schema\/logo\/image\/","url":"https:\/\/www2.ikosoft.com\/app\/uploads\/2025\/03\/logo_2_o.png","contentUrl":"https:\/\/www2.ikosoft.com\/app\/uploads\/2025\/03\/logo_2_o.png","width":1481,"height":305,"caption":"Ikosoft"},"image":{"@id":"https:\/\/www2.ikosoft.com\/fr-ch\/#\/schema\/logo\/image\/"},"sameAs":["https:\/\/www.facebook.com\/IKOSOFT\/","https:\/\/www.instagram.com\/ikosoft"]}]}},"_links":{"self":[{"href":"https:\/\/www2.ikosoft.com\/fr-ch\/wp-json\/wp\/v2\/pages\/9010","targetHints":{"allow":["GET"]}}],"collection":[{"href":"https:\/\/www2.ikosoft.com\/fr-ch\/wp-json\/wp\/v2\/pages"}],"about":[{"href":"https:\/\/www2.ikosoft.com\/fr-ch\/wp-json\/wp\/v2\/types\/page"}],"author":[{"embeddable":true,"href":"https:\/\/www2.ikosoft.com\/fr-ch\/wp-json\/wp\/v2\/users\/1"}],"replies":[{"embeddable":true,"href":"https:\/\/www2.ikosoft.com\/fr-ch\/wp-json\/wp\/v2\/comments?post=9010"}],"version-history":[{"count":8,"href":"https:\/\/www2.ikosoft.com\/fr-ch\/wp-json\/wp\/v2\/pages\/9010\/revisions"}],"predecessor-version":[{"id":9972,"href":"https:\/\/www2.ikosoft.com\/fr-ch\/wp-json\/wp\/v2\/pages\/9010\/revisions\/9972"}],"up":[{"embeddable":true,"href":"https:\/\/www2.ikosoft.com\/fr-ch\/wp-json\/wp\/v2\/pages\/8970"}],"wp:attachment":[{"href":"https:\/\/www2.ikosoft.com\/fr-ch\/wp-json\/wp\/v2\/media?parent=9010"}],"curies":[{"name":"wp","href":"https:\/\/api.w.org\/{rel}","templated":true}]}}