{"id":8732,"date":"2025-07-07T16:52:07","date_gmt":"2025-07-07T14:52:07","guid":{"rendered":"https:\/\/www2.ikosoft.com\/?page_id=8732"},"modified":"2026-04-10T09:26:03","modified_gmt":"2026-04-10T07:26:03","slug":"gestion-des-preferences-de-cookies","status":"publish","type":"page","link":"https:\/\/www2.ikosoft.com\/fr-ch\/gestion-des-preferences-de-cookies\/","title":{"rendered":"Gestion des preferences de cookies"},"content":{"rendered":"<p>[et_pb_section fb_built=&#8221;1&#8243; _builder_version=&#8221;4.27.4&#8243; _module_preset=&#8221;default&#8221; global_colors_info=&#8221;{}&#8221;][et_pb_row _builder_version=&#8221;4.27.4&#8243; _module_preset=&#8221;default&#8221; global_colors_info=&#8221;{}&#8221;][et_pb_column type=&#8221;4_4&#8243; _builder_version=&#8221;4.27.4&#8243; _module_preset=&#8221;default&#8221; global_colors_info=&#8221;{}&#8221;][et_pb_text _builder_version=&#8221;4.27.4&#8243; _module_preset=&#8221;default&#8221; global_colors_info=&#8221;{}&#8221;]<\/p>\n<h1 class=\"titre-page\">Gestion des pr\u00e9f\u00e9rences cookies<\/h1>\n<h2>Cookies et Vie Priv\u00e9e<\/h2>\n<h3>1. Qu\u2019est-ce qu\u2019un cookie ?<\/h3>\n<p>Un cookie (ou t\u00e9moin de connexion) est un ensemble de donn\u00e9es stock\u00e9 sur le disque dur de votre terminal (ordinateur, tablette, mobile) par le biais de votre logiciel de navigation \u00e0 l\u2019occasion de la consultation d\u2019un service en ligne.<br \/>Les cookies enregistr\u00e9s lorsque vous visitez notre site ne vous reconnaissent pas personnellement en tant qu\u2019individu, mais reconnaissent seulement l\u2019appareil que vous \u00eates en train d\u2019utiliser. Les cookies ne stockent aucune donn\u00e9e personnelle sensible, mais donnent simplement une information sur votre navigation de fa\u00e7on \u00e0 ce que votre terminal puisse \u00eatre reconnu plus tard.<br \/>Les cookies ne causent aucun dommage \u00e0 votre appareil, mais permettent plus facilement par exemple de retrouver vos pr\u00e9f\u00e9rences, de pr\u00e9-remplir certains champs et d\u2019adapter le contenu de nos services.<br \/>Vous seul(e) choisissez si vous souhaitez avoir des cookies enregistr\u00e9s sur votre appareil et vous pouvez facilement contr\u00f4ler l\u2019enregistrement des cookies.<\/p>\n<p>&nbsp;<\/p>\n<h3>2. Quels sont les cookies pr\u00e9sents sur ce site ?<\/h3>\n<p>&nbsp;<\/p>\n<p>a. Les cookies statistiques (ou analytiques)<br \/>Les cookies analytiques que nous \u00e9mettons nous permettent de mieux conna\u00eetre nos sites et d\u2019am\u00e9liorer nos services en \u00e9tablissant des statistiques et volumes de fr\u00e9quentation et d\u2019utilisation (rubriques et contenus visit\u00e9s, parcours\u2026).<\/p>\n<p>&nbsp;<\/p>\n<p>b. Les cookies fonctionnels<br \/>Les cookies fonctionnels que nous \u00e9mettons nous permettent :<br \/>* d\u2019adapter la pr\u00e9sentation de nos sites aux pr\u00e9f\u00e9rences d\u2019affichage de votre terminal (langue utilis\u00e9e, r\u00e9solution d\u2019affichage, syst\u00e8me d\u2019exploitation utilis\u00e9, etc), selon les mat\u00e9riels et les logiciels de visualisation ou de lecture que votre terminal comporte ;<br \/>* d\u2019am\u00e9liorer votre exp\u00e9rience utilisateur en pr\u00e9-remplissant certains champs de nos formulaires<\/p>\n<p>&nbsp;<\/p>\n<h3>3. Vos choix concernant les cookies :<\/h3>\n<p>Vous pouvez \u00e0 tout moment choisir de d\u00e9sactiver ces cookies. Votre navigateur peut \u00e9galement \u00eatre param\u00e9tr\u00e9 pour vous signaler les cookies qui sont d\u00e9pos\u00e9s dans votre ordinateur et vous demander de les accepter ou pas.<br \/>Vous pouvez accepter ou refuser les cookies au cas par cas ou bien les refuser syst\u00e9matiquement.<br \/>Nous vous rappelons que le param\u00e9trage est susceptible de modifier vos conditions d\u2019acc\u00e8s \u00e0 nos contenus et services n\u00e9cessitant l\u2019utilisation de cookies.<br \/>Si votre navigateur est configur\u00e9 de mani\u00e8re \u00e0 refuser l\u2019ensemble des cookies, vous ne pourrez pas profiter d\u2019une partie de nos services. Afin de g\u00e9rer les cookies au plus pr\u00e8s de vos attentes nous vous invitons \u00e0 param\u00e9trer votre navigateur en tenant compte de la finalit\u00e9 des cookies.<br \/>La gestion des cookies, pour les autoriser, les supprimer ou les configurer par site internet, se fait au sein de votre navigateur, dans des menus sp\u00e9cifiques \u2013 vous trouverez toutes les informations dans la section Aide de votre navigateur.<\/p>\n<p>[\/et_pb_text][\/et_pb_column][\/et_pb_row][\/et_pb_section]<\/p>\n","protected":false},"excerpt":{"rendered":"<p>Gestion&#8230;<\/p>\n","protected":false},"author":1,"featured_media":0,"parent":0,"menu_order":0,"comment_status":"closed","ping_status":"closed","template":"","meta":{"_acf_changed":false,"_et_pb_use_builder":"on","_et_pb_old_content":"","_et_gb_content_width":"","footnotes":""},"class_list":["post-8732","page","type-page","status-publish","hentry"],"acf":[],"yoast_head":"<!-- This site is optimized with the Yoast SEO plugin v27.1.1 - https:\/\/yoast.com\/product\/yoast-seo-wordpress\/ -->\n<title>Gestion des preferences de cookies - ikosoft<\/title>\n<meta name=\"robots\" content=\"index, follow, max-snippet:-1, max-image-preview:large, max-video-preview:-1\" \/>\n<link rel=\"canonical\" href=\"https:\/\/www2.ikosoft.com\/fr-ch\/gestion-des-preferences-de-cookies\/\" \/>\n<meta property=\"og:locale\" content=\"fr_FR\" \/>\n<meta property=\"og:type\" content=\"article\" \/>\n<meta property=\"og:title\" content=\"Gestion des preferences de cookies - ikosoft\" \/>\n<meta property=\"og:description\" content=\"Gestion...\" \/>\n<meta property=\"og:url\" content=\"https:\/\/www2.ikosoft.com\/fr-ch\/gestion-des-preferences-de-cookies\/\" \/>\n<meta property=\"og:site_name\" content=\"ikosoft\" \/>\n<meta property=\"article:publisher\" content=\"https:\/\/www.facebook.com\/IKOSOFT\/\" \/>\n<meta property=\"article:modified_time\" content=\"2026-04-10T07:26:03+00:00\" \/>\n<meta name=\"twitter:card\" content=\"summary_large_image\" \/>\n<meta name=\"twitter:label1\" content=\"Est. reading time\" \/>\n\t<meta name=\"twitter:data1\" content=\"3 minutes\" \/>\n<script type=\"application\/ld+json\" class=\"yoast-schema-graph\">{\"@context\":\"https:\/\/schema.org\",\"@graph\":[{\"@type\":\"WebPage\",\"@id\":\"https:\/\/www2.ikosoft.com\/fr-ch\/gestion-des-preferences-de-cookies\/\",\"url\":\"https:\/\/www2.ikosoft.com\/fr-ch\/gestion-des-preferences-de-cookies\/\",\"name\":\"Gestion des preferences de cookies - ikosoft\",\"isPartOf\":{\"@id\":\"https:\/\/www2.ikosoft.com\/fr-ch\/#website\"},\"datePublished\":\"2025-07-07T14:52:07+00:00\",\"dateModified\":\"2026-04-10T07:26:03+00:00\",\"breadcrumb\":{\"@id\":\"https:\/\/www2.ikosoft.com\/fr-ch\/gestion-des-preferences-de-cookies\/#breadcrumb\"},\"inLanguage\":\"fr-CH\",\"potentialAction\":[{\"@type\":\"ReadAction\",\"target\":[\"https:\/\/www2.ikosoft.com\/fr-ch\/gestion-des-preferences-de-cookies\/\"]}]},{\"@type\":\"BreadcrumbList\",\"@id\":\"https:\/\/www2.ikosoft.com\/fr-ch\/gestion-des-preferences-de-cookies\/#breadcrumb\",\"itemListElement\":[{\"@type\":\"ListItem\",\"position\":1,\"name\":\"Accueil\",\"item\":\"https:\/\/www2.ikosoft.com\/fr-ch\/\"},{\"@type\":\"ListItem\",\"position\":2,\"name\":\"Gestion des preferences de cookies\"}]},{\"@type\":\"WebSite\",\"@id\":\"https:\/\/www2.ikosoft.com\/fr-ch\/#website\",\"url\":\"https:\/\/www2.ikosoft.com\/fr-ch\/\",\"name\":\"Ikosoft\",\"description\":\"Ikosoft Merlin - Logiciel de caisse certifi\u00e9 NF525 et de gestion pour salon de coiffure, institut de beaut\u00e9 et spa\",\"publisher\":{\"@id\":\"https:\/\/www2.ikosoft.com\/fr-ch\/#organization\"},\"potentialAction\":[{\"@type\":\"SearchAction\",\"target\":{\"@type\":\"EntryPoint\",\"urlTemplate\":\"https:\/\/www2.ikosoft.com\/fr-ch\/?s={search_term_string}\"},\"query-input\":{\"@type\":\"PropertyValueSpecification\",\"valueRequired\":true,\"valueName\":\"search_term_string\"}}],\"inLanguage\":\"fr-CH\"},{\"@type\":\"Organization\",\"@id\":\"https:\/\/www2.ikosoft.com\/fr-ch\/#organization\",\"name\":\"Ikosoft\",\"url\":\"https:\/\/www2.ikosoft.com\/fr-ch\/\",\"logo\":{\"@type\":\"ImageObject\",\"inLanguage\":\"fr-CH\",\"@id\":\"https:\/\/www2.ikosoft.com\/fr-ch\/#\/schema\/logo\/image\/\",\"url\":\"https:\/\/www2.ikosoft.com\/app\/uploads\/2025\/03\/logo_2_o.png\",\"contentUrl\":\"https:\/\/www2.ikosoft.com\/app\/uploads\/2025\/03\/logo_2_o.png\",\"width\":1481,\"height\":305,\"caption\":\"Ikosoft\"},\"image\":{\"@id\":\"https:\/\/www2.ikosoft.com\/fr-ch\/#\/schema\/logo\/image\/\"},\"sameAs\":[\"https:\/\/www.facebook.com\/IKOSOFT\/\",\"https:\/\/www.instagram.com\/ikosoft\"]}]}<\/script>\n<!-- \/ Yoast SEO plugin. -->","yoast_head_json":{"title":"Gestion des preferences de cookies - ikosoft","robots":{"index":"index","follow":"follow","max-snippet":"max-snippet:-1","max-image-preview":"max-image-preview:large","max-video-preview":"max-video-preview:-1"},"canonical":"https:\/\/www2.ikosoft.com\/fr-ch\/gestion-des-preferences-de-cookies\/","og_locale":"fr_FR","og_type":"article","og_title":"Gestion des preferences de cookies - ikosoft","og_description":"Gestion...","og_url":"https:\/\/www2.ikosoft.com\/fr-ch\/gestion-des-preferences-de-cookies\/","og_site_name":"ikosoft","article_publisher":"https:\/\/www.facebook.com\/IKOSOFT\/","article_modified_time":"2026-04-10T07:26:03+00:00","twitter_card":"summary_large_image","twitter_misc":{"Est. reading time":"3 minutes"},"schema":{"@context":"https:\/\/schema.org","@graph":[{"@type":"WebPage","@id":"https:\/\/www2.ikosoft.com\/fr-ch\/gestion-des-preferences-de-cookies\/","url":"https:\/\/www2.ikosoft.com\/fr-ch\/gestion-des-preferences-de-cookies\/","name":"Gestion des preferences de cookies - ikosoft","isPartOf":{"@id":"https:\/\/www2.ikosoft.com\/fr-ch\/#website"},"datePublished":"2025-07-07T14:52:07+00:00","dateModified":"2026-04-10T07:26:03+00:00","breadcrumb":{"@id":"https:\/\/www2.ikosoft.com\/fr-ch\/gestion-des-preferences-de-cookies\/#breadcrumb"},"inLanguage":"fr-CH","potentialAction":[{"@type":"ReadAction","target":["https:\/\/www2.ikosoft.com\/fr-ch\/gestion-des-preferences-de-cookies\/"]}]},{"@type":"BreadcrumbList","@id":"https:\/\/www2.ikosoft.com\/fr-ch\/gestion-des-preferences-de-cookies\/#breadcrumb","itemListElement":[{"@type":"ListItem","position":1,"name":"Accueil","item":"https:\/\/www2.ikosoft.com\/fr-ch\/"},{"@type":"ListItem","position":2,"name":"Gestion des preferences de cookies"}]},{"@type":"WebSite","@id":"https:\/\/www2.ikosoft.com\/fr-ch\/#website","url":"https:\/\/www2.ikosoft.com\/fr-ch\/","name":"Ikosoft","description":"Ikosoft Merlin - Logiciel de caisse certifi\u00e9 NF525 et de gestion pour salon de coiffure, institut de beaut\u00e9 et spa","publisher":{"@id":"https:\/\/www2.ikosoft.com\/fr-ch\/#organization"},"potentialAction":[{"@type":"SearchAction","target":{"@type":"EntryPoint","urlTemplate":"https:\/\/www2.ikosoft.com\/fr-ch\/?s={search_term_string}"},"query-input":{"@type":"PropertyValueSpecification","valueRequired":true,"valueName":"search_term_string"}}],"inLanguage":"fr-CH"},{"@type":"Organization","@id":"https:\/\/www2.ikosoft.com\/fr-ch\/#organization","name":"Ikosoft","url":"https:\/\/www2.ikosoft.com\/fr-ch\/","logo":{"@type":"ImageObject","inLanguage":"fr-CH","@id":"https:\/\/www2.ikosoft.com\/fr-ch\/#\/schema\/logo\/image\/","url":"https:\/\/www2.ikosoft.com\/app\/uploads\/2025\/03\/logo_2_o.png","contentUrl":"https:\/\/www2.ikosoft.com\/app\/uploads\/2025\/03\/logo_2_o.png","width":1481,"height":305,"caption":"Ikosoft"},"image":{"@id":"https:\/\/www2.ikosoft.com\/fr-ch\/#\/schema\/logo\/image\/"},"sameAs":["https:\/\/www.facebook.com\/IKOSOFT\/","https:\/\/www.instagram.com\/ikosoft"]}]}},"_links":{"self":[{"href":"https:\/\/www2.ikosoft.com\/fr-ch\/wp-json\/wp\/v2\/pages\/8732","targetHints":{"allow":["GET"]}}],"collection":[{"href":"https:\/\/www2.ikosoft.com\/fr-ch\/wp-json\/wp\/v2\/pages"}],"about":[{"href":"https:\/\/www2.ikosoft.com\/fr-ch\/wp-json\/wp\/v2\/types\/page"}],"author":[{"embeddable":true,"href":"https:\/\/www2.ikosoft.com\/fr-ch\/wp-json\/wp\/v2\/users\/1"}],"replies":[{"embeddable":true,"href":"https:\/\/www2.ikosoft.com\/fr-ch\/wp-json\/wp\/v2\/comments?post=8732"}],"version-history":[{"count":4,"href":"https:\/\/www2.ikosoft.com\/fr-ch\/wp-json\/wp\/v2\/pages\/8732\/revisions"}],"predecessor-version":[{"id":12626,"href":"https:\/\/www2.ikosoft.com\/fr-ch\/wp-json\/wp\/v2\/pages\/8732\/revisions\/12626"}],"wp:attachment":[{"href":"https:\/\/www2.ikosoft.com\/fr-ch\/wp-json\/wp\/v2\/media?parent=8732"}],"curies":[{"name":"wp","href":"https:\/\/api.w.org\/{rel}","templated":true}]}}