{"id":8147,"date":"2025-01-13T17:22:29","date_gmt":"2025-01-13T16:22:29","guid":{"rendered":"https:\/\/www2.ikosoft.com\/logiciel-de-gestion-du-stock\/"},"modified":"2025-08-28T13:52:23","modified_gmt":"2025-08-28T11:52:23","slug":"logiciel-de-gestion-du-stock","status":"publish","type":"page","link":"https:\/\/www2.ikosoft.com\/fr-ch\/fonctionnalites\/logiciel-de-gestion-du-stock\/","title":{"rendered":"Gestion Stock"},"content":{"rendered":"<p>[et_pb_section fb_built=&#8221;1&#8243; _builder_version=&#8221;4.27.4&#8243; _module_preset=&#8221;default&#8221; width=&#8221;100%&#8221; max_width=&#8221;100%&#8221; min_height=&#8221;13px&#8221; height=&#8221;100px&#8221; max_height=&#8221;100px&#8221; custom_padding=&#8221;0px||0px||false|false&#8221; global_colors_info=&#8221;{}&#8221;][et_pb_row custom_padding_last_edited=&#8221;on|phone&#8221; module_id=&#8221;iko-page-titles&#8221; _builder_version=&#8221;4.27.4&#8243; _module_preset=&#8221;default&#8221; width=&#8221;100%&#8221; max_width=&#8221;100%&#8221; module_alignment=&#8221;center&#8221; min_height=&#8221;100px&#8221; height=&#8221;100px&#8221; custom_padding=&#8221;0px||0px||false|false&#8221; custom_padding_tablet=&#8221;0px||0px||false|false&#8221; custom_padding_phone=&#8221;||||false|false&#8221; custom_css_free_form=&#8221;||&#8221; global_colors_info=&#8221;{}&#8221;][et_pb_column type=&#8221;4_4&#8243; _builder_version=&#8221;4.27.4&#8243; _module_preset=&#8221;default&#8221; custom_padding=&#8221;0px||||false|false&#8221; global_colors_info=&#8221;{}&#8221;][et_pb_text _builder_version=&#8221;4.27.4&#8243; _module_preset=&#8221;default&#8221; text_text_color=&#8221;#FFFFFF&#8221; text_font_size=&#8221;30px&#8221; background_color=&#8221;#ed5946&#8243; text_orientation=&#8221;center&#8221; min_height=&#8221;97.6px&#8221; custom_margin=&#8221;||13px||false|false&#8221; custom_padding=&#8221;26px||0px||false|false&#8221; global_colors_info=&#8221;{}&#8221;]<\/p>\n<h1 style=\"text-align: center;\">LOGICIEL DE GESTION DE STOCK ET INVENTAIRES COIFFEUR<\/h1>\n<p>[\/et_pb_text][\/et_pb_column][\/et_pb_row][\/et_pb_section][et_pb_section fb_built=&#8221;1&#8243; _builder_version=&#8221;4.27.4&#8243; _module_preset=&#8221;default&#8221; custom_padding=&#8221;3px||6px|||&#8221; global_colors_info=&#8221;{}&#8221;][et_pb_row custom_padding_last_edited=&#8221;on|tablet&#8221; _builder_version=&#8221;4.27.4&#8243; _module_preset=&#8221;default&#8221; width=&#8221;100%&#8221; width_tablet=&#8221;100%&#8221; width_phone=&#8221;100%&#8221; width_last_edited=&#8221;on|phone&#8221; max_width=&#8221;2032px&#8221; max_width_tablet=&#8221;1815%&#8221; max_width_phone=&#8221;1815%&#8221; max_width_last_edited=&#8221;on|tablet&#8221; max_height_tablet=&#8221;1000px&#8221; max_height_phone=&#8221;1000px&#8221; max_height_last_edited=&#8221;on|tablet&#8221; custom_margin=&#8221;||||false|false&#8221; custom_margin_tablet=&#8221;||||false|false&#8221; custom_margin_phone=&#8221;||||false|false&#8221; custom_margin_last_edited=&#8221;on|desktop&#8221; custom_padding=&#8221;42px||12px||false|false&#8221; custom_padding_tablet=&#8221;50px||4px|2px|false|false&#8221; custom_padding_phone=&#8221;7px||0px|0px|false|false&#8221; global_colors_info=&#8221;{}&#8221;][et_pb_column type=&#8221;4_4&#8243; _builder_version=&#8221;4.27.4&#8243; _module_preset=&#8221;default&#8221; global_colors_info=&#8221;{}&#8221;][et_pb_text _builder_version=&#8221;4.27.4&#8243; _module_preset=&#8221;default&#8221; text_font=&#8221;DIN Condensed Bold|700|||||||&#8221; text_font_size=&#8221;50px&#8221; text_line_height=&#8221;1.1em&#8221; header_font_size=&#8221;36px&#8221; header_2_text_color=&#8221;#000000&#8243; header_2_font_size=&#8221;50px&#8221; width=&#8221;64%&#8221; width_tablet=&#8221;64%&#8221; width_phone=&#8221;100%&#8221; width_last_edited=&#8221;on|phone&#8221; max_width=&#8221;100%&#8221; module_alignment=&#8221;center&#8221; min_height=&#8221;0px&#8221; max_height_tablet=&#8221;&#8221; max_height_phone=&#8221;&#8221; max_height_last_edited=&#8221;on|phone&#8221; custom_margin=&#8221;|||240px||&#8221; custom_margin_tablet=&#8221;auto|auto|auto|auto|false|false&#8221; custom_margin_phone=&#8221;13px|||0px|false|false&#8221; custom_margin_last_edited=&#8221;on|phone&#8221; custom_padding=&#8221;|42px||42px|false|false&#8221; custom_padding_tablet=&#8221;|0px||0px|false|false&#8221; custom_padding_phone=&#8221;|0px||0px|false|false&#8221; custom_padding_last_edited=&#8221;on|tablet&#8221; global_colors_info=&#8221;{}&#8221;]<\/p>\n<h2 style=\"text-align: center;\">Logiciel de gestion du stock et des inventaires pour coiffeur et institut de beaut\u00e9<\/h2>\n<p>[\/et_pb_text][\/et_pb_column][\/et_pb_row][\/et_pb_section][et_pb_section fb_built=&#8221;1&#8243; _builder_version=&#8221;4.27.4&#8243; _module_preset=&#8221;default&#8221; custom_padding=&#8221;3px||1px|||&#8221; global_colors_info=&#8221;{}&#8221;][et_pb_row column_structure=&#8221;1_2,1_2&#8243; custom_padding_last_edited=&#8221;on|tablet&#8221; _builder_version=&#8221;4.27.4&#8243; _module_preset=&#8221;default&#8221; width=&#8221;100%&#8221; max_width=&#8221;1300px&#8221; custom_padding=&#8221;6px||2px|||&#8221; custom_padding_tablet=&#8221;0px||0px||false|false&#8221; custom_padding_phone=&#8221;0px||0px||false|false&#8221; global_colors_info=&#8221;{}&#8221;][et_pb_column type=&#8221;1_2&#8243; _builder_version=&#8221;4.27.4&#8243; _module_preset=&#8221;default&#8221; global_colors_info=&#8221;{}&#8221;][et_pb_text _builder_version=&#8221;4.27.4&#8243; _module_preset=&#8221;default&#8221; text_font_size=&#8221;22px&#8221; text_line_height=&#8221;1.2em&#8221; custom_padding=&#8221;53px|41px||41px||&#8221; custom_padding_tablet=&#8221;61px|41px||41px||&#8221; custom_padding_phone=&#8221;17px|41px||41px||&#8221; custom_padding_last_edited=&#8221;on|tablet&#8221; global_colors_info=&#8221;{}&#8221;]<\/p>\n<h3>Avec Merlin, fini les ruptures de stock !<\/h3>\n<h3>Optimisez votre tr\u00e9sorerie.<\/h3>\n<p>&nbsp;<\/p>\n<p>Merlin offre une solution compl\u00e8te pour la gestion des stocks, avec une assistance int\u00e9gr\u00e9e, une importation simple des produits, un suivi en temps r\u00e9el des stocks et des commandes, ainsi qu\u2019une valorisation automatique du stock en fonction du prix d\u2019achat.<\/p>\n<p>[\/et_pb_text][\/et_pb_column][et_pb_column type=&#8221;1_2&#8243; _builder_version=&#8221;4.27.4&#8243; _module_preset=&#8221;default&#8221; global_colors_info=&#8221;{}&#8221;][et_pb_image src=&#8221;https:\/\/www2.ikosoft.com\/app\/uploads\/2025\/08\/mockup_tablette_inventaire_produits-basse-def.png&#8221; title_text=&#8221;mockup_tablette_inventaire_produits basse def&#8221; _builder_version=&#8221;4.27.4&#8243; _module_preset=&#8221;default&#8221; height_tablet=&#8221;&#8221; height_phone=&#8221;&#8221; height_last_edited=&#8221;on|phone&#8221; max_height=&#8221;1000px&#8221; custom_margin=&#8221;|||2px||&#8221; custom_padding=&#8221;35px||0px|||&#8221; custom_padding_tablet=&#8221;13px||0px|||&#8221; custom_padding_phone=&#8221;0px|18px||18px|false|false&#8221; custom_padding_last_edited=&#8221;on|tablet&#8221; hover_enabled=&#8221;0&#8243; global_colors_info=&#8221;{}&#8221; alt=&#8221;mockup-tablette-inventaire-produits &#8221; sticky_enabled=&#8221;0&#8243;][\/et_pb_image][\/et_pb_column][\/et_pb_row][\/et_pb_section][et_pb_section fb_built=&#8221;1&#8243; custom_padding_last_edited=&#8221;on|phone&#8221; _builder_version=&#8221;4.27.4&#8243; _module_preset=&#8221;default&#8221; width_tablet=&#8221;&#8221; width_phone=&#8221;100%&#8221; width_last_edited=&#8221;on|phone&#8221; max_width=&#8221;100%&#8221; max_width_tablet=&#8221;&#8221; max_width_phone=&#8221;100%&#8221; max_width_last_edited=&#8221;on|phone&#8221; min_height_tablet=&#8221;&#8221; min_height_phone=&#8221;auto&#8221; min_height_last_edited=&#8221;on|phone&#8221; height_tablet=&#8221;&#8221; height_phone=&#8221;auto&#8221; height_last_edited=&#8221;on|phone&#8221; custom_margin=&#8221;||-3px|||&#8221; custom_padding=&#8221;3px||45px|||&#8221; custom_padding_tablet=&#8221;3px||0px|||&#8221; custom_padding_phone=&#8221;0px||0px||false|false&#8221; global_colors_info=&#8221;{}&#8221;][et_pb_row column_structure=&#8221;1_2,1_2&#8243; custom_padding_last_edited=&#8221;on|phone&#8221; _builder_version=&#8221;4.27.4&#8243; _module_preset=&#8221;default&#8221; width=&#8221;100%&#8221; max_width=&#8221;1300px&#8221; min_height_tablet=&#8221;&#8221; min_height_phone=&#8221;&#8221; min_height_last_edited=&#8221;on|desktop&#8221; custom_margin_tablet=&#8221;&#8221; custom_margin_phone=&#8221;&#8221; custom_margin_last_edited=&#8221;on|phone&#8221; custom_padding=&#8221;6px||0px|||&#8221; custom_padding_tablet=&#8221;6px||0px|||&#8221; custom_padding_phone=&#8221;||||false|false&#8221; global_colors_info=&#8221;{}&#8221;][et_pb_column type=&#8221;1_2&#8243; _builder_version=&#8221;4.27.4&#8243; _module_preset=&#8221;default&#8221; global_colors_info=&#8221;{}&#8221;][et_pb_image src=&#8221;https:\/\/www2.ikosoft.com\/app\/uploads\/2025\/08\/mockup_tablette_suivi_du_stock-basse-def.png&#8221; title_text=&#8221;mockup_tablette_suivi_du_stock basse def&#8221; src_tablet=&#8221;\/app\/uploads\/2025\/03\/mockup_tablette_suivi_du_stock.png&#8221; src_phone=&#8221;\/app\/uploads\/2025\/03\/mockup_tablette_suivi_du_stock.png&#8221; src_last_edited=&#8221;on|tablet&#8221; disabled_on=&#8221;on|on|off&#8221; _builder_version=&#8221;4.27.4&#8243; _module_preset=&#8221;default&#8221; custom_margin=&#8221;|0px||2px|false|false&#8221; custom_padding=&#8221;0px||0px|||&#8221; hover_enabled=&#8221;0&#8243; global_colors_info=&#8221;{}&#8221; alt=&#8221;mockup-tablette-suivi-du-stock&#8221; sticky_enabled=&#8221;0&#8243;][\/et_pb_image][\/et_pb_column][et_pb_column type=&#8221;1_2&#8243; _builder_version=&#8221;4.27.4&#8243; _module_preset=&#8221;default&#8221; global_colors_info=&#8221;{}&#8221;][et_pb_text _builder_version=&#8221;4.27.4&#8243; _module_preset=&#8221;default&#8221; text_font_size=&#8221;22px&#8221; text_line_height=&#8221;1.2em&#8221; min_height_tablet=&#8221;100px&#8221; min_height_phone=&#8221;100px&#8221; min_height_last_edited=&#8221;on|tablet&#8221; custom_margin=&#8221;22px|||-8px|false|false&#8221; custom_margin_tablet=&#8221;-1px|||0px|false|false&#8221; custom_margin_phone=&#8221;0px|||0px|false|false&#8221; custom_margin_last_edited=&#8221;on|desktop&#8221; custom_padding=&#8221;|44px||41px|false|false&#8221; custom_padding_tablet=&#8221;9px|||44px|false|false&#8221; custom_padding_phone=&#8221;9px|44px|0px|44px|false|false&#8221; custom_padding_last_edited=&#8221;on|phone&#8221; hover_enabled=&#8221;0&#8243; global_colors_info=&#8221;{}&#8221; sticky_enabled=&#8221;0&#8243;]<\/p>\n<h3>Valorisez votre stock en fonction du prix d\u2019achat\u00a0!<\/h3>\n<p>&nbsp;<\/p>\n<p>Avec Merlin, vous pouvez suivre en temps r\u00e9el l\u2019\u00e9tat et les mouvements de vos stocks, consulter vos commandes en cours, celles d\u00e9j\u00e0 livr\u00e9es, et votre inventaire, offrant ainsi une\u00a0exp\u00e9rience pratique !<\/p>\n<p>&nbsp;<\/p>\n<p>[\/et_pb_text][\/et_pb_column][\/et_pb_row][\/et_pb_section][et_pb_section fb_built=&#8221;1&#8243; custom_padding_last_edited=&#8221;on|phone&#8221; _builder_version=&#8221;4.27.4&#8243; _module_preset=&#8221;default&#8221; width_tablet=&#8221;&#8221; width_phone=&#8221;100%&#8221; width_last_edited=&#8221;on|phone&#8221; max_width=&#8221;100%&#8221; max_width_tablet=&#8221;&#8221; max_width_phone=&#8221;100%&#8221; max_width_last_edited=&#8221;on|phone&#8221; min_height_tablet=&#8221;&#8221; min_height_phone=&#8221;auto&#8221; min_height_last_edited=&#8221;on|phone&#8221; height_tablet=&#8221;&#8221; height_phone=&#8221;auto&#8221; height_last_edited=&#8221;on|phone&#8221; max_height=&#8221;1000px&#8221; custom_margin=&#8221;||-3px|||&#8221; custom_padding=&#8221;3px||0px|||&#8221; custom_padding_tablet=&#8221;3px||0px|||&#8221; custom_padding_phone=&#8221;0px||0px||false|false&#8221; global_colors_info=&#8221;{}&#8221;][et_pb_row _builder_version=&#8221;4.27.4&#8243; _module_preset=&#8221;default&#8221; min_height=&#8221;69.2px&#8221; custom_margin=&#8221;7px|auto|11px|auto||&#8221; custom_padding=&#8221;4px||10px|||&#8221; global_colors_info=&#8221;{}&#8221;][et_pb_column type=&#8221;4_4&#8243; _builder_version=&#8221;4.27.4&#8243; _module_preset=&#8221;default&#8221; global_colors_info=&#8221;{}&#8221;][et_pb_button button_url=&#8221;\/contact\/&#8221; button_text=&#8221;Apprendre \u00e0 g\u00e9rer ses donn\u00e9es !&#8221; button_alignment=&#8221;center&#8221; _builder_version=&#8221;4.27.4&#8243; _module_preset=&#8221;default&#8221; custom_button=&#8221;on&#8221; button_text_color=&#8221;#FFFFFF&#8221; button_bg_color=&#8221;#ed5946&#8243; button_border_radius=&#8221;31px&#8221; positioning=&#8221;relative&#8221; custom_margin_tablet=&#8221;-36px|||||&#8221; custom_margin_phone=&#8221;|21px||21px|false|false&#8221; custom_margin_last_edited=&#8221;on|phone&#8221; custom_padding=&#8221;4px|||||&#8221; custom_padding_tablet=&#8221;&#8221; custom_padding_phone=&#8221;|23px||23px|false|false&#8221; custom_padding_last_edited=&#8221;on|phone&#8221; button_text_size_tablet=&#8221;&#8221; button_text_size_phone=&#8221;20px&#8221; button_text_size_last_edited=&#8221;on|phone&#8221; global_colors_info=&#8221;{}&#8221;][\/et_pb_button][\/et_pb_column][\/et_pb_row][\/et_pb_section]<\/p>\n","protected":false},"excerpt":{"rendered":"<p>LOGICIEL&#8230;<\/p>\n","protected":false},"author":1,"featured_media":0,"parent":8970,"menu_order":0,"comment_status":"closed","ping_status":"closed","template":"","meta":{"_acf_changed":false,"_et_pb_use_builder":"on","_et_pb_old_content":"","_et_gb_content_width":"","footnotes":""},"class_list":["post-8147","page","type-page","status-publish","hentry"],"acf":[],"yoast_head":"<!-- This site is optimized with the Yoast SEO plugin v27.1.1 - https:\/\/yoast.com\/product\/yoast-seo-wordpress\/ -->\n<title>Logiciel de gestion de stock et inventaires coiffeur | Ikosoft<\/title>\n<meta name=\"description\" content=\"Gestion des Stocks : Inventaire, plus de rupture de stock, optimisation de la tr\u00e9sorerie, import depuis liste fournisseurs, ...\" \/>\n<meta name=\"robots\" content=\"index, follow, max-snippet:-1, max-image-preview:large, max-video-preview:-1\" \/>\n<link rel=\"canonical\" href=\"https:\/\/www2.ikosoft.com\/fr-ch\/fonctionnalites\/logiciel-de-gestion-du-stock\/\" \/>\n<meta property=\"og:locale\" content=\"fr_FR\" \/>\n<meta property=\"og:type\" content=\"article\" \/>\n<meta property=\"og:title\" content=\"Logiciel de gestion de stock et inventaires coiffeur | Ikosoft\" \/>\n<meta property=\"og:description\" content=\"Gestion des Stocks : Inventaire, plus de rupture de stock, optimisation de la tr\u00e9sorerie, import depuis liste fournisseurs, ...\" \/>\n<meta property=\"og:url\" content=\"https:\/\/www2.ikosoft.com\/fr-ch\/fonctionnalites\/logiciel-de-gestion-du-stock\/\" \/>\n<meta property=\"og:site_name\" content=\"ikosoft\" \/>\n<meta property=\"article:publisher\" content=\"https:\/\/www.facebook.com\/IKOSOFT\/\" \/>\n<meta property=\"article:modified_time\" content=\"2025-08-28T11:52:23+00:00\" \/>\n<meta name=\"twitter:card\" content=\"summary_large_image\" \/>\n<meta name=\"twitter:label1\" content=\"Est. reading time\" \/>\n\t<meta name=\"twitter:data1\" content=\"7 minutes\" \/>\n<script type=\"application\/ld+json\" class=\"yoast-schema-graph\">{\"@context\":\"https:\/\/schema.org\",\"@graph\":[{\"@type\":\"WebPage\",\"@id\":\"https:\/\/www2.ikosoft.com\/fr-ch\/fonctionnalites\/logiciel-de-gestion-du-stock\/\",\"url\":\"https:\/\/www2.ikosoft.com\/fr-ch\/fonctionnalites\/logiciel-de-gestion-du-stock\/\",\"name\":\"Logiciel de gestion de stock et inventaires coiffeur | Ikosoft\",\"isPartOf\":{\"@id\":\"https:\/\/www2.ikosoft.com\/fr-ch\/#website\"},\"datePublished\":\"2025-01-13T16:22:29+00:00\",\"dateModified\":\"2025-08-28T11:52:23+00:00\",\"description\":\"Gestion des Stocks : Inventaire, plus de rupture de stock, optimisation de la tr\u00e9sorerie, import depuis liste fournisseurs, ...\",\"breadcrumb\":{\"@id\":\"https:\/\/www2.ikosoft.com\/fr-ch\/fonctionnalites\/logiciel-de-gestion-du-stock\/#breadcrumb\"},\"inLanguage\":\"fr-CH\",\"potentialAction\":[{\"@type\":\"ReadAction\",\"target\":[\"https:\/\/www2.ikosoft.com\/fr-ch\/fonctionnalites\/logiciel-de-gestion-du-stock\/\"]}]},{\"@type\":\"BreadcrumbList\",\"@id\":\"https:\/\/www2.ikosoft.com\/fr-ch\/fonctionnalites\/logiciel-de-gestion-du-stock\/#breadcrumb\",\"itemListElement\":[{\"@type\":\"ListItem\",\"position\":1,\"name\":\"Accueil\",\"item\":\"https:\/\/www2.ikosoft.com\/fr-ch\/\"},{\"@type\":\"ListItem\",\"position\":2,\"name\":\"Fonctionnalit\u00e9s\",\"item\":\"https:\/\/www2.ikosoft.com\/fr-ch\/fonctionnalites\/\"},{\"@type\":\"ListItem\",\"position\":3,\"name\":\"Gestion Stock\"}]},{\"@type\":\"WebSite\",\"@id\":\"https:\/\/www2.ikosoft.com\/fr-ch\/#website\",\"url\":\"https:\/\/www2.ikosoft.com\/fr-ch\/\",\"name\":\"Ikosoft\",\"description\":\"Ikosoft Merlin - Logiciel de caisse certifi\u00e9 NF525 et de gestion pour salon de coiffure, institut de beaut\u00e9 et spa\",\"publisher\":{\"@id\":\"https:\/\/www2.ikosoft.com\/fr-ch\/#organization\"},\"potentialAction\":[{\"@type\":\"SearchAction\",\"target\":{\"@type\":\"EntryPoint\",\"urlTemplate\":\"https:\/\/www2.ikosoft.com\/fr-ch\/?s={search_term_string}\"},\"query-input\":{\"@type\":\"PropertyValueSpecification\",\"valueRequired\":true,\"valueName\":\"search_term_string\"}}],\"inLanguage\":\"fr-CH\"},{\"@type\":\"Organization\",\"@id\":\"https:\/\/www2.ikosoft.com\/fr-ch\/#organization\",\"name\":\"Ikosoft\",\"url\":\"https:\/\/www2.ikosoft.com\/fr-ch\/\",\"logo\":{\"@type\":\"ImageObject\",\"inLanguage\":\"fr-CH\",\"@id\":\"https:\/\/www2.ikosoft.com\/fr-ch\/#\/schema\/logo\/image\/\",\"url\":\"https:\/\/www2.ikosoft.com\/app\/uploads\/2025\/03\/logo_2_o.png\",\"contentUrl\":\"https:\/\/www2.ikosoft.com\/app\/uploads\/2025\/03\/logo_2_o.png\",\"width\":1481,\"height\":305,\"caption\":\"Ikosoft\"},\"image\":{\"@id\":\"https:\/\/www2.ikosoft.com\/fr-ch\/#\/schema\/logo\/image\/\"},\"sameAs\":[\"https:\/\/www.facebook.com\/IKOSOFT\/\",\"https:\/\/www.instagram.com\/ikosoft\"]}]}<\/script>\n<!-- \/ Yoast SEO plugin. -->","yoast_head_json":{"title":"Logiciel de gestion de stock et inventaires coiffeur | Ikosoft","description":"Gestion des Stocks : Inventaire, plus de rupture de stock, optimisation de la tr\u00e9sorerie, import depuis liste fournisseurs, ...","robots":{"index":"index","follow":"follow","max-snippet":"max-snippet:-1","max-image-preview":"max-image-preview:large","max-video-preview":"max-video-preview:-1"},"canonical":"https:\/\/www2.ikosoft.com\/fr-ch\/fonctionnalites\/logiciel-de-gestion-du-stock\/","og_locale":"fr_FR","og_type":"article","og_title":"Logiciel de gestion de stock et inventaires coiffeur | Ikosoft","og_description":"Gestion des Stocks : Inventaire, plus de rupture de stock, optimisation de la tr\u00e9sorerie, import depuis liste fournisseurs, ...","og_url":"https:\/\/www2.ikosoft.com\/fr-ch\/fonctionnalites\/logiciel-de-gestion-du-stock\/","og_site_name":"ikosoft","article_publisher":"https:\/\/www.facebook.com\/IKOSOFT\/","article_modified_time":"2025-08-28T11:52:23+00:00","twitter_card":"summary_large_image","twitter_misc":{"Est. reading time":"7 minutes"},"schema":{"@context":"https:\/\/schema.org","@graph":[{"@type":"WebPage","@id":"https:\/\/www2.ikosoft.com\/fr-ch\/fonctionnalites\/logiciel-de-gestion-du-stock\/","url":"https:\/\/www2.ikosoft.com\/fr-ch\/fonctionnalites\/logiciel-de-gestion-du-stock\/","name":"Logiciel de gestion de stock et inventaires coiffeur | Ikosoft","isPartOf":{"@id":"https:\/\/www2.ikosoft.com\/fr-ch\/#website"},"datePublished":"2025-01-13T16:22:29+00:00","dateModified":"2025-08-28T11:52:23+00:00","description":"Gestion des Stocks : Inventaire, plus de rupture de stock, optimisation de la tr\u00e9sorerie, import depuis liste fournisseurs, ...","breadcrumb":{"@id":"https:\/\/www2.ikosoft.com\/fr-ch\/fonctionnalites\/logiciel-de-gestion-du-stock\/#breadcrumb"},"inLanguage":"fr-CH","potentialAction":[{"@type":"ReadAction","target":["https:\/\/www2.ikosoft.com\/fr-ch\/fonctionnalites\/logiciel-de-gestion-du-stock\/"]}]},{"@type":"BreadcrumbList","@id":"https:\/\/www2.ikosoft.com\/fr-ch\/fonctionnalites\/logiciel-de-gestion-du-stock\/#breadcrumb","itemListElement":[{"@type":"ListItem","position":1,"name":"Accueil","item":"https:\/\/www2.ikosoft.com\/fr-ch\/"},{"@type":"ListItem","position":2,"name":"Fonctionnalit\u00e9s","item":"https:\/\/www2.ikosoft.com\/fr-ch\/fonctionnalites\/"},{"@type":"ListItem","position":3,"name":"Gestion Stock"}]},{"@type":"WebSite","@id":"https:\/\/www2.ikosoft.com\/fr-ch\/#website","url":"https:\/\/www2.ikosoft.com\/fr-ch\/","name":"Ikosoft","description":"Ikosoft Merlin - Logiciel de caisse certifi\u00e9 NF525 et de gestion pour salon de coiffure, institut de beaut\u00e9 et spa","publisher":{"@id":"https:\/\/www2.ikosoft.com\/fr-ch\/#organization"},"potentialAction":[{"@type":"SearchAction","target":{"@type":"EntryPoint","urlTemplate":"https:\/\/www2.ikosoft.com\/fr-ch\/?s={search_term_string}"},"query-input":{"@type":"PropertyValueSpecification","valueRequired":true,"valueName":"search_term_string"}}],"inLanguage":"fr-CH"},{"@type":"Organization","@id":"https:\/\/www2.ikosoft.com\/fr-ch\/#organization","name":"Ikosoft","url":"https:\/\/www2.ikosoft.com\/fr-ch\/","logo":{"@type":"ImageObject","inLanguage":"fr-CH","@id":"https:\/\/www2.ikosoft.com\/fr-ch\/#\/schema\/logo\/image\/","url":"https:\/\/www2.ikosoft.com\/app\/uploads\/2025\/03\/logo_2_o.png","contentUrl":"https:\/\/www2.ikosoft.com\/app\/uploads\/2025\/03\/logo_2_o.png","width":1481,"height":305,"caption":"Ikosoft"},"image":{"@id":"https:\/\/www2.ikosoft.com\/fr-ch\/#\/schema\/logo\/image\/"},"sameAs":["https:\/\/www.facebook.com\/IKOSOFT\/","https:\/\/www.instagram.com\/ikosoft"]}]}},"_links":{"self":[{"href":"https:\/\/www2.ikosoft.com\/fr-ch\/wp-json\/wp\/v2\/pages\/8147","targetHints":{"allow":["GET"]}}],"collection":[{"href":"https:\/\/www2.ikosoft.com\/fr-ch\/wp-json\/wp\/v2\/pages"}],"about":[{"href":"https:\/\/www2.ikosoft.com\/fr-ch\/wp-json\/wp\/v2\/types\/page"}],"author":[{"embeddable":true,"href":"https:\/\/www2.ikosoft.com\/fr-ch\/wp-json\/wp\/v2\/users\/1"}],"replies":[{"embeddable":true,"href":"https:\/\/www2.ikosoft.com\/fr-ch\/wp-json\/wp\/v2\/comments?post=8147"}],"version-history":[{"count":4,"href":"https:\/\/www2.ikosoft.com\/fr-ch\/wp-json\/wp\/v2\/pages\/8147\/revisions"}],"predecessor-version":[{"id":10059,"href":"https:\/\/www2.ikosoft.com\/fr-ch\/wp-json\/wp\/v2\/pages\/8147\/revisions\/10059"}],"up":[{"embeddable":true,"href":"https:\/\/www2.ikosoft.com\/fr-ch\/wp-json\/wp\/v2\/pages\/8970"}],"wp:attachment":[{"href":"https:\/\/www2.ikosoft.com\/fr-ch\/wp-json\/wp\/v2\/media?parent=8147"}],"curies":[{"name":"wp","href":"https:\/\/api.w.org\/{rel}","templated":true}]}}