{"id":7991,"date":"2025-03-25T14:33:09","date_gmt":"2025-03-25T13:33:09","guid":{"rendered":"https:\/\/www2.ikosoft.com\/logiciel-erp\/"},"modified":"2025-08-06T16:05:17","modified_gmt":"2025-08-06T14:05:17","slug":"logiciel-erp","status":"publish","type":"page","link":"https:\/\/www2.ikosoft.com\/fr-ch\/logiciel-erp\/","title":{"rendered":"Logiciel ERP de comptabilit\u00e9 pour coiffeur et institut de beaut\u00e9"},"content":{"rendered":"<p>[et_pb_section fb_built=&#8221;1&#8243; _builder_version=&#8221;4.27.4&#8243; _module_preset=&#8221;default&#8221; width=&#8221;100%&#8221; max_width=&#8221;100%&#8221; min_height=&#8221;13px&#8221; height=&#8221;100px&#8221; max_height=&#8221;100px&#8221; custom_padding=&#8221;0px||0px||false|false&#8221; global_colors_info=&#8221;{}&#8221;][et_pb_row module_id=&#8221;iko-page-titles&#8221; _builder_version=&#8221;4.27.4&#8243; _module_preset=&#8221;default&#8221; width=&#8221;100%&#8221; max_width=&#8221;100%&#8221; module_alignment=&#8221;center&#8221; min_height=&#8221;100px&#8221; height=&#8221;100px&#8221; custom_padding=&#8221;0px||0px|||&#8221; custom_css_free_form=&#8221;||&#8221; global_colors_info=&#8221;{}&#8221;][et_pb_column type=&#8221;4_4&#8243; _builder_version=&#8221;4.27.4&#8243; _module_preset=&#8221;default&#8221; custom_padding=&#8221;0px||||false|false&#8221; global_colors_info=&#8221;{}&#8221;][et_pb_text _builder_version=&#8221;4.27.4&#8243; _module_preset=&#8221;default&#8221; text_text_color=&#8221;#FFFFFF&#8221; text_font_size=&#8221;30px&#8221; background_color=&#8221;#ed5946&#8243; text_orientation=&#8221;center&#8221; min_height=&#8221;97.6px&#8221; custom_margin=&#8221;||0px||false|false&#8221; custom_padding=&#8221;26px||0px||false|false&#8221; global_colors_info=&#8221;{}&#8221;]<\/p>\n<h1 style=\"text-align: center;\">LOGICIEL DE COMPTABILIT\u00c9 POUR COIFFEUR ET INSTITUT DE BEAUT\u00c9<\/h1>\n<p>[\/et_pb_text][\/et_pb_column][\/et_pb_row][\/et_pb_section][et_pb_section fb_built=&#8221;1&#8243; _builder_version=&#8221;4.27.4&#8243; _module_preset=&#8221;default&#8221; custom_padding=&#8221;3px||6px|||&#8221; global_colors_info=&#8221;{}&#8221;][et_pb_row _builder_version=&#8221;4.27.4&#8243; _module_preset=&#8221;default&#8221; max_width=&#8221;1308px&#8221; global_colors_info=&#8221;{}&#8221;][et_pb_column type=&#8221;4_4&#8243; _builder_version=&#8221;4.27.4&#8243; _module_preset=&#8221;default&#8221; global_colors_info=&#8221;{}&#8221;][et_pb_text _builder_version=&#8221;4.27.4&#8243; _module_preset=&#8221;default&#8221; text_font=&#8221;|700|||||||&#8221; text_font_size=&#8221;41px&#8221; header_font_size=&#8221;36px&#8221; header_2_text_color=&#8221;#000000&#8243; header_2_font_size=&#8221;50px&#8221; custom_padding_tablet=&#8221;20px||||false|false&#8221; custom_padding_phone=&#8221;20px||||false|false&#8221; custom_padding_last_edited=&#8221;on|phone&#8221; global_colors_info=&#8221;{}&#8221;]<\/p>\n<h2 style=\"text-align: center;\">G\u00e9rez la comptabilit\u00e9 de votre salon de coiffure ou institut en toute simplicit\u00e9<\/h2>\n<p>[\/et_pb_text][et_pb_text _builder_version=&#8221;4.27.4&#8243; _module_preset=&#8221;default&#8221; text_font_size=&#8221;25px&#8221; text_line_height=&#8221;1.3em&#8221; width=&#8221;100%&#8221; custom_padding_tablet=&#8221;|20px||20px|false|false&#8221; custom_padding_phone=&#8221;|20px||20px|false|false&#8221; custom_padding_last_edited=&#8221;on|tablet&#8221; global_colors_info=&#8221;{}&#8221;]<\/p>\n<h3 style=\"text-align: center;\">Merlin est un logiciel de comptabilit\u00e9 con\u00e7u sp\u00e9cifiquement pour g\u00e9rer les aspects financiers et comptables des salons de coiffure et instituts de beaut\u00e9.<\/h3>\n<p>[\/et_pb_text][\/et_pb_column][\/et_pb_row][\/et_pb_section][et_pb_section fb_built=&#8221;1&#8243; _builder_version=&#8221;4.27.4&#8243; _module_preset=&#8221;default&#8221; custom_padding=&#8221;0px||0px|||&#8221; global_colors_info=&#8221;{}&#8221;][et_pb_row _builder_version=&#8221;4.27.4&#8243; _module_preset=&#8221;default&#8221; width=&#8221;100%&#8221; max_width=&#8221;1300px&#8221; custom_padding=&#8221;0px||0px|||&#8221; global_colors_info=&#8221;{}&#8221;][et_pb_column type=&#8221;4_4&#8243; _builder_version=&#8221;4.27.4&#8243; _module_preset=&#8221;default&#8221; global_colors_info=&#8221;{}&#8221;][et_pb_image _builder_version=&#8221;4.27.4&#8243; _module_preset=&#8221;default&#8221; global_colors_info=&#8221;{}&#8221;][\/et_pb_image][\/et_pb_column][\/et_pb_row][et_pb_row _builder_version=&#8221;4.27.4&#8243; _module_preset=&#8221;default&#8221; global_colors_info=&#8221;{}&#8221;][et_pb_column type=&#8221;4_4&#8243; _builder_version=&#8221;4.27.4&#8243; _module_preset=&#8221;default&#8221; global_colors_info=&#8221;{}&#8221;][et_pb_image src=&#8221;\/app\/uploads\/2025\/03\/mockup_ordi_encaissement_moyen_paiement.png&#8221; title_text=&#8221;mockup_ordi_encaissement_moyen_paiement&#8221; _builder_version=&#8221;4.27.4&#8243; _module_preset=&#8221;default&#8221; width=&#8221;60%&#8221; width_tablet=&#8221;60%&#8221; width_phone=&#8221;60%&#8221; width_last_edited=&#8221;on|phone&#8221; max_width=&#8221;70%&#8221; max_width_tablet=&#8221;97%&#8221; max_width_phone=&#8221;&#8221; max_width_last_edited=&#8221;on|phone&#8221; module_alignment=&#8221;center&#8221; global_colors_info=&#8221;{}&#8221;][\/et_pb_image][\/et_pb_column][\/et_pb_row][\/et_pb_section][et_pb_section fb_built=&#8221;1&#8243; _builder_version=&#8221;4.27.4&#8243; _module_preset=&#8221;default&#8221; background_color=&#8221;#faf2e8&#8243; custom_margin=&#8221;||-3px|||&#8221; custom_padding=&#8221;||1px|||&#8221; global_colors_info=&#8221;{}&#8221;][et_pb_row column_structure=&#8221;1_3,1_3,1_3&#8243; module_class=&#8221;infos-wrapper&#8221; _builder_version=&#8221;4.27.4&#8243; _module_preset=&#8221;default&#8221; max_width=&#8221;1300px&#8221; custom_margin=&#8221;|auto|-5px|auto||&#8221; custom_padding=&#8221;|0px|0px|||&#8221; global_colors_info=&#8221;{}&#8221;][et_pb_column type=&#8221;1_3&#8243; _builder_version=&#8221;4.27.4&#8243; _module_preset=&#8221;default&#8221; global_colors_info=&#8221;{}&#8221;][et_pb_blurb title=&#8221;1. Gestion des encaissements en temps r\u00e9el&#8221; _builder_version=&#8221;4.27.4&#8243; _module_preset=&#8221;default&#8221; header_text_color=&#8221;#000000&#8243; header_font_size=&#8221;30px&#8221; body_text_color=&#8221;#565656&#8243; background_color=&#8221;#FFFFFF&#8221; width=&#8221;100%&#8221; min_height=&#8221;414px&#8221; min_height_tablet=&#8221;&#8221; min_height_phone=&#8221;&#8221; min_height_last_edited=&#8221;on|phone&#8221; custom_padding=&#8221;140px|23px|13px|22px||&#8221; border_radii=&#8221;on|20px|20px|20px|20px&#8221; box_shadow_style=&#8221;preset4&#8243; box_shadow_horizontal=&#8221;7px&#8221; box_shadow_vertical=&#8221;3px&#8221; box_shadow_blur=&#8221;13px&#8221; box_shadow_spread=&#8221;-11px&#8221; global_colors_info=&#8221;{}&#8221;]<\/p>\n<p>Suivez et enregistrez facilement chaque <a href=\"\/fonctionnalites\/logiciel-dencaissement-et-facturation\/\">encaissement<\/a>. Le logiciel permet une gestion simplifi\u00e9e de l&#8217;encaissement, avec des options de paiement flexibles et une interface claire pour un suivi efficace.<\/p>\n<p>[\/et_pb_blurb][\/et_pb_column][et_pb_column type=&#8221;1_3&#8243; _builder_version=&#8221;4.27.4&#8243; _module_preset=&#8221;default&#8221; global_colors_info=&#8221;{}&#8221;][et_pb_blurb title=&#8221;2. Suivi des stocks et r\u00e9approvisionnement automatis\u00e9&#8221; _builder_version=&#8221;4.27.4&#8243; _module_preset=&#8221;default&#8221; header_text_color=&#8221;#000000&#8243; header_font_size=&#8221;30px&#8221; body_text_color=&#8221;#565656&#8243; background_color=&#8221;#FFFFFF&#8221; min_height=&#8221;415.5px&#8221; min_height_tablet=&#8221;&#8221; min_height_phone=&#8221;&#8221; min_height_last_edited=&#8221;on|tablet&#8221; custom_padding=&#8221;139px|21px|17px|21px||&#8221; border_radii=&#8221;on|20px|20px|20px|20px&#8221; box_shadow_style=&#8221;preset4&#8243; box_shadow_horizontal=&#8221;7px&#8221; box_shadow_vertical=&#8221;3px&#8221; box_shadow_blur=&#8221;13px&#8221; box_shadow_spread=&#8221;-11px&#8221; global_colors_info=&#8221;{}&#8221;]<\/p>\n<p>Merlin vous aide \u00e0 g\u00e9rer votre inventaire en temps r\u00e9el pour <a href=\"\/fonctionnalites\/logiciel-de-gestion-du-stock\/\">\u00e9viter les ruptures de stock<\/a> et optimiser les co\u00fbts. Configurez des alertes de r\u00e9approvisionnement automatique pour maintenir une bonne gestion de vos produits sans effort.<\/p>\n<p>[\/et_pb_blurb][\/et_pb_column][et_pb_column type=&#8221;1_3&#8243; _builder_version=&#8221;4.27.4&#8243; _module_preset=&#8221;default&#8221; global_colors_info=&#8221;{}&#8221;][et_pb_blurb title=&#8221;3. Analyse du Chiffre d&#8217;Affaires (CA)&#8221; _builder_version=&#8221;4.27.4&#8243; _module_preset=&#8221;default&#8221; header_text_color=&#8221;#000000&#8243; header_font_size=&#8221;30px&#8221; body_text_color=&#8221;#565656&#8243; background_color=&#8221;#FFFFFF&#8221; min_height=&#8221;414.5px&#8221; min_height_tablet=&#8221;&#8221; min_height_phone=&#8221;&#8221; min_height_last_edited=&#8221;on|phone&#8221; custom_margin=&#8221;||-4px|||&#8221; custom_padding=&#8221;135px|22px|5px|24px||&#8221; border_radii=&#8221;on|20px|20px|20px|20px&#8221; box_shadow_style=&#8221;preset4&#8243; box_shadow_horizontal=&#8221;7px&#8221; box_shadow_vertical=&#8221;3px&#8221; box_shadow_blur=&#8221;13px&#8221; box_shadow_spread=&#8221;-11px&#8221; global_colors_info=&#8221;{}&#8221;]<\/p>\n<p>Gr\u00e2ce aux rapports automatis\u00e9s et aux graphiques de suivi, \u00e9valuez votre chiffre d&#8217;affaires par p\u00e9riode, par prestation ou par employ\u00e9. Obtenez des informations pr\u00e9cieuses sur les performances de votre \u00e9tablissement.<\/p>\n<p>[\/et_pb_blurb][\/et_pb_column][\/et_pb_row][et_pb_row column_structure=&#8221;1_2,1_2&#8243; module_class=&#8221;infos-wrapper&#8221; _builder_version=&#8221;4.27.4&#8243; _module_preset=&#8221;default&#8221; max_width=&#8221;1300px&#8221; custom_margin=&#8221;|auto|-5px|auto||&#8221; custom_padding=&#8221;|0px|0px|||&#8221; global_colors_info=&#8221;{}&#8221;][et_pb_column type=&#8221;1_2&#8243; _builder_version=&#8221;4.27.4&#8243; _module_preset=&#8221;default&#8221; global_colors_info=&#8221;{}&#8221;][et_pb_blurb title=&#8221;4. Bilan comptable et rapprochement bancaire&#8221; _builder_version=&#8221;4.27.4&#8243; _module_preset=&#8221;default&#8221; header_text_color=&#8221;#000000&#8243; header_font_size=&#8221;30px&#8221; body_text_color=&#8221;#565656&#8243; background_color=&#8221;#FFFFFF&#8221; width=&#8221;100%&#8221; min_height=&#8221;347px&#8221; min_height_tablet=&#8221;347px&#8221; min_height_phone=&#8221;347px&#8221; min_height_last_edited=&#8221;on|tablet&#8221; custom_padding=&#8221;140px|23px|37px|22px||&#8221; border_radii=&#8221;on|20px|20px|20px|20px&#8221; box_shadow_style=&#8221;preset4&#8243; box_shadow_horizontal=&#8221;7px&#8221; box_shadow_vertical=&#8221;3px&#8221; box_shadow_blur=&#8221;13px&#8221; box_shadow_spread=&#8221;-11px&#8221; global_colors_info=&#8221;{}&#8221;]<\/p>\n<p>Avec Merlin, vous disposez d&#8217;un module comptable qui facilite la cl\u00f4ture des bilans mensuels et annuels. G\u00e9n\u00e9rez des rapports de synth\u00e8ses comptables adapt\u00e9s aux normes fiscales et simplifiez vos \u00e9changes avec votre comptable.<\/p>\n<p>[\/et_pb_blurb][\/et_pb_column][et_pb_column type=&#8221;1_2&#8243; _builder_version=&#8221;4.27.4&#8243; _module_preset=&#8221;default&#8221; global_colors_info=&#8221;{}&#8221;][et_pb_blurb title=&#8221;5. Gestion des Factures et des D\u00e9penses&#8221; _builder_version=&#8221;4.27.4&#8243; _module_preset=&#8221;default&#8221; header_text_color=&#8221;#000000&#8243; header_font_size=&#8221;30px&#8221; body_text_color=&#8221;#565656&#8243; background_color=&#8221;#FFFFFF&#8221; min_height=&#8221;348.5px&#8221; min_height_tablet=&#8221;&#8221; min_height_phone=&#8221;&#8221; min_height_last_edited=&#8221;on|phone&#8221; custom_padding=&#8221;140px|21px|17px|21px||&#8221; border_radii=&#8221;on|20px|20px|20px|20px&#8221; box_shadow_style=&#8221;preset4&#8243; box_shadow_horizontal=&#8221;7px&#8221; box_shadow_vertical=&#8221;3px&#8221; box_shadow_blur=&#8221;13px&#8221; box_shadow_spread=&#8221;-11px&#8221; global_colors_info=&#8221;{}&#8221;]<\/p>\n<p>G\u00e9rez toutes vos factures avec notre interface de gestion simplifi\u00e9e. Centralisez les d\u00e9penses pour une meilleure ma\u00eetrise de vos co\u00fbts et optimisez la rentabilit\u00e9 de votre salon.<\/p>\n<p>[\/et_pb_blurb][\/et_pb_column][\/et_pb_row][et_pb_row _builder_version=&#8221;4.27.4&#8243; _module_preset=&#8221;default&#8221; width=&#8221;100%&#8221; global_colors_info=&#8221;{}&#8221;][et_pb_column type=&#8221;4_4&#8243; _builder_version=&#8221;4.27.4&#8243; _module_preset=&#8221;default&#8221; global_colors_info=&#8221;{}&#8221;][et_pb_text _builder_version=&#8221;4.27.4&#8243; _module_preset=&#8221;default&#8221; custom_padding_tablet=&#8221;&#8221; custom_padding_phone=&#8221;|20px||20px|false|false&#8221; custom_padding_last_edited=&#8221;on|phone&#8221; global_colors_info=&#8221;{}&#8221;]<\/p>\n<h3 style=\"text-align: center;\"><span style=\"color: #eb5a47;\">Pourquoi choisir Merlin pour la Comptabilit\u00e9 de votre Salon ?<\/span><\/h3>\n<p>[\/et_pb_text][et_pb_text _builder_version=&#8221;4.27.4&#8243; _module_preset=&#8221;default&#8221; custom_padding_tablet=&#8221;|20px||20px|false|false&#8221; custom_padding_phone=&#8221;|20px||20px|false|false&#8221; custom_padding_last_edited=&#8221;on|tablet&#8221; global_colors_info=&#8221;{}&#8221;]<\/p>\n<p style=\"text-align: center;\">En choisissant Ikosoft et notre logiciel Merlin, vous optez pour un partenaire de confiance avec une exp\u00e9rience reconnue dans le secteur de la coiffure et de la beaut\u00e9. Nos solutions sont conformes aux normes de certification NF525, garantissant une s\u00e9curit\u00e9 maximale de vos donn\u00e9es et une compatibilit\u00e9 parfaite avec les exigences comptables locales.<\/p>\n<p>[\/et_pb_text][et_pb_text _builder_version=&#8221;4.27.4&#8243; _module_preset=&#8221;default&#8221; custom_padding_tablet=&#8221;&#8221; custom_padding_phone=&#8221;|20px||20px|false|false&#8221; custom_padding_last_edited=&#8221;on|phone&#8221; global_colors_info=&#8221;{}&#8221;]<\/p>\n<h3 style=\"text-align: center;\"><span style=\"color: #eb5a47;\">Optimisez la Gestion Comptable de votre Salon d\u00e8s Aujourd&#8217;hui !<\/span><\/h3>\n<p>[\/et_pb_text][et_pb_text _builder_version=&#8221;4.27.4&#8243; _module_preset=&#8221;default&#8221; custom_padding_tablet=&#8221;|20px||20px|false|false&#8221; custom_padding_phone=&#8221;|20px||20px|false|false&#8221; custom_padding_last_edited=&#8221;on|tablet&#8221; global_colors_info=&#8221;{}&#8221;]<\/p>\n<p style=\"text-align: center;\">D\u00e9couvrez la solution comptable qu\u2019il vous faut : le logiciel Merlin ! Transformez la gestion de votre \u00e9tablissement avec un outil fiable et adapt\u00e9 \u00e0 vos besoins sp\u00e9cifiques. Contactez notre \u00e9quipe pour une d\u00e9monstration et optimisez votre gestion comptable d\u00e8s maintenant !<\/p>\n<p>[\/et_pb_text][\/et_pb_column][\/et_pb_row][\/et_pb_section][et_pb_section fb_built=&#8221;1&#8243; _builder_version=&#8221;4.27.4&#8243; _module_preset=&#8221;default&#8221; background_color=&#8221;#faf2e8&#8243; custom_margin=&#8221;-4px|||||&#8221; custom_padding=&#8221;0px||5px|||&#8221; global_colors_info=&#8221;{}&#8221;][et_pb_row _builder_version=&#8221;4.27.4&#8243; _module_preset=&#8221;default&#8221; global_colors_info=&#8221;{}&#8221;][et_pb_column type=&#8221;4_4&#8243; _builder_version=&#8221;4.27.4&#8243; _module_preset=&#8221;default&#8221; global_colors_info=&#8221;{}&#8221;][et_pb_text _builder_version=&#8221;4.27.4&#8243; _module_preset=&#8221;default&#8221; global_colors_info=&#8221;{}&#8221;]<\/p>\n<div class=\"row\" style=\"display:flex;justify-content: space-evenly;\"><br \/><div class=\"r-border p-2 mb-2 col-12 col-md-3\"><div class=\"text-center\">\n                <i style=\"color:#ed5946;font-size:32px;\" class=\"fb-icon-element-1 fb-icon-element fontawesome-icon circle-no fusion-text-flow fusion-animated iko2-fichier_client\"><\/i>\n                <p style=\"line-height: 1.4rem;font-size:22px;\"><b>Collecte de donn\u00e9es<\/b><\/p>\n            <\/div><\/div><br \/><div class=\"r-border p-2 mb-2 col-12 col-md-3\"><div class=\"text-center\">\n                <i style=\"color:#ed5946;font-size:2rem;\" class=\"fb-icon-element-1 fb-icon-element fontawesome-icon circle-no fusion-text-flow fusion-animated iko2-client_nouveau\"><\/i>\n                <p style=\"line-height: 1.4rem;font-size:22px;\"><b>Ciblage client plus pr\u00e9cis<\/b><\/p>\n            <\/div><\/div><br \/><div class=\"r-border p-2 mb-2 col-12 col-md-3\"><div class=\"text-center\">\n                <i style=\"color:#ed5946;font-size:2rem;\" class=\"fb-icon-element-1 fb-icon-element fontawesome-icon circle-no fusion-text-flow fusion-animated iko2-marketing\"><\/i>\n                <p style=\"line-height: 1.4rem;font-size:22px;\"><b>Am\u00e9lioration de la relation client<\/b><\/p>\n            <\/div><\/div><br \/><div class=\"r-border p-2 mb-2 col-12 col-md-3\"><div class=\"text-center\">\n                <i style=\"color:#ed5946;font-size:2rem;\" class=\"fb-icon-element-1 fb-icon-element fontawesome-icon circle-no fusion-text-flow fusion-animated iko2-optimisation\"><\/i>\n                <p style=\"line-height: 1.4rem;font-size:22px;\"><b>Optimisation des performances<\/b><\/p>\n            <\/div><\/div><br \/><\/div>\n<p>[\/et_pb_text][\/et_pb_column][\/et_pb_row][et_pb_row _builder_version=&#8221;4.27.4&#8243; _module_preset=&#8221;default&#8221; custom_padding=&#8221;8px|||||&#8221; global_colors_info=&#8221;{}&#8221;][et_pb_column type=&#8221;4_4&#8243; _builder_version=&#8221;4.27.4&#8243; _module_preset=&#8221;default&#8221; global_colors_info=&#8221;{}&#8221;][et_pb_button button_url=&#8221;\/contact\/&#8221; button_text=&#8221;Besoin d&#8217;une d\u00e9mo ?&#8221; button_alignment=&#8221;center&#8221; _builder_version=&#8221;4.27.4&#8243; _module_preset=&#8221;default&#8221; custom_button=&#8221;on&#8221; button_text_color=&#8221;#FFFFFF&#8221; button_bg_color=&#8221;#ed5946&#8243; button_border_radius=&#8221;31px&#8221; hover_enabled=&#8221;0&#8243; global_colors_info=&#8221;{}&#8221; sticky_enabled=&#8221;0&#8243;][\/et_pb_button][\/et_pb_column][\/et_pb_row][\/et_pb_section]<\/p>\n","protected":false},"excerpt":{"rendered":"<p>LOGICIEL&#8230;<\/p>\n","protected":false},"author":2,"featured_media":0,"parent":0,"menu_order":0,"comment_status":"closed","ping_status":"closed","template":"","meta":{"_acf_changed":false,"_et_pb_use_builder":"on","_et_pb_old_content":"","_et_gb_content_width":"","footnotes":""},"class_list":["post-7991","page","type-page","status-publish","hentry"],"acf":[],"yoast_head":"<!-- This site is optimized with the Yoast SEO plugin v27.1.1 - https:\/\/yoast.com\/product\/yoast-seo-wordpress\/ -->\n<title>Logiciel ERP pour coiffeur et institut de beaut\u00e9 | Ikosoft<\/title>\n<meta name=\"description\" content=\"Logiciel ERP pour coiffeur : gestion de la comptabilit\u00e9, suivi d&#039;activit\u00e9, stocks, gestion des collaborateurs.\" \/>\n<meta name=\"robots\" content=\"index, follow, max-snippet:-1, max-image-preview:large, max-video-preview:-1\" \/>\n<link rel=\"canonical\" href=\"https:\/\/www2.ikosoft.com\/fr-ch\/logiciel-erp\/\" \/>\n<meta property=\"og:locale\" content=\"fr_FR\" \/>\n<meta property=\"og:type\" content=\"article\" \/>\n<meta property=\"og:title\" content=\"Logiciel ERP pour coiffeur et institut de beaut\u00e9 | Ikosoft\" \/>\n<meta property=\"og:description\" content=\"Logiciel ERP pour coiffeur : gestion de la comptabilit\u00e9, suivi d&#039;activit\u00e9, stocks, gestion des collaborateurs.\" \/>\n<meta property=\"og:url\" content=\"https:\/\/www2.ikosoft.com\/fr-ch\/logiciel-erp\/\" \/>\n<meta property=\"og:site_name\" content=\"ikosoft\" \/>\n<meta property=\"article:publisher\" content=\"https:\/\/www.facebook.com\/IKOSOFT\/\" \/>\n<meta property=\"article:modified_time\" content=\"2025-08-06T14:05:17+00:00\" \/>\n<meta name=\"twitter:card\" content=\"summary_large_image\" \/>\n<meta name=\"twitter:label1\" content=\"Est. reading time\" \/>\n\t<meta name=\"twitter:data1\" content=\"9 minutes\" \/>\n<script type=\"application\/ld+json\" class=\"yoast-schema-graph\">{\"@context\":\"https:\/\/schema.org\",\"@graph\":[{\"@type\":\"WebPage\",\"@id\":\"https:\/\/www2.ikosoft.com\/fr-ch\/logiciel-erp\/\",\"url\":\"https:\/\/www2.ikosoft.com\/fr-ch\/logiciel-erp\/\",\"name\":\"Logiciel ERP pour coiffeur et institut de beaut\u00e9 | Ikosoft\",\"isPartOf\":{\"@id\":\"https:\/\/www2.ikosoft.com\/fr-ch\/#website\"},\"datePublished\":\"2025-03-25T13:33:09+00:00\",\"dateModified\":\"2025-08-06T14:05:17+00:00\",\"description\":\"Logiciel ERP pour coiffeur : gestion de la comptabilit\u00e9, suivi d'activit\u00e9, stocks, gestion des collaborateurs.\",\"breadcrumb\":{\"@id\":\"https:\/\/www2.ikosoft.com\/fr-ch\/logiciel-erp\/#breadcrumb\"},\"inLanguage\":\"fr-CH\",\"potentialAction\":[{\"@type\":\"ReadAction\",\"target\":[\"https:\/\/www2.ikosoft.com\/fr-ch\/logiciel-erp\/\"]}]},{\"@type\":\"BreadcrumbList\",\"@id\":\"https:\/\/www2.ikosoft.com\/fr-ch\/logiciel-erp\/#breadcrumb\",\"itemListElement\":[{\"@type\":\"ListItem\",\"position\":1,\"name\":\"Accueil\",\"item\":\"https:\/\/www2.ikosoft.com\/fr-ch\/\"},{\"@type\":\"ListItem\",\"position\":2,\"name\":\"Logiciel ERP de comptabilit\u00e9 pour coiffeur et institut de beaut\u00e9\"}]},{\"@type\":\"WebSite\",\"@id\":\"https:\/\/www2.ikosoft.com\/fr-ch\/#website\",\"url\":\"https:\/\/www2.ikosoft.com\/fr-ch\/\",\"name\":\"Ikosoft\",\"description\":\"Ikosoft Merlin - Logiciel de caisse certifi\u00e9 NF525 et de gestion pour salon de coiffure, institut de beaut\u00e9 et spa\",\"publisher\":{\"@id\":\"https:\/\/www2.ikosoft.com\/fr-ch\/#organization\"},\"potentialAction\":[{\"@type\":\"SearchAction\",\"target\":{\"@type\":\"EntryPoint\",\"urlTemplate\":\"https:\/\/www2.ikosoft.com\/fr-ch\/?s={search_term_string}\"},\"query-input\":{\"@type\":\"PropertyValueSpecification\",\"valueRequired\":true,\"valueName\":\"search_term_string\"}}],\"inLanguage\":\"fr-CH\"},{\"@type\":\"Organization\",\"@id\":\"https:\/\/www2.ikosoft.com\/fr-ch\/#organization\",\"name\":\"Ikosoft\",\"url\":\"https:\/\/www2.ikosoft.com\/fr-ch\/\",\"logo\":{\"@type\":\"ImageObject\",\"inLanguage\":\"fr-CH\",\"@id\":\"https:\/\/www2.ikosoft.com\/fr-ch\/#\/schema\/logo\/image\/\",\"url\":\"https:\/\/www2.ikosoft.com\/app\/uploads\/2025\/03\/logo_2_o.png\",\"contentUrl\":\"https:\/\/www2.ikosoft.com\/app\/uploads\/2025\/03\/logo_2_o.png\",\"width\":1481,\"height\":305,\"caption\":\"Ikosoft\"},\"image\":{\"@id\":\"https:\/\/www2.ikosoft.com\/fr-ch\/#\/schema\/logo\/image\/\"},\"sameAs\":[\"https:\/\/www.facebook.com\/IKOSOFT\/\",\"https:\/\/www.instagram.com\/ikosoft\"]}]}<\/script>\n<!-- \/ Yoast SEO plugin. -->","yoast_head_json":{"title":"Logiciel ERP pour coiffeur et institut de beaut\u00e9 | Ikosoft","description":"Logiciel ERP pour coiffeur : gestion de la comptabilit\u00e9, suivi d'activit\u00e9, stocks, gestion des collaborateurs.","robots":{"index":"index","follow":"follow","max-snippet":"max-snippet:-1","max-image-preview":"max-image-preview:large","max-video-preview":"max-video-preview:-1"},"canonical":"https:\/\/www2.ikosoft.com\/fr-ch\/logiciel-erp\/","og_locale":"fr_FR","og_type":"article","og_title":"Logiciel ERP pour coiffeur et institut de beaut\u00e9 | Ikosoft","og_description":"Logiciel ERP pour coiffeur : gestion de la comptabilit\u00e9, suivi d'activit\u00e9, stocks, gestion des collaborateurs.","og_url":"https:\/\/www2.ikosoft.com\/fr-ch\/logiciel-erp\/","og_site_name":"ikosoft","article_publisher":"https:\/\/www.facebook.com\/IKOSOFT\/","article_modified_time":"2025-08-06T14:05:17+00:00","twitter_card":"summary_large_image","twitter_misc":{"Est. reading time":"9 minutes"},"schema":{"@context":"https:\/\/schema.org","@graph":[{"@type":"WebPage","@id":"https:\/\/www2.ikosoft.com\/fr-ch\/logiciel-erp\/","url":"https:\/\/www2.ikosoft.com\/fr-ch\/logiciel-erp\/","name":"Logiciel ERP pour coiffeur et institut de beaut\u00e9 | Ikosoft","isPartOf":{"@id":"https:\/\/www2.ikosoft.com\/fr-ch\/#website"},"datePublished":"2025-03-25T13:33:09+00:00","dateModified":"2025-08-06T14:05:17+00:00","description":"Logiciel ERP pour coiffeur : gestion de la comptabilit\u00e9, suivi d'activit\u00e9, stocks, gestion des collaborateurs.","breadcrumb":{"@id":"https:\/\/www2.ikosoft.com\/fr-ch\/logiciel-erp\/#breadcrumb"},"inLanguage":"fr-CH","potentialAction":[{"@type":"ReadAction","target":["https:\/\/www2.ikosoft.com\/fr-ch\/logiciel-erp\/"]}]},{"@type":"BreadcrumbList","@id":"https:\/\/www2.ikosoft.com\/fr-ch\/logiciel-erp\/#breadcrumb","itemListElement":[{"@type":"ListItem","position":1,"name":"Accueil","item":"https:\/\/www2.ikosoft.com\/fr-ch\/"},{"@type":"ListItem","position":2,"name":"Logiciel ERP de comptabilit\u00e9 pour coiffeur et institut de beaut\u00e9"}]},{"@type":"WebSite","@id":"https:\/\/www2.ikosoft.com\/fr-ch\/#website","url":"https:\/\/www2.ikosoft.com\/fr-ch\/","name":"Ikosoft","description":"Ikosoft Merlin - Logiciel de caisse certifi\u00e9 NF525 et de gestion pour salon de coiffure, institut de beaut\u00e9 et spa","publisher":{"@id":"https:\/\/www2.ikosoft.com\/fr-ch\/#organization"},"potentialAction":[{"@type":"SearchAction","target":{"@type":"EntryPoint","urlTemplate":"https:\/\/www2.ikosoft.com\/fr-ch\/?s={search_term_string}"},"query-input":{"@type":"PropertyValueSpecification","valueRequired":true,"valueName":"search_term_string"}}],"inLanguage":"fr-CH"},{"@type":"Organization","@id":"https:\/\/www2.ikosoft.com\/fr-ch\/#organization","name":"Ikosoft","url":"https:\/\/www2.ikosoft.com\/fr-ch\/","logo":{"@type":"ImageObject","inLanguage":"fr-CH","@id":"https:\/\/www2.ikosoft.com\/fr-ch\/#\/schema\/logo\/image\/","url":"https:\/\/www2.ikosoft.com\/app\/uploads\/2025\/03\/logo_2_o.png","contentUrl":"https:\/\/www2.ikosoft.com\/app\/uploads\/2025\/03\/logo_2_o.png","width":1481,"height":305,"caption":"Ikosoft"},"image":{"@id":"https:\/\/www2.ikosoft.com\/fr-ch\/#\/schema\/logo\/image\/"},"sameAs":["https:\/\/www.facebook.com\/IKOSOFT\/","https:\/\/www.instagram.com\/ikosoft"]}]}},"_links":{"self":[{"href":"https:\/\/www2.ikosoft.com\/fr-ch\/wp-json\/wp\/v2\/pages\/7991","targetHints":{"allow":["GET"]}}],"collection":[{"href":"https:\/\/www2.ikosoft.com\/fr-ch\/wp-json\/wp\/v2\/pages"}],"about":[{"href":"https:\/\/www2.ikosoft.com\/fr-ch\/wp-json\/wp\/v2\/types\/page"}],"author":[{"embeddable":true,"href":"https:\/\/www2.ikosoft.com\/fr-ch\/wp-json\/wp\/v2\/users\/2"}],"replies":[{"embeddable":true,"href":"https:\/\/www2.ikosoft.com\/fr-ch\/wp-json\/wp\/v2\/comments?post=7991"}],"version-history":[{"count":3,"href":"https:\/\/www2.ikosoft.com\/fr-ch\/wp-json\/wp\/v2\/pages\/7991\/revisions"}],"predecessor-version":[{"id":9697,"href":"https:\/\/www2.ikosoft.com\/fr-ch\/wp-json\/wp\/v2\/pages\/7991\/revisions\/9697"}],"wp:attachment":[{"href":"https:\/\/www2.ikosoft.com\/fr-ch\/wp-json\/wp\/v2\/media?parent=7991"}],"curies":[{"name":"wp","href":"https:\/\/api.w.org\/{rel}","templated":true}]}}