{"id":8997,"date":"2025-01-17T11:03:03","date_gmt":"2025-01-17T10:03:03","guid":{"rendered":"https:\/\/www2.ikosoft.com\/caracteristiques\/infonuagique-et-securite\/"},"modified":"2025-07-17T14:46:58","modified_gmt":"2025-07-17T12:46:58","slug":"cloud-et-securite","status":"publish","type":"page","link":"https:\/\/www2.ikosoft.com\/fr-ca\/caracteristiques\/cloud-et-securite\/","title":{"rendered":"CLOUD ET S\u00c9CURIT\u00c9"},"content":{"rendered":"<p>[et_pb_section fb_built=&#8221;1&#8243; custom_padding_last_edited=&#8221;on|tablet&#8221; _builder_version=&#8221;4.27.4&#8243; _module_preset=&#8221;default&#8221; width=&#8221;100%&#8221; max_width=&#8221;100%&#8221; min_height=&#8221;13px&#8221; height=&#8221;100px&#8221; max_height=&#8221;100px&#8221; custom_margin_tablet=&#8221;||-19px||false|false&#8221; custom_margin_phone=&#8221;||-19px||false|false&#8221; custom_margin_last_edited=&#8221;on|tablet&#8221; custom_padding=&#8221;0px||9px||false|false&#8221; custom_padding_tablet=&#8221;0px||14px|0px|false|false&#8221; custom_padding_phone=&#8221;0px||14px|0px|false|false&#8221; global_colors_info=&#8221;{}&#8221;][et_pb_row module_id=&#8221;iko-page-titles&#8221; _builder_version=&#8221;4.27.4&#8243; _module_preset=&#8221;default&#8221; width=&#8221;100%&#8221; max_width=&#8221;100%&#8221; module_alignment=&#8221;center&#8221; min_height=&#8221;100px&#8221; height=&#8221;100px&#8221; custom_margin_tablet=&#8221;&#8221; custom_margin_phone=&#8221;&#8221; custom_margin_last_edited=&#8221;on|tablet&#8221; custom_padding=&#8221;0px||0px||false|false&#8221; custom_css_free_form=&#8221;||&#8221; global_colors_info=&#8221;{}&#8221;][et_pb_column type=&#8221;4_4&#8243; _builder_version=&#8221;4.27.4&#8243; _module_preset=&#8221;default&#8221; custom_padding=&#8221;0px||||false|false&#8221; global_colors_info=&#8221;{}&#8221;][et_pb_text _builder_version=&#8221;4.27.4&#8243; _module_preset=&#8221;default&#8221; text_text_color=&#8221;#FFFFFF&#8221; text_font_size=&#8221;30px&#8221; background_color=&#8221;#ed5946&#8243; text_orientation=&#8221;center&#8221; min_height=&#8221;97.6px&#8221; custom_margin=&#8221;auto||0px||false|false&#8221; custom_margin_tablet=&#8221;||0px||false|false&#8221; custom_margin_phone=&#8221;auto||32px||false|false&#8221; custom_margin_last_edited=&#8221;on|tablet&#8221; custom_padding=&#8221;18px|23px|7px|23px|false|false&#8221; custom_padding_tablet=&#8221;30px|50px|9px|50px|false|false&#8221; custom_padding_phone=&#8221;12px|15px|4px|15px|false|false&#8221; custom_padding_last_edited=&#8221;on|phone&#8221; text_letter_spacing_tablet=&#8221;&#8221; text_letter_spacing_phone=&#8221;1px&#8221; text_letter_spacing_last_edited=&#8221;on|phone&#8221; global_colors_info=&#8221;{}&#8221;]<\/p>\n<h1 style=\"text-align: center;\">LOGICIEL S\u00c9CURIS\u00c9 POUR LES COIFFEURS ET LES SALONS DE BEAUT\u00c9<\/h1>\n<p>[\/et_pb_text][\/et_pb_column][\/et_pb_row][\/et_pb_section][et_pb_section fb_built=&#8221;1&#8243; _builder_version=&#8221;4.27.4&#8243; _module_preset=&#8221;default&#8221; custom_padding=&#8221;3px||6px|||&#8221; global_colors_info=&#8221;{}&#8221;][et_pb_row _builder_version=&#8221;4.27.4&#8243; _module_preset=&#8221;default&#8221; max_width=&#8221;1308px&#8221; min_height=&#8221;279.9px&#8221; custom_margin=&#8221;|auto|-17px|auto|false|false&#8221; custom_padding=&#8221;57px|||2px||&#8221; global_colors_info=&#8221;{}&#8221;][et_pb_column type=&#8221;4_4&#8243; _builder_version=&#8221;4.27.4&#8243; _module_preset=&#8221;default&#8221; global_colors_info=&#8221;{}&#8221;][et_pb_text content_tablet=&#8221;<\/p>\n<p style=%22text-align: center;%22>Merlin est un logiciel de caisse d\u00e9velopp\u00e9 par Ikosoft qui r\u00e9pond aux exigences de la norme NF525. Il a \u00e9t\u00e9 con\u00e7u pour les salons de coiffure et les salons de beaut\u00e9.<\/p>\n<p style=%22text-align: center;%22>&#8221; content_phone=&#8221;<\/p>\n<p style=%22text-align: left;%22>Merlin est un logiciel de caisse d\u00e9velopp\u00e9 par Ikosoft qui r\u00e9pond aux exigences de la norme NF525. Il a \u00e9t\u00e9 con\u00e7u pour les salons de coiffure et les salons de beaut\u00e9.<\/p>\n<p style=%22text-align: center;%22>&#8221; content_last_edited=&#8221;off|tablet&#8221; _builder_version=&#8221;4.27.4&#8243; _module_preset=&#8221;default&#8221; text_font_size=&#8221;25px&#8221; text_line_height=&#8221;1.3em&#8221; header_text_align=&#8221;center&#8221; header_2_text_align=&#8221;center&#8221; text_orientation=&#8221;center&#8221; width=&#8221;100%&#8221; custom_margin=&#8221;||8px|||&#8221; custom_margin_tablet=&#8221;|auto|8px|auto|false|false&#8221; custom_margin_phone=&#8221;||8px|||&#8221; custom_margin_last_edited=&#8221;on|tablet&#8221; custom_padding=&#8221;|34px||4px|false|false&#8221; custom_padding_tablet=&#8221;|50px||50px|false|false&#8221; custom_padding_phone=&#8221;|51px||39px|false|false&#8221; custom_padding_last_edited=&#8221;on|tablet&#8221; text_font_size_tablet=&#8221;20px&#8221; text_font_size_phone=&#8221;20px&#8221; text_font_size_last_edited=&#8221;on|tablet&#8221; global_colors_info=&#8221;{}&#8221;]<\/p>\n<h2 style=\"text-align: center;\">Merlin est un logiciel de caisse d\u00e9velopp\u00e9 par Ikosoft qui r\u00e9pond aux exigences de la norme NF525.<\/p>\n<\/h2>\n<h3 style=\"text-align: center;\"><\/h3>\n<p>[\/et_pb_text][et_pb_text content_tablet=&#8221;<\/p>\n<p style=%22text-align: center;%22>Un syst\u00e8me de caisse certifi\u00e9 doit r\u00e9pondre \u00e0 des conditions d\u2019inalt\u00e9rabilit\u00e9, de s\u00e9curit\u00e9, d\u2019archivage et d\u2019enregistrement. Merlin a \u00e9t\u00e9 con\u00e7u non seulement pour r\u00e9pondre \u00e0 ces exigences, mais aussi pour faciliter vos op\u00e9rations de gestion.<\/p>\n<p style=%22text-align: center;%22>&#8221; content_phone=&#8221;<\/p>\n<p style=%22text-align: left;%22>Un syst\u00e8me de caisse certifi\u00e9 doit r\u00e9pondre \u00e0 des conditions d\u2019inalt\u00e9rabilit\u00e9, de s\u00e9curit\u00e9, d\u2019archivage et d\u2019enregistrement. Merlin a \u00e9t\u00e9 con\u00e7u non seulement pour r\u00e9pondre \u00e0 ces exigences, mais aussi pour faciliter vos op\u00e9rations de gestion.<\/p>\n<p style=%22text-align: center;%22>&#8221; content_last_edited=&#8221;off|desktop&#8221; _builder_version=&#8221;4.27.4&#8243; _module_preset=&#8221;default&#8221; text_font_size=&#8221;25px&#8221; text_line_height=&#8221;1.3em&#8221; header_text_align=&#8221;center&#8221; header_2_text_align=&#8221;center&#8221; text_orientation=&#8221;center&#8221; width=&#8221;100%&#8221; max_width=&#8221;100%&#8221; custom_margin_tablet=&#8221;-7px|33px|-25px|34px|false|false&#8221; custom_margin_phone=&#8221;-5px|auto|-27px|auto|false|false&#8221; custom_margin_last_edited=&#8221;on|tablet&#8221; custom_padding=&#8221;13px|69px|16px|0px|false|false&#8221; custom_padding_tablet=&#8221;13px|0px|16px|0px|false|false&#8221; custom_padding_phone=&#8221;13px|40px|16px|41px|false|false&#8221; custom_padding_last_edited=&#8221;on|phone&#8221; text_font_size_tablet=&#8221;20px&#8221; text_font_size_phone=&#8221;20px&#8221; text_font_size_last_edited=&#8221;on|phone&#8221; global_colors_info=&#8221;{}&#8221;]<\/p>\n<h3 style=\"text-align: center;\">Un syst\u00e8me de caisse certifi\u00e9 doit r\u00e9pondre \u00e0 des conditions d\u2019inalt\u00e9rabilit\u00e9, de s\u00e9curit\u00e9, d\u2019archivage et d\u2019enregistrement.<\/h3>\n<h3 style=\"text-align: center;\"><span style=\"color: #eb5a47;\">Merlin<\/span> a \u00e9t\u00e9 con\u00e7u non seulement pour r\u00e9pondre \u00e0 ces exigences, mais aussi pour faciliter vos op\u00e9rations de gestion.<\/h3>\n<p style=\"text-align: center;\">\n[\/et_pb_text][\/et_pb_column][\/et_pb_row][\/et_pb_section][et_pb_section fb_built=&#8221;1&#8243; _builder_version=&#8221;4.27.4&#8243; _module_preset=&#8221;default&#8221; custom_padding=&#8221;3px||1px|||&#8221; global_colors_info=&#8221;{}&#8221;][et_pb_row column_structure=&#8221;1_2,1_2&#8243; _builder_version=&#8221;4.27.4&#8243; _module_preset=&#8221;default&#8221; width=&#8221;100%&#8221; max_width=&#8221;1300px&#8221; custom_margin=&#8221;21px|auto||auto||&#8221; custom_padding=&#8221;6px||2px|||&#8221; global_colors_info=&#8221;{}&#8221;][et_pb_column type=&#8221;1_2&#8243; _builder_version=&#8221;4.27.4&#8243; _module_preset=&#8221;default&#8221; global_colors_info=&#8221;{}&#8221;][et_pb_text _builder_version=&#8221;4.27.4&#8243; _module_preset=&#8221;default&#8221; text_font_size=&#8221;22px&#8221; text_line_height=&#8221;1.2em&#8221; custom_margin_tablet=&#8221;2px|||36px|false|false&#8221; custom_margin_phone=&#8221;-2px|-4px|8px|25px|false|false&#8221; custom_margin_last_edited=&#8221;on|tablet&#8221; custom_padding=&#8221;5px|55px|18px|21px|false|false&#8221; text_font_size_tablet=&#8221;22px&#8221; text_font_size_phone=&#8221;18px&#8221; text_font_size_last_edited=&#8221;on|phone&#8221; header_font_size_tablet=&#8221;26px&#8221; header_font_size_phone=&#8221;26px&#8221; header_font_size_last_edited=&#8221;on|phone&#8221; global_colors_info=&#8221;{}&#8221;]<\/p>\n<h4>Suivi quotidien et tranquillit\u00e9 d\u2019esprit<\/h4>\n<p>&nbsp;<\/p>\n<p>Pour assurer la tranquillit\u00e9 d\u2019esprit, un syst\u00e8me de codes, stock\u00e9 dans le nuage, permet un acc\u00e8s s\u00e9curis\u00e9 aux donn\u00e9es du salon avec des codes sp\u00e9cifiques \u00e0 chaque propri\u00e9taire.<\/p>\n<p>Le suivi utilise des seuils sur divers indicateurs tels que le ratio de revente, le dossier moyen, la coloration, pour alerter le gestionnaire sur les risques pour le chiffre d\u2019affaires ou les services.<\/p>\n<p>[\/et_pb_text][\/et_pb_column][et_pb_column type=&#8221;1_2&#8243; _builder_version=&#8221;4.27.4&#8243; _module_preset=&#8221;default&#8221; global_colors_info=&#8221;{}&#8221;][et_pb_image src=&#8221;\/app\/uploads\/2025\/04\/Cloud-Securite.jpg&#8221; title_text=&#8221;Appareil prot\u00e9g\u00e9 par la cybers\u00e9curit\u00e9&#8221; src_tablet=&#8221;\/app\/uploads\/2025\/04\/Cloud-Securite.jpg&#8221; src_phone=&#8221;\/app\/uploads\/2025\/04\/Cloud-Securite.jpg&#8221; src_last_edited=&#8221;on|phone&#8221; _builder_version=&#8221;4.27.4&#8243; _module_preset=&#8221;default&#8221; custom_margin=&#8221;|||2px||&#8221; custom_margin_tablet=&#8221;|27px||27px|false|false&#8221; custom_margin_phone=&#8221;|auto||auto|false|false&#8221; custom_margin_last_edited=&#8221;on|tablet&#8221; custom_padding=&#8221;0px|40px|0px|40px|false|false&#8221; border_radii=&#8221;on|20px|20px|20px|20px&#8221; global_colors_info=&#8221;{}&#8221;][\/et_pb_image][\/et_pb_column][\/et_pb_row][\/et_pb_section][et_pb_section fb_built=&#8221;1&#8243; _builder_version=&#8221;4.27.4&#8243; _module_preset=&#8221;default&#8221; custom_padding=&#8221;12px||5px|||&#8221; global_colors_info=&#8221;{}&#8221;][et_pb_row _builder_version=&#8221;4.27.4&#8243; _module_preset=&#8221;default&#8221; min_height=&#8221;82px&#8221; custom_margin=&#8221;24px|auto|-13px|auto||&#8221; custom_padding=&#8221;12px||0px|||&#8221; global_colors_info=&#8221;{}&#8221;][et_pb_column type=&#8221;4_4&#8243; _builder_version=&#8221;4.27.4&#8243; _module_preset=&#8221;default&#8221; global_colors_info=&#8221;{}&#8221;][et_pb_button button_url=&#8221;\/fr-ca\/contact\/&#8221; button_text=&#8221;Demandez une soumission!&#8221; button_alignment=&#8221;center&#8221; _builder_version=&#8221;4.27.4&#8243; _module_preset=&#8221;default&#8221; custom_button=&#8221;on&#8221; button_text_size=&#8221;24px&#8221; button_text_color=&#8221;#FFFFFF&#8221; button_bg_color=&#8221;#ed5946&#8243; button_border_radius=&#8221;31px&#8221; custom_margin=&#8221;-14px||49px||false|false&#8221; custom_margin_tablet=&#8221;-5px||45px||false|false&#8221; custom_margin_phone=&#8221;-5px||39px||false|false&#8221; custom_margin_last_edited=&#8221;on|desktop&#8221; custom_padding=&#8221;0px||||false|false&#8221; custom_padding_tablet=&#8221;8px||8px||false|false&#8221; custom_padding_phone=&#8221;8px||8px||false|false&#8221; custom_padding_last_edited=&#8221;on|desktop&#8221; button_text_size_tablet=&#8221;19px&#8221; button_text_size_phone=&#8221;20px&#8221; button_text_size_last_edited=&#8221;on|tablet&#8221; global_colors_info=&#8221;{}&#8221;][\/et_pb_button][\/et_pb_column][\/et_pb_row][\/et_pb_section]<\/p>\n","protected":false},"excerpt":{"rendered":"<p>LOGICIEL&#8230;<\/p>\n","protected":false},"author":1,"featured_media":0,"parent":8969,"menu_order":0,"comment_status":"closed","ping_status":"closed","template":"","meta":{"_acf_changed":false,"_et_pb_use_builder":"on","_et_pb_old_content":"","_et_gb_content_width":"","footnotes":""},"class_list":["post-8997","page","type-page","status-publish","hentry"],"acf":[],"yoast_head":"<!-- This site is optimized with the Yoast SEO plugin v27.1.1 - https:\/\/yoast.com\/product\/yoast-seo-wordpress\/ -->\n<title>Logiciel s\u00e9curis\u00e9 NF525 - Coiffeur et salon de beaut\u00e9 | Ikosoft<\/title>\n<meta name=\"description\" content=\"D\u00e9couvrez les solutions d\u2019IKOSOFT alliant cloud et s\u00e9curit\u00e9 pour prot\u00e9ger vos donn\u00e9es selon la norme NF 525. B\u00e9n\u00e9ficiez d\u2019une infrastructure fiable, d\u2019un stockage s\u00e9curis\u00e9 et d\u2019options de paiement en ligne s\u00fbres et conformes.\" \/>\n<meta name=\"robots\" content=\"index, follow, max-snippet:-1, max-image-preview:large, max-video-preview:-1\" \/>\n<link rel=\"canonical\" href=\"https:\/\/www2.ikosoft.com\/fr-ca\/caracteristiques\/cloud-et-securite\/\" \/>\n<meta property=\"og:locale\" content=\"fr_CA\" \/>\n<meta property=\"og:type\" content=\"article\" \/>\n<meta property=\"og:title\" content=\"Logiciel s\u00e9curis\u00e9 NF525 - Coiffeur et salon de beaut\u00e9 | Ikosoft\" \/>\n<meta property=\"og:description\" content=\"D\u00e9couvrez les solutions d\u2019IKOSOFT alliant cloud et s\u00e9curit\u00e9 pour prot\u00e9ger vos donn\u00e9es selon la norme NF 525. B\u00e9n\u00e9ficiez d\u2019une infrastructure fiable, d\u2019un stockage s\u00e9curis\u00e9 et d\u2019options de paiement en ligne s\u00fbres et conformes.\" \/>\n<meta property=\"og:url\" content=\"https:\/\/www2.ikosoft.com\/fr-ca\/caracteristiques\/cloud-et-securite\/\" \/>\n<meta property=\"og:site_name\" content=\"ikosoft\" \/>\n<meta property=\"article:publisher\" content=\"https:\/\/www.facebook.com\/IKOSOFT\/\" \/>\n<meta property=\"article:modified_time\" content=\"2025-07-17T12:46:58+00:00\" \/>\n<meta name=\"twitter:card\" content=\"summary_large_image\" \/>\n<meta name=\"twitter:label1\" content=\"Est. reading time\" \/>\n\t<meta name=\"twitter:data1\" content=\"1 minute\" \/>\n<script type=\"application\/ld+json\" class=\"yoast-schema-graph\">{\"@context\":\"https:\/\/schema.org\",\"@graph\":[{\"@type\":\"WebPage\",\"@id\":\"https:\/\/www2.ikosoft.com\/fr-ca\/caracteristiques\/cloud-et-securite\/\",\"url\":\"https:\/\/www2.ikosoft.com\/fr-ca\/caracteristiques\/cloud-et-securite\/\",\"name\":\"Logiciel s\u00e9curis\u00e9 NF525 - Coiffeur et salon de beaut\u00e9 | Ikosoft\",\"isPartOf\":{\"@id\":\"https:\/\/www2.ikosoft.com\/fr-ca\/#website\"},\"datePublished\":\"2025-01-17T10:03:03+00:00\",\"dateModified\":\"2025-07-17T12:46:58+00:00\",\"description\":\"D\u00e9couvrez les solutions d\u2019IKOSOFT alliant cloud et s\u00e9curit\u00e9 pour prot\u00e9ger vos donn\u00e9es selon la norme NF 525. B\u00e9n\u00e9ficiez d\u2019une infrastructure fiable, d\u2019un stockage s\u00e9curis\u00e9 et d\u2019options de paiement en ligne s\u00fbres et conformes.\",\"breadcrumb\":{\"@id\":\"https:\/\/www2.ikosoft.com\/fr-ca\/caracteristiques\/cloud-et-securite\/#breadcrumb\"},\"inLanguage\":\"fr-CA\",\"potentialAction\":[{\"@type\":\"ReadAction\",\"target\":[\"https:\/\/www2.ikosoft.com\/fr-ca\/caracteristiques\/cloud-et-securite\/\"]}]},{\"@type\":\"BreadcrumbList\",\"@id\":\"https:\/\/www2.ikosoft.com\/fr-ca\/caracteristiques\/cloud-et-securite\/#breadcrumb\",\"itemListElement\":[{\"@type\":\"ListItem\",\"position\":1,\"name\":\"Accueil\",\"item\":\"https:\/\/www2.ikosoft.com\/fr-ca\/\"},{\"@type\":\"ListItem\",\"position\":2,\"name\":\"Caract\u00e9ristiques\",\"item\":\"https:\/\/www2.ikosoft.com\/fr-ca\/caracteristiques\/\"},{\"@type\":\"ListItem\",\"position\":3,\"name\":\"CLOUD ET S\u00c9CURIT\u00c9\"}]},{\"@type\":\"WebSite\",\"@id\":\"https:\/\/www2.ikosoft.com\/fr-ca\/#website\",\"url\":\"https:\/\/www2.ikosoft.com\/fr-ca\/\",\"name\":\"Ikosoft\",\"description\":\"Ikosoft Merlin - Logiciel de caisse certifi\u00e9 NF525 et de gestion pour salon de coiffure, institut de beaut\u00e9 et spa\",\"publisher\":{\"@id\":\"https:\/\/www2.ikosoft.com\/fr-ca\/#organization\"},\"potentialAction\":[{\"@type\":\"SearchAction\",\"target\":{\"@type\":\"EntryPoint\",\"urlTemplate\":\"https:\/\/www2.ikosoft.com\/fr-ca\/?s={search_term_string}\"},\"query-input\":{\"@type\":\"PropertyValueSpecification\",\"valueRequired\":true,\"valueName\":\"search_term_string\"}}],\"inLanguage\":\"fr-CA\"},{\"@type\":\"Organization\",\"@id\":\"https:\/\/www2.ikosoft.com\/fr-ca\/#organization\",\"name\":\"Ikosoft\",\"url\":\"https:\/\/www2.ikosoft.com\/fr-ca\/\",\"logo\":{\"@type\":\"ImageObject\",\"inLanguage\":\"fr-CA\",\"@id\":\"https:\/\/www2.ikosoft.com\/fr-ca\/#\/schema\/logo\/image\/\",\"url\":\"https:\/\/www2.ikosoft.com\/app\/uploads\/2025\/03\/logo_2_o.png\",\"contentUrl\":\"https:\/\/www2.ikosoft.com\/app\/uploads\/2025\/03\/logo_2_o.png\",\"width\":1481,\"height\":305,\"caption\":\"Ikosoft\"},\"image\":{\"@id\":\"https:\/\/www2.ikosoft.com\/fr-ca\/#\/schema\/logo\/image\/\"},\"sameAs\":[\"https:\/\/www.facebook.com\/IKOSOFT\/\",\"https:\/\/www.instagram.com\/ikosoft\"]}]}<\/script>\n<!-- \/ Yoast SEO plugin. -->","yoast_head_json":{"title":"Logiciel s\u00e9curis\u00e9 NF525 - Coiffeur et salon de beaut\u00e9 | Ikosoft","description":"D\u00e9couvrez les solutions d\u2019IKOSOFT alliant cloud et s\u00e9curit\u00e9 pour prot\u00e9ger vos donn\u00e9es selon la norme NF 525. B\u00e9n\u00e9ficiez d\u2019une infrastructure fiable, d\u2019un stockage s\u00e9curis\u00e9 et d\u2019options de paiement en ligne s\u00fbres et conformes.","robots":{"index":"index","follow":"follow","max-snippet":"max-snippet:-1","max-image-preview":"max-image-preview:large","max-video-preview":"max-video-preview:-1"},"canonical":"https:\/\/www2.ikosoft.com\/fr-ca\/caracteristiques\/cloud-et-securite\/","og_locale":"fr_CA","og_type":"article","og_title":"Logiciel s\u00e9curis\u00e9 NF525 - Coiffeur et salon de beaut\u00e9 | Ikosoft","og_description":"D\u00e9couvrez les solutions d\u2019IKOSOFT alliant cloud et s\u00e9curit\u00e9 pour prot\u00e9ger vos donn\u00e9es selon la norme NF 525. B\u00e9n\u00e9ficiez d\u2019une infrastructure fiable, d\u2019un stockage s\u00e9curis\u00e9 et d\u2019options de paiement en ligne s\u00fbres et conformes.","og_url":"https:\/\/www2.ikosoft.com\/fr-ca\/caracteristiques\/cloud-et-securite\/","og_site_name":"ikosoft","article_publisher":"https:\/\/www.facebook.com\/IKOSOFT\/","article_modified_time":"2025-07-17T12:46:58+00:00","twitter_card":"summary_large_image","twitter_misc":{"Est. reading time":"1 minute"},"schema":{"@context":"https:\/\/schema.org","@graph":[{"@type":"WebPage","@id":"https:\/\/www2.ikosoft.com\/fr-ca\/caracteristiques\/cloud-et-securite\/","url":"https:\/\/www2.ikosoft.com\/fr-ca\/caracteristiques\/cloud-et-securite\/","name":"Logiciel s\u00e9curis\u00e9 NF525 - Coiffeur et salon de beaut\u00e9 | Ikosoft","isPartOf":{"@id":"https:\/\/www2.ikosoft.com\/fr-ca\/#website"},"datePublished":"2025-01-17T10:03:03+00:00","dateModified":"2025-07-17T12:46:58+00:00","description":"D\u00e9couvrez les solutions d\u2019IKOSOFT alliant cloud et s\u00e9curit\u00e9 pour prot\u00e9ger vos donn\u00e9es selon la norme NF 525. B\u00e9n\u00e9ficiez d\u2019une infrastructure fiable, d\u2019un stockage s\u00e9curis\u00e9 et d\u2019options de paiement en ligne s\u00fbres et conformes.","breadcrumb":{"@id":"https:\/\/www2.ikosoft.com\/fr-ca\/caracteristiques\/cloud-et-securite\/#breadcrumb"},"inLanguage":"fr-CA","potentialAction":[{"@type":"ReadAction","target":["https:\/\/www2.ikosoft.com\/fr-ca\/caracteristiques\/cloud-et-securite\/"]}]},{"@type":"BreadcrumbList","@id":"https:\/\/www2.ikosoft.com\/fr-ca\/caracteristiques\/cloud-et-securite\/#breadcrumb","itemListElement":[{"@type":"ListItem","position":1,"name":"Accueil","item":"https:\/\/www2.ikosoft.com\/fr-ca\/"},{"@type":"ListItem","position":2,"name":"Caract\u00e9ristiques","item":"https:\/\/www2.ikosoft.com\/fr-ca\/caracteristiques\/"},{"@type":"ListItem","position":3,"name":"CLOUD ET S\u00c9CURIT\u00c9"}]},{"@type":"WebSite","@id":"https:\/\/www2.ikosoft.com\/fr-ca\/#website","url":"https:\/\/www2.ikosoft.com\/fr-ca\/","name":"Ikosoft","description":"Ikosoft Merlin - Logiciel de caisse certifi\u00e9 NF525 et de gestion pour salon de coiffure, institut de beaut\u00e9 et spa","publisher":{"@id":"https:\/\/www2.ikosoft.com\/fr-ca\/#organization"},"potentialAction":[{"@type":"SearchAction","target":{"@type":"EntryPoint","urlTemplate":"https:\/\/www2.ikosoft.com\/fr-ca\/?s={search_term_string}"},"query-input":{"@type":"PropertyValueSpecification","valueRequired":true,"valueName":"search_term_string"}}],"inLanguage":"fr-CA"},{"@type":"Organization","@id":"https:\/\/www2.ikosoft.com\/fr-ca\/#organization","name":"Ikosoft","url":"https:\/\/www2.ikosoft.com\/fr-ca\/","logo":{"@type":"ImageObject","inLanguage":"fr-CA","@id":"https:\/\/www2.ikosoft.com\/fr-ca\/#\/schema\/logo\/image\/","url":"https:\/\/www2.ikosoft.com\/app\/uploads\/2025\/03\/logo_2_o.png","contentUrl":"https:\/\/www2.ikosoft.com\/app\/uploads\/2025\/03\/logo_2_o.png","width":1481,"height":305,"caption":"Ikosoft"},"image":{"@id":"https:\/\/www2.ikosoft.com\/fr-ca\/#\/schema\/logo\/image\/"},"sameAs":["https:\/\/www.facebook.com\/IKOSOFT\/","https:\/\/www.instagram.com\/ikosoft"]}]}},"_links":{"self":[{"href":"https:\/\/www2.ikosoft.com\/fr-ca\/wp-json\/wp\/v2\/pages\/8997","targetHints":{"allow":["GET"]}}],"collection":[{"href":"https:\/\/www2.ikosoft.com\/fr-ca\/wp-json\/wp\/v2\/pages"}],"about":[{"href":"https:\/\/www2.ikosoft.com\/fr-ca\/wp-json\/wp\/v2\/types\/page"}],"author":[{"embeddable":true,"href":"https:\/\/www2.ikosoft.com\/fr-ca\/wp-json\/wp\/v2\/users\/1"}],"replies":[{"embeddable":true,"href":"https:\/\/www2.ikosoft.com\/fr-ca\/wp-json\/wp\/v2\/comments?post=8997"}],"version-history":[{"count":4,"href":"https:\/\/www2.ikosoft.com\/fr-ca\/wp-json\/wp\/v2\/pages\/8997\/revisions"}],"predecessor-version":[{"id":9145,"href":"https:\/\/www2.ikosoft.com\/fr-ca\/wp-json\/wp\/v2\/pages\/8997\/revisions\/9145"}],"up":[{"embeddable":true,"href":"https:\/\/www2.ikosoft.com\/fr-ca\/wp-json\/wp\/v2\/pages\/8969"}],"wp:attachment":[{"href":"https:\/\/www2.ikosoft.com\/fr-ca\/wp-json\/wp\/v2\/media?parent=8997"}],"curies":[{"name":"wp","href":"https:\/\/api.w.org\/{rel}","templated":true}]}}