{"id":8985,"date":"2025-01-13T17:49:45","date_gmt":"2025-01-13T16:49:45","guid":{"rendered":"https:\/\/www2.ikosoft.com\/caracteristiques\/analyse-des-activites\/"},"modified":"2025-08-28T14:07:10","modified_gmt":"2025-08-28T12:07:10","slug":"analyse-des-activites","status":"publish","type":"page","link":"https:\/\/www2.ikosoft.com\/fr-ca\/caracteristiques\/analyse-des-activites\/","title":{"rendered":"Analyse des activit\u00e9s"},"content":{"rendered":"<p>[et_pb_section fb_built=&#8221;1&#8243; _builder_version=&#8221;4.27.4&#8243; _module_preset=&#8221;default&#8221; width=&#8221;100%&#8221; max_width=&#8221;100%&#8221; min_height=&#8221;13px&#8221; height=&#8221;100px&#8221; max_height=&#8221;100px&#8221; custom_padding=&#8221;0px||0px||false|false&#8221; global_colors_info=&#8221;{}&#8221;][et_pb_row module_id=&#8221;iko-page-titles&#8221; _builder_version=&#8221;4.27.4&#8243; _module_preset=&#8221;default&#8221; width=&#8221;100%&#8221; max_width=&#8221;100%&#8221; module_alignment=&#8221;center&#8221; min_height=&#8221;100px&#8221; height=&#8221;100px&#8221; custom_padding=&#8221;0px||0px|||&#8221; custom_css_free_form=&#8221;||&#8221; global_colors_info=&#8221;{}&#8221;][et_pb_column type=&#8221;4_4&#8243; _builder_version=&#8221;4.27.4&#8243; _module_preset=&#8221;default&#8221; custom_padding=&#8221;0px||||false|false&#8221; global_colors_info=&#8221;{}&#8221;][et_pb_text _builder_version=&#8221;4.27.4&#8243; _module_preset=&#8221;default&#8221; text_text_color=&#8221;#FFFFFF&#8221; text_font_size=&#8221;30px&#8221; background_color=&#8221;#ed5946&#8243; text_orientation=&#8221;center&#8221; min_height=&#8221;97.6px&#8221; custom_margin=&#8221;||-1px||false|false&#8221; custom_margin_tablet=&#8221;||0px||false|false&#8221; custom_margin_phone=&#8221;||0px||false|false&#8221; custom_margin_last_edited=&#8221;on|phone&#8221; custom_padding=&#8221;25px||0px||false|false&#8221; custom_padding_tablet=&#8221;22px||9px||false|false&#8221; custom_padding_phone=&#8221;10px||0px||false|false&#8221; custom_padding_last_edited=&#8221;on|phone&#8221; global_colors_info=&#8221;{}&#8221;]<\/p>\n<h1 style=\"text-align: center;\">LOGICIEL DE SUIVI STATISTIQUE DE L\u2019ACTIVIT\u00c9 POUR LES COIFFEURS ET LES SALONS DE BEAUT\u00c9<\/h1>\n<p>[\/et_pb_text][\/et_pb_column][\/et_pb_row][\/et_pb_section][et_pb_section fb_built=&#8221;1&#8243; _builder_version=&#8221;4.27.4&#8243; _module_preset=&#8221;default&#8221; custom_padding=&#8221;3px||6px|||&#8221; global_colors_info=&#8221;{}&#8221;][et_pb_row _builder_version=&#8221;4.27.4&#8243; _module_preset=&#8221;default&#8221; max_width=&#8221;1308px&#8221; custom_padding=&#8221;50px||10px|2px||&#8221; global_colors_info=&#8221;{}&#8221;][et_pb_column type=&#8221;4_4&#8243; _builder_version=&#8221;4.27.4&#8243; _module_preset=&#8221;default&#8221; global_colors_info=&#8221;{}&#8221;][et_pb_text _builder_version=&#8221;4.27.4&#8243; _module_preset=&#8221;default&#8221; text_font=&#8221;DIN Condensed Bold|700|||||||&#8221; text_font_size=&#8221;30px&#8221; text_line_height=&#8221;1.1em&#8221; header_font_size=&#8221;36px&#8221; header_2_text_color=&#8221;#000000&#8243; header_2_font_size=&#8221;50px&#8221; width=&#8221;82%&#8221; module_alignment=&#8221;center&#8221; min_height=&#8221;0px&#8221; custom_margin=&#8221;||13px|||&#8221; custom_margin_tablet=&#8221;41px||||false|false&#8221; custom_margin_phone=&#8221;&#8221; custom_margin_last_edited=&#8221;on|tablet&#8221; custom_padding=&#8221;|0px||8px||&#8221; custom_padding_tablet=&#8221;|31px||31px|false|false&#8221; custom_padding_phone=&#8221;|12px||12px|false|false&#8221; custom_padding_last_edited=&#8221;on|phone&#8221; global_colors_info=&#8221;{}&#8221;]<\/p>\n<h2 style=\"text-align: center;\">Suivez facilement les performances de votre salon avec MONEY COLOR<span>\u00a9<\/span> et comparez vos r\u00e9sultats \u00e0 ceux du PANEL.<\/h2>\n<p>[\/et_pb_text][et_pb_text _builder_version=&#8221;4.27.4&#8243; _module_preset=&#8221;default&#8221; text_font=&#8221;DIN Altenate Bold|700|||||||&#8221; text_font_size=&#8221;22px&#8221; text_line_height=&#8221;1.1em&#8221; header_font_size=&#8221;36px&#8221; header_2_text_color=&#8221;#000000&#8243; header_2_font_size=&#8221;50px&#8221; width=&#8221;82%&#8221; module_alignment=&#8221;center&#8221; min_height=&#8221;0px&#8221; custom_margin=&#8221;31px||18px|||&#8221; custom_margin_tablet=&#8221;&#8221; custom_margin_phone=&#8221;&#8221; custom_margin_last_edited=&#8221;on|tablet&#8221; custom_padding=&#8221;|0px||8px||&#8221; custom_padding_tablet=&#8221;|31px||31px|false|false&#8221; custom_padding_phone=&#8221;|15px||15px|false|false&#8221; custom_padding_last_edited=&#8221;on|phone&#8221; global_colors_info=&#8221;{}&#8221;]<\/p>\n<h3 style=\"text-align: center;\">Deux outils s\u2019offrent \u00e0 vous pour analyser votre rentabilit\u00e9.<\/h3>\n<p>[\/et_pb_text][et_pb_text _builder_version=&#8221;4.27.4&#8243; _module_preset=&#8221;default&#8221; text_font=&#8221;DIN Condensed Bold||||||||&#8221; text_text_color=&#8221;#ed5946&#8243; text_font_size=&#8221;36px&#8221; text_letter_spacing=&#8221;1px&#8221; text_line_height=&#8221;1.3em&#8221; header_text_align=&#8221;center&#8221; header_font_size=&#8221;36px&#8221; header_2_text_align=&#8221;center&#8221; header_3_font_size=&#8221;36px&#8221; header_4_font_size=&#8221;36px&#8221; text_orientation=&#8221;center&#8221; width=&#8221;100%&#8221; custom_margin=&#8221;40px|||||&#8221; custom_padding=&#8221;|118px||118px|false|false&#8221; custom_padding_tablet=&#8221;|100px||100px|false|false&#8221; custom_padding_phone=&#8221;|12px||12px|false|false&#8221; custom_padding_last_edited=&#8221;on|tablet&#8221; global_colors_info=&#8221;{}&#8221;]<\/p>\n<h4 style=\"text-align: center;\">V\u00e9rifiez la sant\u00e9 de votre salon en un clin d\u2019\u0153il!<\/h4>\n<p>[\/et_pb_text][\/et_pb_column][\/et_pb_row][\/et_pb_section][et_pb_section fb_built=&#8221;1&#8243; _builder_version=&#8221;4.27.4&#8243; _module_preset=&#8221;default&#8221; custom_padding=&#8221;3px||1px|||&#8221; global_colors_info=&#8221;{}&#8221;][et_pb_row column_structure=&#8221;1_2,1_2&#8243; _builder_version=&#8221;4.27.4&#8243; _module_preset=&#8221;default&#8221; width=&#8221;100%&#8221; max_width=&#8221;1300px&#8221; custom_margin=&#8221;10px|auto||auto||&#8221; custom_padding=&#8221;6px||2px|||&#8221; global_colors_info=&#8221;{}&#8221;][et_pb_column type=&#8221;1_2&#8243; _builder_version=&#8221;4.27.4&#8243; _module_preset=&#8221;default&#8221; global_colors_info=&#8221;{}&#8221;][et_pb_image src=&#8221;https:\/\/www2.ikosoft.com\/app\/uploads\/2025\/08\/mockup_monet_color_coiffure-copie.webp&#8221; alt=&#8221;maquette-argent-couleur&#8221; title_text=&#8221;mockup_monet_color_coiffure copie&#8221; force_fullwidth=&#8221;on&#8221; _builder_version=&#8221;4.27.4&#8243; _module_preset=&#8221;default&#8221; min_height=&#8221;1005%&#8221; min_height_tablet=&#8221;1005%&#8221; min_height_phone=&#8221;1005%&#8221; min_height_last_edited=&#8221;on|phone&#8221; custom_margin=&#8221;3px|-91px||2px||&#8221; custom_margin_tablet=&#8221;3px|-91px||2px||&#8221; custom_margin_phone=&#8221;auto|auto|auto|auto|false|false&#8221; custom_margin_last_edited=&#8221;on|phone&#8221; custom_padding=&#8221;|0px|0px|0px||&#8221; custom_padding_tablet=&#8221;0px|40px|0px|23px|false|false&#8221; custom_padding_phone=&#8221;0px|24px|0px|23px|false|false&#8221; custom_padding_last_edited=&#8221;on|tablet&#8221; global_colors_info=&#8221;{}&#8221;][\/et_pb_image][\/et_pb_column][et_pb_column type=&#8221;1_2&#8243; _builder_version=&#8221;4.27.4&#8243; _module_preset=&#8221;default&#8221; global_colors_info=&#8221;{}&#8221;][et_pb_text _builder_version=&#8221;4.27.4&#8243; _module_preset=&#8221;default&#8221; text_font=&#8221;DIN Altenate Bold||||||||&#8221; text_font_size=&#8221;22px&#8221; text_line_height=&#8221;1.3em&#8221; header_font=&#8221;DIN Condensed Bold|700|||||||&#8221; header_2_font=&#8221;DIN Condensed Bold|700|||||||&#8221; header_2_font_size=&#8221;47px&#8221; custom_margin_tablet=&#8221;||-73px||false|false&#8221; custom_margin_phone=&#8221;||-73px||false|false&#8221; custom_margin_last_edited=&#8221;on|phone&#8221; custom_padding=&#8221;10px|53px|0px|34px|false|false&#8221; custom_padding_tablet=&#8221;|50px||50px|false|false&#8221; custom_padding_phone=&#8221;|50px||50px|false|false&#8221; custom_padding_last_edited=&#8221;on|tablet&#8221; text_font_size_tablet=&#8221;22px&#8221; text_font_size_phone=&#8221;18px&#8221; text_font_size_last_edited=&#8221;on|phone&#8221; global_colors_info=&#8221;{}&#8221;]<\/p>\n<h2>COULEUR <span>\u00a9 <\/span> DE L\u2019ARGENT : observez la rentabilit\u00e9 de votre salon.<\/h2>\n<p>&nbsp;<\/p>\n<p data-start=\"86\" data-end=\"204\" class=\"\"><strong data-start=\"86\" data-end=\"204\">Votre agenda est color\u00e9 en fonction de la rentabilit\u00e9 de vos services gr\u00e2ce \u00e0 un syst\u00e8me d\u2019indicateurs color\u00e9s :<\/strong><\/p>\n<ul data-start=\"206\" data-end=\"362\">\n<li data-start=\"206\" data-end=\"247\" class=\"\">\n<p data-start=\"208\" data-end=\"247\" class=\"\"><strong data-start=\"208\" data-end=\"216\">Gris<\/strong> : Rentabilit\u00e9 non calculable<\/p>\n<\/li>\n<li data-start=\"248\" data-end=\"283\" class=\"\">\n<p data-start=\"250\" data-end=\"283\" class=\"\"><strong data-start=\"250\" data-end=\"259\">Jaune<\/strong> : Rentabilit\u00e9 moyenne<\/p>\n<\/li>\n<li data-start=\"284\" data-end=\"318\" class=\"\">\n<p data-start=\"286\" data-end=\"318\" class=\"\"><strong data-start=\"286\" data-end=\"295\">Rouge<\/strong> : Faible rentabilit\u00e9<\/p>\n<\/li>\n<li data-start=\"319\" data-end=\"362\" class=\"\">\n<p data-start=\"321\" data-end=\"362\" class=\"\"><strong data-start=\"321\" data-end=\"329\">Vert<\/strong> : Rentabilit\u00e9 bonne \u00e0 excellente<\/p>\n<\/li>\n<\/ul>\n<p>&nbsp;<\/p>\n<p>[\/et_pb_text][\/et_pb_column][\/et_pb_row][\/et_pb_section][et_pb_section fb_built=&#8221;1&#8243; _builder_version=&#8221;4.27.4&#8243; _module_preset=&#8221;default&#8221; custom_padding=&#8221;3px||1px|||&#8221; global_colors_info=&#8221;{}&#8221;][et_pb_row column_structure=&#8221;1_2,1_2&#8243; custom_padding_last_edited=&#8221;on|tablet&#8221; _builder_version=&#8221;4.27.4&#8243; _module_preset=&#8221;default&#8221; width=&#8221;100%&#8221; max_width=&#8221;1300px&#8221; custom_padding=&#8221;26px||26px||false|false&#8221; custom_padding_tablet=&#8221;26px||26px||false|false&#8221; custom_padding_phone=&#8221;26px||26px||false|false&#8221; global_colors_info=&#8221;{}&#8221;][et_pb_column type=&#8221;1_2&#8243; _builder_version=&#8221;4.27.4&#8243; _module_preset=&#8221;default&#8221; global_colors_info=&#8221;{}&#8221;][et_pb_text _builder_version=&#8221;4.27.4&#8243; _module_preset=&#8221;default&#8221; text_font=&#8221;DIN Altenate Bold||||||||&#8221; text_font_size=&#8221;22px&#8221; text_line_height=&#8221;1.3em&#8221; header_font=&#8221;DIN Condensed Bold|700|||||||&#8221; header_2_font=&#8221;DIN Condensed Bold|700|||||||&#8221; header_2_font_size=&#8221;47px&#8221; custom_margin_tablet=&#8221;|0px|-8px||false|false&#8221; custom_margin_phone=&#8221;|0px|-8px||false|false&#8221; custom_margin_last_edited=&#8221;on|tablet&#8221; custom_padding=&#8221;49px|64px||||&#8221; custom_padding_tablet=&#8221;33px|50px||50px|false|false&#8221; custom_padding_phone=&#8221;33px|50px||50px|false|false&#8221; custom_padding_last_edited=&#8221;on|phone&#8221; text_font_size_tablet=&#8221;22px&#8221; text_font_size_phone=&#8221;18px&#8221; text_font_size_last_edited=&#8221;on|phone&#8221; global_colors_info=&#8221;{}&#8221;]<\/p>\n<h2>Gr\u00e2ce \u00e0 l\u2019outil PANEL inclus dans votre abonnement :<\/h2>\n<p>&nbsp;<\/p>\n<p>Comparez vos donn\u00e9es de mani\u00e8re anonyme et situez votre salon sur le march\u00e9.<\/p>\n<p>Profitez d\u2019analyses approfondies avec des outils visuels tels que des graphiques et des courbes, ainsi que des statistiques sur la fr\u00e9quence des visites, les clients et les services rendus par vos employ\u00e9s.<\/p>\n<p>[\/et_pb_text][\/et_pb_column][et_pb_column type=&#8221;1_2&#8243; _builder_version=&#8221;4.27.4&#8243; _module_preset=&#8221;default&#8221; global_colors_info=&#8221;{}&#8221;][et_pb_image src=&#8221;https:\/\/www2.ikosoft.com\/app\/uploads\/2025\/08\/mockup_tablette_merlin_audit-copie.png&#8221; title_text=&#8221;mockup_tablette_merlin_audit copie&#8221; force_fullwidth=&#8221;on&#8221; _builder_version=&#8221;4.27.4&#8243; _module_preset=&#8221;default&#8221; min_height=&#8221;1005%&#8221; custom_margin=&#8221;|-91px||2px||&#8221; custom_margin_tablet=&#8221;3px|-91px||2px|false|false&#8221; custom_margin_phone=&#8221;3px|-91px||2px|false|false&#8221; custom_margin_last_edited=&#8221;on|tablet&#8221; custom_padding=&#8221;|0px|0px|0px||&#8221; custom_padding_tablet=&#8221;|40px||23px|false|false&#8221; custom_padding_phone=&#8221;|40px||23px|false|false&#8221; custom_padding_last_edited=&#8221;on|tablet&#8221; hover_enabled=&#8221;0&#8243; global_colors_info=&#8221;{}&#8221; alt=&#8221;maquette-tablette-merlin-audit&#8221; sticky_enabled=&#8221;0&#8243;][\/et_pb_image][\/et_pb_column][\/et_pb_row][\/et_pb_section][et_pb_section fb_built=&#8221;1&#8243; _builder_version=&#8221;4.27.4&#8243; _module_preset=&#8221;default&#8221; custom_margin=&#8221;||35px|||&#8221; custom_padding=&#8221;4px||5px|||&#8221; global_colors_info=&#8221;{}&#8221;][et_pb_row _builder_version=&#8221;4.27.4&#8243; _module_preset=&#8221;default&#8221; custom_margin=&#8221;|auto|1px|auto||&#8221; custom_padding=&#8221;0px||0px|||&#8221; global_colors_info=&#8221;{}&#8221;][et_pb_column type=&#8221;4_4&#8243; _builder_version=&#8221;4.27.4&#8243; _module_preset=&#8221;default&#8221; global_colors_info=&#8221;{}&#8221;][et_pb_button button_url=&#8221;https:\/\/www2.ikosoft.com\/fr-ca\/contact\/&#8221; button_text=&#8221;D\u00e9couvrez Merlin!  &#8221; button_alignment=&#8221;center&#8221; _builder_version=&#8221;4.27.4&#8243; _module_preset=&#8221;default&#8221; custom_button=&#8221;on&#8221; button_text_color=&#8221;#FFFFFF&#8221; button_bg_color=&#8221;#ed5946&#8243; button_border_radius=&#8221;31px&#8221; global_colors_info=&#8221;{}&#8221;][\/et_pb_button][\/et_pb_column][\/et_pb_row][\/et_pb_section]<\/p>\n","protected":false},"excerpt":{"rendered":"<p>LOGICIEL&#8230;<\/p>\n","protected":false},"author":1,"featured_media":0,"parent":8969,"menu_order":0,"comment_status":"closed","ping_status":"closed","template":"","meta":{"_acf_changed":false,"_et_pb_use_builder":"on","_et_pb_old_content":"","_et_gb_content_width":"","footnotes":""},"class_list":["post-8985","page","type-page","status-publish","hentry"],"acf":[],"yoast_head":"<!-- This site is optimized with the Yoast SEO plugin v27.1.1 - https:\/\/yoast.com\/product\/yoast-seo-wordpress\/ -->\n<title>Logiciel de suivi d\u2019activit\u00e9 pour les coiffeurs et les salons de beaut\u00e9 | Ikosoft<\/title>\n<meta name=\"description\" content=\"Logiciel d\u2019analyse d\u2019activit\u00e9 et toutes les fonctionnalit\u00e9s de Merlin : Analyse d\u2019activit\u00e9, Collecte, Dossier client s\u00e9curis\u00e9, Employ\u00e9s, Stock, Calendrier intelligent, R\u00e9servation en ligne, Communication, Gestion d\u2019activit\u00e9 et s\u00e9curit\u00e9.\" \/>\n<meta name=\"robots\" content=\"index, follow, max-snippet:-1, max-image-preview:large, max-video-preview:-1\" \/>\n<link rel=\"canonical\" href=\"https:\/\/www2.ikosoft.com\/fr-ca\/caracteristiques\/analyse-des-activites\/\" \/>\n<meta property=\"og:locale\" content=\"fr_CA\" \/>\n<meta property=\"og:type\" content=\"article\" \/>\n<meta property=\"og:title\" content=\"Logiciel de suivi d\u2019activit\u00e9 pour les coiffeurs et les salons de beaut\u00e9 | Ikosoft\" \/>\n<meta property=\"og:description\" content=\"Logiciel d\u2019analyse d\u2019activit\u00e9 et toutes les fonctionnalit\u00e9s de Merlin : Analyse d\u2019activit\u00e9, Collecte, Dossier client s\u00e9curis\u00e9, Employ\u00e9s, Stock, Calendrier intelligent, R\u00e9servation en ligne, Communication, Gestion d\u2019activit\u00e9 et s\u00e9curit\u00e9.\" \/>\n<meta property=\"og:url\" content=\"https:\/\/www2.ikosoft.com\/fr-ca\/caracteristiques\/analyse-des-activites\/\" \/>\n<meta property=\"og:site_name\" content=\"ikosoft\" \/>\n<meta property=\"article:publisher\" content=\"https:\/\/www.facebook.com\/IKOSOFT\/\" \/>\n<meta property=\"article:modified_time\" content=\"2025-08-28T12:07:10+00:00\" \/>\n<meta name=\"twitter:card\" content=\"summary_large_image\" \/>\n<meta name=\"twitter:label1\" content=\"Est. reading time\" \/>\n\t<meta name=\"twitter:data1\" content=\"7 minutes\" \/>\n<script type=\"application\/ld+json\" class=\"yoast-schema-graph\">{\"@context\":\"https:\/\/schema.org\",\"@graph\":[{\"@type\":\"WebPage\",\"@id\":\"https:\/\/www2.ikosoft.com\/fr-ca\/caracteristiques\/analyse-des-activites\/\",\"url\":\"https:\/\/www2.ikosoft.com\/fr-ca\/caracteristiques\/analyse-des-activites\/\",\"name\":\"Logiciel de suivi d\u2019activit\u00e9 pour les coiffeurs et les salons de beaut\u00e9 | Ikosoft\",\"isPartOf\":{\"@id\":\"https:\/\/www2.ikosoft.com\/fr-ca\/#website\"},\"datePublished\":\"2025-01-13T16:49:45+00:00\",\"dateModified\":\"2025-08-28T12:07:10+00:00\",\"description\":\"Logiciel d\u2019analyse d\u2019activit\u00e9 et toutes les fonctionnalit\u00e9s de Merlin : Analyse d\u2019activit\u00e9, Collecte, Dossier client s\u00e9curis\u00e9, Employ\u00e9s, Stock, Calendrier intelligent, R\u00e9servation en ligne, Communication, Gestion d\u2019activit\u00e9 et s\u00e9curit\u00e9.\",\"breadcrumb\":{\"@id\":\"https:\/\/www2.ikosoft.com\/fr-ca\/caracteristiques\/analyse-des-activites\/#breadcrumb\"},\"inLanguage\":\"fr-CA\",\"potentialAction\":[{\"@type\":\"ReadAction\",\"target\":[\"https:\/\/www2.ikosoft.com\/fr-ca\/caracteristiques\/analyse-des-activites\/\"]}]},{\"@type\":\"BreadcrumbList\",\"@id\":\"https:\/\/www2.ikosoft.com\/fr-ca\/caracteristiques\/analyse-des-activites\/#breadcrumb\",\"itemListElement\":[{\"@type\":\"ListItem\",\"position\":1,\"name\":\"Accueil\",\"item\":\"https:\/\/www2.ikosoft.com\/fr-ca\/\"},{\"@type\":\"ListItem\",\"position\":2,\"name\":\"Caract\u00e9ristiques\",\"item\":\"https:\/\/www2.ikosoft.com\/fr-ca\/caracteristiques\/\"},{\"@type\":\"ListItem\",\"position\":3,\"name\":\"Analyse des activit\u00e9s\"}]},{\"@type\":\"WebSite\",\"@id\":\"https:\/\/www2.ikosoft.com\/fr-ca\/#website\",\"url\":\"https:\/\/www2.ikosoft.com\/fr-ca\/\",\"name\":\"Ikosoft\",\"description\":\"Ikosoft Merlin - Logiciel de caisse certifi\u00e9 NF525 et de gestion pour salon de coiffure, institut de beaut\u00e9 et spa\",\"publisher\":{\"@id\":\"https:\/\/www2.ikosoft.com\/fr-ca\/#organization\"},\"potentialAction\":[{\"@type\":\"SearchAction\",\"target\":{\"@type\":\"EntryPoint\",\"urlTemplate\":\"https:\/\/www2.ikosoft.com\/fr-ca\/?s={search_term_string}\"},\"query-input\":{\"@type\":\"PropertyValueSpecification\",\"valueRequired\":true,\"valueName\":\"search_term_string\"}}],\"inLanguage\":\"fr-CA\"},{\"@type\":\"Organization\",\"@id\":\"https:\/\/www2.ikosoft.com\/fr-ca\/#organization\",\"name\":\"Ikosoft\",\"url\":\"https:\/\/www2.ikosoft.com\/fr-ca\/\",\"logo\":{\"@type\":\"ImageObject\",\"inLanguage\":\"fr-CA\",\"@id\":\"https:\/\/www2.ikosoft.com\/fr-ca\/#\/schema\/logo\/image\/\",\"url\":\"https:\/\/www2.ikosoft.com\/app\/uploads\/2025\/03\/logo_2_o.png\",\"contentUrl\":\"https:\/\/www2.ikosoft.com\/app\/uploads\/2025\/03\/logo_2_o.png\",\"width\":1481,\"height\":305,\"caption\":\"Ikosoft\"},\"image\":{\"@id\":\"https:\/\/www2.ikosoft.com\/fr-ca\/#\/schema\/logo\/image\/\"},\"sameAs\":[\"https:\/\/www.facebook.com\/IKOSOFT\/\",\"https:\/\/www.instagram.com\/ikosoft\"]}]}<\/script>\n<!-- \/ Yoast SEO plugin. -->","yoast_head_json":{"title":"Logiciel de suivi d\u2019activit\u00e9 pour les coiffeurs et les salons de beaut\u00e9 | Ikosoft","description":"Logiciel d\u2019analyse d\u2019activit\u00e9 et toutes les fonctionnalit\u00e9s de Merlin : Analyse d\u2019activit\u00e9, Collecte, Dossier client s\u00e9curis\u00e9, Employ\u00e9s, Stock, Calendrier intelligent, R\u00e9servation en ligne, Communication, Gestion d\u2019activit\u00e9 et s\u00e9curit\u00e9.","robots":{"index":"index","follow":"follow","max-snippet":"max-snippet:-1","max-image-preview":"max-image-preview:large","max-video-preview":"max-video-preview:-1"},"canonical":"https:\/\/www2.ikosoft.com\/fr-ca\/caracteristiques\/analyse-des-activites\/","og_locale":"fr_CA","og_type":"article","og_title":"Logiciel de suivi d\u2019activit\u00e9 pour les coiffeurs et les salons de beaut\u00e9 | Ikosoft","og_description":"Logiciel d\u2019analyse d\u2019activit\u00e9 et toutes les fonctionnalit\u00e9s de Merlin : Analyse d\u2019activit\u00e9, Collecte, Dossier client s\u00e9curis\u00e9, Employ\u00e9s, Stock, Calendrier intelligent, R\u00e9servation en ligne, Communication, Gestion d\u2019activit\u00e9 et s\u00e9curit\u00e9.","og_url":"https:\/\/www2.ikosoft.com\/fr-ca\/caracteristiques\/analyse-des-activites\/","og_site_name":"ikosoft","article_publisher":"https:\/\/www.facebook.com\/IKOSOFT\/","article_modified_time":"2025-08-28T12:07:10+00:00","twitter_card":"summary_large_image","twitter_misc":{"Est. reading time":"7 minutes"},"schema":{"@context":"https:\/\/schema.org","@graph":[{"@type":"WebPage","@id":"https:\/\/www2.ikosoft.com\/fr-ca\/caracteristiques\/analyse-des-activites\/","url":"https:\/\/www2.ikosoft.com\/fr-ca\/caracteristiques\/analyse-des-activites\/","name":"Logiciel de suivi d\u2019activit\u00e9 pour les coiffeurs et les salons de beaut\u00e9 | Ikosoft","isPartOf":{"@id":"https:\/\/www2.ikosoft.com\/fr-ca\/#website"},"datePublished":"2025-01-13T16:49:45+00:00","dateModified":"2025-08-28T12:07:10+00:00","description":"Logiciel d\u2019analyse d\u2019activit\u00e9 et toutes les fonctionnalit\u00e9s de Merlin : Analyse d\u2019activit\u00e9, Collecte, Dossier client s\u00e9curis\u00e9, Employ\u00e9s, Stock, Calendrier intelligent, R\u00e9servation en ligne, Communication, Gestion d\u2019activit\u00e9 et s\u00e9curit\u00e9.","breadcrumb":{"@id":"https:\/\/www2.ikosoft.com\/fr-ca\/caracteristiques\/analyse-des-activites\/#breadcrumb"},"inLanguage":"fr-CA","potentialAction":[{"@type":"ReadAction","target":["https:\/\/www2.ikosoft.com\/fr-ca\/caracteristiques\/analyse-des-activites\/"]}]},{"@type":"BreadcrumbList","@id":"https:\/\/www2.ikosoft.com\/fr-ca\/caracteristiques\/analyse-des-activites\/#breadcrumb","itemListElement":[{"@type":"ListItem","position":1,"name":"Accueil","item":"https:\/\/www2.ikosoft.com\/fr-ca\/"},{"@type":"ListItem","position":2,"name":"Caract\u00e9ristiques","item":"https:\/\/www2.ikosoft.com\/fr-ca\/caracteristiques\/"},{"@type":"ListItem","position":3,"name":"Analyse des activit\u00e9s"}]},{"@type":"WebSite","@id":"https:\/\/www2.ikosoft.com\/fr-ca\/#website","url":"https:\/\/www2.ikosoft.com\/fr-ca\/","name":"Ikosoft","description":"Ikosoft Merlin - Logiciel de caisse certifi\u00e9 NF525 et de gestion pour salon de coiffure, institut de beaut\u00e9 et spa","publisher":{"@id":"https:\/\/www2.ikosoft.com\/fr-ca\/#organization"},"potentialAction":[{"@type":"SearchAction","target":{"@type":"EntryPoint","urlTemplate":"https:\/\/www2.ikosoft.com\/fr-ca\/?s={search_term_string}"},"query-input":{"@type":"PropertyValueSpecification","valueRequired":true,"valueName":"search_term_string"}}],"inLanguage":"fr-CA"},{"@type":"Organization","@id":"https:\/\/www2.ikosoft.com\/fr-ca\/#organization","name":"Ikosoft","url":"https:\/\/www2.ikosoft.com\/fr-ca\/","logo":{"@type":"ImageObject","inLanguage":"fr-CA","@id":"https:\/\/www2.ikosoft.com\/fr-ca\/#\/schema\/logo\/image\/","url":"https:\/\/www2.ikosoft.com\/app\/uploads\/2025\/03\/logo_2_o.png","contentUrl":"https:\/\/www2.ikosoft.com\/app\/uploads\/2025\/03\/logo_2_o.png","width":1481,"height":305,"caption":"Ikosoft"},"image":{"@id":"https:\/\/www2.ikosoft.com\/fr-ca\/#\/schema\/logo\/image\/"},"sameAs":["https:\/\/www.facebook.com\/IKOSOFT\/","https:\/\/www.instagram.com\/ikosoft"]}]}},"_links":{"self":[{"href":"https:\/\/www2.ikosoft.com\/fr-ca\/wp-json\/wp\/v2\/pages\/8985","targetHints":{"allow":["GET"]}}],"collection":[{"href":"https:\/\/www2.ikosoft.com\/fr-ca\/wp-json\/wp\/v2\/pages"}],"about":[{"href":"https:\/\/www2.ikosoft.com\/fr-ca\/wp-json\/wp\/v2\/types\/page"}],"author":[{"embeddable":true,"href":"https:\/\/www2.ikosoft.com\/fr-ca\/wp-json\/wp\/v2\/users\/1"}],"replies":[{"embeddable":true,"href":"https:\/\/www2.ikosoft.com\/fr-ca\/wp-json\/wp\/v2\/comments?post=8985"}],"version-history":[{"count":14,"href":"https:\/\/www2.ikosoft.com\/fr-ca\/wp-json\/wp\/v2\/pages\/8985\/revisions"}],"predecessor-version":[{"id":10145,"href":"https:\/\/www2.ikosoft.com\/fr-ca\/wp-json\/wp\/v2\/pages\/8985\/revisions\/10145"}],"up":[{"embeddable":true,"href":"https:\/\/www2.ikosoft.com\/fr-ca\/wp-json\/wp\/v2\/pages\/8969"}],"wp:attachment":[{"href":"https:\/\/www2.ikosoft.com\/fr-ca\/wp-json\/wp\/v2\/media?parent=8985"}],"curies":[{"name":"wp","href":"https:\/\/api.w.org\/{rel}","templated":true}]}}