{"id":10491,"date":"2025-03-11T14:57:39","date_gmt":"2025-03-11T13:57:39","guid":{"rendered":"https:\/\/www2.ikosoft.com\/caracteristiques\/marketing-demballage\/"},"modified":"2025-08-28T15:01:48","modified_gmt":"2025-08-28T13:01:48","slug":"marketing-demballage","status":"publish","type":"page","link":"https:\/\/www2.ikosoft.com\/fr-ca\/caracteristiques\/marketing-demballage\/","title":{"rendered":"Marketing d\u2019emballage"},"content":{"rendered":"<p>[et_pb_section fb_built=&#8221;1&#8243; _builder_version=&#8221;4.27.4&#8243; _module_preset=&#8221;default&#8221; width=&#8221;100%&#8221; max_width=&#8221;100%&#8221; min_height=&#8221;13px&#8221; height=&#8221;100px&#8221; max_height=&#8221;100px&#8221; custom_padding=&#8221;0px||0px||false|false&#8221; global_colors_info=&#8221;{}&#8221;][et_pb_row module_id=&#8221;iko-page-titles&#8221; _builder_version=&#8221;4.27.4&#8243; _module_preset=&#8221;default&#8221; width=&#8221;100%&#8221; max_width=&#8221;100%&#8221; module_alignment=&#8221;center&#8221; min_height=&#8221;100px&#8221; height=&#8221;100px&#8221; custom_padding=&#8221;0px||0px|||&#8221; custom_css_free_form=&#8221;||&#8221; global_colors_info=&#8221;{}&#8221;][et_pb_column type=&#8221;4_4&#8243; _builder_version=&#8221;4.27.4&#8243; _module_preset=&#8221;default&#8221; custom_padding=&#8221;0px||||false|false&#8221; global_colors_info=&#8221;{}&#8221;][et_pb_text _builder_version=&#8221;4.27.4&#8243; _module_preset=&#8221;default&#8221; text_text_color=&#8221;#FFFFFF&#8221; text_font_size=&#8221;30px&#8221; header_font=&#8221;|||on|||||&#8221; background_color=&#8221;#ed5946&#8243; text_orientation=&#8221;center&#8221; min_height=&#8221;97.6px&#8221; custom_margin=&#8221;||0px||false|false&#8221; custom_padding=&#8221;25px||0px||false|false&#8221; custom_padding_tablet=&#8221;25px||0px||false|false&#8221; custom_padding_phone=&#8221;0px||||false|false&#8221; custom_padding_last_edited=&#8221;on|phone&#8221; global_colors_info=&#8221;{}&#8221;]<\/p>\n<h1 style=\"text-align: center;\"><span data-sheets-root=\"1\">Logiciels de marketing pour les coiffeurs et les salons de beaut\u00e9<\/span><\/h1>\n<p>[\/et_pb_text][\/et_pb_column][\/et_pb_row][\/et_pb_section][et_pb_section fb_built=&#8221;1&#8243; _builder_version=&#8221;4.27.4&#8243; _module_preset=&#8221;default&#8221; custom_padding=&#8221;3px||6px|||&#8221; collapsed=&#8221;on&#8221; global_colors_info=&#8221;{}&#8221;][et_pb_row _builder_version=&#8221;4.27.4&#8243; _module_preset=&#8221;default&#8221; max_width=&#8221;1308px&#8221; global_colors_info=&#8221;{}&#8221;][et_pb_column type=&#8221;4_4&#8243; _builder_version=&#8221;4.27.4&#8243; _module_preset=&#8221;default&#8221; global_colors_info=&#8221;{}&#8221;][et_pb_text _builder_version=&#8221;4.27.4&#8243; _module_preset=&#8221;default&#8221; text_text_color=&#8221;#000000&#8243; text_font_size=&#8221;50px&#8221; text_line_height=&#8221;1.3em&#8221; header_font=&#8221;DIN Condensed Bold||||||||&#8221; width=&#8221;100%&#8221; custom_margin_tablet=&#8221;&#8221; custom_margin_phone=&#8221;&#8221; custom_margin_last_edited=&#8221;on|tablet&#8221; custom_padding_tablet=&#8221;20px|20px||20px|false|false&#8221; custom_padding_phone=&#8221;20px|20px||20px|false|false&#8221; custom_padding_last_edited=&#8221;on|phone&#8221; inline_fonts=&#8221;DIN Condensed Bold&#8221; global_colors_info=&#8221;{}&#8221;]<\/p>\n<h2 style=\"text-align: center;\">D\u00e9veloppez votre client\u00e8le et augmentez votre chiffre d\u2019affaires gr\u00e2ce \u00e0 des outils de marketing innovants sp\u00e9cialement con\u00e7us pour les salons de coiffure et les salons de beaut\u00e9.<\/h2>\n<p>[\/et_pb_text][\/et_pb_column][\/et_pb_row][\/et_pb_section][et_pb_section fb_built=&#8221;1&#8243; _builder_version=&#8221;4.27.4&#8243; _module_preset=&#8221;default&#8221; custom_padding=&#8221;0px||0px|||&#8221; global_colors_info=&#8221;{}&#8221;][et_pb_row _builder_version=&#8221;4.27.4&#8243; _module_preset=&#8221;default&#8221; width=&#8221;51%&#8221; max_width=&#8221;1300px&#8221; custom_padding=&#8221;0px||0px|||&#8221; global_colors_info=&#8221;{}&#8221;][et_pb_column type=&#8221;4_4&#8243; _builder_version=&#8221;4.27.4&#8243; _module_preset=&#8221;default&#8221; global_colors_info=&#8221;{}&#8221;][et_pb_image src=&#8221;https:\/\/www2.ikosoft.com\/app\/uploads\/2025\/08\/mockup_pack-marketing_supports-basse-def.png&#8221; alt=&#8221;agence-marketing-packs-ikosoft-communication&#8221; title_text=&#8221;Agence de marketing&#8221; _builder_version=&#8221;4.27.4&#8243; _module_preset=&#8221;default&#8221; width=&#8221;100%&#8221; max_width=&#8221;100%&#8221; module_alignment=&#8221;center&#8221; custom_padding=&#8221;|35px|3px|0px||&#8221; hover_enabled=&#8221;0&#8243; custom_css_free_form=&#8221;span.et_pb_image_wrap {||  width:100%;||}&#8221; global_colors_info=&#8221;{}&#8221; sticky_enabled=&#8221;0&#8243;][\/et_pb_image][\/et_pb_column][\/et_pb_row][\/et_pb_section][et_pb_section fb_built=&#8221;1&#8243; _builder_version=&#8221;4.27.4&#8243; _module_preset=&#8221;default&#8221; use_background_color_gradient=&#8221;on&#8221; background_color_gradient_stops=&#8221;#ffffff 0%|#faf2e8 99%&#8221; min_height=&#8221;1241.4px&#8221; custom_margin=&#8221;||-3px|||&#8221; custom_padding=&#8221;1px||18px|||&#8221; global_colors_info=&#8221;{}&#8221;][et_pb_row column_structure=&#8221;1_3,1_3,1_3&#8243; custom_padding_last_edited=&#8221;on|tablet&#8221; module_class=&#8221;infos-wrapper&#8221; _builder_version=&#8221;4.27.4&#8243; _module_preset=&#8221;default&#8221; max_width=&#8221;1300px&#8221; custom_margin=&#8221;|auto|-5px|auto||&#8221; custom_margin_tablet=&#8221;auto||auto||false|false&#8221; custom_margin_phone=&#8221;auto||auto||false|false&#8221; custom_margin_last_edited=&#8221;on|tablet&#8221; custom_padding=&#8221;96px|0px|0px|||&#8221; custom_padding_tablet=&#8221;24px|0px|0px||false|false&#8221; custom_padding_phone=&#8221;24px|0px|0px||false|false&#8221; global_colors_info=&#8221;{}&#8221;][et_pb_column type=&#8221;1_3&#8243; _builder_version=&#8221;4.27.4&#8243; _module_preset=&#8221;default&#8221; global_colors_info=&#8221;{}&#8221;][et_pb_blurb title=&#8221;Une agence de communication \u00e0 votre service pour booster votre chiffre d\u2019affaires.&#8221; _builder_version=&#8221;4.27.4&#8243; _module_preset=&#8221;default&#8221; header_level=&#8221;h3&#8243; header_text_color=&#8221;#000000&#8243; header_font_size=&#8221;30px&#8221; body_text_color=&#8221;#565656&#8243; background_color=&#8221;#FFFFFF&#8221; width=&#8221;100%&#8221; min_height=&#8221;570px&#8221; min_height_tablet=&#8221;570px&#8221; min_height_phone=&#8221;570px&#8221; min_height_last_edited=&#8221;on|tablet&#8221; custom_padding=&#8221;140px|23px|13px|22px||&#8221; border_radii=&#8221;on|20px|20px|20px|20px&#8221; box_shadow_style=&#8221;preset4&#8243; box_shadow_horizontal=&#8221;7px&#8221; box_shadow_vertical=&#8221;3px&#8221; box_shadow_blur=&#8221;13px&#8221; box_shadow_spread=&#8221;-11px&#8221; global_colors_info=&#8221;{}&#8221;]<\/p>\n<p>&nbsp;<\/p>\n<p><a href=\"https:\/\/www2.ikosoft.com\/fr-ca\/caracteristiques\/logiciel-dencaissement-et-facturation\/\">Le logiciel Merlin<\/a> est un alli\u00e9 essentiel pour r\u00e9ussir la communication et le marketing de votre salon de coiffure ou de beaut\u00e9 \u00e0 l\u2019\u00e8re du num\u00e9rique.<br \/>Avec l\u2019essor des strat\u00e9gies multicanaux, il est crucial d\u2019\u00eatre pr\u00e9par\u00e9. B\u00e9n\u00e9ficiez du savoir-faire de notre agence de communication. Que vous ayez d\u00e9j\u00e0 des id\u00e9es en t\u00eate ou que vous soyez \u00e0 la recherche d\u2019une nouvelle inspiration, notre logiciel vous offre la flexibilit\u00e9 dont vous avez besoin, le tout adapt\u00e9 \u00e0 votre budget.  <\/p>\n<p>[\/et_pb_blurb][\/et_pb_column][et_pb_column type=&#8221;1_3&#8243; _builder_version=&#8221;4.27.4&#8243; _module_preset=&#8221;default&#8221; global_colors_info=&#8221;{}&#8221;][et_pb_blurb title=&#8221;Approches multicanaux compl\u00e9mentaires pour diffuser vos offres.&#8221; _builder_version=&#8221;4.27.4&#8243; _module_preset=&#8221;default&#8221; header_level=&#8221;h3&#8243; header_text_color=&#8221;#000000&#8243; header_font_size=&#8221;30px&#8221; body_text_color=&#8221;#565656&#8243; background_color=&#8221;#FFFFFF&#8221; min_height=&#8221;567.5px&#8221; min_height_tablet=&#8221;567.5px&#8221; min_height_phone=&#8221;567.5px&#8221; min_height_last_edited=&#8221;on|tablet&#8221; custom_padding=&#8221;139px|21px|30px|21px||&#8221; border_radii=&#8221;on|20px|20px|20px|20px&#8221; box_shadow_style=&#8221;preset4&#8243; box_shadow_horizontal=&#8221;7px&#8221; box_shadow_vertical=&#8221;3px&#8221; box_shadow_blur=&#8221;13px&#8221; box_shadow_spread=&#8221;-11px&#8221; global_colors_info=&#8221;{}&#8221;]<\/p>\n<p>&nbsp;<\/p>\n<p>Explorez nos 6 axes compl\u00e9mentaires pour une diffusion impactante de vos offres :<\/p>\n<p>\u2022Courrier<\/p>\n<p>\u2022Courriel<\/p>\n<p>\u2022 SMS classique<\/p>\n<p>\u2022 SMS riches avec ou sans animation<\/p>\n<p>\u2022 Coupons suivant la r\u00e9ception (TAG)<\/p>\n<p>\u2022 MVR (r\u00e9pondeur vocal direct)<\/p>\n<p>[\/et_pb_blurb][\/et_pb_column][et_pb_column type=&#8221;1_3&#8243; _builder_version=&#8221;4.27.4&#8243; _module_preset=&#8221;default&#8221; global_colors_info=&#8221;{}&#8221;][et_pb_blurb title=&#8221;Adoptez des approches multicanaux pour augmenter vos revenus!&#8221; _builder_version=&#8221;4.27.4&#8243; _module_preset=&#8221;default&#8221; header_level=&#8221;h3&#8243; header_text_color=&#8221;#000000&#8243; header_font_size=&#8221;30px&#8221; body_text_color=&#8221;#565656&#8243; background_color=&#8221;#FFFFFF&#8221; min_height=&#8221;673.5px&#8221; min_height_tablet=&#8221;622.5px&#8221; min_height_phone=&#8221;622.5px&#8221; min_height_last_edited=&#8221;on|tablet&#8221; custom_margin=&#8221;||49px|||&#8221; custom_padding=&#8221;135px|22px|5px|24px||&#8221; border_radii=&#8221;on|20px|20px|20px|20px&#8221; box_shadow_style=&#8221;preset4&#8243; box_shadow_horizontal=&#8221;7px&#8221; box_shadow_vertical=&#8221;3px&#8221; box_shadow_blur=&#8221;13px&#8221; box_shadow_spread=&#8221;-11px&#8221; global_colors_info=&#8221;{}&#8221;]<\/p>\n<p>&nbsp;<\/p>\n<p>D\u00e9couvrez nos <a href=\"https:\/\/www2.ikosoft.com\/tarifs\/packs-marketing\/\">3 forfaits marketing<\/a> con\u00e7us pour une communication annuelle automatis\u00e9e, simplifiez votre strat\u00e9gie et augmentez votre visibilit\u00e9 sans effort!<\/p>\n<p>[\/et_pb_blurb][\/et_pb_column][\/et_pb_row][et_pb_row column_structure=&#8221;1_3,1_3,1_3&#8243; custom_padding_last_edited=&#8221;on|tablet&#8221; module_class=&#8221;infos-wrapper&#8221; _builder_version=&#8221;4.27.4&#8243; _module_preset=&#8221;default&#8221; max_width=&#8221;1300px&#8221; min_height_tablet=&#8221;&#8221; min_height_phone=&#8221;&#8221; min_height_last_edited=&#8221;on|tablet&#8221; custom_margin=&#8221;|auto|-5px|auto||&#8221; custom_margin_tablet=&#8221;|auto|-5px|auto||&#8221; custom_margin_phone=&#8221;|auto|-5px|auto||&#8221; custom_margin_last_edited=&#8221;on|tablet&#8221; custom_padding=&#8221;31px|0px|5px|||&#8221; custom_padding_tablet=&#8221;0px|0px|||false|false&#8221; custom_padding_phone=&#8221;0px|0px|||false|false&#8221; global_colors_info=&#8221;{}&#8221;][et_pb_column type=&#8221;1_3&#8243; _builder_version=&#8221;4.27.4&#8243; _module_preset=&#8221;default&#8221; global_colors_info=&#8221;{}&#8221;][et_pb_blurb title=&#8221;Exploitez le potentiel du marketing pour donner vie \u00e0 vos envies de communication!&#8221; _builder_version=&#8221;4.27.4&#8243; _module_preset=&#8221;default&#8221; header_level=&#8221;h3&#8243; header_text_color=&#8221;#000000&#8243; header_font_size=&#8221;30px&#8221; body_text_color=&#8221;#565656&#8243; background_color=&#8221;#FFFFFF&#8221; width=&#8221;100%&#8221; min_height=&#8221;576px&#8221; custom_padding=&#8221;140px|23px|13px|22px||&#8221; border_radii=&#8221;on|20px|20px|20px|20px&#8221; box_shadow_style=&#8221;preset4&#8243; box_shadow_horizontal=&#8221;7px&#8221; box_shadow_vertical=&#8221;3px&#8221; box_shadow_blur=&#8221;13px&#8221; box_shadow_spread=&#8221;-11px&#8221; global_colors_info=&#8221;{}&#8221;]<\/p>\n<p>&nbsp;<\/p>\n<p>Vous avez une vision pr\u00e9cise de ce que vous voulez mettre en \u0153uvre, rien n\u2019est impossible. Nous vous offrons la flexibilit\u00e9 dont vous avez besoin pour r\u00e9aliser vos op\u00e9rations sur mesure.<br \/>Les projets en dehors de nos forfaits sont soumis \u00e0 un devis d\u00e9taill\u00e9 et seront livr\u00e9s dans les 3 jours, ce qui garantit que vos id\u00e9es sont ex\u00e9cut\u00e9es rapidement et efficacement. <\/p>\n<p>[\/et_pb_blurb][\/et_pb_column][et_pb_column type=&#8221;1_3&#8243; _builder_version=&#8221;4.27.4&#8243; _module_preset=&#8221;default&#8221; global_colors_info=&#8221;{}&#8221;][et_pb_blurb title=&#8221;Les r\u00e9sultats inattendus d\u2019une campagne de marketing!&#8221; _builder_version=&#8221;4.27.4&#8243; _module_preset=&#8221;default&#8221; header_level=&#8221;h3&#8243; header_text_color=&#8221;#000000&#8243; header_font_size=&#8221;30px&#8221; body_text_color=&#8221;#565656&#8243; background_color=&#8221;#FFFFFF&#8221; module_alignment=&#8221;center&#8221; min_height=&#8221;613.5px&#8221; min_height_tablet=&#8221;567.5px&#8221; min_height_phone=&#8221;567.5px&#8221; min_height_last_edited=&#8221;on|tablet&#8221; custom_padding=&#8221;139px|21px|17px|21px||&#8221; border_radii=&#8221;on|20px|20px|20px|20px&#8221; box_shadow_style=&#8221;preset4&#8243; box_shadow_horizontal=&#8221;7px&#8221; box_shadow_vertical=&#8221;3px&#8221; box_shadow_blur=&#8221;13px&#8221; box_shadow_spread=&#8221;-11px&#8221; inline_fonts=&#8221;DIN Condensed Bold&#8221; global_colors_info=&#8221;{}&#8221;]<\/p>\n<p>&nbsp;<\/p>\n<p>&nbsp;<\/p>\n<p>1 \u20ac investi = jusqu\u2019\u00e0 6 \u20ac gagn\u00e9s<\/p>\n<p>+20% de clients fid\u00e8les<\/p>\n<p>+35% de nouveaux clients par ann\u00e9e<\/p>\n<p>Augmentation de la valeur moyenne de votre commande de +14%<\/p>\n<p>[\/et_pb_blurb][\/et_pb_column][et_pb_column type=&#8221;1_3&#8243; _builder_version=&#8221;4.27.4&#8243; _module_preset=&#8221;default&#8221; global_colors_info=&#8221;{}&#8221;][et_pb_blurb title=&#8221;Les avantages cach\u00e9s d\u2019une campagne de marketing!&#8221; _builder_version=&#8221;4.27.4&#8243; _module_preset=&#8221;default&#8221; header_level=&#8221;h3&#8243; header_text_color=&#8221;#000000&#8243; header_font_size=&#8221;30px&#8221; body_text_color=&#8221;#565656&#8243; background_color=&#8221;#FFFFFF&#8221; min_height=&#8221;618.5px&#8221; min_height_tablet=&#8221;567.5px&#8221; min_height_phone=&#8221;567.5px&#8221; min_height_last_edited=&#8221;on|phone&#8221; custom_margin=&#8221;||-4px|||&#8221; custom_padding=&#8221;135px|22px|5px|24px||&#8221; border_radii=&#8221;on|20px|20px|20px|20px&#8221; box_shadow_style=&#8221;preset4&#8243; box_shadow_horizontal=&#8221;7px&#8221; box_shadow_vertical=&#8221;3px&#8221; box_shadow_blur=&#8221;13px&#8221; box_shadow_spread=&#8221;-11px&#8221; global_colors_info=&#8221;{}&#8221;]<\/p>\n<p>&nbsp;<\/p>\n<p>&nbsp;<\/p>\n<p>Une campagne de marketing va bien au-del\u00e0 de la simple promotion d\u2019un produit ou d\u2019un service; Il s\u2019agit d\u2019un outil puissant pour comprendre, engager et fid\u00e9liser les clients, tout en favorisant la croissance et la rentabilit\u00e9 de l\u2019entreprise.<\/p>\n<p>[\/et_pb_blurb][\/et_pb_column][\/et_pb_row][et_pb_row custom_padding_last_edited=&#8221;on|desktop&#8221; _builder_version=&#8221;4.27.4&#8243; _module_preset=&#8221;default&#8221; custom_padding=&#8221;30px||||false|false&#8221; custom_padding_tablet=&#8221;30px||||false|false&#8221; custom_padding_phone=&#8221;30px||||false|false&#8221; global_colors_info=&#8221;{}&#8221;][et_pb_column type=&#8221;4_4&#8243; _builder_version=&#8221;4.27.4&#8243; _module_preset=&#8221;default&#8221; global_colors_info=&#8221;{}&#8221;][et_pb_button button_url=&#8221;https:\/\/www2.ikosoft.com\/tarifs\/packs-marketing\/&#8221; button_text=&#8221;Consultez nos tarifs!&#8221; button_alignment=&#8221;center&#8221; _builder_version=&#8221;4.27.4&#8243; _module_preset=&#8221;default&#8221; custom_button=&#8221;on&#8221; button_text_color=&#8221;#FFFFFF&#8221; button_bg_color=&#8221;#ed5946&#8243; button_border_radius=&#8221;31px&#8221; custom_margin=&#8221;9px|||||&#8221; custom_margin_tablet=&#8221;9px|||||&#8221; custom_margin_phone=&#8221;|auto|auto|auto|false|false&#8221; custom_margin_last_edited=&#8221;on|phone&#8221; global_colors_info=&#8221;{}&#8221;][\/et_pb_button][\/et_pb_column][\/et_pb_row][\/et_pb_section]<\/p>\n","protected":false},"excerpt":{"rendered":"<p>&#8230;<\/p>\n","protected":false},"author":2,"featured_media":0,"parent":8969,"menu_order":0,"comment_status":"closed","ping_status":"closed","template":"","meta":{"_acf_changed":false,"_et_pb_use_builder":"on","_et_pb_old_content":"","_et_gb_content_width":"","footnotes":""},"class_list":["post-10491","page","type-page","status-publish","hentry"],"acf":[],"yoast_head":"<!-- This site is optimized with the Yoast SEO plugin v27.1.1 - https:\/\/yoast.com\/product\/yoast-seo-wordpress\/ -->\n<title>Logiciel de marketing - Coiffeur et salon de beaut\u00e9 | Ikosoft<\/title>\n<meta name=\"description\" content=\"Outils de marketing pour augmenter votre chiffre d\u2019affaires : Courrier, courriels, SMS, coupons suivant la r\u00e9ception, MVR, SMS enrichis avec ou sans animation.\" \/>\n<meta name=\"robots\" content=\"index, follow, max-snippet:-1, max-image-preview:large, max-video-preview:-1\" \/>\n<link rel=\"canonical\" href=\"https:\/\/www2.ikosoft.com\/fr-ca\/caracteristiques\/marketing-demballage\/\" \/>\n<meta property=\"og:locale\" content=\"fr_CA\" \/>\n<meta property=\"og:type\" content=\"article\" \/>\n<meta property=\"og:title\" content=\"Logiciel de marketing - Coiffeur et salon de beaut\u00e9 | Ikosoft\" \/>\n<meta property=\"og:description\" content=\"Outils de marketing pour augmenter votre chiffre d\u2019affaires : Courrier, courriels, SMS, coupons suivant la r\u00e9ception, MVR, SMS enrichis avec ou sans animation.\" \/>\n<meta property=\"og:url\" content=\"https:\/\/www2.ikosoft.com\/fr-ca\/caracteristiques\/marketing-demballage\/\" \/>\n<meta property=\"og:site_name\" content=\"ikosoft\" \/>\n<meta property=\"article:publisher\" content=\"https:\/\/www.facebook.com\/IKOSOFT\/\" \/>\n<meta property=\"article:modified_time\" content=\"2025-08-28T13:01:48+00:00\" \/>\n<meta name=\"twitter:card\" content=\"summary_large_image\" \/>\n<meta name=\"twitter:label1\" content=\"Est. reading time\" \/>\n\t<meta name=\"twitter:data1\" content=\"8 minutes\" \/>\n<script type=\"application\/ld+json\" class=\"yoast-schema-graph\">{\"@context\":\"https:\/\/schema.org\",\"@graph\":[{\"@type\":\"WebPage\",\"@id\":\"https:\/\/www2.ikosoft.com\/fr-ca\/caracteristiques\/marketing-demballage\/\",\"url\":\"https:\/\/www2.ikosoft.com\/fr-ca\/caracteristiques\/marketing-demballage\/\",\"name\":\"Logiciel de marketing - Coiffeur et salon de beaut\u00e9 | Ikosoft\",\"isPartOf\":{\"@id\":\"https:\/\/www2.ikosoft.com\/fr-ca\/#website\"},\"datePublished\":\"2025-03-11T13:57:39+00:00\",\"dateModified\":\"2025-08-28T13:01:48+00:00\",\"description\":\"Outils de marketing pour augmenter votre chiffre d\u2019affaires : Courrier, courriels, SMS, coupons suivant la r\u00e9ception, MVR, SMS enrichis avec ou sans animation.\",\"breadcrumb\":{\"@id\":\"https:\/\/www2.ikosoft.com\/fr-ca\/caracteristiques\/marketing-demballage\/#breadcrumb\"},\"inLanguage\":\"fr-CA\",\"potentialAction\":[{\"@type\":\"ReadAction\",\"target\":[\"https:\/\/www2.ikosoft.com\/fr-ca\/caracteristiques\/marketing-demballage\/\"]}]},{\"@type\":\"BreadcrumbList\",\"@id\":\"https:\/\/www2.ikosoft.com\/fr-ca\/caracteristiques\/marketing-demballage\/#breadcrumb\",\"itemListElement\":[{\"@type\":\"ListItem\",\"position\":1,\"name\":\"Accueil\",\"item\":\"https:\/\/www2.ikosoft.com\/fr-ca\/\"},{\"@type\":\"ListItem\",\"position\":2,\"name\":\"Caract\u00e9ristiques\",\"item\":\"https:\/\/www2.ikosoft.com\/fr-ca\/caracteristiques\/\"},{\"@type\":\"ListItem\",\"position\":3,\"name\":\"Marketing d\u2019emballage\"}]},{\"@type\":\"WebSite\",\"@id\":\"https:\/\/www2.ikosoft.com\/fr-ca\/#website\",\"url\":\"https:\/\/www2.ikosoft.com\/fr-ca\/\",\"name\":\"Ikosoft\",\"description\":\"Ikosoft Merlin - Logiciel de caisse certifi\u00e9 NF525 et de gestion pour salon de coiffure, institut de beaut\u00e9 et spa\",\"publisher\":{\"@id\":\"https:\/\/www2.ikosoft.com\/fr-ca\/#organization\"},\"potentialAction\":[{\"@type\":\"SearchAction\",\"target\":{\"@type\":\"EntryPoint\",\"urlTemplate\":\"https:\/\/www2.ikosoft.com\/fr-ca\/?s={search_term_string}\"},\"query-input\":{\"@type\":\"PropertyValueSpecification\",\"valueRequired\":true,\"valueName\":\"search_term_string\"}}],\"inLanguage\":\"fr-CA\"},{\"@type\":\"Organization\",\"@id\":\"https:\/\/www2.ikosoft.com\/fr-ca\/#organization\",\"name\":\"Ikosoft\",\"url\":\"https:\/\/www2.ikosoft.com\/fr-ca\/\",\"logo\":{\"@type\":\"ImageObject\",\"inLanguage\":\"fr-CA\",\"@id\":\"https:\/\/www2.ikosoft.com\/fr-ca\/#\/schema\/logo\/image\/\",\"url\":\"https:\/\/www2.ikosoft.com\/app\/uploads\/2025\/03\/logo_2_o.png\",\"contentUrl\":\"https:\/\/www2.ikosoft.com\/app\/uploads\/2025\/03\/logo_2_o.png\",\"width\":1481,\"height\":305,\"caption\":\"Ikosoft\"},\"image\":{\"@id\":\"https:\/\/www2.ikosoft.com\/fr-ca\/#\/schema\/logo\/image\/\"},\"sameAs\":[\"https:\/\/www.facebook.com\/IKOSOFT\/\",\"https:\/\/www.instagram.com\/ikosoft\"]}]}<\/script>\n<!-- \/ Yoast SEO plugin. -->","yoast_head_json":{"title":"Logiciel de marketing - Coiffeur et salon de beaut\u00e9 | Ikosoft","description":"Outils de marketing pour augmenter votre chiffre d\u2019affaires : Courrier, courriels, SMS, coupons suivant la r\u00e9ception, MVR, SMS enrichis avec ou sans animation.","robots":{"index":"index","follow":"follow","max-snippet":"max-snippet:-1","max-image-preview":"max-image-preview:large","max-video-preview":"max-video-preview:-1"},"canonical":"https:\/\/www2.ikosoft.com\/fr-ca\/caracteristiques\/marketing-demballage\/","og_locale":"fr_CA","og_type":"article","og_title":"Logiciel de marketing - Coiffeur et salon de beaut\u00e9 | Ikosoft","og_description":"Outils de marketing pour augmenter votre chiffre d\u2019affaires : Courrier, courriels, SMS, coupons suivant la r\u00e9ception, MVR, SMS enrichis avec ou sans animation.","og_url":"https:\/\/www2.ikosoft.com\/fr-ca\/caracteristiques\/marketing-demballage\/","og_site_name":"ikosoft","article_publisher":"https:\/\/www.facebook.com\/IKOSOFT\/","article_modified_time":"2025-08-28T13:01:48+00:00","twitter_card":"summary_large_image","twitter_misc":{"Est. reading time":"8 minutes"},"schema":{"@context":"https:\/\/schema.org","@graph":[{"@type":"WebPage","@id":"https:\/\/www2.ikosoft.com\/fr-ca\/caracteristiques\/marketing-demballage\/","url":"https:\/\/www2.ikosoft.com\/fr-ca\/caracteristiques\/marketing-demballage\/","name":"Logiciel de marketing - Coiffeur et salon de beaut\u00e9 | Ikosoft","isPartOf":{"@id":"https:\/\/www2.ikosoft.com\/fr-ca\/#website"},"datePublished":"2025-03-11T13:57:39+00:00","dateModified":"2025-08-28T13:01:48+00:00","description":"Outils de marketing pour augmenter votre chiffre d\u2019affaires : Courrier, courriels, SMS, coupons suivant la r\u00e9ception, MVR, SMS enrichis avec ou sans animation.","breadcrumb":{"@id":"https:\/\/www2.ikosoft.com\/fr-ca\/caracteristiques\/marketing-demballage\/#breadcrumb"},"inLanguage":"fr-CA","potentialAction":[{"@type":"ReadAction","target":["https:\/\/www2.ikosoft.com\/fr-ca\/caracteristiques\/marketing-demballage\/"]}]},{"@type":"BreadcrumbList","@id":"https:\/\/www2.ikosoft.com\/fr-ca\/caracteristiques\/marketing-demballage\/#breadcrumb","itemListElement":[{"@type":"ListItem","position":1,"name":"Accueil","item":"https:\/\/www2.ikosoft.com\/fr-ca\/"},{"@type":"ListItem","position":2,"name":"Caract\u00e9ristiques","item":"https:\/\/www2.ikosoft.com\/fr-ca\/caracteristiques\/"},{"@type":"ListItem","position":3,"name":"Marketing d\u2019emballage"}]},{"@type":"WebSite","@id":"https:\/\/www2.ikosoft.com\/fr-ca\/#website","url":"https:\/\/www2.ikosoft.com\/fr-ca\/","name":"Ikosoft","description":"Ikosoft Merlin - Logiciel de caisse certifi\u00e9 NF525 et de gestion pour salon de coiffure, institut de beaut\u00e9 et spa","publisher":{"@id":"https:\/\/www2.ikosoft.com\/fr-ca\/#organization"},"potentialAction":[{"@type":"SearchAction","target":{"@type":"EntryPoint","urlTemplate":"https:\/\/www2.ikosoft.com\/fr-ca\/?s={search_term_string}"},"query-input":{"@type":"PropertyValueSpecification","valueRequired":true,"valueName":"search_term_string"}}],"inLanguage":"fr-CA"},{"@type":"Organization","@id":"https:\/\/www2.ikosoft.com\/fr-ca\/#organization","name":"Ikosoft","url":"https:\/\/www2.ikosoft.com\/fr-ca\/","logo":{"@type":"ImageObject","inLanguage":"fr-CA","@id":"https:\/\/www2.ikosoft.com\/fr-ca\/#\/schema\/logo\/image\/","url":"https:\/\/www2.ikosoft.com\/app\/uploads\/2025\/03\/logo_2_o.png","contentUrl":"https:\/\/www2.ikosoft.com\/app\/uploads\/2025\/03\/logo_2_o.png","width":1481,"height":305,"caption":"Ikosoft"},"image":{"@id":"https:\/\/www2.ikosoft.com\/fr-ca\/#\/schema\/logo\/image\/"},"sameAs":["https:\/\/www.facebook.com\/IKOSOFT\/","https:\/\/www.instagram.com\/ikosoft"]}]}},"_links":{"self":[{"href":"https:\/\/www2.ikosoft.com\/fr-ca\/wp-json\/wp\/v2\/pages\/10491","targetHints":{"allow":["GET"]}}],"collection":[{"href":"https:\/\/www2.ikosoft.com\/fr-ca\/wp-json\/wp\/v2\/pages"}],"about":[{"href":"https:\/\/www2.ikosoft.com\/fr-ca\/wp-json\/wp\/v2\/types\/page"}],"author":[{"embeddable":true,"href":"https:\/\/www2.ikosoft.com\/fr-ca\/wp-json\/wp\/v2\/users\/2"}],"replies":[{"embeddable":true,"href":"https:\/\/www2.ikosoft.com\/fr-ca\/wp-json\/wp\/v2\/comments?post=10491"}],"version-history":[{"count":4,"href":"https:\/\/www2.ikosoft.com\/fr-ca\/wp-json\/wp\/v2\/pages\/10491\/revisions"}],"predecessor-version":[{"id":10505,"href":"https:\/\/www2.ikosoft.com\/fr-ca\/wp-json\/wp\/v2\/pages\/10491\/revisions\/10505"}],"up":[{"embeddable":true,"href":"https:\/\/www2.ikosoft.com\/fr-ca\/wp-json\/wp\/v2\/pages\/8969"}],"wp:attachment":[{"href":"https:\/\/www2.ikosoft.com\/fr-ca\/wp-json\/wp\/v2\/media?parent=10491"}],"curies":[{"name":"wp","href":"https:\/\/api.w.org\/{rel}","templated":true}]}}