{"id":10101,"date":"2025-01-15T17:47:07","date_gmt":"2025-01-15T16:47:07","guid":{"rendered":"https:\/\/www2.ikosoft.com\/caracteristiques\/planete-beaute\/"},"modified":"2025-08-28T14:05:49","modified_gmt":"2025-08-28T12:05:49","slug":"planete-beaute","status":"publish","type":"page","link":"https:\/\/www2.ikosoft.com\/fr-ca\/caracteristiques\/planete-beaute\/","title":{"rendered":"Plan\u00e8te beaut\u00e9"},"content":{"rendered":"<p>[et_pb_section fb_built=&#8221;1&#8243; _builder_version=&#8221;4.27.4&#8243; _module_preset=&#8221;default&#8221; width=&#8221;100%&#8221; max_width=&#8221;100%&#8221; min_height=&#8221;13px&#8221; height=&#8221;100px&#8221; max_height=&#8221;100px&#8221; custom_padding=&#8221;0px||0px||false|false&#8221; global_colors_info=&#8221;{}&#8221;][et_pb_row module_id=&#8221;iko-page-titles&#8221; _builder_version=&#8221;4.27.4&#8243; _module_preset=&#8221;default&#8221; width=&#8221;100%&#8221; max_width=&#8221;100%&#8221; module_alignment=&#8221;center&#8221; min_height=&#8221;100px&#8221; height=&#8221;100px&#8221; custom_padding=&#8221;0px||0px|||&#8221; custom_css_free_form=&#8221;||&#8221; global_colors_info=&#8221;{}&#8221;][et_pb_column type=&#8221;4_4&#8243; _builder_version=&#8221;4.27.4&#8243; _module_preset=&#8221;default&#8221; custom_padding=&#8221;0px||||false|false&#8221; global_colors_info=&#8221;{}&#8221;][et_pb_text _builder_version=&#8221;4.27.4&#8243; _module_preset=&#8221;default&#8221; text_text_color=&#8221;#FFFFFF&#8221; text_font_size=&#8221;30px&#8221; background_color=&#8221;#ed5946&#8243; text_orientation=&#8221;center&#8221; min_height=&#8221;97.6px&#8221; custom_margin=&#8221;||0px||false|false&#8221; custom_margin_tablet=&#8221;|auto|0px|auto|false|false&#8221; custom_margin_phone=&#8221;|auto|0px|auto|false|false&#8221; custom_margin_last_edited=&#8221;on|tablet&#8221; custom_padding=&#8221;26px||0px||false|false&#8221; custom_padding_tablet=&#8221;||14px||false|false&#8221; custom_padding_phone=&#8221;||14px||false|false&#8221; custom_padding_last_edited=&#8221;on|tablet&#8221; global_colors_info=&#8221;{}&#8221;]<\/p>\n<h1 style=\"text-align: center;\">BEAUTY PLANET X R\u00c9SERVEZ AVEC GOOGLE : LA PLATEFORME DE R\u00c9SERVATION EN LIGNE<\/h1>\n<p>[\/et_pb_text][\/et_pb_column][\/et_pb_row][\/et_pb_section][et_pb_section fb_built=&#8221;1&#8243; _builder_version=&#8221;4.27.4&#8243; _module_preset=&#8221;default&#8221; custom_padding=&#8221;3px||6px|||&#8221; global_colors_info=&#8221;{}&#8221;][et_pb_row _builder_version=&#8221;4.27.4&#8243; _module_preset=&#8221;default&#8221; max_width=&#8221;1308px&#8221; custom_margin=&#8221;|auto|17px|auto||&#8221; custom_padding=&#8221;11px||14px|2px||&#8221; global_colors_info=&#8221;{}&#8221;][et_pb_column type=&#8221;4_4&#8243; _builder_version=&#8221;4.27.4&#8243; _module_preset=&#8221;default&#8221; global_colors_info=&#8221;{}&#8221;][et_pb_text _builder_version=&#8221;4.27.4&#8243; _module_preset=&#8221;default&#8221; text_font=&#8221;|700|||||||&#8221; text_font_size=&#8221;41px&#8221; text_line_height=&#8221;1em&#8221; header_font_size=&#8221;36px&#8221; header_2_text_color=&#8221;#000000&#8243; header_2_font_size=&#8221;50px&#8221; width=&#8221;70%&#8221; module_alignment=&#8221;center&#8221; min_height=&#8221;0px&#8221; custom_margin=&#8221;-19px|-111px||||&#8221; custom_margin_tablet=&#8221;-19px|-111px||||&#8221; custom_margin_phone=&#8221;auto|auto|auto|auto|false|false&#8221; custom_margin_last_edited=&#8221;on|phone&#8221; custom_padding=&#8221;35px|0px|0px|0px|false|false&#8221; custom_padding_tablet=&#8221;49px|0px||0px|false|false&#8221; custom_padding_phone=&#8221;51px|0px||0px|false|false&#8221; custom_padding_last_edited=&#8221;on|desktop&#8221; text_font_size_tablet=&#8221;41px&#8221; text_font_size_phone=&#8221;&#8221; text_font_size_last_edited=&#8221;on|phone&#8221; text_line_height_tablet=&#8221;1em&#8221; text_line_height_phone=&#8221;1em&#8221; text_line_height_last_edited=&#8221;on|phone&#8221; global_colors_info=&#8221;{}&#8221;]<\/p>\n<h2 style=\"text-align: center;\">Plateforme de r\u00e9servation en ligne pour les salons de coiffure : <span style=\"color: #eb5a47;\">Beauty Planet x R\u00e9servez avec Google <\/span><span style=\"color: #eb5a47;\">pour seulement <\/span> <\/h2>\n<h2 style=\"text-align: center;\"><span style=\"color: #eb5a47;\">29\u20ac HT \/ mois<\/span><\/h2>\n<p>[\/et_pb_text][\/et_pb_column][\/et_pb_row][\/et_pb_section][et_pb_section fb_built=&#8221;1&#8243; _builder_version=&#8221;4.27.4&#8243; _module_preset=&#8221;default&#8221; custom_padding=&#8221;3px||1px|||&#8221; global_colors_info=&#8221;{}&#8221;][et_pb_row column_structure=&#8221;1_2,1_2&#8243; _builder_version=&#8221;4.27.4&#8243; _module_preset=&#8221;default&#8221; width=&#8221;100%&#8221; max_width=&#8221;1300px&#8221; custom_padding=&#8221;6px||2px|||&#8221; global_colors_info=&#8221;{}&#8221;][et_pb_column type=&#8221;1_2&#8243; _builder_version=&#8221;4.27.4&#8243; _module_preset=&#8221;default&#8221; global_colors_info=&#8221;{}&#8221;][et_pb_text _builder_version=&#8221;4.27.4&#8243; _module_preset=&#8221;default&#8221; text_font_size=&#8221;22px&#8221; text_line_height=&#8221;1.4em&#8221; custom_margin_tablet=&#8221;|auto||auto|false|false&#8221; custom_margin_phone=&#8221;-8px||7px||false|false&#8221; custom_margin_last_edited=&#8221;on|tablet&#8221; custom_padding=&#8221;3px|60px||||&#8221; custom_padding_tablet=&#8221;7px|107px|3px|69px|false|false&#8221; custom_padding_phone=&#8221;15px|45px|4px|38px|false|false&#8221; custom_padding_last_edited=&#8221;on|tablet&#8221; text_font_size_tablet=&#8221;22px&#8221; text_font_size_phone=&#8221;17px&#8221; text_font_size_last_edited=&#8221;on|phone&#8221; inline_fonts=&#8221;DIN Altenate Bold&#8221; global_colors_info=&#8221;{}&#8221;]<\/p>\n<h3>La premi\u00e8re plateforme de r\u00e9servation en ligne pour la coiffure et la beaut\u00e9 sans engagement!<\/h3>\n<p>&nbsp;<\/p>\n<p><span style=\"color: #ed5946;\">Pourquoi \u00eatre pr\u00e9sent sur Beauty Planet?<\/span><\/p>\n<p>Beauty Planet vous offre une solution de r\u00e9servation en ligne simple pour fid\u00e9liser et recruter de nouveaux clients.<\/p>\n<p>L\u2019exp\u00e9rience client sur Beauty Planet est facile puisqu\u2019elle s\u2019aligne sur les sites de consommation quotidienne.<\/p>\n<p>\u2022 Une recherche par service, par g\u00e9olocalisation, par date, par cr\u00e9neau, de votre choix.<\/p>\n<p>\u2022 Une colonne de filtres<\/p>\n<p>\u2022 Une vue de liste claire avec des photos, des critiques et une gamme de prix.<\/p>\n<p>Vous pouvez \u00e9galement trouver l\u2019application Beauty Planet dans <a href=\"https:\/\/apps.apple.com\/fr\/app\/beauty-planet\/id1668180959\"><span style=\"color: #ed5946;\">l\u2019App Store<\/span><\/a> et <span style=\"color: #ed5946;\"><a href=\"https:\/\/play.google.com\/store\/apps\/details?id=com.beautyplanet&amp;hl=fr&amp;gl=fr\">Google Play<\/a><span style=\"color: #000000;\"> !<\/span><\/span><\/p>\n<p>Vos clients pourront retrouver l\u2019historique complet de leurs rendez-vous beaut\u00e9 et bien-\u00eatre en un clin d\u2019\u0153il et du bout des doigts.<\/p>\n<p>[\/et_pb_text][\/et_pb_column][et_pb_column type=&#8221;1_2&#8243; _builder_version=&#8221;4.27.4&#8243; _module_preset=&#8221;default&#8221; global_colors_info=&#8221;{}&#8221;][et_pb_image src=&#8221;https:\/\/www2.ikosoft.com\/app\/uploads\/2025\/08\/tablette_bp-scaled.png&#8221; title_text=&#8221;tablette_bp&#8221; disabled_on=&#8221;on|on|off&#8221; _builder_version=&#8221;4.27.4&#8243; _module_preset=&#8221;default&#8221; custom_margin=&#8221;-31px||2px|2px||&#8221; custom_padding=&#8221;0px||0px|||&#8221; global_colors_info=&#8221;{}&#8221;][\/et_pb_image][\/et_pb_column][\/et_pb_row][\/et_pb_section][et_pb_section fb_built=&#8221;1&#8243; _builder_version=&#8221;4.27.4&#8243; _module_preset=&#8221;default&#8221; min_height=&#8221;427.9px&#8221; custom_padding=&#8221;3px||11px|||&#8221; global_colors_info=&#8221;{}&#8221;][et_pb_row column_structure=&#8221;1_2,1_2&#8243; _builder_version=&#8221;4.27.4&#8243; _module_preset=&#8221;default&#8221; width=&#8221;100%&#8221; max_width=&#8221;1300px&#8221; custom_padding=&#8221;6px||2px|||&#8221; global_colors_info=&#8221;{}&#8221;][et_pb_column type=&#8221;1_2&#8243; _builder_version=&#8221;4.27.4&#8243; _module_preset=&#8221;default&#8221; global_colors_info=&#8221;{}&#8221;][et_pb_image src=&#8221;https:\/\/www2.ikosoft.com\/app\/uploads\/2025\/08\/mockup_tablette_haircoiff-scaled.png&#8221; title_text=&#8221;mockup_tablette_haircoiff&#8221; _builder_version=&#8221;4.27.4&#8243; _module_preset=&#8221;default&#8221; custom_margin=&#8221;|-15px||2px||&#8221; custom_margin_tablet=&#8221;|auto||auto|false|false&#8221; custom_margin_phone=&#8221;-32px|auto||auto|false|false&#8221; custom_margin_last_edited=&#8221;on|tablet&#8221; custom_padding=&#8221;0px|44px|0px|44px|false|false&#8221; global_colors_info=&#8221;{}&#8221;][\/et_pb_image][\/et_pb_column][et_pb_column type=&#8221;1_2&#8243; _builder_version=&#8221;4.27.4&#8243; _module_preset=&#8221;default&#8221; global_colors_info=&#8221;{}&#8221;][et_pb_text _builder_version=&#8221;4.27.4&#8243; _module_preset=&#8221;default&#8221; text_font_size=&#8221;22px&#8221; text_line_height=&#8221;1.6em&#8221; custom_margin=&#8221;|||-8px||&#8221; custom_margin_tablet=&#8221;|auto||auto|false|false&#8221; custom_margin_phone=&#8221;-8px||7px||false|false&#8221; custom_margin_last_edited=&#8221;on|tablet&#8221; custom_padding=&#8221;1px|44px||63px||&#8221; custom_padding_tablet=&#8221;|87px|||false|false&#8221; custom_padding_phone=&#8221;15px|45px|26px|38px|false|false&#8221; custom_padding_last_edited=&#8221;on|tablet&#8221; text_font_size_tablet=&#8221;22px&#8221; text_font_size_phone=&#8221;17px&#8221; text_font_size_last_edited=&#8221;on|phone&#8221; global_colors_info=&#8221;{}&#8221;]<\/p>\n<h3>Beauty Planet offre un avantage suppl\u00e9mentaire : l\u2019int\u00e9gration gratuite de Google Reserve.<\/h3>\n<p>&nbsp;<\/p>\n<p>Gr\u00e2ce \u00e0 ce service offert par <a href=\"https:\/\/www2.ikosoft.com\/google-partenaire\/\">Google<\/a>, votre \u00e9tablissement b\u00e9n\u00e9ficie d\u2019une visibilit\u00e9 accrue en ligne.<\/p>\n<p>Sur votre profil d\u2019entreprise Google, il y a un bouton d\u00e9di\u00e9 \u00ab R\u00e9server en ligne \u00bb pour faciliter la prise de rendez-vous.<\/p>\n<p>Cela signifie plus de visibilit\u00e9, de nouveaux clients et des rendez-vous pour votre entreprise!<\/p>\n<p>[\/et_pb_text][\/et_pb_column][\/et_pb_row][\/et_pb_section][et_pb_section fb_built=&#8221;1&#8243; _builder_version=&#8221;4.27.4&#8243; _module_preset=&#8221;default&#8221; custom_padding=&#8221;3px||19px|||&#8221; global_colors_info=&#8221;{}&#8221;][et_pb_row column_structure=&#8221;1_2,1_2&#8243; _builder_version=&#8221;4.27.4&#8243; _module_preset=&#8221;default&#8221; width=&#8221;100%&#8221; max_width=&#8221;1300px&#8221; custom_padding=&#8221;6px||2px|||&#8221; global_colors_info=&#8221;{}&#8221;][et_pb_column type=&#8221;1_2&#8243; _builder_version=&#8221;4.27.4&#8243; _module_preset=&#8221;default&#8221; global_colors_info=&#8221;{}&#8221;][et_pb_text _builder_version=&#8221;4.27.4&#8243; _module_preset=&#8221;default&#8221; text_font_size=&#8221;22px&#8221; text_line_height=&#8221;1.6em&#8221; custom_margin=&#8221;|1px||-8px||&#8221; custom_margin_tablet=&#8221;8px|auto||auto|false|false&#8221; custom_margin_phone=&#8221;-8px||7px||false|false&#8221; custom_margin_last_edited=&#8221;on|tablet&#8221; custom_padding=&#8221;1px|111px||64px|false|false&#8221; custom_padding_tablet=&#8221;1px|111px||64px|false|false&#8221; custom_padding_phone=&#8221;15px|45px|26px|38px|false|false&#8221; custom_padding_last_edited=&#8221;on|phone&#8221; text_font_size_tablet=&#8221;22px&#8221; text_font_size_phone=&#8221;17px&#8221; text_font_size_last_edited=&#8221;on|phone&#8221; global_colors_info=&#8221;{}&#8221;]<\/p>\n<h3>G\u00e9rez votre horaire de rendez-vous de mani\u00e8re autonome avec Merlin.<\/h3>\n<p>&nbsp;<\/p>\n<p>\u2022 Vos clients b\u00e9n\u00e9ficient de l\u2019application Beauty Planet pour g\u00e9rer leur prise de rendez-vous 24 heures sur 24.<\/p>\n<p>\u2022 Paiement en ligne s\u00e9curis\u00e9 : d\u00e9p\u00f4t et empreinte bancaire disponibles.<\/p>\n<p>\u2022 Rappel de rendez-vous par SMS.<\/p>\n<p>\u2022 Choix de l\u2019employ\u00e9 par service.<\/p>\n<p>\u2022 Mod\u00e9rer la satisfaction de la client\u00e8le : avis visibles sur la vitrine de votre \u00e9tablissement.<\/p>\n<p>&nbsp;<\/p>\n<p>[\/et_pb_text][\/et_pb_column][et_pb_column type=&#8221;1_2&#8243; _builder_version=&#8221;4.27.4&#8243; _module_preset=&#8221;default&#8221; global_colors_info=&#8221;{}&#8221;][et_pb_image src=&#8221;https:\/\/www2.ikosoft.com\/app\/uploads\/2025\/08\/iphone_prestation-copie.png&#8221; title_text=&#8221;\u00c9tablissement Beauty Planet&#8221; _builder_version=&#8221;4.27.4&#8243; _module_preset=&#8221;default&#8221; width=&#8221;80%&#8221; module_alignment=&#8221;center&#8221; custom_margin=&#8221;|-15px||2px||&#8221; custom_margin_tablet=&#8221;-33px|auto||auto|false|false&#8221; custom_margin_phone=&#8221;-58px|auto||auto|false|false&#8221; custom_margin_last_edited=&#8221;on|tablet&#8221; custom_padding=&#8221;||0px|0px||&#8221; custom_padding_tablet=&#8221;0px|50px|0px|50px|false|false&#8221; custom_padding_phone=&#8221;0px|50px|0px|50px|false|false&#8221; custom_padding_last_edited=&#8221;on|tablet&#8221; hover_enabled=&#8221;0&#8243; global_colors_info=&#8221;{}&#8221; alt=&#8221;beaut\u00e9-plan\u00e8te-plateforme-rendez-vous-coiffeurs-salons de beaut\u00e9&#8221; sticky_enabled=&#8221;0&#8243;][\/et_pb_image][\/et_pb_column][\/et_pb_row][\/et_pb_section][et_pb_section fb_built=&#8221;1&#8243; _builder_version=&#8221;4.27.4&#8243; _module_preset=&#8221;default&#8221; min_height=&#8221;120px&#8221; custom_padding=&#8221;4px||48px|||&#8221; global_colors_info=&#8221;{}&#8221;][et_pb_row _builder_version=&#8221;4.27.4&#8243; _module_preset=&#8221;default&#8221; custom_margin=&#8221;|auto|-18px|auto||&#8221; custom_padding=&#8221;2px||2px|||&#8221; global_colors_info=&#8221;{}&#8221;][et_pb_column type=&#8221;4_4&#8243; _builder_version=&#8221;4.27.4&#8243; _module_preset=&#8221;default&#8221; global_colors_info=&#8221;{}&#8221;][et_pb_button button_url=&#8221;https:\/\/www2.ikosoft.com\/fr-ca\/contact\/&#8221; button_text=&#8221;Inscrivez mon \u00e9tablissement!&#8221; button_alignment=&#8221;center&#8221; module_class=&#8221;button2&#8243; _builder_version=&#8221;4.27.4&#8243; _module_preset=&#8221;default&#8221; custom_button=&#8221;on&#8221; button_text_color=&#8221;#FFFFFF&#8221; button_bg_color=&#8221;#ed5946&#8243; button_border_radius=&#8221;31px&#8221; button_letter_spacing=&#8221;0px&#8221; custom_margin=&#8221;17px|||||&#8221; custom_margin_tablet=&#8221;17px|||||&#8221; custom_margin_phone=&#8221;16px|auto|6px|auto|false|false&#8221; custom_margin_last_edited=&#8221;on|phone&#8221; custom_padding_tablet=&#8221;&#8221; custom_padding_phone=&#8221;6px||7px||false|false&#8221; custom_padding_last_edited=&#8221;on|phone&#8221; button_text_size_tablet=&#8221;&#8221; button_text_size_phone=&#8221;20px&#8221; button_text_size_last_edited=&#8221;on|phone&#8221; button_border_radius_tablet=&#8221;31px&#8221; button_border_radius_phone=&#8221;42px&#8221; button_border_radius_last_edited=&#8221;on|phone&#8221; custom_css_free_form=&#8221;.button2{||  min-width:316px;||}&#8221; global_colors_info=&#8221;{}&#8221;][\/et_pb_button][\/et_pb_column][\/et_pb_row][\/et_pb_section]<\/p>\n","protected":false},"excerpt":{"rendered":"<p>BEAUTY&#8230;<\/p>\n","protected":false},"author":1,"featured_media":0,"parent":8969,"menu_order":0,"comment_status":"closed","ping_status":"closed","template":"","meta":{"_acf_changed":false,"_et_pb_use_builder":"on","_et_pb_old_content":"","_et_gb_content_width":"","footnotes":""},"class_list":["post-10101","page","type-page","status-publish","hentry"],"acf":[],"yoast_head":"<!-- This site is optimized with the Yoast SEO plugin v27.1.1 - https:\/\/yoast.com\/product\/yoast-seo-wordpress\/ -->\n<title>Beauty Planet x Reserve avec Google : la plateforme de r\u00e9servation en ligne - Ikosoft<\/title>\n<meta name=\"description\" content=\"Boostez votre visibilit\u00e9 avec Beauty Planet x Reserve with Google : notre plateforme de r\u00e9servation en ligne connect\u00e9e directement aux services Google. Offrez \u00e0 vos clients une exp\u00e9rience transparente, s\u00e9curis\u00e9e et aux normes du march\u00e9.\" \/>\n<meta name=\"robots\" content=\"index, follow, max-snippet:-1, max-image-preview:large, max-video-preview:-1\" \/>\n<link rel=\"canonical\" href=\"https:\/\/www2.ikosoft.com\/fr-ca\/caracteristiques\/planete-beaute\/\" \/>\n<meta property=\"og:locale\" content=\"fr_CA\" \/>\n<meta property=\"og:type\" content=\"article\" \/>\n<meta property=\"og:title\" content=\"Beauty Planet x Reserve avec Google : la plateforme de r\u00e9servation en ligne - Ikosoft\" \/>\n<meta property=\"og:description\" content=\"Boostez votre visibilit\u00e9 avec Beauty Planet x Reserve with Google : notre plateforme de r\u00e9servation en ligne connect\u00e9e directement aux services Google. Offrez \u00e0 vos clients une exp\u00e9rience transparente, s\u00e9curis\u00e9e et aux normes du march\u00e9.\" \/>\n<meta property=\"og:url\" content=\"https:\/\/www2.ikosoft.com\/fr-ca\/caracteristiques\/planete-beaute\/\" \/>\n<meta property=\"og:site_name\" content=\"ikosoft\" \/>\n<meta property=\"article:publisher\" content=\"https:\/\/www.facebook.com\/IKOSOFT\/\" \/>\n<meta property=\"article:modified_time\" content=\"2025-08-28T12:05:49+00:00\" \/>\n<meta name=\"twitter:card\" content=\"summary_large_image\" \/>\n<meta name=\"twitter:label1\" content=\"Est. reading time\" \/>\n\t<meta name=\"twitter:data1\" content=\"8 minutes\" \/>\n<script type=\"application\/ld+json\" class=\"yoast-schema-graph\">{\"@context\":\"https:\/\/schema.org\",\"@graph\":[{\"@type\":\"WebPage\",\"@id\":\"https:\/\/www2.ikosoft.com\/fr-ca\/caracteristiques\/planete-beaute\/\",\"url\":\"https:\/\/www2.ikosoft.com\/fr-ca\/caracteristiques\/planete-beaute\/\",\"name\":\"Beauty Planet x Reserve avec Google : la plateforme de r\u00e9servation en ligne - Ikosoft\",\"isPartOf\":{\"@id\":\"https:\/\/www2.ikosoft.com\/fr-ca\/#website\"},\"datePublished\":\"2025-01-15T16:47:07+00:00\",\"dateModified\":\"2025-08-28T12:05:49+00:00\",\"description\":\"Boostez votre visibilit\u00e9 avec Beauty Planet x Reserve with Google : notre plateforme de r\u00e9servation en ligne connect\u00e9e directement aux services Google. Offrez \u00e0 vos clients une exp\u00e9rience transparente, s\u00e9curis\u00e9e et aux normes du march\u00e9.\",\"breadcrumb\":{\"@id\":\"https:\/\/www2.ikosoft.com\/fr-ca\/caracteristiques\/planete-beaute\/#breadcrumb\"},\"inLanguage\":\"fr-CA\",\"potentialAction\":[{\"@type\":\"ReadAction\",\"target\":[\"https:\/\/www2.ikosoft.com\/fr-ca\/caracteristiques\/planete-beaute\/\"]}]},{\"@type\":\"BreadcrumbList\",\"@id\":\"https:\/\/www2.ikosoft.com\/fr-ca\/caracteristiques\/planete-beaute\/#breadcrumb\",\"itemListElement\":[{\"@type\":\"ListItem\",\"position\":1,\"name\":\"Accueil\",\"item\":\"https:\/\/www2.ikosoft.com\/fr-ca\/\"},{\"@type\":\"ListItem\",\"position\":2,\"name\":\"Caract\u00e9ristiques\",\"item\":\"https:\/\/www2.ikosoft.com\/fr-ca\/caracteristiques\/\"},{\"@type\":\"ListItem\",\"position\":3,\"name\":\"Plan\u00e8te beaut\u00e9\"}]},{\"@type\":\"WebSite\",\"@id\":\"https:\/\/www2.ikosoft.com\/fr-ca\/#website\",\"url\":\"https:\/\/www2.ikosoft.com\/fr-ca\/\",\"name\":\"Ikosoft\",\"description\":\"Ikosoft Merlin - Logiciel de caisse certifi\u00e9 NF525 et de gestion pour salon de coiffure, institut de beaut\u00e9 et spa\",\"publisher\":{\"@id\":\"https:\/\/www2.ikosoft.com\/fr-ca\/#organization\"},\"potentialAction\":[{\"@type\":\"SearchAction\",\"target\":{\"@type\":\"EntryPoint\",\"urlTemplate\":\"https:\/\/www2.ikosoft.com\/fr-ca\/?s={search_term_string}\"},\"query-input\":{\"@type\":\"PropertyValueSpecification\",\"valueRequired\":true,\"valueName\":\"search_term_string\"}}],\"inLanguage\":\"fr-CA\"},{\"@type\":\"Organization\",\"@id\":\"https:\/\/www2.ikosoft.com\/fr-ca\/#organization\",\"name\":\"Ikosoft\",\"url\":\"https:\/\/www2.ikosoft.com\/fr-ca\/\",\"logo\":{\"@type\":\"ImageObject\",\"inLanguage\":\"fr-CA\",\"@id\":\"https:\/\/www2.ikosoft.com\/fr-ca\/#\/schema\/logo\/image\/\",\"url\":\"https:\/\/www2.ikosoft.com\/app\/uploads\/2025\/03\/logo_2_o.png\",\"contentUrl\":\"https:\/\/www2.ikosoft.com\/app\/uploads\/2025\/03\/logo_2_o.png\",\"width\":1481,\"height\":305,\"caption\":\"Ikosoft\"},\"image\":{\"@id\":\"https:\/\/www2.ikosoft.com\/fr-ca\/#\/schema\/logo\/image\/\"},\"sameAs\":[\"https:\/\/www.facebook.com\/IKOSOFT\/\",\"https:\/\/www.instagram.com\/ikosoft\"]}]}<\/script>\n<!-- \/ Yoast SEO plugin. -->","yoast_head_json":{"title":"Beauty Planet x Reserve avec Google : la plateforme de r\u00e9servation en ligne - Ikosoft","description":"Boostez votre visibilit\u00e9 avec Beauty Planet x Reserve with Google : notre plateforme de r\u00e9servation en ligne connect\u00e9e directement aux services Google. Offrez \u00e0 vos clients une exp\u00e9rience transparente, s\u00e9curis\u00e9e et aux normes du march\u00e9.","robots":{"index":"index","follow":"follow","max-snippet":"max-snippet:-1","max-image-preview":"max-image-preview:large","max-video-preview":"max-video-preview:-1"},"canonical":"https:\/\/www2.ikosoft.com\/fr-ca\/caracteristiques\/planete-beaute\/","og_locale":"fr_CA","og_type":"article","og_title":"Beauty Planet x Reserve avec Google : la plateforme de r\u00e9servation en ligne - Ikosoft","og_description":"Boostez votre visibilit\u00e9 avec Beauty Planet x Reserve with Google : notre plateforme de r\u00e9servation en ligne connect\u00e9e directement aux services Google. Offrez \u00e0 vos clients une exp\u00e9rience transparente, s\u00e9curis\u00e9e et aux normes du march\u00e9.","og_url":"https:\/\/www2.ikosoft.com\/fr-ca\/caracteristiques\/planete-beaute\/","og_site_name":"ikosoft","article_publisher":"https:\/\/www.facebook.com\/IKOSOFT\/","article_modified_time":"2025-08-28T12:05:49+00:00","twitter_card":"summary_large_image","twitter_misc":{"Est. reading time":"8 minutes"},"schema":{"@context":"https:\/\/schema.org","@graph":[{"@type":"WebPage","@id":"https:\/\/www2.ikosoft.com\/fr-ca\/caracteristiques\/planete-beaute\/","url":"https:\/\/www2.ikosoft.com\/fr-ca\/caracteristiques\/planete-beaute\/","name":"Beauty Planet x Reserve avec Google : la plateforme de r\u00e9servation en ligne - Ikosoft","isPartOf":{"@id":"https:\/\/www2.ikosoft.com\/fr-ca\/#website"},"datePublished":"2025-01-15T16:47:07+00:00","dateModified":"2025-08-28T12:05:49+00:00","description":"Boostez votre visibilit\u00e9 avec Beauty Planet x Reserve with Google : notre plateforme de r\u00e9servation en ligne connect\u00e9e directement aux services Google. Offrez \u00e0 vos clients une exp\u00e9rience transparente, s\u00e9curis\u00e9e et aux normes du march\u00e9.","breadcrumb":{"@id":"https:\/\/www2.ikosoft.com\/fr-ca\/caracteristiques\/planete-beaute\/#breadcrumb"},"inLanguage":"fr-CA","potentialAction":[{"@type":"ReadAction","target":["https:\/\/www2.ikosoft.com\/fr-ca\/caracteristiques\/planete-beaute\/"]}]},{"@type":"BreadcrumbList","@id":"https:\/\/www2.ikosoft.com\/fr-ca\/caracteristiques\/planete-beaute\/#breadcrumb","itemListElement":[{"@type":"ListItem","position":1,"name":"Accueil","item":"https:\/\/www2.ikosoft.com\/fr-ca\/"},{"@type":"ListItem","position":2,"name":"Caract\u00e9ristiques","item":"https:\/\/www2.ikosoft.com\/fr-ca\/caracteristiques\/"},{"@type":"ListItem","position":3,"name":"Plan\u00e8te beaut\u00e9"}]},{"@type":"WebSite","@id":"https:\/\/www2.ikosoft.com\/fr-ca\/#website","url":"https:\/\/www2.ikosoft.com\/fr-ca\/","name":"Ikosoft","description":"Ikosoft Merlin - Logiciel de caisse certifi\u00e9 NF525 et de gestion pour salon de coiffure, institut de beaut\u00e9 et spa","publisher":{"@id":"https:\/\/www2.ikosoft.com\/fr-ca\/#organization"},"potentialAction":[{"@type":"SearchAction","target":{"@type":"EntryPoint","urlTemplate":"https:\/\/www2.ikosoft.com\/fr-ca\/?s={search_term_string}"},"query-input":{"@type":"PropertyValueSpecification","valueRequired":true,"valueName":"search_term_string"}}],"inLanguage":"fr-CA"},{"@type":"Organization","@id":"https:\/\/www2.ikosoft.com\/fr-ca\/#organization","name":"Ikosoft","url":"https:\/\/www2.ikosoft.com\/fr-ca\/","logo":{"@type":"ImageObject","inLanguage":"fr-CA","@id":"https:\/\/www2.ikosoft.com\/fr-ca\/#\/schema\/logo\/image\/","url":"https:\/\/www2.ikosoft.com\/app\/uploads\/2025\/03\/logo_2_o.png","contentUrl":"https:\/\/www2.ikosoft.com\/app\/uploads\/2025\/03\/logo_2_o.png","width":1481,"height":305,"caption":"Ikosoft"},"image":{"@id":"https:\/\/www2.ikosoft.com\/fr-ca\/#\/schema\/logo\/image\/"},"sameAs":["https:\/\/www.facebook.com\/IKOSOFT\/","https:\/\/www.instagram.com\/ikosoft"]}]}},"_links":{"self":[{"href":"https:\/\/www2.ikosoft.com\/fr-ca\/wp-json\/wp\/v2\/pages\/10101","targetHints":{"allow":["GET"]}}],"collection":[{"href":"https:\/\/www2.ikosoft.com\/fr-ca\/wp-json\/wp\/v2\/pages"}],"about":[{"href":"https:\/\/www2.ikosoft.com\/fr-ca\/wp-json\/wp\/v2\/types\/page"}],"author":[{"embeddable":true,"href":"https:\/\/www2.ikosoft.com\/fr-ca\/wp-json\/wp\/v2\/users\/1"}],"replies":[{"embeddable":true,"href":"https:\/\/www2.ikosoft.com\/fr-ca\/wp-json\/wp\/v2\/comments?post=10101"}],"version-history":[{"count":4,"href":"https:\/\/www2.ikosoft.com\/fr-ca\/wp-json\/wp\/v2\/pages\/10101\/revisions"}],"predecessor-version":[{"id":10113,"href":"https:\/\/www2.ikosoft.com\/fr-ca\/wp-json\/wp\/v2\/pages\/10101\/revisions\/10113"}],"up":[{"embeddable":true,"href":"https:\/\/www2.ikosoft.com\/fr-ca\/wp-json\/wp\/v2\/pages\/8969"}],"wp:attachment":[{"href":"https:\/\/www2.ikosoft.com\/fr-ca\/wp-json\/wp\/v2\/media?parent=10101"}],"curies":[{"name":"wp","href":"https:\/\/api.w.org\/{rel}","templated":true}]}}