{"id":8976,"date":"2025-01-16T10:16:28","date_gmt":"2025-01-16T09:16:28","guid":{"rendered":"https:\/\/www2.ikosoft.com\/fonctionnalites\/journal-en-ligne\/"},"modified":"2025-08-06T15:35:45","modified_gmt":"2025-08-06T13:35:45","slug":"journal-en-ligne","status":"publish","type":"page","link":"https:\/\/www2.ikosoft.com\/fr-be\/fonctionnalites\/journal-en-ligne\/","title":{"rendered":"Journal en ligne"},"content":{"rendered":"<p>[et_pb_section fb_built=&#8221;1&#8243; _builder_version=&#8221;4.27.4&#8243; _module_preset=&#8221;default&#8221; width=&#8221;100%&#8221; max_width=&#8221;100%&#8221; min_height=&#8221;13px&#8221; height=&#8221;100px&#8221; max_height=&#8221;100px&#8221; custom_padding=&#8221;0px||0px||false|false&#8221; global_colors_info=&#8221;{}&#8221;][et_pb_row module_id=&#8221;iko-page-titles&#8221; _builder_version=&#8221;4.27.4&#8243; _module_preset=&#8221;default&#8221; width=&#8221;100%&#8221; max_width=&#8221;100%&#8221; module_alignment=&#8221;center&#8221; min_height=&#8221;100px&#8221; height=&#8221;100px&#8221; custom_padding=&#8221;0px||0px|||&#8221; custom_css_free_form=&#8221;||&#8221; global_colors_info=&#8221;{}&#8221;][et_pb_column type=&#8221;4_4&#8243; _builder_version=&#8221;4.27.4&#8243; _module_preset=&#8221;default&#8221; custom_padding=&#8221;0px||||false|false&#8221; global_colors_info=&#8221;{}&#8221;][et_pb_text _builder_version=&#8221;4.27.4&#8243; _module_preset=&#8221;default&#8221; text_text_color=&#8221;#FFFFFF&#8221; text_font_size=&#8221;30px&#8221; background_color=&#8221;#ed5946&#8243; text_orientation=&#8221;center&#8221; min_height=&#8221;97.6px&#8221; custom_margin_tablet=&#8221;&#8221; custom_margin_phone=&#8221;&#8221; custom_margin_last_edited=&#8221;on|desktop&#8221; custom_padding=&#8221;26px||0px||false|false&#8221; custom_padding_tablet=&#8221;20px|50px|0px|50px|false|false&#8221; custom_padding_phone=&#8221;12px|22px|11px|22px|false|false&#8221; custom_padding_last_edited=&#8221;on|tablet&#8221; global_colors_info=&#8221;{}&#8221;]<\/p>\n<h1 style=\"text-align: center;\">AGENDA EN LIGNE POUR LES COIFFEURS ET LES INSTITUTS DE BEAUT\u00c9<\/h1>\n<p>[\/et_pb_text][\/et_pb_column][\/et_pb_row][\/et_pb_section][et_pb_section fb_built=&#8221;1&#8243; _builder_version=&#8221;4.27.4&#8243; _module_preset=&#8221;default&#8221; custom_padding=&#8221;3px||6px|||&#8221; global_colors_info=&#8221;{}&#8221;][et_pb_row _builder_version=&#8221;4.27.4&#8243; _module_preset=&#8221;default&#8221; max_width=&#8221;1308px&#8221; custom_padding=&#8221;35px||14px|2px||&#8221; global_colors_info=&#8221;{}&#8221;][et_pb_column type=&#8221;4_4&#8243; _builder_version=&#8221;4.27.4&#8243; _module_preset=&#8221;default&#8221; global_colors_info=&#8221;{}&#8221;][et_pb_text _builder_version=&#8221;4.27.4&#8243; _module_preset=&#8221;default&#8221; text_font=&#8221;|700|||||||&#8221; text_font_size=&#8221;41px&#8221; text_line_height=&#8221;1.1em&#8221; header_font_size=&#8221;36px&#8221; header_2_text_color=&#8221;#000000&#8243; header_2_font_size=&#8221;50px&#8221; width=&#8221;80%&#8221; width_tablet=&#8221;80%&#8221; width_phone=&#8221;80%&#8221; width_last_edited=&#8221;on|tablet&#8221; max_width_tablet=&#8221;&#8221; max_width_phone=&#8221;&#8221; max_width_last_edited=&#8221;on|tablet&#8221; module_alignment=&#8221;center&#8221; min_height=&#8221;0px&#8221; min_height_tablet=&#8221;0px&#8221; min_height_phone=&#8221;0px&#8221; min_height_last_edited=&#8221;on|tablet&#8221; max_height_tablet=&#8221;1000px&#8221; max_height_phone=&#8221;1000px&#8221; max_height_last_edited=&#8221;on|tablet&#8221; custom_margin=&#8221;|-82px||386px||&#8221; custom_margin_tablet=&#8221;||||false|false&#8221; custom_margin_phone=&#8221;||||false|false&#8221; custom_margin_last_edited=&#8221;on|tablet&#8221; custom_padding_tablet=&#8221;13px|50px|0px|50px|false|false&#8221; custom_padding_phone=&#8221;33px|21px|0px|21px|false|false&#8221; custom_padding_last_edited=&#8221;on|tablet&#8221; global_colors_info=&#8221;{}&#8221;]<\/p>\n<h2 style=\"text-align: center;\"><span data-sheets-root=\"1\">Logiciel de gestion du temps pour une planification optimis\u00e9e<\/span><\/h2>\n<p>[\/et_pb_text][et_pb_text content_tablet=&#8221;<\/p>\n<h3 style=%22text-align: center;%22>Optimisation et organisation des rendez-vous.<\/h3>\n<h3 style=%22text-align: center;%22>Planifiez, organisez et optimisez facilement vos rendez-vous, pour une gestion efficace de votre entreprise.<\/h3>\n<p>&#8221; content_phone=&#8221;<\/p>\n<h3 style=%22text-align: center;%22>Optimisation et organisation des rendez-vous.<\/h3>\n<h3 style=%22text-align: center;%22>Planifiez, organisez et optimisez facilement vos rendez-vous, pour une gestion efficace de votre entreprise.<\/h3>\n<p>&#8221; content_last_edited=&#8221;on|desktop&#8221; _builder_version=&#8221;4.27.4&#8243; _module_preset=&#8221;default&#8221; text_font=&#8221;||||||||&#8221; text_text_color=&#8221;#EB5A47&#8243; text_font_size=&#8221;25px&#8221; text_line_height=&#8221;1.1em&#8221; header_text_color=&#8221;#EB5A47&#8243; header_font_size=&#8221;36px&#8221; header_2_text_color=&#8221;#000000&#8243; header_2_font_size=&#8221;50px&#8221; width=&#8221;80%&#8221; module_alignment=&#8221;center&#8221; min_height=&#8221;0px&#8221; custom_margin=&#8221;|auto||auto|false|false&#8221; custom_padding=&#8221;0px|40px||40px|false|false&#8221; custom_padding_tablet=&#8221;0px|40px||40px|false|false&#8221; custom_padding_phone=&#8221;|15px||15px|false|false&#8221; custom_padding_last_edited=&#8221;on|phone&#8221; text_font_size_tablet=&#8221;25px&#8221; text_font_size_phone=&#8221;20px&#8221; text_font_size_last_edited=&#8221;on|phone&#8221; global_colors_info=&#8221;{}&#8221; content__hover_enabled=&#8221;off|desktop&#8221;]<\/p>\n<h3 style=\"text-align: center;\">Optimisation et organisation des rendez-vous.<\/h3>\n<h3 style=\"text-align: center;\">D\u00e9couvrez comment simplifier la gestion de votre emploi du temps gr\u00e2ce \u00e0 l&#8217;agenda en ligne int\u00e9gr\u00e9 \u00e0 notre logiciel Merlin.<\/h3>\n<h3 style=\"text-align: center;\">Planifiez, organisez et optimisez facilement vos rendez-vous, pour une gestion efficace de votre entreprise.<\/h3>\n<p>[\/et_pb_text][\/et_pb_column][\/et_pb_row][\/et_pb_section][et_pb_section fb_built=&#8221;1&#8243; _builder_version=&#8221;4.27.4&#8243; _module_preset=&#8221;default&#8221; custom_padding=&#8221;3px||1px|||&#8221; global_colors_info=&#8221;{}&#8221;][et_pb_row column_structure=&#8221;1_2,1_2&#8243; _builder_version=&#8221;4.27.4&#8243; _module_preset=&#8221;default&#8221; width=&#8221;100%&#8221; max_width=&#8221;1300px&#8221; custom_margin=&#8221;20px|auto|20px|auto|true|&#8221; custom_margin_tablet=&#8221;40px|auto|40px|auto|true|false&#8221; custom_margin_phone=&#8221;20px|auto|20px|auto|true|false&#8221; custom_margin_last_edited=&#8221;on|tablet&#8221; custom_padding=&#8221;6px||2px|||&#8221; global_colors_info=&#8221;{}&#8221;][et_pb_column type=&#8221;1_2&#8243; _builder_version=&#8221;4.27.4&#8243; _module_preset=&#8221;default&#8221; global_colors_info=&#8221;{}&#8221;][et_pb_text _builder_version=&#8221;4.27.4&#8243; _module_preset=&#8221;default&#8221; text_font_size=&#8221;22px&#8221; text_line_height=&#8221;1.2em&#8221; custom_margin_tablet=&#8221;-17px|30px|-35px|30px|false|false&#8221; custom_margin_phone=&#8221;-17px|10px|-35px|10px|false|false&#8221; custom_margin_last_edited=&#8221;on|tablet&#8221; custom_padding=&#8221;4px|40px||40px|false|false&#8221; text_font_size_tablet=&#8221;22px&#8221; text_font_size_phone=&#8221;18px&#8221; text_font_size_last_edited=&#8221;on|phone&#8221; global_colors_info=&#8221;{}&#8221;]<\/p>\n<h4>Informations sur les rendez-vous programm\u00e9s<\/h4>\n<p>&nbsp;<\/p>\n<p>Visualisez rapidement les clients absents, en retard, en cours, en attente et les rendez-vous termin\u00e9s.<\/p>\n<p>Consultez instantan\u00e9ment le nom du client, le type de service demand\u00e9 et l&#8217;origine du rendez-vous (<a href=\"\/fonctionnalites\/logiciel-de-reservation-en-ligne\/\">Online Booking<\/a>).<\/p>\n<p>Personnalisez l&#8217;affichage et les graphiques.<\/p>\n<p>&nbsp;<\/p>\n<p>[\/et_pb_text][\/et_pb_column][et_pb_column type=&#8221;1_2&#8243; _builder_version=&#8221;4.27.4&#8243; _module_preset=&#8221;default&#8221; global_colors_info=&#8221;{}&#8221;][et_pb_image src=&#8221;\/app\/uploads\/2025\/03\/mockup_ordi_carnet_rdv.png&#8221; title_text=&#8221;maquette_ordi_carnet_rdv&#8221; admin_label=&#8221;Image&#8221; _builder_version=&#8221;4.27.4&#8243; _module_preset=&#8221;default&#8221; custom_margin=&#8221;|||2px||&#8221; custom_margin_tablet=&#8221;|||2px||&#8221; custom_margin_phone=&#8221;10px|auto||auto|false|false&#8221; custom_margin_last_edited=&#8221;on|phone&#8221; custom_padding=&#8221;||0px|||&#8221; custom_padding_tablet=&#8221;||0px|||&#8221; custom_padding_phone=&#8221;|15px|0px|15px|false|false&#8221; custom_padding_last_edited=&#8221;on|phone&#8221; global_colors_info=&#8221;{}&#8221;][\/et_pb_image][\/et_pb_column][\/et_pb_row][\/et_pb_section][et_pb_section fb_built=&#8221;1&#8243; _builder_version=&#8221;4.27.4&#8243; _module_preset=&#8221;default&#8221; custom_margin=&#8221;||-35px|||&#8221; custom_padding=&#8221;3px||16px|||&#8221; global_colors_info=&#8221;{}&#8221;][et_pb_row column_structure=&#8221;1_2,1_2&#8243; _builder_version=&#8221;4.27.4&#8243; _module_preset=&#8221;default&#8221; width=&#8221;100%&#8221; max_width=&#8221;1300px&#8221; custom_padding=&#8221;6px||2px|||&#8221; global_colors_info=&#8221;{}&#8221;][et_pb_column type=&#8221;1_2&#8243; _builder_version=&#8221;4.27.4&#8243; _module_preset=&#8221;default&#8221; global_colors_info=&#8221;{}&#8221;][et_pb_image src=&#8221;\/app\/uploads\/2025\/01\/Money-Color.png&#8221; title_text=&#8221;Couleur de l&#8217;argent&#8221; disabled_on=&#8221;on|on|off&#8221; _builder_version=&#8221;4.27.4&#8243; _module_preset=&#8221;default&#8221; width=&#8221;103.1%&#8221; custom_margin=&#8221;|-15px||2px||&#8221; custom_margin_tablet=&#8221;|||76px|false|false&#8221; custom_margin_phone=&#8221;|||76px|false|false&#8221; custom_margin_last_edited=&#8221;on|tablet&#8221; custom_padding=&#8221;||0px|29px||&#8221; custom_padding_tablet=&#8221;||15px|61px|false|false&#8221; custom_padding_phone=&#8221;||15px|61px|false|false&#8221; custom_padding_last_edited=&#8221;on|tablet&#8221; global_colors_info=&#8221;{}&#8221;][\/et_pb_image][\/et_pb_column][et_pb_column type=&#8221;1_2&#8243; _builder_version=&#8221;4.27.4&#8243; _module_preset=&#8221;default&#8221; global_colors_info=&#8221;{}&#8221;][et_pb_text _builder_version=&#8221;4.27.4&#8243; _module_preset=&#8221;default&#8221; text_font_size=&#8221;22px&#8221; text_line_height=&#8221;1.4em&#8221; custom_margin=&#8221;|1px|||false|false&#8221; custom_margin_tablet=&#8221;|30px||30px|false|false&#8221; custom_margin_phone=&#8221;|10px||10px|false|false&#8221; custom_margin_last_edited=&#8221;on|tablet&#8221; custom_padding=&#8221;1px|61px|38px|50px||&#8221; custom_padding_tablet=&#8221;1px|50px|0px|50px|false|false&#8221; custom_padding_phone=&#8221;1px|40px|0px|40px|false|false&#8221; custom_padding_last_edited=&#8221;on|tablet&#8221; text_font_size_tablet=&#8221;20px&#8221; text_font_size_phone=&#8221;18px&#8221; text_font_size_last_edited=&#8221;on|phone&#8221; global_colors_info=&#8221;{}&#8221;]<\/p>\n<h3>Am\u00e9liorer la rentabilit\u00e9 de votre entreprise<\/h3>\n<p>&nbsp;<\/p>\n<p>Colorez votre carnet de rendez-vous ! Avec MONEY COLOR \u00a9, visualisez vos rendez-vous en leur attribuant un code couleur en fonction de la rentabilit\u00e9 des services r\u00e9serv\u00e9s.   <\/p>\n<p>Optimisez votre gestion du temps et am\u00e9liorez les performances financi\u00e8res de votre salon.<\/p>\n<p>[\/et_pb_text][\/et_pb_column][\/et_pb_row][et_pb_row custom_padding_last_edited=&#8221;on|tablet&#8221; _builder_version=&#8221;4.27.4&#8243; _module_preset=&#8221;default&#8221; width_tablet=&#8221;&#8221; width_phone=&#8221;100%&#8221; width_last_edited=&#8221;on|phone&#8221; max_width_tablet=&#8221;&#8221; max_width_phone=&#8221;&#8221; max_width_last_edited=&#8221;on|phone&#8221; min_height_tablet=&#8221;&#8221; min_height_phone=&#8221;100px&#8221; min_height_last_edited=&#8221;on|phone&#8221; height_tablet=&#8221;&#8221; height_phone=&#8221;1000px&#8221; height_last_edited=&#8221;on|phone&#8221; max_height_tablet=&#8221;&#8221; max_height_phone=&#8221;332px&#8221; max_height_last_edited=&#8221;on|phone&#8221; custom_margin_tablet=&#8221;|auto||131px|false|false&#8221; custom_margin_phone=&#8221;||-45px|auto|false|false&#8221; custom_margin_last_edited=&#8221;on|phone&#8221; custom_padding_tablet=&#8221;&#8221; custom_padding_phone=&#8221;|34px|0px|51px|false|false&#8221; module_alignment_tablet=&#8221;&#8221; module_alignment_phone=&#8221;center&#8221; module_alignment_last_edited=&#8221;on|phone&#8221; global_colors_info=&#8221;{}&#8221;][et_pb_column type=&#8221;4_4&#8243; _builder_version=&#8221;4.27.4&#8243; _module_preset=&#8221;default&#8221; global_colors_info=&#8221;{}&#8221;][et_pb_image src=&#8221;\/app\/uploads\/2025\/01\/Money-Color.png&#8221; alt=&#8221;Money Color : visualisez la rentabilit\u00e9 de votre entreprise avec Merlin&#8221; disabled_on=&#8221;off|off|on&#8221; _builder_version=&#8221;4.27.4&#8243; _module_preset=&#8221;default&#8221; global_colors_info=&#8221;{}&#8221;][\/et_pb_image][\/et_pb_column][\/et_pb_row][\/et_pb_section][et_pb_section fb_built=&#8221;1&#8243; _builder_version=&#8221;4.27.4&#8243; _module_preset=&#8221;default&#8221; custom_padding=&#8221;4px||0px|||&#8221; global_colors_info=&#8221;{}&#8221;][et_pb_row _builder_version=&#8221;4.27.4&#8243; _module_preset=&#8221;default&#8221; custom_margin=&#8221;|auto|10px|auto||&#8221; custom_padding=&#8221;13px||44px|||&#8221; global_colors_info=&#8221;{}&#8221;][et_pb_column type=&#8221;4_4&#8243; _builder_version=&#8221;4.27.4&#8243; _module_preset=&#8221;default&#8221; global_colors_info=&#8221;{}&#8221;][et_pb_button button_url=&#8221;\/landing-logiciel\/&#8221; button_text=&#8221;Abonnez-vous \u00e0 notre solution en ligne&#8221; button_alignment=&#8221;center&#8221; _builder_version=&#8221;4.27.4&#8243; _module_preset=&#8221;default&#8221; custom_button=&#8221;on&#8221; button_text_color=&#8221;#FFFFFF&#8221; button_bg_color=&#8221;#ed5946&#8243; button_border_radius=&#8221;31px&#8221; custom_margin=&#8221;|20px||25px|false|false&#8221; custom_margin_tablet=&#8221;|20px||25px|false|false&#8221; custom_margin_phone=&#8221;|50px||50px|false|false&#8221; custom_margin_last_edited=&#8221;on|phone&#8221; custom_padding_tablet=&#8221;&#8221; custom_padding_phone=&#8221;|20px||20px|false|false&#8221; custom_padding_last_edited=&#8221;on|phone&#8221; button_text_size_tablet=&#8221;&#8221; button_text_size_phone=&#8221;20px&#8221; button_text_size_last_edited=&#8221;on|phone&#8221; global_colors_info=&#8221;{}&#8221;][\/et_pb_button][\/et_pb_column][\/et_pb_row][\/et_pb_section]<\/p>\n","protected":false},"excerpt":{"rendered":"<p>AGENDA&#8230;<\/p>\n","protected":false},"author":1,"featured_media":0,"parent":8975,"menu_order":0,"comment_status":"closed","ping_status":"closed","template":"","meta":{"_acf_changed":false,"_et_pb_use_builder":"on","_et_pb_old_content":"","_et_gb_content_width":"","footnotes":""},"class_list":["post-8976","page","type-page","status-publish","hentry"],"acf":[],"yoast_head":"<!-- This site is optimized with the Yoast SEO plugin v27.1.1 - https:\/\/yoast.com\/product\/yoast-seo-wordpress\/ -->\n<title>Agenda en ligne coiffeur - logiciel de gestion du temps | Ikosoft<\/title>\n<meta name=\"description\" content=\"Calendrier intelligent : optimisation du temps de r\u00e9alisation, optimisation de l&#039;occupation, optimisation de l&#039;organisation, informations sur les rendez-vous programm\u00e9s, facilit\u00e9 d&#039;utilisation.\" \/>\n<meta name=\"robots\" content=\"index, follow, max-snippet:-1, max-image-preview:large, max-video-preview:-1\" \/>\n<link rel=\"canonical\" href=\"https:\/\/www2.ikosoft.com\/fr-be\/fonctionnalites\/journal-en-ligne\/\" \/>\n<meta property=\"og:locale\" content=\"fr_FR\" \/>\n<meta property=\"og:type\" content=\"article\" \/>\n<meta property=\"og:title\" content=\"Agenda en ligne coiffeur - logiciel de gestion du temps | Ikosoft\" \/>\n<meta property=\"og:description\" content=\"Calendrier intelligent : optimisation du temps de r\u00e9alisation, optimisation de l&#039;occupation, optimisation de l&#039;organisation, informations sur les rendez-vous programm\u00e9s, facilit\u00e9 d&#039;utilisation.\" \/>\n<meta property=\"og:url\" content=\"https:\/\/www2.ikosoft.com\/fr-be\/fonctionnalites\/journal-en-ligne\/\" \/>\n<meta property=\"og:site_name\" content=\"ikosoft\" \/>\n<meta property=\"article:publisher\" content=\"https:\/\/www.facebook.com\/IKOSOFT\/\" \/>\n<meta property=\"article:modified_time\" content=\"2025-08-06T13:35:45+00:00\" \/>\n<meta name=\"twitter:card\" content=\"summary_large_image\" \/>\n<meta name=\"twitter:label1\" content=\"Est. reading time\" \/>\n\t<meta name=\"twitter:data1\" content=\"7 minutes\" \/>\n<script type=\"application\/ld+json\" class=\"yoast-schema-graph\">{\"@context\":\"https:\/\/schema.org\",\"@graph\":[{\"@type\":\"WebPage\",\"@id\":\"https:\/\/www2.ikosoft.com\/fr-be\/fonctionnalites\/journal-en-ligne\/\",\"url\":\"https:\/\/www2.ikosoft.com\/fr-be\/fonctionnalites\/journal-en-ligne\/\",\"name\":\"Agenda en ligne coiffeur - logiciel de gestion du temps | Ikosoft\",\"isPartOf\":{\"@id\":\"https:\/\/www2.ikosoft.com\/fr-be\/#website\"},\"datePublished\":\"2025-01-16T09:16:28+00:00\",\"dateModified\":\"2025-08-06T13:35:45+00:00\",\"description\":\"Calendrier intelligent : optimisation du temps de r\u00e9alisation, optimisation de l'occupation, optimisation de l'organisation, informations sur les rendez-vous programm\u00e9s, facilit\u00e9 d'utilisation.\",\"breadcrumb\":{\"@id\":\"https:\/\/www2.ikosoft.com\/fr-be\/fonctionnalites\/journal-en-ligne\/#breadcrumb\"},\"inLanguage\":\"fr-BE\",\"potentialAction\":[{\"@type\":\"ReadAction\",\"target\":[\"https:\/\/www2.ikosoft.com\/fr-be\/fonctionnalites\/journal-en-ligne\/\"]}]},{\"@type\":\"BreadcrumbList\",\"@id\":\"https:\/\/www2.ikosoft.com\/fr-be\/fonctionnalites\/journal-en-ligne\/#breadcrumb\",\"itemListElement\":[{\"@type\":\"ListItem\",\"position\":1,\"name\":\"Accueil\",\"item\":\"https:\/\/www2.ikosoft.com\/fr-be\/\"},{\"@type\":\"ListItem\",\"position\":2,\"name\":\"Fonctionnalit\u00e9s\",\"item\":\"https:\/\/www2.ikosoft.com\/fr-be\/fonctionnalites\/\"},{\"@type\":\"ListItem\",\"position\":3,\"name\":\"Journal en ligne\"}]},{\"@type\":\"WebSite\",\"@id\":\"https:\/\/www2.ikosoft.com\/fr-be\/#website\",\"url\":\"https:\/\/www2.ikosoft.com\/fr-be\/\",\"name\":\"Ikosoft\",\"description\":\"Logiciel de caisse et de gestion pour salon de coiffure, institut de beaut\u00e9 et spa\",\"publisher\":{\"@id\":\"https:\/\/www2.ikosoft.com\/fr-be\/#organization\"},\"potentialAction\":[{\"@type\":\"SearchAction\",\"target\":{\"@type\":\"EntryPoint\",\"urlTemplate\":\"https:\/\/www2.ikosoft.com\/fr-be\/?s={search_term_string}\"},\"query-input\":{\"@type\":\"PropertyValueSpecification\",\"valueRequired\":true,\"valueName\":\"search_term_string\"}}],\"inLanguage\":\"fr-BE\"},{\"@type\":\"Organization\",\"@id\":\"https:\/\/www2.ikosoft.com\/fr-be\/#organization\",\"name\":\"Ikosoft\",\"url\":\"https:\/\/www2.ikosoft.com\/fr-be\/\",\"logo\":{\"@type\":\"ImageObject\",\"inLanguage\":\"fr-BE\",\"@id\":\"https:\/\/www2.ikosoft.com\/fr-be\/#\/schema\/logo\/image\/\",\"url\":\"https:\/\/www2.ikosoft.com\/app\/uploads\/2025\/03\/logo_2_o.png\",\"contentUrl\":\"https:\/\/www2.ikosoft.com\/app\/uploads\/2025\/03\/logo_2_o.png\",\"width\":1481,\"height\":305,\"caption\":\"Ikosoft\"},\"image\":{\"@id\":\"https:\/\/www2.ikosoft.com\/fr-be\/#\/schema\/logo\/image\/\"},\"sameAs\":[\"https:\/\/www.facebook.com\/IKOSOFT\/\",\"https:\/\/www.instagram.com\/ikosoft\"]}]}<\/script>\n<!-- \/ Yoast SEO plugin. -->","yoast_head_json":{"title":"Agenda en ligne coiffeur - logiciel de gestion du temps | Ikosoft","description":"Calendrier intelligent : optimisation du temps de r\u00e9alisation, optimisation de l'occupation, optimisation de l'organisation, informations sur les rendez-vous programm\u00e9s, facilit\u00e9 d'utilisation.","robots":{"index":"index","follow":"follow","max-snippet":"max-snippet:-1","max-image-preview":"max-image-preview:large","max-video-preview":"max-video-preview:-1"},"canonical":"https:\/\/www2.ikosoft.com\/fr-be\/fonctionnalites\/journal-en-ligne\/","og_locale":"fr_FR","og_type":"article","og_title":"Agenda en ligne coiffeur - logiciel de gestion du temps | Ikosoft","og_description":"Calendrier intelligent : optimisation du temps de r\u00e9alisation, optimisation de l'occupation, optimisation de l'organisation, informations sur les rendez-vous programm\u00e9s, facilit\u00e9 d'utilisation.","og_url":"https:\/\/www2.ikosoft.com\/fr-be\/fonctionnalites\/journal-en-ligne\/","og_site_name":"ikosoft","article_publisher":"https:\/\/www.facebook.com\/IKOSOFT\/","article_modified_time":"2025-08-06T13:35:45+00:00","twitter_card":"summary_large_image","twitter_misc":{"Est. reading time":"7 minutes"},"schema":{"@context":"https:\/\/schema.org","@graph":[{"@type":"WebPage","@id":"https:\/\/www2.ikosoft.com\/fr-be\/fonctionnalites\/journal-en-ligne\/","url":"https:\/\/www2.ikosoft.com\/fr-be\/fonctionnalites\/journal-en-ligne\/","name":"Agenda en ligne coiffeur - logiciel de gestion du temps | Ikosoft","isPartOf":{"@id":"https:\/\/www2.ikosoft.com\/fr-be\/#website"},"datePublished":"2025-01-16T09:16:28+00:00","dateModified":"2025-08-06T13:35:45+00:00","description":"Calendrier intelligent : optimisation du temps de r\u00e9alisation, optimisation de l'occupation, optimisation de l'organisation, informations sur les rendez-vous programm\u00e9s, facilit\u00e9 d'utilisation.","breadcrumb":{"@id":"https:\/\/www2.ikosoft.com\/fr-be\/fonctionnalites\/journal-en-ligne\/#breadcrumb"},"inLanguage":"fr-BE","potentialAction":[{"@type":"ReadAction","target":["https:\/\/www2.ikosoft.com\/fr-be\/fonctionnalites\/journal-en-ligne\/"]}]},{"@type":"BreadcrumbList","@id":"https:\/\/www2.ikosoft.com\/fr-be\/fonctionnalites\/journal-en-ligne\/#breadcrumb","itemListElement":[{"@type":"ListItem","position":1,"name":"Accueil","item":"https:\/\/www2.ikosoft.com\/fr-be\/"},{"@type":"ListItem","position":2,"name":"Fonctionnalit\u00e9s","item":"https:\/\/www2.ikosoft.com\/fr-be\/fonctionnalites\/"},{"@type":"ListItem","position":3,"name":"Journal en ligne"}]},{"@type":"WebSite","@id":"https:\/\/www2.ikosoft.com\/fr-be\/#website","url":"https:\/\/www2.ikosoft.com\/fr-be\/","name":"Ikosoft","description":"Logiciel de caisse et de gestion pour salon de coiffure, institut de beaut\u00e9 et spa","publisher":{"@id":"https:\/\/www2.ikosoft.com\/fr-be\/#organization"},"potentialAction":[{"@type":"SearchAction","target":{"@type":"EntryPoint","urlTemplate":"https:\/\/www2.ikosoft.com\/fr-be\/?s={search_term_string}"},"query-input":{"@type":"PropertyValueSpecification","valueRequired":true,"valueName":"search_term_string"}}],"inLanguage":"fr-BE"},{"@type":"Organization","@id":"https:\/\/www2.ikosoft.com\/fr-be\/#organization","name":"Ikosoft","url":"https:\/\/www2.ikosoft.com\/fr-be\/","logo":{"@type":"ImageObject","inLanguage":"fr-BE","@id":"https:\/\/www2.ikosoft.com\/fr-be\/#\/schema\/logo\/image\/","url":"https:\/\/www2.ikosoft.com\/app\/uploads\/2025\/03\/logo_2_o.png","contentUrl":"https:\/\/www2.ikosoft.com\/app\/uploads\/2025\/03\/logo_2_o.png","width":1481,"height":305,"caption":"Ikosoft"},"image":{"@id":"https:\/\/www2.ikosoft.com\/fr-be\/#\/schema\/logo\/image\/"},"sameAs":["https:\/\/www.facebook.com\/IKOSOFT\/","https:\/\/www.instagram.com\/ikosoft"]}]}},"_links":{"self":[{"href":"https:\/\/www2.ikosoft.com\/fr-be\/wp-json\/wp\/v2\/pages\/8976","targetHints":{"allow":["GET"]}}],"collection":[{"href":"https:\/\/www2.ikosoft.com\/fr-be\/wp-json\/wp\/v2\/pages"}],"about":[{"href":"https:\/\/www2.ikosoft.com\/fr-be\/wp-json\/wp\/v2\/types\/page"}],"author":[{"embeddable":true,"href":"https:\/\/www2.ikosoft.com\/fr-be\/wp-json\/wp\/v2\/users\/1"}],"replies":[{"embeddable":true,"href":"https:\/\/www2.ikosoft.com\/fr-be\/wp-json\/wp\/v2\/comments?post=8976"}],"version-history":[{"count":6,"href":"https:\/\/www2.ikosoft.com\/fr-be\/wp-json\/wp\/v2\/pages\/8976\/revisions"}],"predecessor-version":[{"id":9685,"href":"https:\/\/www2.ikosoft.com\/fr-be\/wp-json\/wp\/v2\/pages\/8976\/revisions\/9685"}],"up":[{"embeddable":true,"href":"https:\/\/www2.ikosoft.com\/fr-be\/wp-json\/wp\/v2\/pages\/8975"}],"wp:attachment":[{"href":"https:\/\/www2.ikosoft.com\/fr-be\/wp-json\/wp\/v2\/media?parent=8976"}],"curies":[{"name":"wp","href":"https:\/\/api.w.org\/{rel}","templated":true}]}}