{"id":8341,"date":"2024-12-30T14:12:30","date_gmt":"2024-12-30T13:12:30","guid":{"rendered":"https:\/\/www2.ikosoft.com\/franchiseur\/"},"modified":"2025-08-06T15:48:41","modified_gmt":"2025-08-06T13:48:41","slug":"franchiseur","status":"publish","type":"page","link":"https:\/\/www2.ikosoft.com\/fr-be\/vous-etes\/franchiseur\/","title":{"rendered":"Franchiseur"},"content":{"rendered":"<p>[et_pb_section fb_built=&#8221;1&#8243; _builder_version=&#8221;4.27.4&#8243; _module_preset=&#8221;default&#8221; width=&#8221;100%&#8221; max_width=&#8221;100%&#8221; min_height=&#8221;13px&#8221; height=&#8221;100px&#8221; max_height=&#8221;100px&#8221; custom_padding=&#8221;0px||0px||false|false&#8221; global_colors_info=&#8221;{}&#8221;][et_pb_row module_id=&#8221;iko-page-titles&#8221; _builder_version=&#8221;4.27.4&#8243; _module_preset=&#8221;default&#8221; width=&#8221;100%&#8221; max_width=&#8221;100%&#8221; module_alignment=&#8221;center&#8221; min_height=&#8221;100px&#8221; height=&#8221;100px&#8221; custom_padding=&#8221;0px||0px|||&#8221; custom_css_free_form=&#8221;||&#8221; global_colors_info=&#8221;{}&#8221;][et_pb_column type=&#8221;4_4&#8243; _builder_version=&#8221;4.27.4&#8243; _module_preset=&#8221;default&#8221; custom_padding=&#8221;0px||||false|false&#8221; global_colors_info=&#8221;{}&#8221;][et_pb_text _builder_version=&#8221;4.27.4&#8243; _module_preset=&#8221;default&#8221; text_text_color=&#8221;#FFFFFF&#8221; text_font_size=&#8221;30px&#8221; background_color=&#8221;#ed5946&#8243; text_orientation=&#8221;center&#8221; min_height=&#8221;97.6px&#8221; custom_margin=&#8221;||0px||false|false&#8221; custom_padding=&#8221;26px||0px||false|false&#8221; global_colors_info=&#8221;{}&#8221;]<\/p>\n<h1 style=\"text-align: center;\">LOGICIEL DE CAISSE POUR LES FRANCHISEURS<\/h1>\n<p>[\/et_pb_text][\/et_pb_column][\/et_pb_row][\/et_pb_section][et_pb_section fb_built=&#8221;1&#8243; _builder_version=&#8221;4.27.4&#8243; _module_preset=&#8221;default&#8221; custom_padding=&#8221;3px||6px|||&#8221; global_colors_info=&#8221;{}&#8221;][et_pb_row _builder_version=&#8221;4.27.4&#8243; _module_preset=&#8221;default&#8221; max_width=&#8221;1308px&#8221; global_colors_info=&#8221;{}&#8221;][et_pb_column type=&#8221;4_4&#8243; _builder_version=&#8221;4.27.4&#8243; _module_preset=&#8221;default&#8221; global_colors_info=&#8221;{}&#8221;][et_pb_text _builder_version=&#8221;4.27.4&#8243; _module_preset=&#8221;default&#8221; text_font=&#8221;DIN Altenate Bold|700|||||||&#8221; text_font_size=&#8221;41px&#8221; header_font_size=&#8221;36px&#8221; header_2_text_color=&#8221;#000000&#8243; header_2_font_size=&#8221;50px&#8221; custom_padding=&#8221;11px|26px||30px||&#8221; global_colors_info=&#8221;{}&#8221;]<\/p>\n<h2 style=\"text-align: center;\">Optimisez la gestion de vos franchises avec Merlin<\/h2>\n<p>[\/et_pb_text][et_pb_text _builder_version=&#8221;4.27.4&#8243; _module_preset=&#8221;default&#8221; text_font=&#8221;DIN Condensed Bold||||||||&#8221; text_font_size=&#8221;36px&#8221; text_line_height=&#8221;1.2em&#8221; width=&#8221;100%&#8221; custom_padding=&#8221;|60px||60px|false|false&#8221; custom_padding_tablet=&#8221;|50px||50px|false|false&#8221; custom_padding_phone=&#8221;|30px||30px|false|false&#8221; custom_padding_last_edited=&#8221;on|phone&#8221; global_colors_info=&#8221;{}&#8221;]<\/p>\n<p style=\"text-align: center;\">Merlin va bien au-del\u00e0 d\u2019un simple logiciel de caisse, c\u2019est une solution compl\u00e8te, pens\u00e9e pour r\u00e9pondre aux besoins sp\u00e9cifiques des franchis\u00e9s et des groupes de salons.<\/p>\n<p style=\"text-align: center;\">Gr\u00e2ce \u00e0 Merlin, vous acc\u00e9dez \u00e0 un ensemble d\u2019outils et de fonctionnalit\u00e9s avanc\u00e9s qui vous permettent d\u2019optimiser la gestion de vos franchises et d\u2019en maximiser la r\u00e9ussite.<\/p>\n<p>[\/et_pb_text][\/et_pb_column][\/et_pb_row][\/et_pb_section][et_pb_section fb_built=&#8221;1&#8243; _builder_version=&#8221;4.27.4&#8243; _module_preset=&#8221;default&#8221; custom_padding=&#8221;0px||0px|||&#8221; global_colors_info=&#8221;{}&#8221;][et_pb_row _builder_version=&#8221;4.27.4&#8243; _module_preset=&#8221;default&#8221; width=&#8221;100%&#8221; max_width=&#8221;1300px&#8221; custom_padding=&#8221;0px||0px|||&#8221; global_colors_info=&#8221;{}&#8221;][et_pb_column type=&#8221;4_4&#8243; _builder_version=&#8221;4.27.4&#8243; _module_preset=&#8221;default&#8221; global_colors_info=&#8221;{}&#8221;][et_pb_image src=&#8221;\/app\/uploads\/2025\/01\/franchiseur.png&#8221; alt=&#8221;Logiciel de caisse pour la gestion de franchise et groupe&#8221; _builder_version=&#8221;4.27.4&#8243; _module_preset=&#8221;default&#8221; width=&#8221;100%&#8221; max_width=&#8221;100%&#8221; module_alignment=&#8221;center&#8221; custom_padding=&#8221;|0px|3px|||&#8221; custom_css_free_form=&#8221;span.et_pb_image_wrap {||  width:100%;||}&#8221; border_radii=&#8221;on|20px|20px|20px|20px&#8221; global_colors_info=&#8221;{}&#8221;][\/et_pb_image][\/et_pb_column][\/et_pb_row][\/et_pb_section][et_pb_section fb_built=&#8221;1&#8243; _builder_version=&#8221;4.27.4&#8243; _module_preset=&#8221;default&#8221; use_background_color_gradient=&#8221;on&#8221; background_color_gradient_stops=&#8221;#ffffff 0%|#faf2e8 99%&#8221; custom_margin=&#8221;||-3px|||&#8221; custom_padding=&#8221;||1px|||&#8221; global_colors_info=&#8221;{}&#8221;][et_pb_row column_structure=&#8221;1_2,1_2&#8243; module_class=&#8221;infos-wrapper&#8221; _builder_version=&#8221;4.27.4&#8243; _module_preset=&#8221;default&#8221; max_width=&#8221;1300px&#8221; custom_margin=&#8221;|auto|-5px|auto||&#8221; custom_padding=&#8221;|2px|0px|0px||&#8221; global_colors_info=&#8221;{}&#8221;][et_pb_column type=&#8221;1_2&#8243; _builder_version=&#8221;4.27.4&#8243; _module_preset=&#8221;default&#8221; global_colors_info=&#8221;{}&#8221;][et_pb_blurb title=&#8221;Centralisation des op\u00e9rations&#8221; _builder_version=&#8221;4.27.4&#8243; _module_preset=&#8221;default&#8221; header_text_color=&#8221;#000000&#8243; header_font_size=&#8221;30px&#8221; body_text_color=&#8221;#565656&#8243; background_color=&#8221;#FFFFFF&#8221; width=&#8221;100%&#8221; min_height=&#8221;478px&#8221; custom_padding=&#8221;140px|23px|13px|22px||&#8221; border_radii=&#8221;on|20px|20px|20px|20px&#8221; box_shadow_style=&#8221;preset4&#8243; box_shadow_horizontal=&#8221;7px&#8221; box_shadow_vertical=&#8221;3px&#8221; box_shadow_blur=&#8221;13px&#8221; box_shadow_spread=&#8221;-11px&#8221; global_colors_info=&#8221;{}&#8221;]<\/p>\n<p>&nbsp;<\/p>\n<p><a href=\"\/solutions-multi-sites\/centralisation-des-donnees\/\">Centralisez la gestion de vos franchises<\/a> avec Merlin. Vous pouvez g\u00e9rer tous les aspects de vos \u00e9tablissements, y compris le personnel, les stocks, les rendez-vous et la comptabilit\u00e9, le marketing depuis une seule plateforme centralis\u00e9e.<\/p>\n<p>Simplifiez la communication et la collaboration entre les diff\u00e9rentes franchises gr\u00e2ce \u00e0 des fonctionnalit\u00e9s de partage d\u2019informations et de donn\u00e9es en temps r\u00e9el.<\/p>\n<p>[\/et_pb_blurb][\/et_pb_column][et_pb_column type=&#8221;1_2&#8243; _builder_version=&#8221;4.27.4&#8243; _module_preset=&#8221;default&#8221; global_colors_info=&#8221;{}&#8221;][et_pb_blurb title=&#8221;Personnalisation et flexibilit\u00e9&#8221; _builder_version=&#8221;4.27.4&#8243; _module_preset=&#8221;default&#8221; header_text_color=&#8221;#000000&#8243; header_font_size=&#8221;30px&#8221; body_text_color=&#8221;#565656&#8243; background_color=&#8221;#FFFFFF&#8221; min_height=&#8221;477.5px&#8221; custom_padding=&#8221;139px|21px|17px|21px||&#8221; border_radii=&#8221;on|20px|20px|20px|20px&#8221; box_shadow_style=&#8221;preset4&#8243; box_shadow_horizontal=&#8221;7px&#8221; box_shadow_vertical=&#8221;3px&#8221; box_shadow_blur=&#8221;13px&#8221; box_shadow_spread=&#8221;-11px&#8221; global_colors_info=&#8221;{}&#8221;]<\/p>\n<p>&nbsp;<\/p>\n<p>Adapt\u00e9 \u00e0 vos besoins sp\u00e9cifiques, <a href=\"\/fonctionnalites\/logiciel-dencaissement-et-facturation\/\">Merlin<\/a> offre une grande flexibilit\u00e9 pour personnaliser les param\u00e8tres et les fonctionnalit\u00e9s selon les exigences de vos enseignes.<\/p>\n<p>G\u00e9rez efficacement les tarifs (abonnement, syst\u00e8me de fid\u00e9lit\u00e9, centralisation des tarifs et catalogue produits) propres \u00e0 chaque franchise pour r\u00e9pondre aux attentes et aux sp\u00e9cificit\u00e9s locales.<\/p>\n<p>[\/et_pb_blurb][\/et_pb_column][\/et_pb_row][et_pb_row column_structure=&#8221;1_2,1_2&#8243; module_class=&#8221;infos-wrapper&#8221; _builder_version=&#8221;4.27.4&#8243; _module_preset=&#8221;default&#8221; max_width=&#8221;1300px&#8221; custom_margin=&#8221;|auto|-5px|auto||&#8221; custom_padding=&#8221;|1px|0px|5px||&#8221; global_colors_info=&#8221;{}&#8221;][et_pb_column type=&#8221;1_2&#8243; _builder_version=&#8221;4.27.4&#8243; _module_preset=&#8221;default&#8221; global_colors_info=&#8221;{}&#8221;][et_pb_blurb title=&#8221;Visibilit\u00e9 et expansion&#8221; _builder_version=&#8221;4.27.4&#8243; _module_preset=&#8221;default&#8221; header_text_color=&#8221;#000000&#8243; header_font_size=&#8221;30px&#8221; body_text_color=&#8221;#565656&#8243; background_color=&#8221;#FFFFFF&#8221; width=&#8221;100%&#8221; min_height=&#8221;427px&#8221; custom_padding=&#8221;140px|23px|37px|22px||&#8221; border_radii=&#8221;on|20px|20px|20px|20px&#8221; box_shadow_style=&#8221;preset4&#8243; box_shadow_horizontal=&#8221;7px&#8221; box_shadow_vertical=&#8221;3px&#8221; box_shadow_blur=&#8221;13px&#8221; box_shadow_spread=&#8221;-11px&#8221; global_colors_info=&#8221;{}&#8221;]<\/p>\n<p>&nbsp;<\/p>\n<p>Avec des <a href=\"\/fonctionnalites\/analyse-dactivite\/\">rapports d\u00e9taill\u00e9s sur les performances<\/a> de chaque franchise, Merlin vous offre une visibilit\u00e9 claire sur les ventes, les rendez-vous et les tendances des clients. Des rapports de performances complets sur chaque salon qui compose votre r\u00e9seau : accompagnement, challenge, vous aurez toutes les cartes en main pour animer et d\u00e9velopper vos partenaires !<\/p>\n<p>Facilitez l\u2019expansion de votre r\u00e9seau de franchises en offrant une solution adaptable qui soutient la croissance et la rentabilit\u00e9 de votre entreprise.<\/p>\n<p>[\/et_pb_blurb][\/et_pb_column][et_pb_column type=&#8221;1_2&#8243; _builder_version=&#8221;4.27.4&#8243; _module_preset=&#8221;default&#8221; global_colors_info=&#8221;{}&#8221;][et_pb_blurb title=&#8221;Support et formation&#8221; _builder_version=&#8221;4.27.4&#8243; _module_preset=&#8221;default&#8221; header_text_color=&#8221;#000000&#8243; header_font_size=&#8221;30px&#8221; body_text_color=&#8221;#565656&#8243; background_color=&#8221;#FFFFFF&#8221; min_height=&#8221;562.1px&#8221; custom_padding=&#8221;140px|21px|17px|21px||&#8221; border_radii=&#8221;on|20px|20px|20px|20px&#8221; box_shadow_style=&#8221;preset4&#8243; box_shadow_horizontal=&#8221;7px&#8221; box_shadow_vertical=&#8221;3px&#8221; box_shadow_blur=&#8221;13px&#8221; box_shadow_spread=&#8221;-11px&#8221; global_colors_info=&#8221;{}&#8221;]<\/p>\n<p>&nbsp;<\/p>\n<p>Notre \u00e9quipe d\u00e9di\u00e9e aux Grands Comptes est l\u00e0 pour vous aider \u00e0 chaque \u00e9tape, de la conception au d\u00e9ploiement au sein de votre r\u00e9seau et pendant toute la dur\u00e9e d&#8217;utilisation de Merlin.<\/p>\n<p>B\u00e9n\u00e9ficiez de formations personnalis\u00e9es pour vos \u00e9quipes afin de garantir une adoption fluide et efficace du logiciel dans toutes vos franchises.<\/p>\n<p>[\/et_pb_blurb][\/et_pb_column][\/et_pb_row][\/et_pb_section][et_pb_section fb_built=&#8221;1&#8243; _builder_version=&#8221;4.27.4&#8243; _module_preset=&#8221;default&#8221; background_color=&#8221;#faf2e8&#8243; custom_margin=&#8221;-4px|||||&#8221; custom_padding=&#8221;0px||5px|||&#8221; global_colors_info=&#8221;{}&#8221;][et_pb_row _builder_version=&#8221;4.27.4&#8243; _module_preset=&#8221;default&#8221; global_colors_info=&#8221;{}&#8221;][et_pb_column type=&#8221;4_4&#8243; _builder_version=&#8221;4.27.4&#8243; _module_preset=&#8221;default&#8221; global_colors_info=&#8221;{}&#8221;][et_pb_text _builder_version=&#8221;4.27.4&#8243; _module_preset=&#8221;default&#8221; global_colors_info=&#8221;{}&#8221;]<\/p>\n<div class=\"row\" style=\"display:flex;justify-content: space-evenly;\"><br \/><div class=\"r-border p-2 mb-2 col-12 col-md-3\"><div class=\"text-center\">\n                <i style=\"color:#ed5946;font-size:32px;\" class=\"fb-icon-element-1 fb-icon-element fontawesome-icon circle-no fusion-text-flow fusion-animated iko2-faq\"><\/i>\n                <p style=\"line-height: 1.4rem;font-size:22px;\"><b>Tout savoir sur la norme NF525<\/b><\/p>\n            <\/div><\/div><br \/><div class=\"r-border p-2 mb-2 col-12 col-md-3\"><div class=\"text-center\">\n                <i style=\"color:#ed5946;font-size:2rem;\" class=\"fb-icon-element-1 fb-icon-element fontawesome-icon circle-no fusion-text-flow fusion-animated iko2-blog\"><\/i>\n                <p style=\"line-height: 1.4rem;font-size:22px;\"><b>Les avantages d&#039;utiliser un logiciel certifi\u00e9 NF525<\/b><\/p>\n            <\/div><\/div><br \/><div class=\"r-border p-2 mb-2 col-12 col-md-3\"><div class=\"text-center\">\n                <i style=\"color:#ed5946;font-size:2rem;\" class=\"fb-icon-element-1 fb-icon-element fontawesome-icon circle-no fusion-text-flow fusion-animated iko2-installation\"><\/i>\n                <p style=\"line-height: 1.4rem;font-size:22px;\"><b>Comment faciliter ma gestion quotidienne avec un logiciel de caisse ?<\/b><\/p>\n            <\/div><\/div><br \/><div class=\"r-border p-2 mb-2 col-12 col-md-3\"><div class=\"text-center\">\n                <i style=\"color:#ed5946;font-size:2rem;\" class=\"fb-icon-element-1 fb-icon-element fontawesome-icon circle-no fusion-text-flow fusion-animated iko2-logiciel\"><\/i>\n                <p style=\"line-height: 1.4rem;font-size:22px;\"><b>Est-ce que je dois avoir un logiciel de caisse certifi\u00e9 ?<\/b><\/p>\n            <\/div><\/div><br \/><\/div>\n<p>[\/et_pb_text][et_pb_button button_url=&#8221;\/fr-be\/contact\/&#8221; button_text=&#8221;D\u00e9couvrir Merlin ! &#8221; button_alignment=&#8221;center&#8221; _builder_version=&#8221;4.27.4&#8243; _module_preset=&#8221;default&#8221; custom_button=&#8221;on&#8221; button_text_color=&#8221;#FFFFFF&#8221; button_bg_color=&#8221;#ed5946&#8243; button_border_radius=&#8221;31px&#8221; hover_enabled=&#8221;0&#8243; global_colors_info=&#8221;{}&#8221; sticky_enabled=&#8221;0&#8243;][\/et_pb_button][\/et_pb_column][\/et_pb_row][\/et_pb_section]<\/p>\n","protected":false},"excerpt":{"rendered":"<p>Le logiciel Merlin est sp\u00e9cialement con\u00e7u pour r\u00e9pondre aux besoins\u2026<\/p>\n","protected":false},"author":1,"featured_media":5734,"parent":8889,"menu_order":0,"comment_status":"closed","ping_status":"closed","template":"","meta":{"_acf_changed":false,"_et_pb_use_builder":"on","_et_pb_old_content":"","_et_gb_content_width":"","footnotes":""},"class_list":["post-8341","page","type-page","status-publish","has-post-thumbnail","hentry"],"acf":[],"yoast_head":"<!-- This site is optimized with the Yoast SEO plugin v27.1.1 - https:\/\/yoast.com\/product\/yoast-seo-wordpress\/ -->\n<title>Logiciel de caisse pour franchiseur salon de coiffure | Ikosoft<\/title>\n<meta name=\"robots\" content=\"index, follow, max-snippet:-1, max-image-preview:large, max-video-preview:-1\" \/>\n<link rel=\"canonical\" href=\"https:\/\/www2.ikosoft.com\/fr-be\/vous-etes\/franchiseur\/\" \/>\n<meta property=\"og:locale\" content=\"fr_FR\" \/>\n<meta property=\"og:type\" content=\"article\" \/>\n<meta property=\"og:title\" content=\"Logiciel de caisse pour franchiseur salon de coiffure | Ikosoft\" \/>\n<meta property=\"og:description\" content=\"Le logiciel Merlin est sp\u00e9cialement con\u00e7u pour r\u00e9pondre aux besoins\u2026\" \/>\n<meta property=\"og:url\" content=\"https:\/\/www2.ikosoft.com\/fr-be\/vous-etes\/franchiseur\/\" \/>\n<meta property=\"og:site_name\" content=\"ikosoft\" \/>\n<meta property=\"article:publisher\" content=\"https:\/\/www.facebook.com\/IKOSOFT\/\" \/>\n<meta property=\"article:modified_time\" content=\"2025-08-06T13:48:41+00:00\" \/>\n<meta property=\"og:image\" content=\"https:\/\/www2.ikosoft.com\/app\/uploads\/2024\/12\/franchisseur@2x@2x.jpg\" \/>\n\t<meta property=\"og:image:width\" content=\"960\" \/>\n\t<meta property=\"og:image:height\" content=\"710\" \/>\n\t<meta property=\"og:image:type\" content=\"image\/jpeg\" \/>\n<meta name=\"twitter:card\" content=\"summary_large_image\" \/>\n<meta name=\"twitter:label1\" content=\"Est. reading time\" \/>\n\t<meta name=\"twitter:data1\" content=\"3 minutes\" \/>\n<script type=\"application\/ld+json\" class=\"yoast-schema-graph\">{\"@context\":\"https:\/\/schema.org\",\"@graph\":[{\"@type\":\"WebPage\",\"@id\":\"https:\/\/www2.ikosoft.com\/fr-be\/vous-etes\/franchiseur\/\",\"url\":\"https:\/\/www2.ikosoft.com\/fr-be\/vous-etes\/franchiseur\/\",\"name\":\"Logiciel de caisse pour franchiseur salon de coiffure | Ikosoft\",\"isPartOf\":{\"@id\":\"https:\/\/www2.ikosoft.com\/fr-be\/#website\"},\"primaryImageOfPage\":{\"@id\":\"https:\/\/www2.ikosoft.com\/fr-be\/vous-etes\/franchiseur\/#primaryimage\"},\"image\":{\"@id\":\"https:\/\/www2.ikosoft.com\/fr-be\/vous-etes\/franchiseur\/#primaryimage\"},\"thumbnailUrl\":\"https:\/\/www2.ikosoft.com\/app\/uploads\/2024\/12\/franchisseur@2x@2x.jpg\",\"datePublished\":\"2024-12-30T13:12:30+00:00\",\"dateModified\":\"2025-08-06T13:48:41+00:00\",\"breadcrumb\":{\"@id\":\"https:\/\/www2.ikosoft.com\/fr-be\/vous-etes\/franchiseur\/#breadcrumb\"},\"inLanguage\":\"fr-BE\",\"potentialAction\":[{\"@type\":\"ReadAction\",\"target\":[\"https:\/\/www2.ikosoft.com\/fr-be\/vous-etes\/franchiseur\/\"]}]},{\"@type\":\"ImageObject\",\"inLanguage\":\"fr-BE\",\"@id\":\"https:\/\/www2.ikosoft.com\/fr-be\/vous-etes\/franchiseur\/#primaryimage\",\"url\":\"https:\/\/www2.ikosoft.com\/app\/uploads\/2024\/12\/franchisseur@2x@2x.jpg\",\"contentUrl\":\"https:\/\/www2.ikosoft.com\/app\/uploads\/2024\/12\/franchisseur@2x@2x.jpg\",\"width\":960,\"height\":710,\"caption\":\"logiciel de gestion de caisse Merlin pour salons de coiffure et instituts de beaut\u00e9\"},{\"@type\":\"BreadcrumbList\",\"@id\":\"https:\/\/www2.ikosoft.com\/fr-be\/vous-etes\/franchiseur\/#breadcrumb\",\"itemListElement\":[{\"@type\":\"ListItem\",\"position\":1,\"name\":\"Accueil\",\"item\":\"https:\/\/www2.ikosoft.com\/fr-be\/\"},{\"@type\":\"ListItem\",\"position\":2,\"name\":\"Vous \u00eates\",\"item\":\"https:\/\/www2.ikosoft.com\/fr-be\/vous-etes\/\"},{\"@type\":\"ListItem\",\"position\":3,\"name\":\"Franchiseur\"}]},{\"@type\":\"WebSite\",\"@id\":\"https:\/\/www2.ikosoft.com\/fr-be\/#website\",\"url\":\"https:\/\/www2.ikosoft.com\/fr-be\/\",\"name\":\"Ikosoft\",\"description\":\"Logiciel de caisse et de gestion pour salon de coiffure, institut de beaut\u00e9 et spa\",\"publisher\":{\"@id\":\"https:\/\/www2.ikosoft.com\/fr-be\/#organization\"},\"potentialAction\":[{\"@type\":\"SearchAction\",\"target\":{\"@type\":\"EntryPoint\",\"urlTemplate\":\"https:\/\/www2.ikosoft.com\/fr-be\/?s={search_term_string}\"},\"query-input\":{\"@type\":\"PropertyValueSpecification\",\"valueRequired\":true,\"valueName\":\"search_term_string\"}}],\"inLanguage\":\"fr-BE\"},{\"@type\":\"Organization\",\"@id\":\"https:\/\/www2.ikosoft.com\/fr-be\/#organization\",\"name\":\"Ikosoft\",\"url\":\"https:\/\/www2.ikosoft.com\/fr-be\/\",\"logo\":{\"@type\":\"ImageObject\",\"inLanguage\":\"fr-BE\",\"@id\":\"https:\/\/www2.ikosoft.com\/fr-be\/#\/schema\/logo\/image\/\",\"url\":\"https:\/\/www2.ikosoft.com\/app\/uploads\/2025\/03\/logo_2_o.png\",\"contentUrl\":\"https:\/\/www2.ikosoft.com\/app\/uploads\/2025\/03\/logo_2_o.png\",\"width\":1481,\"height\":305,\"caption\":\"Ikosoft\"},\"image\":{\"@id\":\"https:\/\/www2.ikosoft.com\/fr-be\/#\/schema\/logo\/image\/\"},\"sameAs\":[\"https:\/\/www.facebook.com\/IKOSOFT\/\",\"https:\/\/www.instagram.com\/ikosoft\"]}]}<\/script>\n<!-- \/ Yoast SEO plugin. -->","yoast_head_json":{"title":"Logiciel de caisse pour franchiseur salon de coiffure | Ikosoft","robots":{"index":"index","follow":"follow","max-snippet":"max-snippet:-1","max-image-preview":"max-image-preview:large","max-video-preview":"max-video-preview:-1"},"canonical":"https:\/\/www2.ikosoft.com\/fr-be\/vous-etes\/franchiseur\/","og_locale":"fr_FR","og_type":"article","og_title":"Logiciel de caisse pour franchiseur salon de coiffure | Ikosoft","og_description":"Le logiciel Merlin est sp\u00e9cialement con\u00e7u pour r\u00e9pondre aux besoins\u2026","og_url":"https:\/\/www2.ikosoft.com\/fr-be\/vous-etes\/franchiseur\/","og_site_name":"ikosoft","article_publisher":"https:\/\/www.facebook.com\/IKOSOFT\/","article_modified_time":"2025-08-06T13:48:41+00:00","og_image":[{"width":960,"height":710,"url":"https:\/\/www2.ikosoft.com\/app\/uploads\/2024\/12\/franchisseur@2x@2x.jpg","type":"image\/jpeg"}],"twitter_card":"summary_large_image","twitter_misc":{"Est. reading time":"3 minutes"},"schema":{"@context":"https:\/\/schema.org","@graph":[{"@type":"WebPage","@id":"https:\/\/www2.ikosoft.com\/fr-be\/vous-etes\/franchiseur\/","url":"https:\/\/www2.ikosoft.com\/fr-be\/vous-etes\/franchiseur\/","name":"Logiciel de caisse pour franchiseur salon de coiffure | Ikosoft","isPartOf":{"@id":"https:\/\/www2.ikosoft.com\/fr-be\/#website"},"primaryImageOfPage":{"@id":"https:\/\/www2.ikosoft.com\/fr-be\/vous-etes\/franchiseur\/#primaryimage"},"image":{"@id":"https:\/\/www2.ikosoft.com\/fr-be\/vous-etes\/franchiseur\/#primaryimage"},"thumbnailUrl":"https:\/\/www2.ikosoft.com\/app\/uploads\/2024\/12\/franchisseur@2x@2x.jpg","datePublished":"2024-12-30T13:12:30+00:00","dateModified":"2025-08-06T13:48:41+00:00","breadcrumb":{"@id":"https:\/\/www2.ikosoft.com\/fr-be\/vous-etes\/franchiseur\/#breadcrumb"},"inLanguage":"fr-BE","potentialAction":[{"@type":"ReadAction","target":["https:\/\/www2.ikosoft.com\/fr-be\/vous-etes\/franchiseur\/"]}]},{"@type":"ImageObject","inLanguage":"fr-BE","@id":"https:\/\/www2.ikosoft.com\/fr-be\/vous-etes\/franchiseur\/#primaryimage","url":"https:\/\/www2.ikosoft.com\/app\/uploads\/2024\/12\/franchisseur@2x@2x.jpg","contentUrl":"https:\/\/www2.ikosoft.com\/app\/uploads\/2024\/12\/franchisseur@2x@2x.jpg","width":960,"height":710,"caption":"logiciel de gestion de caisse Merlin pour salons de coiffure et instituts de beaut\u00e9"},{"@type":"BreadcrumbList","@id":"https:\/\/www2.ikosoft.com\/fr-be\/vous-etes\/franchiseur\/#breadcrumb","itemListElement":[{"@type":"ListItem","position":1,"name":"Accueil","item":"https:\/\/www2.ikosoft.com\/fr-be\/"},{"@type":"ListItem","position":2,"name":"Vous \u00eates","item":"https:\/\/www2.ikosoft.com\/fr-be\/vous-etes\/"},{"@type":"ListItem","position":3,"name":"Franchiseur"}]},{"@type":"WebSite","@id":"https:\/\/www2.ikosoft.com\/fr-be\/#website","url":"https:\/\/www2.ikosoft.com\/fr-be\/","name":"Ikosoft","description":"Logiciel de caisse et de gestion pour salon de coiffure, institut de beaut\u00e9 et spa","publisher":{"@id":"https:\/\/www2.ikosoft.com\/fr-be\/#organization"},"potentialAction":[{"@type":"SearchAction","target":{"@type":"EntryPoint","urlTemplate":"https:\/\/www2.ikosoft.com\/fr-be\/?s={search_term_string}"},"query-input":{"@type":"PropertyValueSpecification","valueRequired":true,"valueName":"search_term_string"}}],"inLanguage":"fr-BE"},{"@type":"Organization","@id":"https:\/\/www2.ikosoft.com\/fr-be\/#organization","name":"Ikosoft","url":"https:\/\/www2.ikosoft.com\/fr-be\/","logo":{"@type":"ImageObject","inLanguage":"fr-BE","@id":"https:\/\/www2.ikosoft.com\/fr-be\/#\/schema\/logo\/image\/","url":"https:\/\/www2.ikosoft.com\/app\/uploads\/2025\/03\/logo_2_o.png","contentUrl":"https:\/\/www2.ikosoft.com\/app\/uploads\/2025\/03\/logo_2_o.png","width":1481,"height":305,"caption":"Ikosoft"},"image":{"@id":"https:\/\/www2.ikosoft.com\/fr-be\/#\/schema\/logo\/image\/"},"sameAs":["https:\/\/www.facebook.com\/IKOSOFT\/","https:\/\/www.instagram.com\/ikosoft"]}]}},"_links":{"self":[{"href":"https:\/\/www2.ikosoft.com\/fr-be\/wp-json\/wp\/v2\/pages\/8341","targetHints":{"allow":["GET"]}}],"collection":[{"href":"https:\/\/www2.ikosoft.com\/fr-be\/wp-json\/wp\/v2\/pages"}],"about":[{"href":"https:\/\/www2.ikosoft.com\/fr-be\/wp-json\/wp\/v2\/types\/page"}],"author":[{"embeddable":true,"href":"https:\/\/www2.ikosoft.com\/fr-be\/wp-json\/wp\/v2\/users\/1"}],"replies":[{"embeddable":true,"href":"https:\/\/www2.ikosoft.com\/fr-be\/wp-json\/wp\/v2\/comments?post=8341"}],"version-history":[{"count":3,"href":"https:\/\/www2.ikosoft.com\/fr-be\/wp-json\/wp\/v2\/pages\/8341\/revisions"}],"predecessor-version":[{"id":9686,"href":"https:\/\/www2.ikosoft.com\/fr-be\/wp-json\/wp\/v2\/pages\/8341\/revisions\/9686"}],"up":[{"embeddable":true,"href":"https:\/\/www2.ikosoft.com\/fr-be\/wp-json\/wp\/v2\/pages\/8889"}],"wp:featuredmedia":[{"embeddable":true,"href":"https:\/\/www2.ikosoft.com\/fr-be\/wp-json\/wp\/v2\/media\/5734"}],"wp:attachment":[{"href":"https:\/\/www2.ikosoft.com\/fr-be\/wp-json\/wp\/v2\/media?parent=8341"}],"curies":[{"name":"wp","href":"https:\/\/api.w.org\/{rel}","templated":true}]}}