{"id":8948,"date":"2025-07-07T16:52:07","date_gmt":"2025-07-07T14:52:07","guid":{"rendered":"https:\/\/www2.ikosoft.com\/verwalten-von-cookie-einstellungen\/"},"modified":"2025-07-11T14:42:00","modified_gmt":"2025-07-11T12:42:00","slug":"verwalten-von-cookie-einstellungen","status":"publish","type":"page","link":"https:\/\/www2.ikosoft.com\/de\/verwalten-von-cookie-einstellungen\/","title":{"rendered":"Verwalten von Cookie-Einstellungen"},"content":{"rendered":"<p>[et_pb_section fb_built=&#8221;1&#8243; theme_builder_area=&#8221;post_content&#8221; _builder_version=&#8221;4.27.4&#8243; _module_preset=&#8221;default&#8221;][et_pb_row _builder_version=&#8221;4.27.4&#8243; _module_preset=&#8221;default&#8221; theme_builder_area=&#8221;post_content&#8221;][et_pb_column _builder_version=&#8221;4.27.4&#8243; _module_preset=&#8221;default&#8221; type=&#8221;4_4&#8243; theme_builder_area=&#8221;post_content&#8221;][et_pb_text _builder_version=&#8221;4.27.4&#8243; _module_preset=&#8221;default&#8221; theme_builder_area=&#8221;post_content&#8221; hover_enabled=&#8221;0&#8243; sticky_enabled=&#8221;0&#8243;]<\/p>\n<h1 class=\"titre-page\">Verwalten von Cookie-Einstellungen<\/h1>\n<h2>Cookies und Datenschutz<\/h2>\n<h3>1. Was ist ein Cookie?<\/h3>\n<p>Ein Cookie ist eine Reihe von Daten, die \u00fcber Ihre Browser-Software auf der Festplatte Ihres Ger\u00e4ts (Computer, Tablet, Handy) gespeichert werden, wenn Sie einen Online-Dienst besuchen.<br \/>Die Cookies, die beim Besuch unserer Website gespeichert werden, erkennen Sie nicht pers\u00f6nlich als Einzelperson, sondern nur das Ger\u00e4t, das Sie verwenden. Cookies speichern keine sensiblen personenbezogenen Daten, sondern liefern lediglich Informationen \u00fcber Ihr Surfverhalten, damit Ihr Ger\u00e4t sp\u00e4ter wiedererkannt werden kann.<br \/>Cookies richten auf Ihrem Ger\u00e4t keinen Schaden an, erleichtern aber beispielsweise das Abrufen Ihrer Pr\u00e4ferenzen, das Vorausf\u00fcllen bestimmter Felder und die Anpassung des Inhalts unserer Dienste.<br \/>Nur Sie entscheiden, ob Sie Cookies auf Ihrem Ger\u00e4t speichern m\u00f6chten, und Sie k\u00f6nnen die Speicherung von Cookies einfach steuern. <\/p>\n<p>&nbsp;<\/p>\n<h3>2. Welche Cookies sind auf dieser Website vorhanden?<\/h3>\n<p>&nbsp;<\/p>\n<p>hat. Statistische (oder analytische) Cookies<br \/>Die von uns ausgegebenen analytischen Cookies erm\u00f6glichen es uns, unsere Websites besser zu verstehen und unsere Dienstleistungen zu verbessern, indem wir Statistiken und das Verkehrs- und Nutzungsaufkommen (besuchte Abschnitte und Inhalte, Pfade usw.) erstellen. <\/p>\n<p>&nbsp;<\/p>\n<p>b. Funktionale Cookies<br \/>Die von uns ausgegebenen funktionalen Cookies erm\u00f6glichen es uns:<br \/>* um die Darstellung unserer Websites an die Anzeigepr\u00e4ferenzen Ihres Ger\u00e4ts anzupassen (verwendete Sprache, Bildschirmaufl\u00f6sung, verwendetes Betriebssystem usw.), entsprechend der Anzeige- oder Lesehardware und -software, \u00fcber die Ihr Ger\u00e4t verf\u00fcgt;<br \/>* Verbessern Sie Ihre Benutzererfahrung, indem Sie bestimmte Felder in unseren Formularen vorab ausf\u00fcllen <\/p>\n<p>&nbsp;<\/p>\n<h3>3. Ihre Wahlm\u00f6glichkeiten in Bezug auf Cookies:<\/h3>\n<p>Sie k\u00f6nnen diese Cookies jederzeit deaktivieren. Ihr Browser kann auch so eingestellt werden, dass er Sie \u00fcber die Cookies informiert, die auf Ihrem Computer platziert werden, und Sie auffordert, diese zu akzeptieren oder abzulehnen.<br \/>Sie k\u00f6nnen Cookies von Fall zu Fall akzeptieren oder ablehnen oder sie systematisch ablehnen.<br \/>Wir erinnern Sie daran, dass die Einstellungen Ihre Zugangsbedingungen zu unseren Inhalten und Diensten, die die Verwendung von Cookies erfordern, \u00e4ndern k\u00f6nnen.<br \/>Wenn Ihr Browser so eingestellt ist, dass er alle Cookies ablehnt, k\u00f6nnen Sie keinen unserer Dienste nutzen. Um die Cookies so gut wie m\u00f6glich nach Ihren Erwartungen zu verwalten, laden wir Sie ein, Ihren Browser unter Ber\u00fccksichtigung des Zwecks der Cookies zu konfigurieren.<br \/>Die Verwaltung von Cookies, um sie pro Website zu autorisieren, zu l\u00f6schen oder zu konfigurieren, erfolgt in Ihrem Browser in speziellen Men\u00fcs \u2013 alle Informationen finden Sie im Hilfebereich Ihres Browsers.  <\/p>\n<p>[\/et_pb_text][\/et_pb_column][\/et_pb_row][\/et_pb_section]<\/p>\n","protected":false},"excerpt":{"rendered":"<p>&#8230;<\/p>\n","protected":false},"author":1,"featured_media":0,"parent":0,"menu_order":0,"comment_status":"closed","ping_status":"closed","template":"","meta":{"_acf_changed":false,"_et_pb_use_builder":"on","_et_pb_old_content":"","_et_gb_content_width":"","footnotes":""},"class_list":["post-8948","page","type-page","status-publish","hentry"],"acf":[],"yoast_head":"<!-- This site is optimized with the Yoast SEO plugin v27.1.1 - https:\/\/yoast.com\/product\/yoast-seo-wordpress\/ -->\n<title>Verwalten von Cookie-Einstellungen - ikosoft<\/title>\n<meta name=\"robots\" content=\"index, follow, max-snippet:-1, max-image-preview:large, max-video-preview:-1\" \/>\n<link rel=\"canonical\" href=\"https:\/\/www2.ikosoft.com\/de\/verwalten-von-cookie-einstellungen\/\" \/>\n<meta property=\"og:locale\" content=\"de_DE\" \/>\n<meta property=\"og:type\" content=\"article\" \/>\n<meta property=\"og:title\" content=\"Verwalten von Cookie-Einstellungen - ikosoft\" \/>\n<meta property=\"og:description\" content=\"...\" \/>\n<meta property=\"og:url\" content=\"https:\/\/www2.ikosoft.com\/de\/verwalten-von-cookie-einstellungen\/\" \/>\n<meta property=\"og:site_name\" content=\"ikosoft\" \/>\n<meta property=\"article:publisher\" content=\"https:\/\/www.facebook.com\/IKOSOFT\/\" \/>\n<meta property=\"article:modified_time\" content=\"2025-07-11T12:42:00+00:00\" \/>\n<meta name=\"twitter:card\" content=\"summary_large_image\" \/>\n<meta name=\"twitter:label1\" content=\"Est. reading time\" \/>\n\t<meta name=\"twitter:data1\" content=\"2 minutes\" \/>\n<script type=\"application\/ld+json\" class=\"yoast-schema-graph\">{\"@context\":\"https:\/\/schema.org\",\"@graph\":[{\"@type\":\"WebPage\",\"@id\":\"https:\/\/www2.ikosoft.com\/de\/verwalten-von-cookie-einstellungen\/\",\"url\":\"https:\/\/www2.ikosoft.com\/de\/verwalten-von-cookie-einstellungen\/\",\"name\":\"Verwalten von Cookie-Einstellungen - ikosoft\",\"isPartOf\":{\"@id\":\"https:\/\/www2.ikosoft.com\/de\/#website\"},\"datePublished\":\"2025-07-07T14:52:07+00:00\",\"dateModified\":\"2025-07-11T12:42:00+00:00\",\"breadcrumb\":{\"@id\":\"https:\/\/www2.ikosoft.com\/de\/verwalten-von-cookie-einstellungen\/#breadcrumb\"},\"inLanguage\":\"de-DE\",\"potentialAction\":[{\"@type\":\"ReadAction\",\"target\":[\"https:\/\/www2.ikosoft.com\/de\/verwalten-von-cookie-einstellungen\/\"]}]},{\"@type\":\"BreadcrumbList\",\"@id\":\"https:\/\/www2.ikosoft.com\/de\/verwalten-von-cookie-einstellungen\/#breadcrumb\",\"itemListElement\":[{\"@type\":\"ListItem\",\"position\":1,\"name\":\"Accueil\",\"item\":\"https:\/\/www2.ikosoft.com\/de\/\"},{\"@type\":\"ListItem\",\"position\":2,\"name\":\"Verwalten von Cookie-Einstellungen\"}]},{\"@type\":\"WebSite\",\"@id\":\"https:\/\/www2.ikosoft.com\/de\/#website\",\"url\":\"https:\/\/www2.ikosoft.com\/de\/\",\"name\":\"Ikosoft\",\"description\":\"Ikosoft Merlin - Logiciel de caisse certifi\u00e9 NF525 et de gestion pour salon de coiffure, institut de beaut\u00e9 et spa\",\"publisher\":{\"@id\":\"https:\/\/www2.ikosoft.com\/de\/#organization\"},\"potentialAction\":[{\"@type\":\"SearchAction\",\"target\":{\"@type\":\"EntryPoint\",\"urlTemplate\":\"https:\/\/www2.ikosoft.com\/de\/?s={search_term_string}\"},\"query-input\":{\"@type\":\"PropertyValueSpecification\",\"valueRequired\":true,\"valueName\":\"search_term_string\"}}],\"inLanguage\":\"de-DE\"},{\"@type\":\"Organization\",\"@id\":\"https:\/\/www2.ikosoft.com\/de\/#organization\",\"name\":\"Ikosoft\",\"url\":\"https:\/\/www2.ikosoft.com\/de\/\",\"logo\":{\"@type\":\"ImageObject\",\"inLanguage\":\"de-DE\",\"@id\":\"https:\/\/www2.ikosoft.com\/de\/#\/schema\/logo\/image\/\",\"url\":\"https:\/\/www2.ikosoft.com\/app\/uploads\/2025\/03\/logo_2_o.png\",\"contentUrl\":\"https:\/\/www2.ikosoft.com\/app\/uploads\/2025\/03\/logo_2_o.png\",\"width\":1481,\"height\":305,\"caption\":\"Ikosoft\"},\"image\":{\"@id\":\"https:\/\/www2.ikosoft.com\/de\/#\/schema\/logo\/image\/\"},\"sameAs\":[\"https:\/\/www.facebook.com\/IKOSOFT\/\",\"https:\/\/www.instagram.com\/ikosoft\"]}]}<\/script>\n<!-- \/ Yoast SEO plugin. -->","yoast_head_json":{"title":"Verwalten von Cookie-Einstellungen - ikosoft","robots":{"index":"index","follow":"follow","max-snippet":"max-snippet:-1","max-image-preview":"max-image-preview:large","max-video-preview":"max-video-preview:-1"},"canonical":"https:\/\/www2.ikosoft.com\/de\/verwalten-von-cookie-einstellungen\/","og_locale":"de_DE","og_type":"article","og_title":"Verwalten von Cookie-Einstellungen - ikosoft","og_description":"...","og_url":"https:\/\/www2.ikosoft.com\/de\/verwalten-von-cookie-einstellungen\/","og_site_name":"ikosoft","article_publisher":"https:\/\/www.facebook.com\/IKOSOFT\/","article_modified_time":"2025-07-11T12:42:00+00:00","twitter_card":"summary_large_image","twitter_misc":{"Est. reading time":"2 minutes"},"schema":{"@context":"https:\/\/schema.org","@graph":[{"@type":"WebPage","@id":"https:\/\/www2.ikosoft.com\/de\/verwalten-von-cookie-einstellungen\/","url":"https:\/\/www2.ikosoft.com\/de\/verwalten-von-cookie-einstellungen\/","name":"Verwalten von Cookie-Einstellungen - ikosoft","isPartOf":{"@id":"https:\/\/www2.ikosoft.com\/de\/#website"},"datePublished":"2025-07-07T14:52:07+00:00","dateModified":"2025-07-11T12:42:00+00:00","breadcrumb":{"@id":"https:\/\/www2.ikosoft.com\/de\/verwalten-von-cookie-einstellungen\/#breadcrumb"},"inLanguage":"de-DE","potentialAction":[{"@type":"ReadAction","target":["https:\/\/www2.ikosoft.com\/de\/verwalten-von-cookie-einstellungen\/"]}]},{"@type":"BreadcrumbList","@id":"https:\/\/www2.ikosoft.com\/de\/verwalten-von-cookie-einstellungen\/#breadcrumb","itemListElement":[{"@type":"ListItem","position":1,"name":"Accueil","item":"https:\/\/www2.ikosoft.com\/de\/"},{"@type":"ListItem","position":2,"name":"Verwalten von Cookie-Einstellungen"}]},{"@type":"WebSite","@id":"https:\/\/www2.ikosoft.com\/de\/#website","url":"https:\/\/www2.ikosoft.com\/de\/","name":"Ikosoft","description":"Ikosoft Merlin - Logiciel de caisse certifi\u00e9 NF525 et de gestion pour salon de coiffure, institut de beaut\u00e9 et spa","publisher":{"@id":"https:\/\/www2.ikosoft.com\/de\/#organization"},"potentialAction":[{"@type":"SearchAction","target":{"@type":"EntryPoint","urlTemplate":"https:\/\/www2.ikosoft.com\/de\/?s={search_term_string}"},"query-input":{"@type":"PropertyValueSpecification","valueRequired":true,"valueName":"search_term_string"}}],"inLanguage":"de-DE"},{"@type":"Organization","@id":"https:\/\/www2.ikosoft.com\/de\/#organization","name":"Ikosoft","url":"https:\/\/www2.ikosoft.com\/de\/","logo":{"@type":"ImageObject","inLanguage":"de-DE","@id":"https:\/\/www2.ikosoft.com\/de\/#\/schema\/logo\/image\/","url":"https:\/\/www2.ikosoft.com\/app\/uploads\/2025\/03\/logo_2_o.png","contentUrl":"https:\/\/www2.ikosoft.com\/app\/uploads\/2025\/03\/logo_2_o.png","width":1481,"height":305,"caption":"Ikosoft"},"image":{"@id":"https:\/\/www2.ikosoft.com\/de\/#\/schema\/logo\/image\/"},"sameAs":["https:\/\/www.facebook.com\/IKOSOFT\/","https:\/\/www.instagram.com\/ikosoft"]}]}},"_links":{"self":[{"href":"https:\/\/www2.ikosoft.com\/de\/wp-json\/wp\/v2\/pages\/8948","targetHints":{"allow":["GET"]}}],"collection":[{"href":"https:\/\/www2.ikosoft.com\/de\/wp-json\/wp\/v2\/pages"}],"about":[{"href":"https:\/\/www2.ikosoft.com\/de\/wp-json\/wp\/v2\/types\/page"}],"author":[{"embeddable":true,"href":"https:\/\/www2.ikosoft.com\/de\/wp-json\/wp\/v2\/users\/1"}],"replies":[{"embeddable":true,"href":"https:\/\/www2.ikosoft.com\/de\/wp-json\/wp\/v2\/comments?post=8948"}],"version-history":[{"count":2,"href":"https:\/\/www2.ikosoft.com\/de\/wp-json\/wp\/v2\/pages\/8948\/revisions"}],"predecessor-version":[{"id":8950,"href":"https:\/\/www2.ikosoft.com\/de\/wp-json\/wp\/v2\/pages\/8948\/revisions\/8950"}],"wp:attachment":[{"href":"https:\/\/www2.ikosoft.com\/de\/wp-json\/wp\/v2\/media?parent=8948"}],"curies":[{"name":"wp","href":"https:\/\/api.w.org\/{rel}","templated":true}]}}