{"id":8522,"date":"2024-12-24T09:53:40","date_gmt":"2024-12-24T08:53:40","guid":{"rendered":"https:\/\/www2.ikosoft.com\/schoenheitsinstitut\/"},"modified":"2025-08-07T11:00:39","modified_gmt":"2025-08-07T09:00:39","slug":"schoenheitsinstitut","status":"publish","type":"page","link":"https:\/\/www2.ikosoft.com\/de\/du-bist\/schoenheitsinstitut\/","title":{"rendered":"Sch\u00f6nheitsinstitut"},"content":{"rendered":"<p>[et_pb_section fb_built=&#8221;1&#8243; _builder_version=&#8221;4.27.4&#8243; _module_preset=&#8221;default&#8221; width=&#8221;100%&#8221; max_width=&#8221;100%&#8221; min_height=&#8221;13px&#8221; height=&#8221;100px&#8221; max_height=&#8221;100px&#8221; custom_padding=&#8221;0px||0px||false|false&#8221; global_colors_info=&#8221;{}&#8221;][et_pb_row module_id=&#8221;iko-page-titles&#8221; _builder_version=&#8221;4.27.4&#8243; _module_preset=&#8221;default&#8221; width=&#8221;100%&#8221; max_width=&#8221;100%&#8221; module_alignment=&#8221;center&#8221; min_height=&#8221;100px&#8221; height=&#8221;100px&#8221; custom_padding=&#8221;0px||0px|||&#8221; custom_css_free_form=&#8221;||&#8221; global_colors_info=&#8221;{}&#8221;][et_pb_column type=&#8221;4_4&#8243; _builder_version=&#8221;4.27.4&#8243; _module_preset=&#8221;default&#8221; custom_padding=&#8221;0px||||false|false&#8221; global_colors_info=&#8221;{}&#8221;][et_pb_text _builder_version=&#8221;4.27.4&#8243; _module_preset=&#8221;default&#8221; text_text_color=&#8221;#FFFFFF&#8221; text_font_size=&#8221;30px&#8221; header_font=&#8221;|||on|||||&#8221; background_color=&#8221;#ed5946&#8243; text_orientation=&#8221;center&#8221; min_height=&#8221;97.6px&#8221; custom_margin=&#8221;||0px||false|false&#8221; custom_padding=&#8221;26px||9px||false|false&#8221; custom_padding_tablet=&#8221;|20px||20px|false|false&#8221; custom_padding_phone=&#8221;|20px||20px|false|false&#8221; custom_padding_last_edited=&#8221;on|tablet&#8221; global_colors_info=&#8221;{}&#8221;]<\/p>\n<h1 style=\"text-align: center;\"><span data-sheets-root=\"1\">Kassensoftware f\u00fcr Kosmetikerinnen, Kosmetikinstitute und Sch\u00f6nheitszentren<\/span><\/h1>\n<p>[\/et_pb_text][\/et_pb_column][\/et_pb_row][\/et_pb_section][et_pb_section fb_built=&#8221;1&#8243; _builder_version=&#8221;4.27.4&#8243; _module_preset=&#8221;default&#8221; custom_padding=&#8221;3px||6px|||&#8221; global_colors_info=&#8221;{}&#8221;][et_pb_row _builder_version=&#8221;4.27.4&#8243; _module_preset=&#8221;default&#8221; max_width=&#8221;1308px&#8221; global_colors_info=&#8221;{}&#8221;][et_pb_column type=&#8221;4_4&#8243; _builder_version=&#8221;4.27.4&#8243; _module_preset=&#8221;default&#8221; global_colors_info=&#8221;{}&#8221;][et_pb_text _builder_version=&#8221;4.27.4&#8243; _module_preset=&#8221;default&#8221; text_font=&#8221;|700|||||||&#8221; text_font_size=&#8221;41px&#8221; header_font_size=&#8221;36px&#8221; header_2_text_color=&#8221;#000000&#8243; header_2_font_size=&#8221;50px&#8221; custom_margin=&#8221;||23px|||&#8221; custom_margin_tablet=&#8221;0px||23px||false|false&#8221; custom_margin_phone=&#8221;0px||23px||false|false&#8221; custom_margin_last_edited=&#8221;on|tablet&#8221; custom_padding=&#8221;44px||5px||false|false&#8221; custom_padding_tablet=&#8221;|32px||30px|false|false&#8221; custom_padding_phone=&#8221;|32px||30px|false|false&#8221; custom_padding_last_edited=&#8221;on|tablet&#8221; global_colors_info=&#8221;{}&#8221;]<\/p>\n<h2 style=\"text-align: center;\">Optimieren Sie die Verwaltung Ihres Kosmetikstudios mit Merlin.<\/h2>\n<p>[\/et_pb_text][et_pb_text _builder_version=&#8221;4.27.4&#8243; _module_preset=&#8221;default&#8221; text_font=&#8221;DIN Condensed Bold||||||||&#8221; text_font_size=&#8221;36px&#8221; text_line_height=&#8221;1.2em&#8221; header_font=&#8221;DIN Condensed Bold||||||||&#8221; header_font_size=&#8221;36px&#8221; header_line_height=&#8221;1.2em&#8221; width=&#8221;100%&#8221; custom_margin_tablet=&#8221;&#8221; custom_margin_phone=&#8221;&#8221; custom_margin_last_edited=&#8221;on|desktop&#8221; custom_padding=&#8221;0px|30px||30px|false|false&#8221; custom_padding_tablet=&#8221;0px|30px||30px|false|false&#8221; custom_padding_phone=&#8221;0px|30px||30px|false|false&#8221; custom_padding_last_edited=&#8221;on|tablet&#8221; global_colors_info=&#8221;{}&#8221;]<\/p>\n<h3 style=\"text-align: center;\">Merlin ist der ideale Begleiter f\u00fcr Sch\u00f6nheitssalons und bietet eine Reihe von Werkzeugen, die das t\u00e4gliche Management vereinfachen und den Erfolg Ihrer Einrichtung maximieren sollen.<\/h3>\n<p>[\/et_pb_text][\/et_pb_column][\/et_pb_row][\/et_pb_section][et_pb_section fb_built=&#8221;1&#8243; _builder_version=&#8221;4.27.4&#8243; _module_preset=&#8221;default&#8221; custom_padding=&#8221;2px||4px|||&#8221; global_colors_info=&#8221;{}&#8221;][et_pb_row _builder_version=&#8221;4.27.4&#8243; _module_preset=&#8221;default&#8221; width=&#8221;100%&#8221; max_width=&#8221;1300px&#8221; module_alignment=&#8221;center&#8221; global_colors_info=&#8221;{}&#8221;][et_pb_column type=&#8221;4_4&#8243; _builder_version=&#8221;4.27.4&#8243; _module_preset=&#8221;default&#8221; global_colors_info=&#8221;{}&#8221;][et_pb_image src=&#8221;\/app\/uploads\/2025\/01\/salon_de_coiffure@2x-2.png&#8221; alt=&#8221;Kassensoftware f\u00fcr Sch\u00f6nheitssalons&#8221; force_fullwidth=&#8221;on&#8221; _builder_version=&#8221;4.27.4&#8243; _module_preset=&#8221;default&#8221; module_alignment=&#8221;center&#8221; global_colors_info=&#8221;{}&#8221;][\/et_pb_image][\/et_pb_column][\/et_pb_row][\/et_pb_section][et_pb_section fb_built=&#8221;1&#8243; _builder_version=&#8221;4.27.4&#8243; _module_preset=&#8221;default&#8221; use_background_color_gradient=&#8221;on&#8221; background_color_gradient_stops=&#8221;#ffffff 0%|#faf2e8 99%&#8221; custom_margin=&#8221;||-3px|||&#8221; custom_padding=&#8221;0px||1px|||&#8221; global_colors_info=&#8221;{}&#8221;][et_pb_row column_structure=&#8221;1_3,1_3,1_3&#8243; module_class=&#8221;infos-wrapper&#8221; _builder_version=&#8221;4.27.4&#8243; _module_preset=&#8221;default&#8221; max_width=&#8221;1300px&#8221; custom_margin=&#8221;|auto|-5px|auto||&#8221; custom_padding=&#8221;|0px|0px|||&#8221; global_colors_info=&#8221;{}&#8221;][et_pb_column type=&#8221;1_3&#8243; _builder_version=&#8221;4.27.4&#8243; _module_preset=&#8221;default&#8221; global_colors_info=&#8221;{}&#8221;][et_pb_blurb title=&#8221;Intuitive Kundenverwaltung&#8221; _builder_version=&#8221;4.27.4&#8243; _module_preset=&#8221;default&#8221; header_text_color=&#8221;#000000&#8243; header_font_size=&#8221;30px&#8221; body_text_color=&#8221;#565656&#8243; background_color=&#8221;#FFFFFF&#8221; width=&#8221;100%&#8221; min_height=&#8221;430px&#8221; custom_padding=&#8221;140px|23px|13px|22px||&#8221; border_radii=&#8221;on|20px|20px|20px|20px&#8221; box_shadow_style=&#8221;preset4&#8243; box_shadow_horizontal=&#8221;7px&#8221; box_shadow_vertical=&#8221;3px&#8221; box_shadow_blur=&#8221;13px&#8221; box_shadow_spread=&#8221;-11px&#8221; global_colors_info=&#8221;{}&#8221;]<\/p>\n<p>&nbsp;<\/p>\n<p>Sammeln Sie <a href=\"\/de\/funktionen\/verwaltung-von-kundendaten-und-kundenbindung\/\">Kundeninformationen<\/a> wie Vorlieben, Behandlungsverl\u00e4ufe, Abonnements und Termine f\u00fcr eine personalisierte Erfahrung.<\/p>\n<p>&nbsp;<\/p>\n<p>[\/et_pb_blurb][\/et_pb_column][et_pb_column type=&#8221;1_3&#8243; _builder_version=&#8221;4.27.4&#8243; _module_preset=&#8221;default&#8221; global_colors_info=&#8221;{}&#8221;][et_pb_blurb title=&#8221;\u00dcberwachung von Best\u00e4nden und Verk\u00e4ufen&#8221; _builder_version=&#8221;4.27.4&#8243; _module_preset=&#8221;default&#8221; header_text_color=&#8221;#000000&#8243; header_font_size=&#8221;30px&#8221; body_text_color=&#8221;#565656&#8243; background_color=&#8221;#FFFFFF&#8221; min_height=&#8221;472px&#8221; custom_padding=&#8221;139px|21px|17px|21px||&#8221; border_radii=&#8221;on|20px|20px|20px|20px&#8221; box_shadow_style=&#8221;preset4&#8243; box_shadow_horizontal=&#8221;7px&#8221; box_shadow_vertical=&#8221;3px&#8221; box_shadow_blur=&#8221;13px&#8221; box_shadow_spread=&#8221;-11px&#8221; global_colors_info=&#8221;{}&#8221;]<\/p>\n<p>&nbsp;<\/p>\n<p>\u00dcberwachen Sie <a href=\"\/de\/funktionen\/lagerverwaltung\/\">die Lagerbest\u00e4nde<\/a> in Echtzeit, um Engp\u00e4sse zu vermeiden und die Produktbestellungen zu optimieren.<\/p>\n<p>Automatisieren Sie die Bestellungen, um die st\u00e4ndige Verf\u00fcgbarkeit wichtiger Artikel zu gew\u00e4hrleisten.<\/p>\n<p>[\/et_pb_blurb][\/et_pb_column][et_pb_column type=&#8221;1_3&#8243; _builder_version=&#8221;4.27.4&#8243; _module_preset=&#8221;default&#8221; global_colors_info=&#8221;{}&#8221;][et_pb_blurb title=&#8221;Flexibilit\u00e4t und Komfort&#8221; _builder_version=&#8221;4.27.4&#8243; _module_preset=&#8221;default&#8221; header_text_color=&#8221;#000000&#8243; header_font_size=&#8221;30px&#8221; body_text_color=&#8221;#565656&#8243; background_color=&#8221;#FFFFFF&#8221; min_height=&#8221;463px&#8221; custom_margin=&#8221;||-4px|||&#8221; custom_padding=&#8221;135px|22px|5px|24px||&#8221; border_radii=&#8221;on|20px|20px|20px|20px&#8221; box_shadow_style=&#8221;preset4&#8243; box_shadow_horizontal=&#8221;7px&#8221; box_shadow_vertical=&#8221;3px&#8221; box_shadow_blur=&#8221;13px&#8221; box_shadow_spread=&#8221;-11px&#8221; global_colors_info=&#8221;{}&#8221;]<\/p>\n<p>&nbsp;<\/p>\n<p><a href=\"\/de\/funktionen\/online-kalender\/\">Planen Sie auf einfache Weise Termine<\/a> f\u00fcr Ihre Kosmetikerinnen und Kunden und senden Sie automatische Erinnerungen, um Abwesenheiten zu minimieren.<\/p>\n<p>Bieten Sie eine Reihe verschiedener Zahlungsoptionen f\u00fcr eine bequeme und vereinfachte Kundenerfahrung.<\/p>\n<p>[\/et_pb_blurb][\/et_pb_column][\/et_pb_row][et_pb_row column_structure=&#8221;1_3,1_3,1_3&#8243; module_class=&#8221;infos-wrapper&#8221; _builder_version=&#8221;4.27.4&#8243; _module_preset=&#8221;default&#8221; max_width=&#8221;1300px&#8221; custom_margin=&#8221;|auto|-5px|auto||&#8221; custom_padding=&#8221;|0px|0px|||&#8221; global_colors_info=&#8221;{}&#8221;][et_pb_column type=&#8221;1_3&#8243; _builder_version=&#8221;4.27.4&#8243; _module_preset=&#8221;default&#8221; global_colors_info=&#8221;{}&#8221;][et_pb_blurb title=&#8221;Vereinfachte Multi-Site-L\u00f6sungen :&#8221; _builder_version=&#8221;4.27.4&#8243; _module_preset=&#8221;default&#8221; header_text_color=&#8221;#000000&#8243; header_font_size=&#8221;30px&#8221; body_text_color=&#8221;#565656&#8243; background_color=&#8221;#FFFFFF&#8221; min_height=&#8221;422px&#8221; custom_padding=&#8221;140px|21px|17px|21px||&#8221; border_radii=&#8221;on|20px|20px|20px|20px&#8221; box_shadow_style=&#8221;preset4&#8243; box_shadow_horizontal=&#8221;7px&#8221; box_shadow_vertical=&#8221;3px&#8221; box_shadow_blur=&#8221;13px&#8221; box_shadow_spread=&#8221;-11px&#8221; global_colors_info=&#8221;{}&#8221;]<\/p>\n<p>&nbsp;<\/p>\n<p>Merlin zentralisiert <a href=\"\/de\/zentralisierung-der-daten\/\">die Verwaltung mehrerer Standorte<\/a> f\u00fcr Franchiseunternehmen und Institutsgruppen und optimiert so den t\u00e4glichen Betrieb.<\/p>\n<p>[\/et_pb_blurb][\/et_pb_column][et_pb_column type=&#8221;1_3&#8243; _builder_version=&#8221;4.27.4&#8243; _module_preset=&#8221;default&#8221; global_colors_info=&#8221;{}&#8221;][et_pb_blurb title=&#8221;Analyse und kontinuierliche Verbesserung&#8221; _builder_version=&#8221;4.27.4&#8243; _module_preset=&#8221;default&#8221; header_text_color=&#8221;#000000&#8243; header_font_size=&#8221;30px&#8221; body_text_color=&#8221;#565656&#8243; background_color=&#8221;#FFFFFF&#8221; min_height=&#8221;126px&#8221; custom_margin=&#8221;||23px|||&#8221; custom_padding=&#8221;140px|22px|39px|24px||&#8221; border_radii=&#8221;on|20px|20px|20px|20px&#8221; box_shadow_style=&#8221;preset4&#8243; box_shadow_horizontal=&#8221;7px&#8221; box_shadow_vertical=&#8221;3px&#8221; box_shadow_blur=&#8221;13px&#8221; box_shadow_spread=&#8221;-11px&#8221; global_colors_info=&#8221;{}&#8221;]<\/p>\n<p>&nbsp;<\/p>\n<p>Greifen Sie auf <a href=\"\/de\/funktionen\/analyse-der-aktivitaeten\/\">detaillierte Berichte<\/a> \u00fcber die Leistung Ihres Instituts zu und nutzen Sie fortschrittliche Analysen, um Wachstumschancen zu erkennen und Ihren Betrieb zu optimieren.<\/p>\n<p>[\/et_pb_blurb][\/et_pb_column][et_pb_column type=&#8221;1_3&#8243; _builder_version=&#8221;4.27.4&#8243; _module_preset=&#8221;default&#8221; global_colors_info=&#8221;{}&#8221;][\/et_pb_column][\/et_pb_row][et_pb_row _builder_version=&#8221;4.27.4&#8243; _module_preset=&#8221;default&#8221; width=&#8221;100%&#8221; max_width=&#8221;1200px&#8221; global_colors_info=&#8221;{}&#8221;][et_pb_column type=&#8221;4_4&#8243; _builder_version=&#8221;4.27.4&#8243; _module_preset=&#8221;default&#8221; global_colors_info=&#8221;{}&#8221;][et_pb_text _builder_version=&#8221;4.27.4&#8243; _module_preset=&#8221;default&#8221; global_colors_info=&#8221;{}&#8221;]<\/p>\n<div class=\"row\" style=\"display:flex;justify-content: space-evenly;\"><br \/><div class=\"r-border p-2 mb-2 col-12 col-md-3\"><div class=\"text-center\">\n                <i style=\"color:#ed5946;font-size:32px;\" class=\"fb-icon-element-1 fb-icon-element fontawesome-icon circle-no fusion-text-flow fusion-animated iko2-faq\"><\/i>\n                <p style=\"line-height: 1.4rem;font-size:22px;\"><b>Alles \u00fcber die Norm NF525<\/b><\/p>\n            <\/div><\/div><br \/><div class=\"r-border p-2 mb-2 col-12 col-md-3\"><div class=\"text-center\">\n                <i style=\"color:#ed5946;font-size:2rem;\" class=\"fb-icon-element-1 fb-icon-element fontawesome-icon circle-no fusion-text-flow fusion-animated iko2-blog\"><\/i>\n                <p style=\"line-height: 1.4rem;font-size:22px;\"><b>Die Vorteile der Verwendung von NF525-zertifizierter Software<\/b><\/p>\n            <\/div><\/div><br \/><div class=\"r-border p-2 mb-2 col-12 col-md-3\"><div class=\"text-center\">\n                <i style=\"color:#ed5946;font-size:2rem;\" class=\"fb-icon-element-1 fb-icon-element fontawesome-icon circle-no fusion-text-flow fusion-animated iko2-installation\"><\/i>\n                <p style=\"line-height: 1.4rem;font-size:22px;\"><b>Wie kann ich meine t\u00e4gliche Verwaltung mit einer Kassensoftware erleichtern?<\/b><\/p>\n            <\/div><\/div><br \/><div class=\"r-border p-2 mb-2 col-12 col-md-3\"><div class=\"text-center\">\n                <i style=\"color:#ed5946;font-size:2rem;\" class=\"fb-icon-element-1 fb-icon-element fontawesome-icon circle-no fusion-text-flow fusion-animated iko2-logiciel\"><\/i>\n                <p style=\"line-height: 1.4rem;font-size:22px;\"><b>Muss ich eine zertifizierte Kassensoftware haben?<\/b><\/p>\n            <\/div><\/div><br \/><\/div>\n<p>[\/et_pb_text][et_pb_button button_url=&#8221;\/de\/kontakt\/&#8221; button_text=&#8221;Entdecken Sie Merlin!&#8221; button_alignment=&#8221;center&#8221; _builder_version=&#8221;4.27.4&#8243; _module_preset=&#8221;default&#8221; custom_button=&#8221;on&#8221; button_text_color=&#8221;#FFFFFF&#8221; button_bg_color=&#8221;#ed5946&#8243; button_border_radius=&#8221;31px&#8221; custom_margin=&#8221;38px|||||&#8221; global_colors_info=&#8221;{}&#8221;][\/et_pb_button][\/et_pb_column][\/et_pb_row][\/et_pb_section]<\/p>\n","protected":false},"excerpt":{"rendered":"<p>Die Merlin-Software wurde speziell entwickelt, um den Bed\u00fcrfnissen der&#8230;<\/p>\n","protected":false},"author":1,"featured_media":2112,"parent":8892,"menu_order":0,"comment_status":"closed","ping_status":"closed","template":"","meta":{"_acf_changed":false,"_et_pb_use_builder":"on","_et_pb_old_content":"","_et_gb_content_width":"","footnotes":""},"class_list":["post-8522","page","type-page","status-publish","has-post-thumbnail","hentry"],"acf":[],"yoast_head":"<!-- This site is optimized with the Yoast SEO plugin v27.1.1 - https:\/\/yoast.com\/product\/yoast-seo-wordpress\/ -->\n<title>Software f\u00fcr Sch\u00f6nheitssalons: Kassensoftware f\u00fcr Sch\u00f6nheitssalons | Ikosoft<\/title>\n<meta name=\"description\" content=\"Entdecken Sie Merlin: die marktf\u00fchrende NF525 All-in-One-Software f\u00fcr Sch\u00f6nheitssalons. Online-Reservierung, Plattform, Anruferkennung, Bewertungen, Bestand, Kundendaten, Planung, Anwendung, Termine.\" \/>\n<meta name=\"robots\" content=\"index, follow, max-snippet:-1, max-image-preview:large, max-video-preview:-1\" \/>\n<link rel=\"canonical\" href=\"https:\/\/www2.ikosoft.com\/de\/du-bist\/schoenheitsinstitut\/\" \/>\n<meta property=\"og:locale\" content=\"de_DE\" \/>\n<meta property=\"og:type\" content=\"article\" \/>\n<meta property=\"og:title\" content=\"Software f\u00fcr Sch\u00f6nheitssalons: Kassensoftware f\u00fcr Sch\u00f6nheitssalons | Ikosoft\" \/>\n<meta property=\"og:description\" content=\"Entdecken Sie Merlin: die marktf\u00fchrende NF525 All-in-One-Software f\u00fcr Sch\u00f6nheitssalons. Online-Reservierung, Plattform, Anruferkennung, Bewertungen, Bestand, Kundendaten, Planung, Anwendung, Termine.\" \/>\n<meta property=\"og:url\" content=\"https:\/\/www2.ikosoft.com\/de\/du-bist\/schoenheitsinstitut\/\" \/>\n<meta property=\"og:site_name\" content=\"ikosoft\" \/>\n<meta property=\"article:publisher\" content=\"https:\/\/www.facebook.com\/IKOSOFT\/\" \/>\n<meta property=\"article:modified_time\" content=\"2025-08-07T09:00:39+00:00\" \/>\n<meta property=\"og:image\" content=\"https:\/\/www2.ikosoft.com\/app\/uploads\/2024\/12\/institut_de_beaute@2x@2x.jpg\" \/>\n\t<meta property=\"og:image:width\" content=\"962\" \/>\n\t<meta property=\"og:image:height\" content=\"708\" \/>\n\t<meta property=\"og:image:type\" content=\"image\/jpeg\" \/>\n<meta name=\"twitter:card\" content=\"summary_large_image\" \/>\n<meta name=\"twitter:label1\" content=\"Est. reading time\" \/>\n\t<meta name=\"twitter:data1\" content=\"2 minutes\" \/>\n<script type=\"application\/ld+json\" class=\"yoast-schema-graph\">{\"@context\":\"https:\/\/schema.org\",\"@graph\":[{\"@type\":\"WebPage\",\"@id\":\"https:\/\/www2.ikosoft.com\/de\/du-bist\/schoenheitsinstitut\/\",\"url\":\"https:\/\/www2.ikosoft.com\/de\/du-bist\/schoenheitsinstitut\/\",\"name\":\"Software f\u00fcr Sch\u00f6nheitssalons: Kassensoftware f\u00fcr Sch\u00f6nheitssalons | Ikosoft\",\"isPartOf\":{\"@id\":\"https:\/\/www2.ikosoft.com\/de\/#website\"},\"primaryImageOfPage\":{\"@id\":\"https:\/\/www2.ikosoft.com\/de\/du-bist\/schoenheitsinstitut\/#primaryimage\"},\"image\":{\"@id\":\"https:\/\/www2.ikosoft.com\/de\/du-bist\/schoenheitsinstitut\/#primaryimage\"},\"thumbnailUrl\":\"https:\/\/www2.ikosoft.com\/app\/uploads\/2024\/12\/institut_de_beaute@2x@2x.jpg\",\"datePublished\":\"2024-12-24T08:53:40+00:00\",\"dateModified\":\"2025-08-07T09:00:39+00:00\",\"description\":\"Entdecken Sie Merlin: die marktf\u00fchrende NF525 All-in-One-Software f\u00fcr Sch\u00f6nheitssalons. Online-Reservierung, Plattform, Anruferkennung, Bewertungen, Bestand, Kundendaten, Planung, Anwendung, Termine.\",\"breadcrumb\":{\"@id\":\"https:\/\/www2.ikosoft.com\/de\/du-bist\/schoenheitsinstitut\/#breadcrumb\"},\"inLanguage\":\"de-DE\",\"potentialAction\":[{\"@type\":\"ReadAction\",\"target\":[\"https:\/\/www2.ikosoft.com\/de\/du-bist\/schoenheitsinstitut\/\"]}]},{\"@type\":\"ImageObject\",\"inLanguage\":\"de-DE\",\"@id\":\"https:\/\/www2.ikosoft.com\/de\/du-bist\/schoenheitsinstitut\/#primaryimage\",\"url\":\"https:\/\/www2.ikosoft.com\/app\/uploads\/2024\/12\/institut_de_beaute@2x@2x.jpg\",\"contentUrl\":\"https:\/\/www2.ikosoft.com\/app\/uploads\/2024\/12\/institut_de_beaute@2x@2x.jpg\",\"width\":962,\"height\":708,\"caption\":\"logiciel caisse Merlin institut de beaut\u00e9 spa ikosoft\"},{\"@type\":\"BreadcrumbList\",\"@id\":\"https:\/\/www2.ikosoft.com\/de\/du-bist\/schoenheitsinstitut\/#breadcrumb\",\"itemListElement\":[{\"@type\":\"ListItem\",\"position\":1,\"name\":\"Accueil\",\"item\":\"https:\/\/www2.ikosoft.com\/de\/\"},{\"@type\":\"ListItem\",\"position\":2,\"name\":\"Du Bist\",\"item\":\"https:\/\/www2.ikosoft.com\/de\/vous-etes\/\"},{\"@type\":\"ListItem\",\"position\":3,\"name\":\"Sch\u00f6nheitsinstitut\"}]},{\"@type\":\"WebSite\",\"@id\":\"https:\/\/www2.ikosoft.com\/de\/#website\",\"url\":\"https:\/\/www2.ikosoft.com\/de\/\",\"name\":\"Ikosoft\",\"description\":\"Ikosoft Merlin - Logiciel de caisse certifi\u00e9 NF525 et de gestion pour salon de coiffure, institut de beaut\u00e9 et spa\",\"publisher\":{\"@id\":\"https:\/\/www2.ikosoft.com\/de\/#organization\"},\"potentialAction\":[{\"@type\":\"SearchAction\",\"target\":{\"@type\":\"EntryPoint\",\"urlTemplate\":\"https:\/\/www2.ikosoft.com\/de\/?s={search_term_string}\"},\"query-input\":{\"@type\":\"PropertyValueSpecification\",\"valueRequired\":true,\"valueName\":\"search_term_string\"}}],\"inLanguage\":\"de-DE\"},{\"@type\":\"Organization\",\"@id\":\"https:\/\/www2.ikosoft.com\/de\/#organization\",\"name\":\"Ikosoft\",\"url\":\"https:\/\/www2.ikosoft.com\/de\/\",\"logo\":{\"@type\":\"ImageObject\",\"inLanguage\":\"de-DE\",\"@id\":\"https:\/\/www2.ikosoft.com\/de\/#\/schema\/logo\/image\/\",\"url\":\"https:\/\/www2.ikosoft.com\/app\/uploads\/2025\/03\/logo_2_o.png\",\"contentUrl\":\"https:\/\/www2.ikosoft.com\/app\/uploads\/2025\/03\/logo_2_o.png\",\"width\":1481,\"height\":305,\"caption\":\"Ikosoft\"},\"image\":{\"@id\":\"https:\/\/www2.ikosoft.com\/de\/#\/schema\/logo\/image\/\"},\"sameAs\":[\"https:\/\/www.facebook.com\/IKOSOFT\/\",\"https:\/\/www.instagram.com\/ikosoft\"]}]}<\/script>\n<!-- \/ Yoast SEO plugin. -->","yoast_head_json":{"title":"Software f\u00fcr Sch\u00f6nheitssalons: Kassensoftware f\u00fcr Sch\u00f6nheitssalons | Ikosoft","description":"Entdecken Sie Merlin: die marktf\u00fchrende NF525 All-in-One-Software f\u00fcr Sch\u00f6nheitssalons. Online-Reservierung, Plattform, Anruferkennung, Bewertungen, Bestand, Kundendaten, Planung, Anwendung, Termine.","robots":{"index":"index","follow":"follow","max-snippet":"max-snippet:-1","max-image-preview":"max-image-preview:large","max-video-preview":"max-video-preview:-1"},"canonical":"https:\/\/www2.ikosoft.com\/de\/du-bist\/schoenheitsinstitut\/","og_locale":"de_DE","og_type":"article","og_title":"Software f\u00fcr Sch\u00f6nheitssalons: Kassensoftware f\u00fcr Sch\u00f6nheitssalons | Ikosoft","og_description":"Entdecken Sie Merlin: die marktf\u00fchrende NF525 All-in-One-Software f\u00fcr Sch\u00f6nheitssalons. Online-Reservierung, Plattform, Anruferkennung, Bewertungen, Bestand, Kundendaten, Planung, Anwendung, Termine.","og_url":"https:\/\/www2.ikosoft.com\/de\/du-bist\/schoenheitsinstitut\/","og_site_name":"ikosoft","article_publisher":"https:\/\/www.facebook.com\/IKOSOFT\/","article_modified_time":"2025-08-07T09:00:39+00:00","og_image":[{"width":962,"height":708,"url":"https:\/\/www2.ikosoft.com\/app\/uploads\/2024\/12\/institut_de_beaute@2x@2x.jpg","type":"image\/jpeg"}],"twitter_card":"summary_large_image","twitter_misc":{"Est. reading time":"2 minutes"},"schema":{"@context":"https:\/\/schema.org","@graph":[{"@type":"WebPage","@id":"https:\/\/www2.ikosoft.com\/de\/du-bist\/schoenheitsinstitut\/","url":"https:\/\/www2.ikosoft.com\/de\/du-bist\/schoenheitsinstitut\/","name":"Software f\u00fcr Sch\u00f6nheitssalons: Kassensoftware f\u00fcr Sch\u00f6nheitssalons | Ikosoft","isPartOf":{"@id":"https:\/\/www2.ikosoft.com\/de\/#website"},"primaryImageOfPage":{"@id":"https:\/\/www2.ikosoft.com\/de\/du-bist\/schoenheitsinstitut\/#primaryimage"},"image":{"@id":"https:\/\/www2.ikosoft.com\/de\/du-bist\/schoenheitsinstitut\/#primaryimage"},"thumbnailUrl":"https:\/\/www2.ikosoft.com\/app\/uploads\/2024\/12\/institut_de_beaute@2x@2x.jpg","datePublished":"2024-12-24T08:53:40+00:00","dateModified":"2025-08-07T09:00:39+00:00","description":"Entdecken Sie Merlin: die marktf\u00fchrende NF525 All-in-One-Software f\u00fcr Sch\u00f6nheitssalons. Online-Reservierung, Plattform, Anruferkennung, Bewertungen, Bestand, Kundendaten, Planung, Anwendung, Termine.","breadcrumb":{"@id":"https:\/\/www2.ikosoft.com\/de\/du-bist\/schoenheitsinstitut\/#breadcrumb"},"inLanguage":"de-DE","potentialAction":[{"@type":"ReadAction","target":["https:\/\/www2.ikosoft.com\/de\/du-bist\/schoenheitsinstitut\/"]}]},{"@type":"ImageObject","inLanguage":"de-DE","@id":"https:\/\/www2.ikosoft.com\/de\/du-bist\/schoenheitsinstitut\/#primaryimage","url":"https:\/\/www2.ikosoft.com\/app\/uploads\/2024\/12\/institut_de_beaute@2x@2x.jpg","contentUrl":"https:\/\/www2.ikosoft.com\/app\/uploads\/2024\/12\/institut_de_beaute@2x@2x.jpg","width":962,"height":708,"caption":"logiciel caisse Merlin institut de beaut\u00e9 spa ikosoft"},{"@type":"BreadcrumbList","@id":"https:\/\/www2.ikosoft.com\/de\/du-bist\/schoenheitsinstitut\/#breadcrumb","itemListElement":[{"@type":"ListItem","position":1,"name":"Accueil","item":"https:\/\/www2.ikosoft.com\/de\/"},{"@type":"ListItem","position":2,"name":"Du Bist","item":"https:\/\/www2.ikosoft.com\/de\/vous-etes\/"},{"@type":"ListItem","position":3,"name":"Sch\u00f6nheitsinstitut"}]},{"@type":"WebSite","@id":"https:\/\/www2.ikosoft.com\/de\/#website","url":"https:\/\/www2.ikosoft.com\/de\/","name":"Ikosoft","description":"Ikosoft Merlin - Logiciel de caisse certifi\u00e9 NF525 et de gestion pour salon de coiffure, institut de beaut\u00e9 et spa","publisher":{"@id":"https:\/\/www2.ikosoft.com\/de\/#organization"},"potentialAction":[{"@type":"SearchAction","target":{"@type":"EntryPoint","urlTemplate":"https:\/\/www2.ikosoft.com\/de\/?s={search_term_string}"},"query-input":{"@type":"PropertyValueSpecification","valueRequired":true,"valueName":"search_term_string"}}],"inLanguage":"de-DE"},{"@type":"Organization","@id":"https:\/\/www2.ikosoft.com\/de\/#organization","name":"Ikosoft","url":"https:\/\/www2.ikosoft.com\/de\/","logo":{"@type":"ImageObject","inLanguage":"de-DE","@id":"https:\/\/www2.ikosoft.com\/de\/#\/schema\/logo\/image\/","url":"https:\/\/www2.ikosoft.com\/app\/uploads\/2025\/03\/logo_2_o.png","contentUrl":"https:\/\/www2.ikosoft.com\/app\/uploads\/2025\/03\/logo_2_o.png","width":1481,"height":305,"caption":"Ikosoft"},"image":{"@id":"https:\/\/www2.ikosoft.com\/de\/#\/schema\/logo\/image\/"},"sameAs":["https:\/\/www.facebook.com\/IKOSOFT\/","https:\/\/www.instagram.com\/ikosoft"]}]}},"_links":{"self":[{"href":"https:\/\/www2.ikosoft.com\/de\/wp-json\/wp\/v2\/pages\/8522","targetHints":{"allow":["GET"]}}],"collection":[{"href":"https:\/\/www2.ikosoft.com\/de\/wp-json\/wp\/v2\/pages"}],"about":[{"href":"https:\/\/www2.ikosoft.com\/de\/wp-json\/wp\/v2\/types\/page"}],"author":[{"embeddable":true,"href":"https:\/\/www2.ikosoft.com\/de\/wp-json\/wp\/v2\/users\/1"}],"replies":[{"embeddable":true,"href":"https:\/\/www2.ikosoft.com\/de\/wp-json\/wp\/v2\/comments?post=8522"}],"version-history":[{"count":3,"href":"https:\/\/www2.ikosoft.com\/de\/wp-json\/wp\/v2\/pages\/8522\/revisions"}],"predecessor-version":[{"id":9813,"href":"https:\/\/www2.ikosoft.com\/de\/wp-json\/wp\/v2\/pages\/8522\/revisions\/9813"}],"up":[{"embeddable":true,"href":"https:\/\/www2.ikosoft.com\/de\/wp-json\/wp\/v2\/pages\/8892"}],"wp:featuredmedia":[{"embeddable":true,"href":"https:\/\/www2.ikosoft.com\/de\/wp-json\/wp\/v2\/media\/2112"}],"wp:attachment":[{"href":"https:\/\/www2.ikosoft.com\/de\/wp-json\/wp\/v2\/media?parent=8522"}],"curies":[{"name":"wp","href":"https:\/\/api.w.org\/{rel}","templated":true}]}}