{"id":8389,"date":"2024-12-30T14:12:30","date_gmt":"2024-12-30T13:12:30","guid":{"rendered":"https:\/\/www2.ikosoft.com\/franchisegeber\/"},"modified":"2025-07-07T14:39:16","modified_gmt":"2025-07-07T12:39:16","slug":"franchisegeber","status":"publish","type":"page","link":"https:\/\/www2.ikosoft.com\/de\/du-bist\/franchisegeber\/","title":{"rendered":"Franchisegeber"},"content":{"rendered":"<p>[et_pb_section fb_built=&#8221;1&#8243; _builder_version=&#8221;4.27.4&#8243; _module_preset=&#8221;default&#8221; width=&#8221;100%&#8221; max_width=&#8221;100%&#8221; min_height=&#8221;13px&#8221; height=&#8221;100px&#8221; max_height=&#8221;100px&#8221; custom_padding=&#8221;0px||0px||false|false&#8221; global_colors_info=&#8221;{}&#8221;][et_pb_row module_id=&#8221;iko-page-titles&#8221; _builder_version=&#8221;4.27.4&#8243; _module_preset=&#8221;default&#8221; width=&#8221;100%&#8221; max_width=&#8221;100%&#8221; module_alignment=&#8221;center&#8221; min_height=&#8221;100px&#8221; height=&#8221;100px&#8221; custom_padding=&#8221;0px||0px|||&#8221; custom_css_free_form=&#8221;||&#8221; global_colors_info=&#8221;{}&#8221;][et_pb_column type=&#8221;4_4&#8243; _builder_version=&#8221;4.27.4&#8243; _module_preset=&#8221;default&#8221; custom_padding=&#8221;0px||||false|false&#8221; global_colors_info=&#8221;{}&#8221;][et_pb_text _builder_version=&#8221;4.27.4&#8243; _module_preset=&#8221;default&#8221; text_text_color=&#8221;#FFFFFF&#8221; text_font_size=&#8221;30px&#8221; background_color=&#8221;#ed5946&#8243; text_orientation=&#8221;center&#8221; min_height=&#8221;97.6px&#8221; custom_margin=&#8221;||0px||false|false&#8221; custom_padding=&#8221;26px||0px||false|false&#8221; global_colors_info=&#8221;{}&#8221;]<\/p>\n<h1 style=\"text-align: center;\">KASSENSOFTWARE F\u00dcR FRANCHISEGEBER<\/h1>\n<p>[\/et_pb_text][\/et_pb_column][\/et_pb_row][\/et_pb_section][et_pb_section fb_built=&#8221;1&#8243; _builder_version=&#8221;4.27.4&#8243; _module_preset=&#8221;default&#8221; custom_padding=&#8221;3px||6px|||&#8221; global_colors_info=&#8221;{}&#8221;][et_pb_row _builder_version=&#8221;4.27.4&#8243; _module_preset=&#8221;default&#8221; max_width=&#8221;1308px&#8221; global_colors_info=&#8221;{}&#8221;][et_pb_column type=&#8221;4_4&#8243; _builder_version=&#8221;4.27.4&#8243; _module_preset=&#8221;default&#8221; global_colors_info=&#8221;{}&#8221;][et_pb_text _builder_version=&#8221;4.27.4&#8243; _module_preset=&#8221;default&#8221; text_font=&#8221;DIN Altenate Bold|700|||||||&#8221; text_font_size=&#8221;41px&#8221; header_font_size=&#8221;36px&#8221; header_2_text_color=&#8221;#000000&#8243; header_2_font_size=&#8221;50px&#8221; custom_padding=&#8221;11px|26px||30px||&#8221; global_colors_info=&#8221;{}&#8221;]<\/p>\n<h2 style=\"text-align: center;\">Optimieren Sie Ihr Franchise-Management mit Merlin<\/h2>\n<p>[\/et_pb_text][et_pb_text _builder_version=&#8221;4.27.4&#8243; _module_preset=&#8221;default&#8221; text_font=&#8221;DIN Condensed Bold||||||||&#8221; text_font_size=&#8221;36px&#8221; text_line_height=&#8221;1.2em&#8221; width=&#8221;100%&#8221; custom_padding=&#8221;|60px||60px|false|false&#8221; custom_padding_tablet=&#8221;|50px||50px|false|false&#8221; custom_padding_phone=&#8221;|30px||30px|false|false&#8221; custom_padding_last_edited=&#8221;on|phone&#8221; global_colors_info=&#8221;{}&#8221;]<\/p>\n<h3 style=\"text-align: center;\">Merlin ist weit mehr als eine einfache Kassensoftware, es ist eine Komplettl\u00f6sung, die auf die spezifischen Bed\u00fcrfnisse von Franchisenehmern und Salongruppen zugeschnitten ist.<\/h3>\n<h3 style=\"text-align: center;\">Mit Merlin haben Sie Zugang zu einer Reihe von fortschrittlichen Werkzeugen und Funktionen, die es Ihnen erm\u00f6glichen, das Management Ihrer Franchiseunternehmen zu optimieren und den Erfolg zu maximieren.<\/h3>\n<p>[\/et_pb_text][\/et_pb_column][\/et_pb_row][\/et_pb_section][et_pb_section fb_built=&#8221;1&#8243; _builder_version=&#8221;4.27.4&#8243; _module_preset=&#8221;default&#8221; custom_padding=&#8221;0px||0px|||&#8221; global_colors_info=&#8221;{}&#8221;][et_pb_row _builder_version=&#8221;4.27.4&#8243; _module_preset=&#8221;default&#8221; width=&#8221;100%&#8221; max_width=&#8221;1300px&#8221; custom_padding=&#8221;0px||0px|||&#8221; global_colors_info=&#8221;{}&#8221;][et_pb_column type=&#8221;4_4&#8243; _builder_version=&#8221;4.27.4&#8243; _module_preset=&#8221;default&#8221; global_colors_info=&#8221;{}&#8221;][et_pb_image src=&#8221;\/app\/uploads\/2025\/01\/franchiseur.png&#8221; alt=&#8221;Kassensoftware f\u00fcr Franchise- und Gruppenmanagement&#8221; _builder_version=&#8221;4.27.4&#8243; _module_preset=&#8221;default&#8221; width=&#8221;100%&#8221; max_width=&#8221;100%&#8221; module_alignment=&#8221;center&#8221; custom_padding=&#8221;|0px|3px|||&#8221; custom_css_free_form=&#8221;span.et_pb_image_wrap {||  width:100%;||}&#8221; border_radii=&#8221;on|20px|20px|20px|20px&#8221; global_colors_info=&#8221;{}&#8221;][\/et_pb_image][\/et_pb_column][\/et_pb_row][\/et_pb_section][et_pb_section fb_built=&#8221;1&#8243; _builder_version=&#8221;4.27.4&#8243; _module_preset=&#8221;default&#8221; use_background_color_gradient=&#8221;on&#8221; background_color_gradient_stops=&#8221;#ffffff 0%|#faf2e8 99%&#8221; custom_margin=&#8221;||-3px|||&#8221; custom_padding=&#8221;||1px|||&#8221; global_colors_info=&#8221;{}&#8221;][et_pb_row column_structure=&#8221;1_2,1_2&#8243; module_class=&#8221;infos-wrapper&#8221; _builder_version=&#8221;4.27.4&#8243; _module_preset=&#8221;default&#8221; max_width=&#8221;1300px&#8221; custom_margin=&#8221;|auto|-5px|auto||&#8221; custom_padding=&#8221;|2px|0px|0px||&#8221; global_colors_info=&#8221;{}&#8221;][et_pb_column type=&#8221;1_2&#8243; _builder_version=&#8221;4.27.4&#8243; _module_preset=&#8221;default&#8221; global_colors_info=&#8221;{}&#8221;][et_pb_blurb title=&#8221;Zentralisierung von Transaktionen&#8221; _builder_version=&#8221;4.27.4&#8243; _module_preset=&#8221;default&#8221; header_text_color=&#8221;#000000&#8243; header_font_size=&#8221;30px&#8221; body_text_color=&#8221;#565656&#8243; background_color=&#8221;#FFFFFF&#8221; width=&#8221;100%&#8221; min_height=&#8221;478px&#8221; custom_padding=&#8221;140px|23px|13px|22px||&#8221; border_radii=&#8221;on|20px|20px|20px|20px&#8221; box_shadow_style=&#8221;preset4&#8243; box_shadow_horizontal=&#8221;7px&#8221; box_shadow_vertical=&#8221;3px&#8221; box_shadow_blur=&#8221;13px&#8221; box_shadow_spread=&#8221;-11px&#8221; global_colors_info=&#8221;{}&#8221;]<\/p>\n<p>&nbsp;<\/p>\n<p><a href=\"\/de\/zentralisierung-der-daten\/\">Zentralisieren Sie die Verwaltung Ihrer Franchisebetriebe<\/a> mit Merlin. Sie k\u00f6nnen alle Aspekte Ihrer Niederlassungen, einschlie\u00dflich Personal, Inventar, Termine und Buchhaltung, Marketing von einer einzigen zentralen Plattform aus verwalten. <\/p>\n<p>Vereinfachen Sie die Kommunikation und Zusammenarbeit zwischen den verschiedenen Franchiseunternehmen mit Funktionen zum Austausch von Informationen und Daten in Echtzeit.<\/p>\n<p>[\/et_pb_blurb][\/et_pb_column][et_pb_column type=&#8221;1_2&#8243; _builder_version=&#8221;4.27.4&#8243; _module_preset=&#8221;default&#8221; global_colors_info=&#8221;{}&#8221;][et_pb_blurb title=&#8221;Personalisierung und Flexibilit\u00e4t&#8221; _builder_version=&#8221;4.27.4&#8243; _module_preset=&#8221;default&#8221; header_text_color=&#8221;#000000&#8243; header_font_size=&#8221;30px&#8221; body_text_color=&#8221;#565656&#8243; background_color=&#8221;#FFFFFF&#8221; min_height=&#8221;477.5px&#8221; custom_padding=&#8221;139px|21px|17px|21px||&#8221; border_radii=&#8221;on|20px|20px|20px|20px&#8221; box_shadow_style=&#8221;preset4&#8243; box_shadow_horizontal=&#8221;7px&#8221; box_shadow_vertical=&#8221;3px&#8221; box_shadow_blur=&#8221;13px&#8221; box_shadow_spread=&#8221;-11px&#8221; global_colors_info=&#8221;{}&#8221;]<\/p>\n<p>&nbsp;<\/p>\n<p><a href=\"\/de\/funktionen\/einloesung\/\">Merlin<\/a> ist auf Ihre spezifischen Bed\u00fcrfnisse zugeschnitten und bietet eine gro\u00dfe Flexibilit\u00e4t, um die Einstellungen und Funktionen an die Anforderungen Ihres Einzelhandelsunternehmens anzupassen.<\/p>\n<p>Verwalten Sie effektiv die Preise (Abonnement, Treuesystem, Zentralisierung der Preise und Produktkatalog), die f\u00fcr jedes Franchise-System spezifisch sind, um den Erwartungen und lokalen Besonderheiten gerecht zu werden.<\/p>\n<p>[\/et_pb_blurb][\/et_pb_column][\/et_pb_row][et_pb_row column_structure=&#8221;1_2,1_2&#8243; module_class=&#8221;infos-wrapper&#8221; _builder_version=&#8221;4.27.4&#8243; _module_preset=&#8221;default&#8221; max_width=&#8221;1300px&#8221; custom_margin=&#8221;|auto|-5px|auto||&#8221; custom_padding=&#8221;|1px|0px|5px||&#8221; global_colors_info=&#8221;{}&#8221;][et_pb_column type=&#8221;1_2&#8243; _builder_version=&#8221;4.27.4&#8243; _module_preset=&#8221;default&#8221; global_colors_info=&#8221;{}&#8221;][et_pb_blurb title=&#8221;Sichtbarkeit und Expansion&#8221; _builder_version=&#8221;4.27.4&#8243; _module_preset=&#8221;default&#8221; header_text_color=&#8221;#000000&#8243; header_font_size=&#8221;30px&#8221; body_text_color=&#8221;#565656&#8243; background_color=&#8221;#FFFFFF&#8221; width=&#8221;100%&#8221; min_height=&#8221;427px&#8221; custom_padding=&#8221;140px|23px|37px|22px||&#8221; border_radii=&#8221;on|20px|20px|20px|20px&#8221; box_shadow_style=&#8221;preset4&#8243; box_shadow_horizontal=&#8221;7px&#8221; box_shadow_vertical=&#8221;3px&#8221; box_shadow_blur=&#8221;13px&#8221; box_shadow_spread=&#8221;-11px&#8221; global_colors_info=&#8221;{}&#8221;]<\/p>\n<p>&nbsp;<\/p>\n<p>Mit <a href=\"\/de\/funktionen\/analyse-der-aktivitaeten\/\">detaillierten Leistungsberichten<\/a> f\u00fcr jedes Franchise bietet Ihnen Merlin einen klaren \u00dcberblick \u00fcber Verk\u00e4ufe, Termine und Kundentrends. Umfassende Leistungsberichte f\u00fcr jeden Salon, der Ihr Netzwerk bildet: Begleitung, Herausforderung, Sie haben alle Karten in der Hand, um Ihre Partner zu animieren und zu entwickeln! <\/p>\n<p>Erleichtern Sie die Expansion Ihres Franchise-Netzwerks, indem Sie eine anpassungsf\u00e4hige L\u00f6sung anbieten, die das Wachstum und die Rentabilit\u00e4t Ihres Unternehmens unterst\u00fctzt.<\/p>\n<p>[\/et_pb_blurb][\/et_pb_column][et_pb_column type=&#8221;1_2&#8243; _builder_version=&#8221;4.27.4&#8243; _module_preset=&#8221;default&#8221; global_colors_info=&#8221;{}&#8221;][et_pb_blurb title=&#8221;Unterst\u00fctzung und Schulung&#8221; _builder_version=&#8221;4.27.4&#8243; _module_preset=&#8221;default&#8221; header_text_color=&#8221;#000000&#8243; header_font_size=&#8221;30px&#8221; body_text_color=&#8221;#565656&#8243; background_color=&#8221;#FFFFFF&#8221; min_height=&#8221;562.1px&#8221; custom_padding=&#8221;140px|21px|17px|21px||&#8221; border_radii=&#8221;on|20px|20px|20px|20px&#8221; box_shadow_style=&#8221;preset4&#8243; box_shadow_horizontal=&#8221;7px&#8221; box_shadow_vertical=&#8221;3px&#8221; box_shadow_blur=&#8221;13px&#8221; box_shadow_spread=&#8221;-11px&#8221; global_colors_info=&#8221;{}&#8221;]<\/p>\n<p>&nbsp;<\/p>\n<p>Unser Team f\u00fcr Gro\u00dfkunden steht Ihnen bei jedem Schritt zur Seite, vom Entwurf bis zur Implementierung in Ihrem Netzwerk und w\u00e4hrend der gesamten Nutzungsdauer von Merlin.<\/p>\n<p>Profitieren Sie von ma\u00dfgeschneiderten Schulungen f\u00fcr Ihr Team, um eine reibungslose und effiziente Einf\u00fchrung der Software in allen Ihren Franchise-Unternehmen zu gew\u00e4hrleisten.<\/p>\n<p>[\/et_pb_blurb][\/et_pb_column][\/et_pb_row][\/et_pb_section][et_pb_section fb_built=&#8221;1&#8243; _builder_version=&#8221;4.27.4&#8243; _module_preset=&#8221;default&#8221; background_color=&#8221;#faf2e8&#8243; custom_margin=&#8221;-4px|||||&#8221; custom_padding=&#8221;0px||5px|||&#8221; global_colors_info=&#8221;{}&#8221;][et_pb_row _builder_version=&#8221;4.27.4&#8243; _module_preset=&#8221;default&#8221; global_colors_info=&#8221;{}&#8221;][et_pb_column type=&#8221;4_4&#8243; _builder_version=&#8221;4.27.4&#8243; _module_preset=&#8221;default&#8221; global_colors_info=&#8221;{}&#8221;][et_pb_text _builder_version=&#8221;4.27.4&#8243; _module_preset=&#8221;default&#8221; global_colors_info=&#8221;{}&#8221;]<\/p>\n<div class=\"row\" style=\"display:flex;justify-content: space-evenly;\"><br \/><div class=\"r-border p-2 mb-2 col-12 col-md-3\"><div class=\"text-center\">\n                <i style=\"color:#ed5946;font-size:32px;\" class=\"fb-icon-element-1 fb-icon-element fontawesome-icon circle-no fusion-text-flow fusion-animated iko2-faq\"><\/i>\n                <p style=\"line-height: 1.4rem;font-size:22px;\"><b>Alles \u00fcber die Norm NF525<\/b><\/p>\n            <\/div><\/div><br \/><div class=\"r-border p-2 mb-2 col-12 col-md-3\"><div class=\"text-center\">\n                <i style=\"color:#ed5946;font-size:2rem;\" class=\"fb-icon-element-1 fb-icon-element fontawesome-icon circle-no fusion-text-flow fusion-animated iko2-blog\"><\/i>\n                <p style=\"line-height: 1.4rem;font-size:22px;\"><b>Die Vorteile der Verwendung von NF525-zertifizierter Software<\/b><\/p>\n            <\/div><\/div><br \/><div class=\"r-border p-2 mb-2 col-12 col-md-3\"><div class=\"text-center\">\n                <i style=\"color:#ed5946;font-size:2rem;\" class=\"fb-icon-element-1 fb-icon-element fontawesome-icon circle-no fusion-text-flow fusion-animated iko2-installation\"><\/i>\n                <p style=\"line-height: 1.4rem;font-size:22px;\"><b>Wie kann ich meine t\u00e4gliche Verwaltung mit einer Kassensoftware erleichtern?<\/b><\/p>\n            <\/div><\/div><br \/><div class=\"r-border p-2 mb-2 col-12 col-md-3\"><div class=\"text-center\">\n                <i style=\"color:#ed5946;font-size:2rem;\" class=\"fb-icon-element-1 fb-icon-element fontawesome-icon circle-no fusion-text-flow fusion-animated iko2-logiciel\"><\/i>\n                <p style=\"line-height: 1.4rem;font-size:22px;\"><b>Muss ich eine zertifizierte Kassensoftware haben?<\/b><\/p>\n            <\/div><\/div><br \/><\/div>\n<p>[\/et_pb_text][et_pb_button button_url=&#8221;\/landing-groupe\/&#8221; button_text=&#8221;Entdecken Sie Merlin!  &#8221; button_alignment=&#8221;center&#8221; _builder_version=&#8221;4.27.4&#8243; _module_preset=&#8221;default&#8221; custom_button=&#8221;on&#8221; button_text_color=&#8221;#FFFFFF&#8221; button_bg_color=&#8221;#ed5946&#8243; button_border_radius=&#8221;31px&#8221; global_colors_info=&#8221;{}&#8221;][\/et_pb_button][\/et_pb_column][\/et_pb_row][\/et_pb_section]<\/p>\n","protected":false},"excerpt":{"rendered":"<p>Die Merlin-Software wurde speziell entwickelt, um den Bed\u00fcrfnissen der&#8230;<\/p>\n","protected":false},"author":1,"featured_media":2118,"parent":8892,"menu_order":0,"comment_status":"closed","ping_status":"closed","template":"","meta":{"_acf_changed":false,"_et_pb_use_builder":"on","_et_pb_old_content":"","_et_gb_content_width":"","footnotes":""},"class_list":["post-8389","page","type-page","status-publish","has-post-thumbnail","hentry"],"acf":[],"yoast_head":"<!-- This site is optimized with the Yoast SEO plugin v27.1.1 - https:\/\/yoast.com\/product\/yoast-seo-wordpress\/ -->\n<title>Kassensoftware f\u00fcr Franchisegeber Friseursalon | Ikosoft<\/title>\n<meta name=\"description\" content=\"Merlin geht weit \u00fcber eine einfache Kassensoftware hinaus: Es ist eine Komplettl\u00f6sung, die speziell auf die Bed\u00fcrfnisse von Franchisenehmern und Salongruppen zugeschnitten ist.Erhalten Sie Zugriff auf eine Reihe fortschrittlicher Tools und Funktionen, mit denen Sie die Verwaltung Ihrer Franchiseunternehmen optimieren und deren Erfolg maximieren k\u00f6nnen.\" \/>\n<meta name=\"robots\" content=\"index, follow, max-snippet:-1, max-image-preview:large, max-video-preview:-1\" \/>\n<link rel=\"canonical\" href=\"https:\/\/www2.ikosoft.com\/de\/du-bist\/franchisegeber\/\" \/>\n<meta property=\"og:locale\" content=\"de_DE\" \/>\n<meta property=\"og:type\" content=\"article\" \/>\n<meta property=\"og:title\" content=\"Kassensoftware f\u00fcr Franchisegeber Friseursalon | Ikosoft\" \/>\n<meta property=\"og:description\" content=\"Merlin geht weit \u00fcber eine einfache Kassensoftware hinaus: Es ist eine Komplettl\u00f6sung, die speziell auf die Bed\u00fcrfnisse von Franchisenehmern und Salongruppen zugeschnitten ist.Erhalten Sie Zugriff auf eine Reihe fortschrittlicher Tools und Funktionen, mit denen Sie die Verwaltung Ihrer Franchiseunternehmen optimieren und deren Erfolg maximieren k\u00f6nnen.\" \/>\n<meta property=\"og:url\" content=\"https:\/\/www2.ikosoft.com\/de\/du-bist\/franchisegeber\/\" \/>\n<meta property=\"og:site_name\" content=\"ikosoft\" \/>\n<meta property=\"article:publisher\" content=\"https:\/\/www.facebook.com\/IKOSOFT\/\" \/>\n<meta property=\"article:modified_time\" content=\"2025-07-07T12:39:16+00:00\" \/>\n<meta property=\"og:image\" content=\"https:\/\/www2.ikosoft.com\/app\/uploads\/2024\/12\/franchisseur@2x@2x.jpg\" \/>\n\t<meta property=\"og:image:width\" content=\"960\" \/>\n\t<meta property=\"og:image:height\" content=\"710\" \/>\n\t<meta property=\"og:image:type\" content=\"image\/jpeg\" \/>\n<meta name=\"twitter:card\" content=\"summary_large_image\" \/>\n<meta name=\"twitter:label1\" content=\"Est. reading time\" \/>\n\t<meta name=\"twitter:data1\" content=\"2 minutes\" \/>\n<script type=\"application\/ld+json\" class=\"yoast-schema-graph\">{\"@context\":\"https:\/\/schema.org\",\"@graph\":[{\"@type\":\"WebPage\",\"@id\":\"https:\/\/www2.ikosoft.com\/de\/du-bist\/franchisegeber\/\",\"url\":\"https:\/\/www2.ikosoft.com\/de\/du-bist\/franchisegeber\/\",\"name\":\"Kassensoftware f\u00fcr Franchisegeber Friseursalon | Ikosoft\",\"isPartOf\":{\"@id\":\"https:\/\/www2.ikosoft.com\/de\/#website\"},\"primaryImageOfPage\":{\"@id\":\"https:\/\/www2.ikosoft.com\/de\/du-bist\/franchisegeber\/#primaryimage\"},\"image\":{\"@id\":\"https:\/\/www2.ikosoft.com\/de\/du-bist\/franchisegeber\/#primaryimage\"},\"thumbnailUrl\":\"https:\/\/www2.ikosoft.com\/app\/uploads\/2024\/12\/franchisseur@2x@2x.jpg\",\"datePublished\":\"2024-12-30T13:12:30+00:00\",\"dateModified\":\"2025-07-07T12:39:16+00:00\",\"description\":\"Merlin geht weit \u00fcber eine einfache Kassensoftware hinaus: Es ist eine Komplettl\u00f6sung, die speziell auf die Bed\u00fcrfnisse von Franchisenehmern und Salongruppen zugeschnitten ist.Erhalten Sie Zugriff auf eine Reihe fortschrittlicher Tools und Funktionen, mit denen Sie die Verwaltung Ihrer Franchiseunternehmen optimieren und deren Erfolg maximieren k\u00f6nnen.\",\"breadcrumb\":{\"@id\":\"https:\/\/www2.ikosoft.com\/de\/du-bist\/franchisegeber\/#breadcrumb\"},\"inLanguage\":\"de-DE\",\"potentialAction\":[{\"@type\":\"ReadAction\",\"target\":[\"https:\/\/www2.ikosoft.com\/de\/du-bist\/franchisegeber\/\"]}]},{\"@type\":\"ImageObject\",\"inLanguage\":\"de-DE\",\"@id\":\"https:\/\/www2.ikosoft.com\/de\/du-bist\/franchisegeber\/#primaryimage\",\"url\":\"https:\/\/www2.ikosoft.com\/app\/uploads\/2024\/12\/franchisseur@2x@2x.jpg\",\"contentUrl\":\"https:\/\/www2.ikosoft.com\/app\/uploads\/2024\/12\/franchisseur@2x@2x.jpg\",\"width\":960,\"height\":710,\"caption\":\"logiciel de gestion de caisse Merlin pour salons de coiffure et instituts de beaut\u00e9\"},{\"@type\":\"BreadcrumbList\",\"@id\":\"https:\/\/www2.ikosoft.com\/de\/du-bist\/franchisegeber\/#breadcrumb\",\"itemListElement\":[{\"@type\":\"ListItem\",\"position\":1,\"name\":\"Accueil\",\"item\":\"https:\/\/www2.ikosoft.com\/de\/\"},{\"@type\":\"ListItem\",\"position\":2,\"name\":\"Du Bist\",\"item\":\"https:\/\/www2.ikosoft.com\/de\/vous-etes\/\"},{\"@type\":\"ListItem\",\"position\":3,\"name\":\"Franchisegeber\"}]},{\"@type\":\"WebSite\",\"@id\":\"https:\/\/www2.ikosoft.com\/de\/#website\",\"url\":\"https:\/\/www2.ikosoft.com\/de\/\",\"name\":\"Ikosoft\",\"description\":\"Ikosoft Merlin - Logiciel de caisse certifi\u00e9 NF525 et de gestion pour salon de coiffure, institut de beaut\u00e9 et spa\",\"publisher\":{\"@id\":\"https:\/\/www2.ikosoft.com\/de\/#organization\"},\"potentialAction\":[{\"@type\":\"SearchAction\",\"target\":{\"@type\":\"EntryPoint\",\"urlTemplate\":\"https:\/\/www2.ikosoft.com\/de\/?s={search_term_string}\"},\"query-input\":{\"@type\":\"PropertyValueSpecification\",\"valueRequired\":true,\"valueName\":\"search_term_string\"}}],\"inLanguage\":\"de-DE\"},{\"@type\":\"Organization\",\"@id\":\"https:\/\/www2.ikosoft.com\/de\/#organization\",\"name\":\"Ikosoft\",\"url\":\"https:\/\/www2.ikosoft.com\/de\/\",\"logo\":{\"@type\":\"ImageObject\",\"inLanguage\":\"de-DE\",\"@id\":\"https:\/\/www2.ikosoft.com\/de\/#\/schema\/logo\/image\/\",\"url\":\"https:\/\/www2.ikosoft.com\/app\/uploads\/2025\/03\/logo_2_o.png\",\"contentUrl\":\"https:\/\/www2.ikosoft.com\/app\/uploads\/2025\/03\/logo_2_o.png\",\"width\":1481,\"height\":305,\"caption\":\"Ikosoft\"},\"image\":{\"@id\":\"https:\/\/www2.ikosoft.com\/de\/#\/schema\/logo\/image\/\"},\"sameAs\":[\"https:\/\/www.facebook.com\/IKOSOFT\/\",\"https:\/\/www.instagram.com\/ikosoft\"]}]}<\/script>\n<!-- \/ Yoast SEO plugin. -->","yoast_head_json":{"title":"Kassensoftware f\u00fcr Franchisegeber Friseursalon | Ikosoft","description":"Merlin geht weit \u00fcber eine einfache Kassensoftware hinaus: Es ist eine Komplettl\u00f6sung, die speziell auf die Bed\u00fcrfnisse von Franchisenehmern und Salongruppen zugeschnitten ist.Erhalten Sie Zugriff auf eine Reihe fortschrittlicher Tools und Funktionen, mit denen Sie die Verwaltung Ihrer Franchiseunternehmen optimieren und deren Erfolg maximieren k\u00f6nnen.","robots":{"index":"index","follow":"follow","max-snippet":"max-snippet:-1","max-image-preview":"max-image-preview:large","max-video-preview":"max-video-preview:-1"},"canonical":"https:\/\/www2.ikosoft.com\/de\/du-bist\/franchisegeber\/","og_locale":"de_DE","og_type":"article","og_title":"Kassensoftware f\u00fcr Franchisegeber Friseursalon | Ikosoft","og_description":"Merlin geht weit \u00fcber eine einfache Kassensoftware hinaus: Es ist eine Komplettl\u00f6sung, die speziell auf die Bed\u00fcrfnisse von Franchisenehmern und Salongruppen zugeschnitten ist.Erhalten Sie Zugriff auf eine Reihe fortschrittlicher Tools und Funktionen, mit denen Sie die Verwaltung Ihrer Franchiseunternehmen optimieren und deren Erfolg maximieren k\u00f6nnen.","og_url":"https:\/\/www2.ikosoft.com\/de\/du-bist\/franchisegeber\/","og_site_name":"ikosoft","article_publisher":"https:\/\/www.facebook.com\/IKOSOFT\/","article_modified_time":"2025-07-07T12:39:16+00:00","og_image":[{"width":960,"height":710,"url":"https:\/\/www2.ikosoft.com\/app\/uploads\/2024\/12\/franchisseur@2x@2x.jpg","type":"image\/jpeg"}],"twitter_card":"summary_large_image","twitter_misc":{"Est. reading time":"2 minutes"},"schema":{"@context":"https:\/\/schema.org","@graph":[{"@type":"WebPage","@id":"https:\/\/www2.ikosoft.com\/de\/du-bist\/franchisegeber\/","url":"https:\/\/www2.ikosoft.com\/de\/du-bist\/franchisegeber\/","name":"Kassensoftware f\u00fcr Franchisegeber Friseursalon | Ikosoft","isPartOf":{"@id":"https:\/\/www2.ikosoft.com\/de\/#website"},"primaryImageOfPage":{"@id":"https:\/\/www2.ikosoft.com\/de\/du-bist\/franchisegeber\/#primaryimage"},"image":{"@id":"https:\/\/www2.ikosoft.com\/de\/du-bist\/franchisegeber\/#primaryimage"},"thumbnailUrl":"https:\/\/www2.ikosoft.com\/app\/uploads\/2024\/12\/franchisseur@2x@2x.jpg","datePublished":"2024-12-30T13:12:30+00:00","dateModified":"2025-07-07T12:39:16+00:00","description":"Merlin geht weit \u00fcber eine einfache Kassensoftware hinaus: Es ist eine Komplettl\u00f6sung, die speziell auf die Bed\u00fcrfnisse von Franchisenehmern und Salongruppen zugeschnitten ist.Erhalten Sie Zugriff auf eine Reihe fortschrittlicher Tools und Funktionen, mit denen Sie die Verwaltung Ihrer Franchiseunternehmen optimieren und deren Erfolg maximieren k\u00f6nnen.","breadcrumb":{"@id":"https:\/\/www2.ikosoft.com\/de\/du-bist\/franchisegeber\/#breadcrumb"},"inLanguage":"de-DE","potentialAction":[{"@type":"ReadAction","target":["https:\/\/www2.ikosoft.com\/de\/du-bist\/franchisegeber\/"]}]},{"@type":"ImageObject","inLanguage":"de-DE","@id":"https:\/\/www2.ikosoft.com\/de\/du-bist\/franchisegeber\/#primaryimage","url":"https:\/\/www2.ikosoft.com\/app\/uploads\/2024\/12\/franchisseur@2x@2x.jpg","contentUrl":"https:\/\/www2.ikosoft.com\/app\/uploads\/2024\/12\/franchisseur@2x@2x.jpg","width":960,"height":710,"caption":"logiciel de gestion de caisse Merlin pour salons de coiffure et instituts de beaut\u00e9"},{"@type":"BreadcrumbList","@id":"https:\/\/www2.ikosoft.com\/de\/du-bist\/franchisegeber\/#breadcrumb","itemListElement":[{"@type":"ListItem","position":1,"name":"Accueil","item":"https:\/\/www2.ikosoft.com\/de\/"},{"@type":"ListItem","position":2,"name":"Du Bist","item":"https:\/\/www2.ikosoft.com\/de\/vous-etes\/"},{"@type":"ListItem","position":3,"name":"Franchisegeber"}]},{"@type":"WebSite","@id":"https:\/\/www2.ikosoft.com\/de\/#website","url":"https:\/\/www2.ikosoft.com\/de\/","name":"Ikosoft","description":"Ikosoft Merlin - Logiciel de caisse certifi\u00e9 NF525 et de gestion pour salon de coiffure, institut de beaut\u00e9 et spa","publisher":{"@id":"https:\/\/www2.ikosoft.com\/de\/#organization"},"potentialAction":[{"@type":"SearchAction","target":{"@type":"EntryPoint","urlTemplate":"https:\/\/www2.ikosoft.com\/de\/?s={search_term_string}"},"query-input":{"@type":"PropertyValueSpecification","valueRequired":true,"valueName":"search_term_string"}}],"inLanguage":"de-DE"},{"@type":"Organization","@id":"https:\/\/www2.ikosoft.com\/de\/#organization","name":"Ikosoft","url":"https:\/\/www2.ikosoft.com\/de\/","logo":{"@type":"ImageObject","inLanguage":"de-DE","@id":"https:\/\/www2.ikosoft.com\/de\/#\/schema\/logo\/image\/","url":"https:\/\/www2.ikosoft.com\/app\/uploads\/2025\/03\/logo_2_o.png","contentUrl":"https:\/\/www2.ikosoft.com\/app\/uploads\/2025\/03\/logo_2_o.png","width":1481,"height":305,"caption":"Ikosoft"},"image":{"@id":"https:\/\/www2.ikosoft.com\/de\/#\/schema\/logo\/image\/"},"sameAs":["https:\/\/www.facebook.com\/IKOSOFT\/","https:\/\/www.instagram.com\/ikosoft"]}]}},"_links":{"self":[{"href":"https:\/\/www2.ikosoft.com\/de\/wp-json\/wp\/v2\/pages\/8389","targetHints":{"allow":["GET"]}}],"collection":[{"href":"https:\/\/www2.ikosoft.com\/de\/wp-json\/wp\/v2\/pages"}],"about":[{"href":"https:\/\/www2.ikosoft.com\/de\/wp-json\/wp\/v2\/types\/page"}],"author":[{"embeddable":true,"href":"https:\/\/www2.ikosoft.com\/de\/wp-json\/wp\/v2\/users\/1"}],"replies":[{"embeddable":true,"href":"https:\/\/www2.ikosoft.com\/de\/wp-json\/wp\/v2\/comments?post=8389"}],"version-history":[{"count":2,"href":"https:\/\/www2.ikosoft.com\/de\/wp-json\/wp\/v2\/pages\/8389\/revisions"}],"predecessor-version":[{"id":8706,"href":"https:\/\/www2.ikosoft.com\/de\/wp-json\/wp\/v2\/pages\/8389\/revisions\/8706"}],"up":[{"embeddable":true,"href":"https:\/\/www2.ikosoft.com\/de\/wp-json\/wp\/v2\/pages\/8892"}],"wp:featuredmedia":[{"embeddable":true,"href":"https:\/\/www2.ikosoft.com\/de\/wp-json\/wp\/v2\/media\/2118"}],"wp:attachment":[{"href":"https:\/\/www2.ikosoft.com\/de\/wp-json\/wp\/v2\/media?parent=8389"}],"curies":[{"name":"wp","href":"https:\/\/api.w.org\/{rel}","templated":true}]}}