{"id":8311,"date":"2025-01-17T11:03:03","date_gmt":"2025-01-17T10:03:03","guid":{"rendered":"https:\/\/www2.ikosoft.com\/funktionen\/cloud-und-sicherheit\/"},"modified":"2025-08-28T13:55:22","modified_gmt":"2025-08-28T11:55:22","slug":"cloud-und-sicherheit","status":"publish","type":"page","link":"https:\/\/www2.ikosoft.com\/de\/funktionen\/cloud-und-sicherheit\/","title":{"rendered":"CLOUD UND SICHERHEIT"},"content":{"rendered":"<p>[et_pb_section fb_built=&#8221;1&#8243; custom_padding_last_edited=&#8221;on|tablet&#8221; _builder_version=&#8221;4.27.4&#8243; _module_preset=&#8221;default&#8221; width=&#8221;100%&#8221; max_width=&#8221;100%&#8221; min_height=&#8221;13px&#8221; height=&#8221;100px&#8221; max_height=&#8221;100px&#8221; custom_margin_tablet=&#8221;||-19px||false|false&#8221; custom_margin_phone=&#8221;||-19px||false|false&#8221; custom_margin_last_edited=&#8221;on|tablet&#8221; custom_padding=&#8221;0px||9px||false|false&#8221; custom_padding_tablet=&#8221;0px||14px|0px|false|false&#8221; custom_padding_phone=&#8221;0px||14px|0px|false|false&#8221; global_colors_info=&#8221;{}&#8221;][et_pb_row module_id=&#8221;iko-page-titles&#8221; _builder_version=&#8221;4.27.4&#8243; _module_preset=&#8221;default&#8221; width=&#8221;100%&#8221; max_width=&#8221;100%&#8221; module_alignment=&#8221;center&#8221; min_height=&#8221;100px&#8221; height=&#8221;100px&#8221; custom_margin_tablet=&#8221;&#8221; custom_margin_phone=&#8221;&#8221; custom_margin_last_edited=&#8221;on|tablet&#8221; custom_padding=&#8221;0px||0px||false|false&#8221; custom_css_free_form=&#8221;||&#8221; global_colors_info=&#8221;{}&#8221;][et_pb_column type=&#8221;4_4&#8243; _builder_version=&#8221;4.27.4&#8243; _module_preset=&#8221;default&#8221; custom_padding=&#8221;0px||||false|false&#8221; global_colors_info=&#8221;{}&#8221;][et_pb_text _builder_version=&#8221;4.27.4&#8243; _module_preset=&#8221;default&#8221; text_text_color=&#8221;#FFFFFF&#8221; text_font_size=&#8221;30px&#8221; background_color=&#8221;#ed5946&#8243; text_orientation=&#8221;center&#8221; min_height=&#8221;97.6px&#8221; custom_margin=&#8221;auto||0px||false|false&#8221; custom_margin_tablet=&#8221;||0px||false|false&#8221; custom_margin_phone=&#8221;auto||32px||false|false&#8221; custom_margin_last_edited=&#8221;on|tablet&#8221; custom_padding=&#8221;18px|23px|7px|23px|false|false&#8221; custom_padding_tablet=&#8221;30px|50px|9px|50px|false|false&#8221; custom_padding_phone=&#8221;12px|15px|4px|15px|false|false&#8221; custom_padding_last_edited=&#8221;on|phone&#8221; text_letter_spacing_tablet=&#8221;&#8221; text_letter_spacing_phone=&#8221;1px&#8221; text_letter_spacing_last_edited=&#8221;on|phone&#8221; global_colors_info=&#8221;{}&#8221;]<\/p>\n<h1 style=\"text-align: center;\">SICHERE SOFTWARE F\u00dcR FRISEURE UND SCH\u00d6NHEITSSALONS<\/h1>\n<p>[\/et_pb_text][\/et_pb_column][\/et_pb_row][\/et_pb_section][et_pb_section fb_built=&#8221;1&#8243; _builder_version=&#8221;4.27.4&#8243; _module_preset=&#8221;default&#8221; custom_padding=&#8221;3px||6px|||&#8221; global_colors_info=&#8221;{}&#8221;][et_pb_row _builder_version=&#8221;4.27.4&#8243; _module_preset=&#8221;default&#8221; max_width=&#8221;1308px&#8221; min_height=&#8221;279.9px&#8221; custom_margin=&#8221;|auto|-17px|auto|false|false&#8221; custom_padding=&#8221;57px|||2px||&#8221; global_colors_info=&#8221;{}&#8221;][et_pb_column type=&#8221;4_4&#8243; _builder_version=&#8221;4.27.4&#8243; _module_preset=&#8221;default&#8221; global_colors_info=&#8221;{}&#8221;][et_pb_text content_tablet=&#8221;<\/p>\n<p style=%22text-align: center;%22>Merlin ist eine Kassensoftware, die von Ikosoft entwickelt wurde und die Anforderungen der Norm NF525 erf\u00fcllt. Sie wurde f\u00fcr Friseur- und Kosmetiksalons entwickelt. <\/p>\n<p style=%22text-align: center;%22>&#8221; content_phone=&#8221;<\/p>\n<p style=%22text-align: left;%22>Merlin ist eine Kassensoftware, die von Ikosoft entwickelt wurde und die Anforderungen der Norm NF525 erf\u00fcllt. Sie wurde f\u00fcr Friseur- und Kosmetiksalons entwickelt. <\/p>\n<p style=%22text-align: center;%22>&#8221; content_last_edited=&#8221;off|tablet&#8221; _builder_version=&#8221;4.27.4&#8243; _module_preset=&#8221;default&#8221; text_font_size=&#8221;25px&#8221; text_line_height=&#8221;1.3em&#8221; header_text_align=&#8221;center&#8221; header_2_text_align=&#8221;center&#8221; text_orientation=&#8221;center&#8221; width=&#8221;100%&#8221; custom_margin=&#8221;||8px|||&#8221; custom_margin_tablet=&#8221;46px|auto|5px|auto|false|false&#8221; custom_margin_phone=&#8221;||8px|||&#8221; custom_margin_last_edited=&#8221;on|tablet&#8221; custom_padding=&#8221;|34px||4px|false|false&#8221; custom_padding_tablet=&#8221;|50px||50px|false|false&#8221; custom_padding_phone=&#8221;|51px||39px|false|false&#8221; custom_padding_last_edited=&#8221;on|tablet&#8221; text_font_size_tablet=&#8221;20px&#8221; text_font_size_phone=&#8221;20px&#8221; text_font_size_last_edited=&#8221;on|tablet&#8221; global_colors_info=&#8221;{}&#8221;]<\/p>\n<h2 style=\"text-align: center;\">Merlin ist eine Kassensoftware, die von Ikosoft entwickelt wurde und die Anforderungen der Norm NF525 erf\u00fcllt.<\/h2>\n<h3 style=\"text-align: center;\"><\/h3>\n<p>[\/et_pb_text][et_pb_text content_tablet=&#8221;<\/p>\n<p style=%22text-align: center;%22>Ein zertifiziertes Kassensystem muss die Bedingungen der Unver\u00e4nderbarkeit, der Sicherheit, der Archivierung und der Aufzeichnung erf\u00fcllen. Merlin wurde nicht nur entwickelt, um diese Anforderungen zu erf\u00fcllen, sondern auch, um Ihnen die Verwaltung zu erleichtern. <\/p>\n<p style=%22text-align: center;%22>&#8221; content_phone=&#8221;<\/p>\n<p style=%22text-align: left;%22>Ein zertifiziertes Kassensystem muss die Bedingungen der Unver\u00e4nderbarkeit, der Sicherheit, der Archivierung und der Aufzeichnung erf\u00fcllen. Merlin wurde nicht nur entwickelt, um diese Anforderungen zu erf\u00fcllen, sondern auch, um Ihnen die Verwaltung zu erleichtern. <\/p>\n<p style=%22text-align: center;%22>&#8221; content_last_edited=&#8221;off|desktop&#8221; _builder_version=&#8221;4.27.4&#8243; _module_preset=&#8221;default&#8221; text_font=&#8221;DIN Condensed Bold||||||||&#8221; text_font_size=&#8221;36px&#8221; text_line_height=&#8221;1.3em&#8221; header_text_align=&#8221;center&#8221; header_2_text_align=&#8221;center&#8221; text_orientation=&#8221;center&#8221; width=&#8221;100%&#8221; max_width=&#8221;100%&#8221; custom_margin_tablet=&#8221;-7px|33px|-25px|34px|false|false&#8221; custom_margin_phone=&#8221;-5px|auto|-27px|auto|false|false&#8221; custom_margin_last_edited=&#8221;on|tablet&#8221; custom_padding=&#8221;13px|69px|16px|0px|false|false&#8221; custom_padding_tablet=&#8221;13px|28px|16px|28px|false|false&#8221; custom_padding_phone=&#8221;13px|40px|16px|41px|false|false&#8221; custom_padding_last_edited=&#8221;on|phone&#8221; text_font_size_tablet=&#8221;20px&#8221; text_font_size_phone=&#8221;20px&#8221; text_font_size_last_edited=&#8221;on|phone&#8221; global_colors_info=&#8221;{}&#8221;]<\/p>\n<p style=\"text-align: center;\">Ein zertifiziertes Kassensystem muss die Bedingungen der Unver\u00e4nderbarkeit, der Sicherheit, der Archivierung und der Aufzeichnung erf\u00fcllen. <span style=\"color: #eb5a47;\">Merlin<\/span> wurde nicht nur entwickelt, um diese Anforderungen zu erf\u00fcllen, sondern auch, um Ihnen die Verwaltung zu erleichtern.<\/p>\n<p style=\"text-align: center;\">\n[\/et_pb_text][\/et_pb_column][\/et_pb_row][\/et_pb_section][et_pb_section fb_built=&#8221;1&#8243; _builder_version=&#8221;4.27.4&#8243; _module_preset=&#8221;default&#8221; custom_padding=&#8221;3px||1px|||&#8221; global_colors_info=&#8221;{}&#8221;][et_pb_row column_structure=&#8221;1_2,1_2&#8243; _builder_version=&#8221;4.27.4&#8243; _module_preset=&#8221;default&#8221; width=&#8221;100%&#8221; max_width=&#8221;1300px&#8221; custom_margin=&#8221;21px|auto||auto||&#8221; custom_padding=&#8221;6px||2px|||&#8221; global_colors_info=&#8221;{}&#8221;][et_pb_column type=&#8221;1_2&#8243; _builder_version=&#8221;4.27.4&#8243; _module_preset=&#8221;default&#8221; global_colors_info=&#8221;{}&#8221;][et_pb_text _builder_version=&#8221;4.27.4&#8243; _module_preset=&#8221;default&#8221; text_font_size=&#8221;22px&#8221; text_line_height=&#8221;1.2em&#8221; custom_margin_tablet=&#8221;2px|||36px|false|false&#8221; custom_margin_phone=&#8221;-2px|-4px|8px|25px|false|false&#8221; custom_margin_last_edited=&#8221;on|tablet&#8221; custom_padding=&#8221;5px|55px|18px|21px|false|false&#8221; text_font_size_tablet=&#8221;22px&#8221; text_font_size_phone=&#8221;18px&#8221; text_font_size_last_edited=&#8221;on|phone&#8221; header_font_size_tablet=&#8221;26px&#8221; header_font_size_phone=&#8221;26px&#8221; header_font_size_last_edited=&#8221;on|phone&#8221; global_colors_info=&#8221;{}&#8221;]<\/p>\n<h4>T\u00e4gliche \u00dcberwachung und Ruhe<\/h4>\n<p>&nbsp;<\/p>\n<p>Um Ruhe zu gew\u00e4hrleisten, erm\u00f6glicht ein in der Cloud gespeichertes Codesystem einen sicheren Zugang zu den Daten des Salons mit spezifischen Codes f\u00fcr jeden Eigent\u00fcmer.<\/p>\n<p>Die \u00dcberwachung verwendet Schwellenwerte f\u00fcr verschiedene Indikatoren wie Wiederverkaufsverh\u00e4ltnis, Durchschnittsblatt, F\u00e4rbung, um den Manager auf Risiken f\u00fcr den Umsatz oder die Leistungen aufmerksam zu machen.<\/p>\n<p>[\/et_pb_text][\/et_pb_column][et_pb_column type=&#8221;1_2&#8243; _builder_version=&#8221;4.27.4&#8243; _module_preset=&#8221;default&#8221; global_colors_info=&#8221;{}&#8221;][et_pb_image src=&#8221;https:\/\/www2.ikosoft.com\/app\/uploads\/2025\/08\/Cloud-Securite-basse-def.webp&#8221; title_text=&#8221;Cloud &amp; Sicherheit niedrige def&#8221; src_tablet=&#8221;\/app\/uploads\/2025\/04\/Cloud-Securite.jpg&#8221; src_phone=&#8221;\/app\/uploads\/2025\/04\/Cloud-Securite.jpg&#8221; src_last_edited=&#8221;on|phone&#8221; _builder_version=&#8221;4.27.4&#8243; _module_preset=&#8221;default&#8221; custom_margin=&#8221;|||2px||&#8221; custom_margin_tablet=&#8221;|27px||27px|false|false&#8221; custom_margin_phone=&#8221;|auto||auto|false|false&#8221; custom_margin_last_edited=&#8221;on|tablet&#8221; custom_padding=&#8221;0px|40px|0px|40px|false|false&#8221; hover_enabled=&#8221;0&#8243; border_radii=&#8221;on|20px|20px|20px|20px&#8221; global_colors_info=&#8221;{}&#8221; alt=&#8221;kassensoftware-cloud-sicher-friseur-kosmetikinstitute&#8221; sticky_enabled=&#8221;0&#8243;][\/et_pb_image][\/et_pb_column][\/et_pb_row][\/et_pb_section][et_pb_section fb_built=&#8221;1&#8243; _builder_version=&#8221;4.27.4&#8243; _module_preset=&#8221;default&#8221; custom_padding=&#8221;12px||5px|||&#8221; global_colors_info=&#8221;{}&#8221;][et_pb_row _builder_version=&#8221;4.27.4&#8243; _module_preset=&#8221;default&#8221; min_height=&#8221;82px&#8221; custom_margin=&#8221;24px|auto|-13px|auto||&#8221; custom_padding=&#8221;12px||0px|||&#8221; global_colors_info=&#8221;{}&#8221;][et_pb_column type=&#8221;4_4&#8243; _builder_version=&#8221;4.27.4&#8243; _module_preset=&#8221;default&#8221; global_colors_info=&#8221;{}&#8221;][et_pb_button button_url=&#8221;https:\/\/www2.ikosoft.com\/de\/kontakt\/&#8221; button_text=&#8221;Fordern Sie ein Angebot an!&#8221; button_alignment=&#8221;center&#8221; _builder_version=&#8221;4.27.4&#8243; _module_preset=&#8221;default&#8221; custom_button=&#8221;on&#8221; button_text_size=&#8221;24px&#8221; button_text_color=&#8221;#FFFFFF&#8221; button_bg_color=&#8221;#ed5946&#8243; button_border_radius=&#8221;31px&#8221; custom_margin=&#8221;-14px||49px||false|false&#8221; custom_margin_tablet=&#8221;-5px||45px||false|false&#8221; custom_margin_phone=&#8221;-5px||39px||false|false&#8221; custom_margin_last_edited=&#8221;on|desktop&#8221; custom_padding=&#8221;0px||||false|false&#8221; custom_padding_tablet=&#8221;8px||8px||false|false&#8221; custom_padding_phone=&#8221;8px||8px||false|false&#8221; custom_padding_last_edited=&#8221;on|desktop&#8221; button_text_size_tablet=&#8221;19px&#8221; button_text_size_phone=&#8221;20px&#8221; button_text_size_last_edited=&#8221;on|tablet&#8221; global_colors_info=&#8221;{}&#8221;][\/et_pb_button][\/et_pb_column][\/et_pb_row][\/et_pb_section]<\/p>\n","protected":false},"excerpt":{"rendered":"<p>SICHERE&#8230;<\/p>\n","protected":false},"author":1,"featured_media":0,"parent":8269,"menu_order":0,"comment_status":"closed","ping_status":"closed","template":"","meta":{"_acf_changed":false,"_et_pb_use_builder":"on","_et_pb_old_content":"","_et_gb_content_width":"","footnotes":""},"class_list":["post-8311","page","type-page","status-publish","hentry"],"acf":[],"yoast_head":"<!-- This site is optimized with the Yoast SEO plugin v27.1.1 - https:\/\/yoast.com\/product\/yoast-seo-wordpress\/ -->\n<title>Sichere Software - Friseur und Kosmetikinstitut | Ikosoft<\/title>\n<meta name=\"description\" content=\"Entdecken Sie die IKOSOFT-L\u00f6sungen, die Cloud und Sicherheit kombinieren, um Ihre Daten gem\u00e4\u00df der Norm NF 525 zu sch\u00fctzen. Profitieren Sie von einer zuverl\u00e4ssigen Infrastruktur, sicherer Speicherung und sicheren, konformen Online-Zahlungsoptionen.\" \/>\n<meta name=\"robots\" content=\"index, follow, max-snippet:-1, max-image-preview:large, max-video-preview:-1\" \/>\n<link rel=\"canonical\" href=\"https:\/\/www2.ikosoft.com\/de\/funktionen\/cloud-und-sicherheit\/\" \/>\n<meta property=\"og:locale\" content=\"de_DE\" \/>\n<meta property=\"og:type\" content=\"article\" \/>\n<meta property=\"og:title\" content=\"Sichere Software - Friseur und Kosmetikinstitut | Ikosoft\" \/>\n<meta property=\"og:description\" content=\"Entdecken Sie die IKOSOFT-L\u00f6sungen, die Cloud und Sicherheit kombinieren, um Ihre Daten gem\u00e4\u00df der Norm NF 525 zu sch\u00fctzen. Profitieren Sie von einer zuverl\u00e4ssigen Infrastruktur, sicherer Speicherung und sicheren, konformen Online-Zahlungsoptionen.\" \/>\n<meta property=\"og:url\" content=\"https:\/\/www2.ikosoft.com\/de\/funktionen\/cloud-und-sicherheit\/\" \/>\n<meta property=\"og:site_name\" content=\"ikosoft\" \/>\n<meta property=\"article:publisher\" content=\"https:\/\/www.facebook.com\/IKOSOFT\/\" \/>\n<meta property=\"article:modified_time\" content=\"2025-08-28T11:55:22+00:00\" \/>\n<meta name=\"twitter:card\" content=\"summary_large_image\" \/>\n<meta name=\"twitter:label1\" content=\"Est. reading time\" \/>\n\t<meta name=\"twitter:data1\" content=\"6 minutes\" \/>\n<script type=\"application\/ld+json\" class=\"yoast-schema-graph\">{\"@context\":\"https:\/\/schema.org\",\"@graph\":[{\"@type\":\"WebPage\",\"@id\":\"https:\/\/www2.ikosoft.com\/de\/funktionen\/cloud-und-sicherheit\/\",\"url\":\"https:\/\/www2.ikosoft.com\/de\/funktionen\/cloud-und-sicherheit\/\",\"name\":\"Sichere Software - Friseur und Kosmetikinstitut | Ikosoft\",\"isPartOf\":{\"@id\":\"https:\/\/www2.ikosoft.com\/de\/#website\"},\"datePublished\":\"2025-01-17T10:03:03+00:00\",\"dateModified\":\"2025-08-28T11:55:22+00:00\",\"description\":\"Entdecken Sie die IKOSOFT-L\u00f6sungen, die Cloud und Sicherheit kombinieren, um Ihre Daten gem\u00e4\u00df der Norm NF 525 zu sch\u00fctzen. Profitieren Sie von einer zuverl\u00e4ssigen Infrastruktur, sicherer Speicherung und sicheren, konformen Online-Zahlungsoptionen.\",\"breadcrumb\":{\"@id\":\"https:\/\/www2.ikosoft.com\/de\/funktionen\/cloud-und-sicherheit\/#breadcrumb\"},\"inLanguage\":\"de-DE\",\"potentialAction\":[{\"@type\":\"ReadAction\",\"target\":[\"https:\/\/www2.ikosoft.com\/de\/funktionen\/cloud-und-sicherheit\/\"]}]},{\"@type\":\"BreadcrumbList\",\"@id\":\"https:\/\/www2.ikosoft.com\/de\/funktionen\/cloud-und-sicherheit\/#breadcrumb\",\"itemListElement\":[{\"@type\":\"ListItem\",\"position\":1,\"name\":\"Accueil\",\"item\":\"https:\/\/www2.ikosoft.com\/de\/\"},{\"@type\":\"ListItem\",\"position\":2,\"name\":\"Funktionen\",\"item\":\"https:\/\/www2.ikosoft.com\/de\/funktionen\/\"},{\"@type\":\"ListItem\",\"position\":3,\"name\":\"CLOUD UND SICHERHEIT\"}]},{\"@type\":\"WebSite\",\"@id\":\"https:\/\/www2.ikosoft.com\/de\/#website\",\"url\":\"https:\/\/www2.ikosoft.com\/de\/\",\"name\":\"Ikosoft\",\"description\":\"Ikosoft Merlin - Logiciel de caisse certifi\u00e9 NF525 et de gestion pour salon de coiffure, institut de beaut\u00e9 et spa\",\"publisher\":{\"@id\":\"https:\/\/www2.ikosoft.com\/de\/#organization\"},\"potentialAction\":[{\"@type\":\"SearchAction\",\"target\":{\"@type\":\"EntryPoint\",\"urlTemplate\":\"https:\/\/www2.ikosoft.com\/de\/?s={search_term_string}\"},\"query-input\":{\"@type\":\"PropertyValueSpecification\",\"valueRequired\":true,\"valueName\":\"search_term_string\"}}],\"inLanguage\":\"de-DE\"},{\"@type\":\"Organization\",\"@id\":\"https:\/\/www2.ikosoft.com\/de\/#organization\",\"name\":\"Ikosoft\",\"url\":\"https:\/\/www2.ikosoft.com\/de\/\",\"logo\":{\"@type\":\"ImageObject\",\"inLanguage\":\"de-DE\",\"@id\":\"https:\/\/www2.ikosoft.com\/de\/#\/schema\/logo\/image\/\",\"url\":\"https:\/\/www2.ikosoft.com\/app\/uploads\/2025\/03\/logo_2_o.png\",\"contentUrl\":\"https:\/\/www2.ikosoft.com\/app\/uploads\/2025\/03\/logo_2_o.png\",\"width\":1481,\"height\":305,\"caption\":\"Ikosoft\"},\"image\":{\"@id\":\"https:\/\/www2.ikosoft.com\/de\/#\/schema\/logo\/image\/\"},\"sameAs\":[\"https:\/\/www.facebook.com\/IKOSOFT\/\",\"https:\/\/www.instagram.com\/ikosoft\"]}]}<\/script>\n<!-- \/ Yoast SEO plugin. -->","yoast_head_json":{"title":"Sichere Software - Friseur und Kosmetikinstitut | Ikosoft","description":"Entdecken Sie die IKOSOFT-L\u00f6sungen, die Cloud und Sicherheit kombinieren, um Ihre Daten gem\u00e4\u00df der Norm NF 525 zu sch\u00fctzen. Profitieren Sie von einer zuverl\u00e4ssigen Infrastruktur, sicherer Speicherung und sicheren, konformen Online-Zahlungsoptionen.","robots":{"index":"index","follow":"follow","max-snippet":"max-snippet:-1","max-image-preview":"max-image-preview:large","max-video-preview":"max-video-preview:-1"},"canonical":"https:\/\/www2.ikosoft.com\/de\/funktionen\/cloud-und-sicherheit\/","og_locale":"de_DE","og_type":"article","og_title":"Sichere Software - Friseur und Kosmetikinstitut | Ikosoft","og_description":"Entdecken Sie die IKOSOFT-L\u00f6sungen, die Cloud und Sicherheit kombinieren, um Ihre Daten gem\u00e4\u00df der Norm NF 525 zu sch\u00fctzen. Profitieren Sie von einer zuverl\u00e4ssigen Infrastruktur, sicherer Speicherung und sicheren, konformen Online-Zahlungsoptionen.","og_url":"https:\/\/www2.ikosoft.com\/de\/funktionen\/cloud-und-sicherheit\/","og_site_name":"ikosoft","article_publisher":"https:\/\/www.facebook.com\/IKOSOFT\/","article_modified_time":"2025-08-28T11:55:22+00:00","twitter_card":"summary_large_image","twitter_misc":{"Est. reading time":"6 minutes"},"schema":{"@context":"https:\/\/schema.org","@graph":[{"@type":"WebPage","@id":"https:\/\/www2.ikosoft.com\/de\/funktionen\/cloud-und-sicherheit\/","url":"https:\/\/www2.ikosoft.com\/de\/funktionen\/cloud-und-sicherheit\/","name":"Sichere Software - Friseur und Kosmetikinstitut | Ikosoft","isPartOf":{"@id":"https:\/\/www2.ikosoft.com\/de\/#website"},"datePublished":"2025-01-17T10:03:03+00:00","dateModified":"2025-08-28T11:55:22+00:00","description":"Entdecken Sie die IKOSOFT-L\u00f6sungen, die Cloud und Sicherheit kombinieren, um Ihre Daten gem\u00e4\u00df der Norm NF 525 zu sch\u00fctzen. Profitieren Sie von einer zuverl\u00e4ssigen Infrastruktur, sicherer Speicherung und sicheren, konformen Online-Zahlungsoptionen.","breadcrumb":{"@id":"https:\/\/www2.ikosoft.com\/de\/funktionen\/cloud-und-sicherheit\/#breadcrumb"},"inLanguage":"de-DE","potentialAction":[{"@type":"ReadAction","target":["https:\/\/www2.ikosoft.com\/de\/funktionen\/cloud-und-sicherheit\/"]}]},{"@type":"BreadcrumbList","@id":"https:\/\/www2.ikosoft.com\/de\/funktionen\/cloud-und-sicherheit\/#breadcrumb","itemListElement":[{"@type":"ListItem","position":1,"name":"Accueil","item":"https:\/\/www2.ikosoft.com\/de\/"},{"@type":"ListItem","position":2,"name":"Funktionen","item":"https:\/\/www2.ikosoft.com\/de\/funktionen\/"},{"@type":"ListItem","position":3,"name":"CLOUD UND SICHERHEIT"}]},{"@type":"WebSite","@id":"https:\/\/www2.ikosoft.com\/de\/#website","url":"https:\/\/www2.ikosoft.com\/de\/","name":"Ikosoft","description":"Ikosoft Merlin - Logiciel de caisse certifi\u00e9 NF525 et de gestion pour salon de coiffure, institut de beaut\u00e9 et spa","publisher":{"@id":"https:\/\/www2.ikosoft.com\/de\/#organization"},"potentialAction":[{"@type":"SearchAction","target":{"@type":"EntryPoint","urlTemplate":"https:\/\/www2.ikosoft.com\/de\/?s={search_term_string}"},"query-input":{"@type":"PropertyValueSpecification","valueRequired":true,"valueName":"search_term_string"}}],"inLanguage":"de-DE"},{"@type":"Organization","@id":"https:\/\/www2.ikosoft.com\/de\/#organization","name":"Ikosoft","url":"https:\/\/www2.ikosoft.com\/de\/","logo":{"@type":"ImageObject","inLanguage":"de-DE","@id":"https:\/\/www2.ikosoft.com\/de\/#\/schema\/logo\/image\/","url":"https:\/\/www2.ikosoft.com\/app\/uploads\/2025\/03\/logo_2_o.png","contentUrl":"https:\/\/www2.ikosoft.com\/app\/uploads\/2025\/03\/logo_2_o.png","width":1481,"height":305,"caption":"Ikosoft"},"image":{"@id":"https:\/\/www2.ikosoft.com\/de\/#\/schema\/logo\/image\/"},"sameAs":["https:\/\/www.facebook.com\/IKOSOFT\/","https:\/\/www.instagram.com\/ikosoft"]}]}},"_links":{"self":[{"href":"https:\/\/www2.ikosoft.com\/de\/wp-json\/wp\/v2\/pages\/8311","targetHints":{"allow":["GET"]}}],"collection":[{"href":"https:\/\/www2.ikosoft.com\/de\/wp-json\/wp\/v2\/pages"}],"about":[{"href":"https:\/\/www2.ikosoft.com\/de\/wp-json\/wp\/v2\/types\/page"}],"author":[{"embeddable":true,"href":"https:\/\/www2.ikosoft.com\/de\/wp-json\/wp\/v2\/users\/1"}],"replies":[{"embeddable":true,"href":"https:\/\/www2.ikosoft.com\/de\/wp-json\/wp\/v2\/comments?post=8311"}],"version-history":[{"count":7,"href":"https:\/\/www2.ikosoft.com\/de\/wp-json\/wp\/v2\/pages\/8311\/revisions"}],"predecessor-version":[{"id":10077,"href":"https:\/\/www2.ikosoft.com\/de\/wp-json\/wp\/v2\/pages\/8311\/revisions\/10077"}],"up":[{"embeddable":true,"href":"https:\/\/www2.ikosoft.com\/de\/wp-json\/wp\/v2\/pages\/8269"}],"wp:attachment":[{"href":"https:\/\/www2.ikosoft.com\/de\/wp-json\/wp\/v2\/media?parent=8311"}],"curies":[{"name":"wp","href":"https:\/\/api.w.org\/{rel}","templated":true}]}}