{"id":10503,"date":"2025-03-11T14:57:39","date_gmt":"2025-03-11T13:57:39","guid":{"rendered":"https:\/\/www2.ikosoft.com\/kenmerken\/marketingpakket\/"},"modified":"2025-08-28T15:04:55","modified_gmt":"2025-08-28T13:04:55","slug":"marketingpakket","status":"publish","type":"page","link":"https:\/\/www2.ikosoft.com\/de-ch\/kenmerken\/marketingpakket\/","title":{"rendered":"Marketingpakket"},"content":{"rendered":"<p>[et_pb_section fb_built=&#8221;1&#8243; _builder_version=&#8221;4.27.4&#8243; _module_preset=&#8221;default&#8221; width=&#8221;100%&#8221; max_width=&#8221;100%&#8221; min_height=&#8221;13px&#8221; height=&#8221;100px&#8221; max_height=&#8221;100px&#8221; custom_padding=&#8221;0px||0px||false|false&#8221; global_colors_info=&#8221;{}&#8221;][et_pb_row module_id=&#8221;iko-page-titles&#8221; _builder_version=&#8221;4.27.4&#8243; _module_preset=&#8221;default&#8221; width=&#8221;100%&#8221; max_width=&#8221;100%&#8221; module_alignment=&#8221;center&#8221; min_height=&#8221;100px&#8221; height=&#8221;100px&#8221; custom_padding=&#8221;0px||0px|||&#8221; custom_css_free_form=&#8221;||&#8221; global_colors_info=&#8221;{}&#8221;][et_pb_column type=&#8221;4_4&#8243; _builder_version=&#8221;4.27.4&#8243; _module_preset=&#8221;default&#8221; custom_padding=&#8221;0px||||false|false&#8221; global_colors_info=&#8221;{}&#8221;][et_pb_text _builder_version=&#8221;4.27.4&#8243; _module_preset=&#8221;default&#8221; text_text_color=&#8221;#FFFFFF&#8221; text_font_size=&#8221;30px&#8221; header_font=&#8221;|||on|||||&#8221; background_color=&#8221;#ed5946&#8243; text_orientation=&#8221;center&#8221; min_height=&#8221;97.6px&#8221; custom_margin=&#8221;||0px||false|false&#8221; custom_padding=&#8221;25px||0px||false|false&#8221; custom_padding_tablet=&#8221;25px||0px||false|false&#8221; custom_padding_phone=&#8221;0px||||false|false&#8221; custom_padding_last_edited=&#8221;on|phone&#8221; global_colors_info=&#8221;{}&#8221;]<\/p>\n<h1 style=\"text-align: center;\"><span data-sheets-root=\"1\">Marketing software voor kappers en schoonheidssalons<\/span><\/h1>\n<p>[\/et_pb_text][\/et_pb_column][\/et_pb_row][\/et_pb_section][et_pb_section fb_built=&#8221;1&#8243; _builder_version=&#8221;4.27.4&#8243; _module_preset=&#8221;default&#8221; custom_padding=&#8221;3px||6px|||&#8221; collapsed=&#8221;on&#8221; global_colors_info=&#8221;{}&#8221;][et_pb_row _builder_version=&#8221;4.27.4&#8243; _module_preset=&#8221;default&#8221; max_width=&#8221;1308px&#8221; global_colors_info=&#8221;{}&#8221;][et_pb_column type=&#8221;4_4&#8243; _builder_version=&#8221;4.27.4&#8243; _module_preset=&#8221;default&#8221; global_colors_info=&#8221;{}&#8221;][et_pb_text _builder_version=&#8221;4.27.4&#8243; _module_preset=&#8221;default&#8221; text_text_color=&#8221;#000000&#8243; text_font_size=&#8221;50px&#8221; text_line_height=&#8221;1.3em&#8221; header_font=&#8221;DIN Condensed Bold||||||||&#8221; width=&#8221;100%&#8221; custom_margin_tablet=&#8221;&#8221; custom_margin_phone=&#8221;&#8221; custom_margin_last_edited=&#8221;on|tablet&#8221; custom_padding_tablet=&#8221;20px|20px||20px|false|false&#8221; custom_padding_phone=&#8221;20px|20px||20px|false|false&#8221; custom_padding_last_edited=&#8221;on|phone&#8221; inline_fonts=&#8221;DIN Condensed Bold&#8221; global_colors_info=&#8221;{}&#8221;]<\/p>\n<h2 style=\"text-align: center;\">Ontwikkel je klantenbestand en stimuleer je verkoop met innovatieve marketingtools die speciaal zijn ontworpen voor kapsalons en schoonheidssalons.<\/h2>\n<p>[\/et_pb_text][\/et_pb_column][\/et_pb_row][\/et_pb_section][et_pb_section fb_built=&#8221;1&#8243; _builder_version=&#8221;4.27.4&#8243; _module_preset=&#8221;default&#8221; custom_padding=&#8221;0px||0px|||&#8221; global_colors_info=&#8221;{}&#8221;][et_pb_row _builder_version=&#8221;4.27.4&#8243; _module_preset=&#8221;default&#8221; width=&#8221;51%&#8221; max_width=&#8221;1300px&#8221; custom_padding=&#8221;0px||0px|||&#8221; global_colors_info=&#8221;{}&#8221;][et_pb_column type=&#8221;4_4&#8243; _builder_version=&#8221;4.27.4&#8243; _module_preset=&#8221;default&#8221; global_colors_info=&#8221;{}&#8221;][et_pb_image src=&#8221;https:\/\/www2.ikosoft.com\/app\/uploads\/2025\/08\/mockup_pack-marketing_supports-basse-def.png&#8221; alt=&#8221;agentschap-marketingpakketten-ikosoft-communicatie&#8221; title_text=&#8221;Marketingbureau&#8221; _builder_version=&#8221;4.27.4&#8243; _module_preset=&#8221;default&#8221; width=&#8221;100%&#8221; max_width=&#8221;100%&#8221; module_alignment=&#8221;center&#8221; custom_padding=&#8221;|35px|3px|0px||&#8221; hover_enabled=&#8221;0&#8243; custom_css_free_form=&#8221;span.et_pb_image_wrap {||  width:100%;||}&#8221; global_colors_info=&#8221;{}&#8221; sticky_enabled=&#8221;0&#8243;][\/et_pb_image][\/et_pb_column][\/et_pb_row][\/et_pb_section][et_pb_section fb_built=&#8221;1&#8243; _builder_version=&#8221;4.27.4&#8243; _module_preset=&#8221;default&#8221; use_background_color_gradient=&#8221;on&#8221; background_color_gradient_stops=&#8221;#ffffff 0%|#faf2e8 99%&#8221; min_height=&#8221;1241.4px&#8221; custom_margin=&#8221;||-3px|||&#8221; custom_padding=&#8221;1px||18px|||&#8221; global_colors_info=&#8221;{}&#8221;][et_pb_row column_structure=&#8221;1_3,1_3,1_3&#8243; custom_padding_last_edited=&#8221;on|tablet&#8221; module_class=&#8221;infos-wrapper&#8221; _builder_version=&#8221;4.27.4&#8243; _module_preset=&#8221;default&#8221; max_width=&#8221;1300px&#8221; custom_margin=&#8221;|auto|-5px|auto||&#8221; custom_margin_tablet=&#8221;auto||auto||false|false&#8221; custom_margin_phone=&#8221;auto||auto||false|false&#8221; custom_margin_last_edited=&#8221;on|tablet&#8221; custom_padding=&#8221;96px|0px|0px|||&#8221; custom_padding_tablet=&#8221;24px|0px|0px||false|false&#8221; custom_padding_phone=&#8221;24px|0px|0px||false|false&#8221; global_colors_info=&#8221;{}&#8221;][et_pb_column type=&#8221;1_3&#8243; _builder_version=&#8221;4.27.4&#8243; _module_preset=&#8221;default&#8221; global_colors_info=&#8221;{}&#8221;][et_pb_blurb title=&#8221;Een communicatiebureau tot uw dienst om uw verkoop te stimuleren.&#8221; _builder_version=&#8221;4.27.4&#8243; _module_preset=&#8221;default&#8221; header_level=&#8221;h3&#8243; header_text_color=&#8221;#000000&#8243; header_font_size=&#8221;30px&#8221; body_text_color=&#8221;#565656&#8243; background_color=&#8221;#FFFFFF&#8221; width=&#8221;100%&#8221; min_height=&#8221;570px&#8221; min_height_tablet=&#8221;570px&#8221; min_height_phone=&#8221;570px&#8221; min_height_last_edited=&#8221;on|tablet&#8221; custom_padding=&#8221;140px|23px|13px|22px||&#8221; border_radii=&#8221;on|20px|20px|20px|20px&#8221; box_shadow_style=&#8221;preset4&#8243; box_shadow_horizontal=&#8221;7px&#8221; box_shadow_vertical=&#8221;3px&#8221; box_shadow_blur=&#8221;13px&#8221; box_shadow_spread=&#8221;-11px&#8221; global_colors_info=&#8221;{}&#8221;]<\/p>\n<p>&nbsp;<\/p>\n<p><a href=\"https:\/\/www2.ikosoft.com\/de-ch\/kenmerken\/einloesung\/\">Merlin<\/a> software is een essenti\u00eble bondgenoot voor het succesvol beheren van de communicatie en marketing van je kapsalon of schoonheidssalon in het digitale tijdperk.<br \/>Met multi-channel strategie\u00ebn in opkomst is het cruciaal om er klaar voor te zijn. Profiteer van de expertise van ons communicatiebureau. Of je nu al idee\u00ebn in je hoofd hebt of op zoek bent naar nieuwe inspiratie, onze software geeft je de flexibiliteit die je nodig hebt, helemaal afgestemd op jouw budget.  <\/p>\n<p>[\/et_pb_blurb][\/et_pb_column][et_pb_column type=&#8221;1_3&#8243; _builder_version=&#8221;4.27.4&#8243; _module_preset=&#8221;default&#8221; global_colors_info=&#8221;{}&#8221;][et_pb_blurb title=&#8221;Aanvullende multi-channel benaderingen om je aanbiedingen te verspreiden.&#8221; _builder_version=&#8221;4.27.4&#8243; _module_preset=&#8221;default&#8221; header_level=&#8221;h3&#8243; header_text_color=&#8221;#000000&#8243; header_font_size=&#8221;30px&#8221; body_text_color=&#8221;#565656&#8243; background_color=&#8221;#FFFFFF&#8221; min_height=&#8221;567.5px&#8221; min_height_tablet=&#8221;567.5px&#8221; min_height_phone=&#8221;567.5px&#8221; min_height_last_edited=&#8221;on|tablet&#8221; custom_padding=&#8221;139px|21px|30px|21px||&#8221; border_radii=&#8221;on|20px|20px|20px|20px&#8221; box_shadow_style=&#8221;preset4&#8243; box_shadow_horizontal=&#8221;7px&#8221; box_shadow_vertical=&#8221;3px&#8221; box_shadow_blur=&#8221;13px&#8221; box_shadow_spread=&#8221;-11px&#8221; global_colors_info=&#8221;{}&#8221;]<\/p>\n<p>&nbsp;<\/p>\n<p>Ontdek onze 6 aanvullende manieren om je aanbiedingen effectief over te brengen:<\/p>\n<p>&#8211; Post<\/p>\n<p>&#8211; E-mailadres<\/p>\n<p>&#8211; Klassieke sms<\/p>\n<p>&#8211; Rijke SMS met of zonder animatie<\/p>\n<p>&#8211; Coupons na de kassabon (TAG)<\/p>\n<p>&#8211; MVR (Direct Voice Response)<\/p>\n<p>[\/et_pb_blurb][\/et_pb_column][et_pb_column type=&#8221;1_3&#8243; _builder_version=&#8221;4.27.4&#8243; _module_preset=&#8221;default&#8221; global_colors_info=&#8221;{}&#8221;][et_pb_blurb title=&#8221;Kies voor een multichannelaanpak om je verkoop te stimuleren!&#8221; _builder_version=&#8221;4.27.4&#8243; _module_preset=&#8221;default&#8221; header_level=&#8221;h3&#8243; header_text_color=&#8221;#000000&#8243; header_font_size=&#8221;30px&#8221; body_text_color=&#8221;#565656&#8243; background_color=&#8221;#FFFFFF&#8221; min_height=&#8221;673.5px&#8221; min_height_tablet=&#8221;622.5px&#8221; min_height_phone=&#8221;622.5px&#8221; min_height_last_edited=&#8221;on|tablet&#8221; custom_margin=&#8221;||49px|||&#8221; custom_padding=&#8221;135px|22px|5px|24px||&#8221; border_radii=&#8221;on|20px|20px|20px|20px&#8221; box_shadow_style=&#8221;preset4&#8243; box_shadow_horizontal=&#8221;7px&#8221; box_shadow_vertical=&#8221;3px&#8221; box_shadow_blur=&#8221;13px&#8221; box_shadow_spread=&#8221;-11px&#8221; global_colors_info=&#8221;{}&#8221;]<\/p>\n<p>&nbsp;<\/p>\n<p>Ontdek onze <a href=\"https:\/\/www2.ikosoft.com\/tarifs\/packs-marketing\/\">3 marketingpakketten<\/a> voor geautomatiseerde jaarlijkse communicatie, vereenvoudig je strategie en verhoog je zichtbaarheid moeiteloos!<\/p>\n<p>[\/et_pb_blurb][\/et_pb_column][\/et_pb_row][et_pb_row column_structure=&#8221;1_3,1_3,1_3&#8243; custom_padding_last_edited=&#8221;on|tablet&#8221; module_class=&#8221;infos-wrapper&#8221; _builder_version=&#8221;4.27.4&#8243; _module_preset=&#8221;default&#8221; max_width=&#8221;1300px&#8221; min_height_tablet=&#8221;&#8221; min_height_phone=&#8221;&#8221; min_height_last_edited=&#8221;on|tablet&#8221; custom_margin=&#8221;|auto|-5px|auto||&#8221; custom_margin_tablet=&#8221;|auto|-5px|auto||&#8221; custom_margin_phone=&#8221;|auto|-5px|auto||&#8221; custom_margin_last_edited=&#8221;on|tablet&#8221; custom_padding=&#8221;31px|0px|5px|||&#8221; custom_padding_tablet=&#8221;0px|0px|||false|false&#8221; custom_padding_phone=&#8221;0px|0px|||false|false&#8221; global_colors_info=&#8221;{}&#8221;][et_pb_column type=&#8221;1_3&#8243; _builder_version=&#8221;4.27.4&#8243; _module_preset=&#8221;default&#8221; global_colors_info=&#8221;{}&#8221;][et_pb_blurb title=&#8221;Benut de mogelijkheden van marketing om uw communicatie-idee\u00ebn tot leven te brengen!&#8221; _builder_version=&#8221;4.27.4&#8243; _module_preset=&#8221;default&#8221; header_level=&#8221;h3&#8243; header_text_color=&#8221;#000000&#8243; header_font_size=&#8221;30px&#8221; body_text_color=&#8221;#565656&#8243; background_color=&#8221;#FFFFFF&#8221; width=&#8221;100%&#8221; min_height=&#8221;576px&#8221; custom_padding=&#8221;140px|23px|13px|22px||&#8221; border_radii=&#8221;on|20px|20px|20px|20px&#8221; box_shadow_style=&#8221;preset4&#8243; box_shadow_horizontal=&#8221;7px&#8221; box_shadow_vertical=&#8221;3px&#8221; box_shadow_blur=&#8221;13px&#8221; box_shadow_spread=&#8221;-11px&#8221; global_colors_info=&#8221;{}&#8221;]<\/p>\n<p>&nbsp;<\/p>\n<p>Als je een duidelijke visie hebt van wat je wilt bereiken, is niets onmogelijk. Wij bieden u de flexibiliteit die u nodig hebt om uw op maat gemaakte operaties uit te voeren.<br \/>Projecten die buiten onze pakketten vallen, zijn onderworpen aan een gedetailleerde offerte en worden binnen 3 dagen geleverd, zodat uw idee\u00ebn gegarandeerd snel en effici\u00ebnt worden ge\u00efmplementeerd. <\/p>\n<p>[\/et_pb_blurb][\/et_pb_column][et_pb_column type=&#8221;1_3&#8243; _builder_version=&#8221;4.27.4&#8243; _module_preset=&#8221;default&#8221; global_colors_info=&#8221;{}&#8221;][et_pb_blurb title=&#8221;De onverwachte resultaten van een marketingcampagne!&#8221; _builder_version=&#8221;4.27.4&#8243; _module_preset=&#8221;default&#8221; header_level=&#8221;h3&#8243; header_text_color=&#8221;#000000&#8243; header_font_size=&#8221;30px&#8221; body_text_color=&#8221;#565656&#8243; background_color=&#8221;#FFFFFF&#8221; module_alignment=&#8221;center&#8221; min_height=&#8221;613.5px&#8221; min_height_tablet=&#8221;567.5px&#8221; min_height_phone=&#8221;567.5px&#8221; min_height_last_edited=&#8221;on|tablet&#8221; custom_padding=&#8221;139px|21px|17px|21px||&#8221; border_radii=&#8221;on|20px|20px|20px|20px&#8221; box_shadow_style=&#8221;preset4&#8243; box_shadow_horizontal=&#8221;7px&#8221; box_shadow_vertical=&#8221;3px&#8221; box_shadow_blur=&#8221;13px&#8221; box_shadow_spread=&#8221;-11px&#8221; inline_fonts=&#8221;DIN Condensed Bold&#8221; global_colors_info=&#8221;{}&#8221;]<\/p>\n<p>&nbsp;<\/p>\n<p>&nbsp;<\/p>\n<p>1 ge\u00efnvesteerd = tot \u20ac6 verdiend<\/p>\n<p>+20% meer loyale klanten<\/p>\n<p>+Elk jaar 35% meer nieuwe klanten<\/p>\n<p>14% toename van je gemiddelde winkelmandje<\/p>\n<p>[\/et_pb_blurb][\/et_pb_column][et_pb_column type=&#8221;1_3&#8243; _builder_version=&#8221;4.27.4&#8243; _module_preset=&#8221;default&#8221; global_colors_info=&#8221;{}&#8221;][et_pb_blurb title=&#8221;De verborgen voordelen van een marketingcampagne!&#8221; _builder_version=&#8221;4.27.4&#8243; _module_preset=&#8221;default&#8221; header_level=&#8221;h3&#8243; header_text_color=&#8221;#000000&#8243; header_font_size=&#8221;30px&#8221; body_text_color=&#8221;#565656&#8243; background_color=&#8221;#FFFFFF&#8221; min_height=&#8221;618.5px&#8221; min_height_tablet=&#8221;567.5px&#8221; min_height_phone=&#8221;567.5px&#8221; min_height_last_edited=&#8221;on|phone&#8221; custom_margin=&#8221;||-4px|||&#8221; custom_padding=&#8221;135px|22px|5px|24px||&#8221; border_radii=&#8221;on|20px|20px|20px|20px&#8221; box_shadow_style=&#8221;preset4&#8243; box_shadow_horizontal=&#8221;7px&#8221; box_shadow_vertical=&#8221;3px&#8221; box_shadow_blur=&#8221;13px&#8221; box_shadow_spread=&#8221;-11px&#8221; global_colors_info=&#8221;{}&#8221;]<\/p>\n<p>&nbsp;<\/p>\n<p>&nbsp;<\/p>\n<p>Een marketingcampagne gaat veel verder dan alleen het promoten van een product of dienst; het is een krachtig middel om klanten te begrijpen, te binden en te behouden, en tegelijkertijd de bedrijfsgroei en winstgevendheid te stimuleren.<\/p>\n<p>[\/et_pb_blurb][\/et_pb_column][\/et_pb_row][et_pb_row custom_padding_last_edited=&#8221;on|desktop&#8221; _builder_version=&#8221;4.27.4&#8243; _module_preset=&#8221;default&#8221; custom_padding=&#8221;30px||||false|false&#8221; custom_padding_tablet=&#8221;30px||||false|false&#8221; custom_padding_phone=&#8221;30px||||false|false&#8221; global_colors_info=&#8221;{}&#8221;][et_pb_column type=&#8221;4_4&#8243; _builder_version=&#8221;4.27.4&#8243; _module_preset=&#8221;default&#8221; global_colors_info=&#8221;{}&#8221;][et_pb_button button_url=&#8221;https:\/\/www2.ikosoft.com\/tarifs\/packs-marketing\/&#8221; button_text=&#8221;Bekijk onze tarieven!&#8221; button_alignment=&#8221;center&#8221; _builder_version=&#8221;4.27.4&#8243; _module_preset=&#8221;default&#8221; custom_button=&#8221;on&#8221; button_text_color=&#8221;#FFFFFF&#8221; button_bg_color=&#8221;#ed5946&#8243; button_border_radius=&#8221;31px&#8221; custom_margin=&#8221;9px|||||&#8221; custom_margin_tablet=&#8221;9px|||||&#8221; custom_margin_phone=&#8221;|auto|auto|auto|false|false&#8221; custom_margin_last_edited=&#8221;on|phone&#8221; global_colors_info=&#8221;{}&#8221;][\/et_pb_button][\/et_pb_column][\/et_pb_row][\/et_pb_section]<\/p>\n","protected":false},"excerpt":{"rendered":"<p>&#8230;<\/p>\n","protected":false},"author":2,"featured_media":0,"parent":8263,"menu_order":0,"comment_status":"closed","ping_status":"closed","template":"","meta":{"_acf_changed":false,"_et_pb_use_builder":"on","_et_pb_old_content":"","_et_gb_content_width":"","footnotes":""},"class_list":["post-10503","page","type-page","status-publish","hentry"],"acf":[],"yoast_head":"<!-- This site is optimized with the Yoast SEO plugin v27.1.1 - https:\/\/yoast.com\/product\/yoast-seo-wordpress\/ -->\n<title>Marketing software - Kapsalon en schoonheidssalon | Ikosoft<\/title>\n<meta name=\"description\" content=\"Marketingtools om je verkoop te verhogen: Mail, e-mails, sms, coupons na de kassabon, MVR, Rich SMS met of zonder animatie.\" \/>\n<meta name=\"robots\" content=\"index, follow, max-snippet:-1, max-image-preview:large, max-video-preview:-1\" \/>\n<link rel=\"canonical\" href=\"https:\/\/www2.ikosoft.com\/de-ch\/kenmerken\/marketingpakket\/\" \/>\n<meta property=\"og:locale\" content=\"de_DE\" \/>\n<meta property=\"og:type\" content=\"article\" \/>\n<meta property=\"og:title\" content=\"Marketing software - Kapsalon en schoonheidssalon | Ikosoft\" \/>\n<meta property=\"og:description\" content=\"Marketingtools om je verkoop te verhogen: Mail, e-mails, sms, coupons na de kassabon, MVR, Rich SMS met of zonder animatie.\" \/>\n<meta property=\"og:url\" content=\"https:\/\/www2.ikosoft.com\/de-ch\/kenmerken\/marketingpakket\/\" \/>\n<meta property=\"og:site_name\" content=\"ikosoft\" \/>\n<meta property=\"article:publisher\" content=\"https:\/\/www.facebook.com\/IKOSOFT\/\" \/>\n<meta property=\"article:modified_time\" content=\"2025-08-28T13:04:55+00:00\" \/>\n<meta name=\"twitter:card\" content=\"summary_large_image\" \/>\n<meta name=\"twitter:label1\" content=\"Est. reading time\" \/>\n\t<meta name=\"twitter:data1\" content=\"8 minutes\" \/>\n<script type=\"application\/ld+json\" class=\"yoast-schema-graph\">{\"@context\":\"https:\/\/schema.org\",\"@graph\":[{\"@type\":\"WebPage\",\"@id\":\"https:\/\/www2.ikosoft.com\/de-ch\/kenmerken\/marketingpakket\/\",\"url\":\"https:\/\/www2.ikosoft.com\/de-ch\/kenmerken\/marketingpakket\/\",\"name\":\"Marketing software - Kapsalon en schoonheidssalon | Ikosoft\",\"isPartOf\":{\"@id\":\"https:\/\/www2.ikosoft.com\/de-ch\/#website\"},\"datePublished\":\"2025-03-11T13:57:39+00:00\",\"dateModified\":\"2025-08-28T13:04:55+00:00\",\"description\":\"Marketingtools om je verkoop te verhogen: Mail, e-mails, sms, coupons na de kassabon, MVR, Rich SMS met of zonder animatie.\",\"breadcrumb\":{\"@id\":\"https:\/\/www2.ikosoft.com\/de-ch\/kenmerken\/marketingpakket\/#breadcrumb\"},\"inLanguage\":\"de-CH\",\"potentialAction\":[{\"@type\":\"ReadAction\",\"target\":[\"https:\/\/www2.ikosoft.com\/de-ch\/kenmerken\/marketingpakket\/\"]}]},{\"@type\":\"BreadcrumbList\",\"@id\":\"https:\/\/www2.ikosoft.com\/de-ch\/kenmerken\/marketingpakket\/#breadcrumb\",\"itemListElement\":[{\"@type\":\"ListItem\",\"position\":1,\"name\":\"Accueil\",\"item\":\"https:\/\/www2.ikosoft.com\/de-ch\/\"},{\"@type\":\"ListItem\",\"position\":2,\"name\":\"Kenmerken\",\"item\":\"https:\/\/www2.ikosoft.com\/de-ch\/fonctionnalites\/\"},{\"@type\":\"ListItem\",\"position\":3,\"name\":\"Marketingpakket\"}]},{\"@type\":\"WebSite\",\"@id\":\"https:\/\/www2.ikosoft.com\/de-ch\/#website\",\"url\":\"https:\/\/www2.ikosoft.com\/de-ch\/\",\"name\":\"Ikosoft\",\"description\":\"Ikosoft Merlin - Logiciel de caisse certifi\u00e9 NF525 et de gestion pour salon de coiffure, institut de beaut\u00e9 et spa\",\"publisher\":{\"@id\":\"https:\/\/www2.ikosoft.com\/de-ch\/#organization\"},\"potentialAction\":[{\"@type\":\"SearchAction\",\"target\":{\"@type\":\"EntryPoint\",\"urlTemplate\":\"https:\/\/www2.ikosoft.com\/de-ch\/?s={search_term_string}\"},\"query-input\":{\"@type\":\"PropertyValueSpecification\",\"valueRequired\":true,\"valueName\":\"search_term_string\"}}],\"inLanguage\":\"de-CH\"},{\"@type\":\"Organization\",\"@id\":\"https:\/\/www2.ikosoft.com\/de-ch\/#organization\",\"name\":\"Ikosoft\",\"url\":\"https:\/\/www2.ikosoft.com\/de-ch\/\",\"logo\":{\"@type\":\"ImageObject\",\"inLanguage\":\"de-CH\",\"@id\":\"https:\/\/www2.ikosoft.com\/de-ch\/#\/schema\/logo\/image\/\",\"url\":\"https:\/\/www2.ikosoft.com\/app\/uploads\/2025\/03\/logo_2_o.png\",\"contentUrl\":\"https:\/\/www2.ikosoft.com\/app\/uploads\/2025\/03\/logo_2_o.png\",\"width\":1481,\"height\":305,\"caption\":\"Ikosoft\"},\"image\":{\"@id\":\"https:\/\/www2.ikosoft.com\/de-ch\/#\/schema\/logo\/image\/\"},\"sameAs\":[\"https:\/\/www.facebook.com\/IKOSOFT\/\",\"https:\/\/www.instagram.com\/ikosoft\"]}]}<\/script>\n<!-- \/ Yoast SEO plugin. -->","yoast_head_json":{"title":"Marketing software - Kapsalon en schoonheidssalon | Ikosoft","description":"Marketingtools om je verkoop te verhogen: Mail, e-mails, sms, coupons na de kassabon, MVR, Rich SMS met of zonder animatie.","robots":{"index":"index","follow":"follow","max-snippet":"max-snippet:-1","max-image-preview":"max-image-preview:large","max-video-preview":"max-video-preview:-1"},"canonical":"https:\/\/www2.ikosoft.com\/de-ch\/kenmerken\/marketingpakket\/","og_locale":"de_DE","og_type":"article","og_title":"Marketing software - Kapsalon en schoonheidssalon | Ikosoft","og_description":"Marketingtools om je verkoop te verhogen: Mail, e-mails, sms, coupons na de kassabon, MVR, Rich SMS met of zonder animatie.","og_url":"https:\/\/www2.ikosoft.com\/de-ch\/kenmerken\/marketingpakket\/","og_site_name":"ikosoft","article_publisher":"https:\/\/www.facebook.com\/IKOSOFT\/","article_modified_time":"2025-08-28T13:04:55+00:00","twitter_card":"summary_large_image","twitter_misc":{"Est. reading time":"8 minutes"},"schema":{"@context":"https:\/\/schema.org","@graph":[{"@type":"WebPage","@id":"https:\/\/www2.ikosoft.com\/de-ch\/kenmerken\/marketingpakket\/","url":"https:\/\/www2.ikosoft.com\/de-ch\/kenmerken\/marketingpakket\/","name":"Marketing software - Kapsalon en schoonheidssalon | Ikosoft","isPartOf":{"@id":"https:\/\/www2.ikosoft.com\/de-ch\/#website"},"datePublished":"2025-03-11T13:57:39+00:00","dateModified":"2025-08-28T13:04:55+00:00","description":"Marketingtools om je verkoop te verhogen: Mail, e-mails, sms, coupons na de kassabon, MVR, Rich SMS met of zonder animatie.","breadcrumb":{"@id":"https:\/\/www2.ikosoft.com\/de-ch\/kenmerken\/marketingpakket\/#breadcrumb"},"inLanguage":"de-CH","potentialAction":[{"@type":"ReadAction","target":["https:\/\/www2.ikosoft.com\/de-ch\/kenmerken\/marketingpakket\/"]}]},{"@type":"BreadcrumbList","@id":"https:\/\/www2.ikosoft.com\/de-ch\/kenmerken\/marketingpakket\/#breadcrumb","itemListElement":[{"@type":"ListItem","position":1,"name":"Accueil","item":"https:\/\/www2.ikosoft.com\/de-ch\/"},{"@type":"ListItem","position":2,"name":"Kenmerken","item":"https:\/\/www2.ikosoft.com\/de-ch\/fonctionnalites\/"},{"@type":"ListItem","position":3,"name":"Marketingpakket"}]},{"@type":"WebSite","@id":"https:\/\/www2.ikosoft.com\/de-ch\/#website","url":"https:\/\/www2.ikosoft.com\/de-ch\/","name":"Ikosoft","description":"Ikosoft Merlin - Logiciel de caisse certifi\u00e9 NF525 et de gestion pour salon de coiffure, institut de beaut\u00e9 et spa","publisher":{"@id":"https:\/\/www2.ikosoft.com\/de-ch\/#organization"},"potentialAction":[{"@type":"SearchAction","target":{"@type":"EntryPoint","urlTemplate":"https:\/\/www2.ikosoft.com\/de-ch\/?s={search_term_string}"},"query-input":{"@type":"PropertyValueSpecification","valueRequired":true,"valueName":"search_term_string"}}],"inLanguage":"de-CH"},{"@type":"Organization","@id":"https:\/\/www2.ikosoft.com\/de-ch\/#organization","name":"Ikosoft","url":"https:\/\/www2.ikosoft.com\/de-ch\/","logo":{"@type":"ImageObject","inLanguage":"de-CH","@id":"https:\/\/www2.ikosoft.com\/de-ch\/#\/schema\/logo\/image\/","url":"https:\/\/www2.ikosoft.com\/app\/uploads\/2025\/03\/logo_2_o.png","contentUrl":"https:\/\/www2.ikosoft.com\/app\/uploads\/2025\/03\/logo_2_o.png","width":1481,"height":305,"caption":"Ikosoft"},"image":{"@id":"https:\/\/www2.ikosoft.com\/de-ch\/#\/schema\/logo\/image\/"},"sameAs":["https:\/\/www.facebook.com\/IKOSOFT\/","https:\/\/www.instagram.com\/ikosoft"]}]}},"_links":{"self":[{"href":"https:\/\/www2.ikosoft.com\/de-ch\/wp-json\/wp\/v2\/pages\/10503","targetHints":{"allow":["GET"]}}],"collection":[{"href":"https:\/\/www2.ikosoft.com\/de-ch\/wp-json\/wp\/v2\/pages"}],"about":[{"href":"https:\/\/www2.ikosoft.com\/de-ch\/wp-json\/wp\/v2\/types\/page"}],"author":[{"embeddable":true,"href":"https:\/\/www2.ikosoft.com\/de-ch\/wp-json\/wp\/v2\/users\/2"}],"replies":[{"embeddable":true,"href":"https:\/\/www2.ikosoft.com\/de-ch\/wp-json\/wp\/v2\/comments?post=10503"}],"version-history":[{"count":8,"href":"https:\/\/www2.ikosoft.com\/de-ch\/wp-json\/wp\/v2\/pages\/10503\/revisions"}],"predecessor-version":[{"id":10552,"href":"https:\/\/www2.ikosoft.com\/de-ch\/wp-json\/wp\/v2\/pages\/10503\/revisions\/10552"}],"up":[{"embeddable":true,"href":"https:\/\/www2.ikosoft.com\/de-ch\/wp-json\/wp\/v2\/pages\/8263"}],"wp:attachment":[{"href":"https:\/\/www2.ikosoft.com\/de-ch\/wp-json\/wp\/v2\/media?parent=10503"}],"curies":[{"name":"wp","href":"https:\/\/api.w.org\/{rel}","templated":true}]}}